{"id":9102,"date":"2023-05-04T21:50:49","date_gmt":"2023-05-04T21:50:49","guid":{"rendered":"https:\/\/suministressantfeliu.com\/comprar\/cubiertos-compostables-fibra-de-cana-cuchara-mesa\/"},"modified":"2023-05-18T08:11:42","modified_gmt":"2023-05-18T08:11:42","slug":"cubiertos-compostables-fibra-de-cana-cuchara-mesa","status":"publish","type":"product","link":"https:\/\/suministressantfeliu.com\/comprar\/cubiertos-compostables-fibra-de-cana-cuchara-mesa\/","title":{"rendered":"Cuchara de mesa compostable fibra de ca\u00f1a PLA biodregadable pack de 50 unidades"},"content":{"rendered":"<p>Estos cubiertos est\u00e1n hechos de PLA \/ CPLA, un biopl\u00e1stico a partir de recursos 100% naturales como el almid\u00f3n de ma\u00edz, ca\u00f1a de az\u00facar o mandioca, por lo que procede de recursos renovables. Ya puedes tener tu cuberter\u00eda ecolog\u00eda con esta completa gama de cubiertos de CPLA para la restauraci\u00f3n, catering y hosteler\u00eda: tenedores, cuchillos, cucharas, cucharillas.<\/p>\n","protected":false},"excerpt":{"rendered":"<p>Cuchara de mesa compostable fibra de ca\u00f1a PLA biodregadables pack de 50 unidades<\/p>\n","protected":false},"featured_media":9565,"template":"","meta":[],"product_brand":[],"product_cat":[1126,1117],"product_tag":[],"class_list":{"0":"post-9102","1":"product","2":"type-product","3":"status-publish","4":"has-post-thumbnail","6":"product_cat-productos-desechables","7":"product_cat-productos-take-away-hosteleria","9":"first","10":"instock","11":"sale","12":"taxable","13":"shipping-taxable","14":"purchasable","15":"product-type-simple"},"yoast_head":"<!-- This site is optimized with the Yoast SEO plugin v27.5 - https:\/\/yoast.com\/product\/yoast-seo-wordpress\/ -->\n<title>Cuchara de mesa compostable fibra de ca\u00f1a PLA biodregadable pack de 50 unidades - Venta Productos de hosteler\u00eda Barcelona<\/title>\n<meta name=\"robots\" content=\"index, follow, max-snippet:-1, max-image-preview:large, max-video-preview:-1\" \/>\n<link rel=\"canonical\" href=\"https:\/\/suministressantfeliu.com\/comprar\/cubiertos-compostables-fibra-de-cana-cuchara-mesa\/\" \/>\n<meta property=\"og:locale\" content=\"es_ES\" \/>\n<meta property=\"og:type\" content=\"article\" \/>\n<meta property=\"og:title\" content=\"Cuchara de mesa compostable fibra de ca\u00f1a PLA biodregadable pack de 50 unidades - Venta Productos de hosteler\u00eda Barcelona\" \/>\n<meta property=\"og:description\" content=\"Cuchara de mesa compostable fibra de ca\u00f1a PLA biodregadables pack de 50 unidades\" \/>\n<meta property=\"og:url\" content=\"https:\/\/suministressantfeliu.com\/comprar\/cubiertos-compostables-fibra-de-cana-cuchara-mesa\/\" \/>\n<meta property=\"og:site_name\" content=\"Venta Productos de hosteler\u00eda Barcelona\" \/>\n<meta property=\"article:modified_time\" content=\"2023-05-18T08:11:42+00:00\" \/>\n<meta property=\"og:image\" content=\"https:\/\/suministressantfeliu.com\/comprar\/wp-content\/uploads\/2023\/05\/eff55a0d6c91ff2b03559e7893d6b815_1_2.png\" \/>\n\t<meta property=\"og:image:width\" content=\"600\" \/>\n\t<meta property=\"og:image:height\" content=\"600\" \/>\n\t<meta property=\"og:image:type\" content=\"image\/png\" \/>\n<meta name=\"twitter:card\" content=\"summary_large_image\" \/>\n<meta name=\"twitter:label1\" content=\"Tiempo de lectura\" \/>\n\t<meta name=\"twitter:data1\" content=\"1 minuto\" \/>\n<script type=\"application\/ld+json\" class=\"yoast-schema-graph\">{\"@context\":\"https:\\\/\\\/schema.org\",\"@graph\":[{\"@type\":\"WebPage\",\"@id\":\"https:\\\/\\\/suministressantfeliu.com\\\/comprar\\\/cubiertos-compostables-fibra-de-cana-cuchara-mesa\\\/\",\"url\":\"https:\\\/\\\/suministressantfeliu.com\\\/comprar\\\/cubiertos-compostables-fibra-de-cana-cuchara-mesa\\\/\",\"name\":\"Cuchara de mesa compostable fibra de ca\u00f1a PLA biodregadable pack de 50 unidades - Venta Productos de hosteler\u00eda Barcelona\",\"isPartOf\":{\"@id\":\"https:\\\/\\\/suministressantfeliu.com\\\/comprar\\\/#website\"},\"primaryImageOfPage\":{\"@id\":\"https:\\\/\\\/suministressantfeliu.com\\\/comprar\\\/cubiertos-compostables-fibra-de-cana-cuchara-mesa\\\/#primaryimage\"},\"image\":{\"@id\":\"https:\\\/\\\/suministressantfeliu.com\\\/comprar\\\/cubiertos-compostables-fibra-de-cana-cuchara-mesa\\\/#primaryimage\"},\"thumbnailUrl\":\"https:\\\/\\\/suministressantfeliu.com\\\/comprar\\\/wp-content\\\/uploads\\\/2023\\\/05\\\/eff55a0d6c91ff2b03559e7893d6b815_1_2.png\",\"datePublished\":\"2023-05-04T21:50:49+00:00\",\"dateModified\":\"2023-05-18T08:11:42+00:00\",\"breadcrumb\":{\"@id\":\"https:\\\/\\\/suministressantfeliu.com\\\/comprar\\\/cubiertos-compostables-fibra-de-cana-cuchara-mesa\\\/#breadcrumb\"},\"inLanguage\":\"es\",\"potentialAction\":[{\"@type\":\"ReadAction\",\"target\":[\"https:\\\/\\\/suministressantfeliu.com\\\/comprar\\\/cubiertos-compostables-fibra-de-cana-cuchara-mesa\\\/\"]}]},{\"@type\":\"ImageObject\",\"inLanguage\":\"es\",\"@id\":\"https:\\\/\\\/suministressantfeliu.com\\\/comprar\\\/cubiertos-compostables-fibra-de-cana-cuchara-mesa\\\/#primaryimage\",\"url\":\"https:\\\/\\\/suministressantfeliu.com\\\/comprar\\\/wp-content\\\/uploads\\\/2023\\\/05\\\/eff55a0d6c91ff2b03559e7893d6b815_1_2.png\",\"contentUrl\":\"https:\\\/\\\/suministressantfeliu.com\\\/comprar\\\/wp-content\\\/uploads\\\/2023\\\/05\\\/eff55a0d6c91ff2b03559e7893d6b815_1_2.png\",\"width\":600,\"height\":600,\"caption\":\"Cuchara de mesa compostables fibra de ca\u00f1a PLA biodregadables pack de 50 unidades\"},{\"@type\":\"BreadcrumbList\",\"@id\":\"https:\\\/\\\/suministressantfeliu.com\\\/comprar\\\/cubiertos-compostables-fibra-de-cana-cuchara-mesa\\\/#breadcrumb\",\"itemListElement\":[{\"@type\":\"ListItem\",\"position\":1,\"name\":\"Portada\",\"item\":\"https:\\\/\\\/suministressantfeliu.com\\\/comprar\\\/\"},{\"@type\":\"ListItem\",\"position\":2,\"name\":\"Tienda\",\"item\":\"https:\\\/\\\/suministressantfeliu.com\\\/comprar\\\/tienda\\\/\"},{\"@type\":\"ListItem\",\"position\":3,\"name\":\"Cuchara de mesa compostable fibra de ca\u00f1a PLA biodregadable pack de 50 unidades\"}]},{\"@type\":\"WebSite\",\"@id\":\"https:\\\/\\\/suministressantfeliu.com\\\/comprar\\\/#website\",\"url\":\"https:\\\/\\\/suministressantfeliu.com\\\/comprar\\\/\",\"name\":\"Productos hosteler\u00eda\",\"description\":\"Venta de suministros profesionales para hosteler\u00eda\",\"publisher\":{\"@id\":\"https:\\\/\\\/suministressantfeliu.com\\\/comprar\\\/#organization\"},\"potentialAction\":[{\"@type\":\"SearchAction\",\"target\":{\"@type\":\"EntryPoint\",\"urlTemplate\":\"https:\\\/\\\/suministressantfeliu.com\\\/comprar\\\/?s={search_term_string}\"},\"query-input\":{\"@type\":\"PropertyValueSpecification\",\"valueRequired\":true,\"valueName\":\"search_term_string\"}}],\"inLanguage\":\"es\"},{\"@type\":\"Organization\",\"@id\":\"https:\\\/\\\/suministressantfeliu.com\\\/comprar\\\/#organization\",\"name\":\"Suministres Sant Feliu hosteleria\",\"url\":\"https:\\\/\\\/suministressantfeliu.com\\\/comprar\\\/\",\"logo\":{\"@type\":\"ImageObject\",\"inLanguage\":\"es\",\"@id\":\"https:\\\/\\\/suministressantfeliu.com\\\/comprar\\\/#\\\/schema\\\/logo\\\/image\\\/\",\"url\":\"https:\\\/\\\/suministressantfeliu.com\\\/comprar\\\/wp-content\\\/uploads\\\/2021\\\/03\\\/cropped-suministres-sant-feliu-logo.png\",\"contentUrl\":\"https:\\\/\\\/suministressantfeliu.com\\\/comprar\\\/wp-content\\\/uploads\\\/2021\\\/03\\\/cropped-suministres-sant-feliu-logo.png\",\"width\":668,\"height\":668,\"caption\":\"Suministres Sant Feliu hosteleria\"},\"image\":{\"@id\":\"https:\\\/\\\/suministressantfeliu.com\\\/comprar\\\/#\\\/schema\\\/logo\\\/image\\\/\"}}]}<\/script>\n<!-- \/ Yoast SEO plugin. -->","yoast_head_json":{"title":"Cuchara de mesa compostable fibra de ca\u00f1a PLA biodregadable pack de 50 unidades - Venta Productos de hosteler\u00eda Barcelona","robots":{"index":"index","follow":"follow","max-snippet":"max-snippet:-1","max-image-preview":"max-image-preview:large","max-video-preview":"max-video-preview:-1"},"canonical":"https:\/\/suministressantfeliu.com\/comprar\/cubiertos-compostables-fibra-de-cana-cuchara-mesa\/","og_locale":"es_ES","og_type":"article","og_title":"Cuchara de mesa compostable fibra de ca\u00f1a PLA biodregadable pack de 50 unidades - Venta Productos de hosteler\u00eda Barcelona","og_description":"Cuchara de mesa compostable fibra de ca\u00f1a PLA biodregadables pack de 50 unidades","og_url":"https:\/\/suministressantfeliu.com\/comprar\/cubiertos-compostables-fibra-de-cana-cuchara-mesa\/","og_site_name":"Venta Productos de hosteler\u00eda Barcelona","article_modified_time":"2023-05-18T08:11:42+00:00","og_image":[{"width":600,"height":600,"url":"https:\/\/suministressantfeliu.com\/comprar\/wp-content\/uploads\/2023\/05\/eff55a0d6c91ff2b03559e7893d6b815_1_2.png","type":"image\/png"}],"twitter_card":"summary_large_image","twitter_misc":{"Tiempo de lectura":"1 minuto"},"schema":{"@context":"https:\/\/schema.org","@graph":[{"@type":"WebPage","@id":"https:\/\/suministressantfeliu.com\/comprar\/cubiertos-compostables-fibra-de-cana-cuchara-mesa\/","url":"https:\/\/suministressantfeliu.com\/comprar\/cubiertos-compostables-fibra-de-cana-cuchara-mesa\/","name":"Cuchara de mesa compostable fibra de ca\u00f1a PLA biodregadable pack de 50 unidades - Venta Productos de hosteler\u00eda Barcelona","isPartOf":{"@id":"https:\/\/suministressantfeliu.com\/comprar\/#website"},"primaryImageOfPage":{"@id":"https:\/\/suministressantfeliu.com\/comprar\/cubiertos-compostables-fibra-de-cana-cuchara-mesa\/#primaryimage"},"image":{"@id":"https:\/\/suministressantfeliu.com\/comprar\/cubiertos-compostables-fibra-de-cana-cuchara-mesa\/#primaryimage"},"thumbnailUrl":"https:\/\/suministressantfeliu.com\/comprar\/wp-content\/uploads\/2023\/05\/eff55a0d6c91ff2b03559e7893d6b815_1_2.png","datePublished":"2023-05-04T21:50:49+00:00","dateModified":"2023-05-18T08:11:42+00:00","breadcrumb":{"@id":"https:\/\/suministressantfeliu.com\/comprar\/cubiertos-compostables-fibra-de-cana-cuchara-mesa\/#breadcrumb"},"inLanguage":"es","potentialAction":[{"@type":"ReadAction","target":["https:\/\/suministressantfeliu.com\/comprar\/cubiertos-compostables-fibra-de-cana-cuchara-mesa\/"]}]},{"@type":"ImageObject","inLanguage":"es","@id":"https:\/\/suministressantfeliu.com\/comprar\/cubiertos-compostables-fibra-de-cana-cuchara-mesa\/#primaryimage","url":"https:\/\/suministressantfeliu.com\/comprar\/wp-content\/uploads\/2023\/05\/eff55a0d6c91ff2b03559e7893d6b815_1_2.png","contentUrl":"https:\/\/suministressantfeliu.com\/comprar\/wp-content\/uploads\/2023\/05\/eff55a0d6c91ff2b03559e7893d6b815_1_2.png","width":600,"height":600,"caption":"Cuchara de mesa compostables fibra de ca\u00f1a PLA biodregadables pack de 50 unidades"},{"@type":"BreadcrumbList","@id":"https:\/\/suministressantfeliu.com\/comprar\/cubiertos-compostables-fibra-de-cana-cuchara-mesa\/#breadcrumb","itemListElement":[{"@type":"ListItem","position":1,"name":"Portada","item":"https:\/\/suministressantfeliu.com\/comprar\/"},{"@type":"ListItem","position":2,"name":"Tienda","item":"https:\/\/suministressantfeliu.com\/comprar\/tienda\/"},{"@type":"ListItem","position":3,"name":"Cuchara de mesa compostable fibra de ca\u00f1a PLA biodregadable pack de 50 unidades"}]},{"@type":"WebSite","@id":"https:\/\/suministressantfeliu.com\/comprar\/#website","url":"https:\/\/suministressantfeliu.com\/comprar\/","name":"Productos hosteler\u00eda","description":"Venta de suministros profesionales para hosteler\u00eda","publisher":{"@id":"https:\/\/suministressantfeliu.com\/comprar\/#organization"},"potentialAction":[{"@type":"SearchAction","target":{"@type":"EntryPoint","urlTemplate":"https:\/\/suministressantfeliu.com\/comprar\/?s={search_term_string}"},"query-input":{"@type":"PropertyValueSpecification","valueRequired":true,"valueName":"search_term_string"}}],"inLanguage":"es"},{"@type":"Organization","@id":"https:\/\/suministressantfeliu.com\/comprar\/#organization","name":"Suministres Sant Feliu hosteleria","url":"https:\/\/suministressantfeliu.com\/comprar\/","logo":{"@type":"ImageObject","inLanguage":"es","@id":"https:\/\/suministressantfeliu.com\/comprar\/#\/schema\/logo\/image\/","url":"https:\/\/suministressantfeliu.com\/comprar\/wp-content\/uploads\/2021\/03\/cropped-suministres-sant-feliu-logo.png","contentUrl":"https:\/\/suministressantfeliu.com\/comprar\/wp-content\/uploads\/2021\/03\/cropped-suministres-sant-feliu-logo.png","width":668,"height":668,"caption":"Suministres Sant Feliu hosteleria"},"image":{"@id":"https:\/\/suministressantfeliu.com\/comprar\/#\/schema\/logo\/image\/"}}]}},"_links":{"self":[{"href":"https:\/\/suministressantfeliu.com\/comprar\/wp-json\/wp\/v2\/product\/9102","targetHints":{"allow":["GET"]}}],"collection":[{"href":"https:\/\/suministressantfeliu.com\/comprar\/wp-json\/wp\/v2\/product"}],"about":[{"href":"https:\/\/suministressantfeliu.com\/comprar\/wp-json\/wp\/v2\/types\/product"}],"wp:featuredmedia":[{"embeddable":true,"href":"https:\/\/suministressantfeliu.com\/comprar\/wp-json\/wp\/v2\/media\/9565"}],"wp:attachment":[{"href":"https:\/\/suministressantfeliu.com\/comprar\/wp-json\/wp\/v2\/media?parent=9102"}],"wp:term":[{"taxonomy":"product_brand","embeddable":true,"href":"https:\/\/suministressantfeliu.com\/comprar\/wp-json\/wp\/v2\/product_brand?post=9102"},{"taxonomy":"product_cat","embeddable":true,"href":"https:\/\/suministressantfeliu.com\/comprar\/wp-json\/wp\/v2\/product_cat?post=9102"},{"taxonomy":"product_tag","embeddable":true,"href":"https:\/\/suministressantfeliu.com\/comprar\/wp-json\/wp\/v2\/product_tag?post=9102"}],"curies":[{"name":"wp","href":"https:\/\/api.w.org\/{rel}","templated":true}]}}