{"id":9095,"date":"2023-05-04T21:50:46","date_gmt":"2023-05-04T21:50:46","guid":{"rendered":"https:\/\/suministressantfeliu.com\/comprar\/plato-llano-24-cm-trinchante-vajillas-para-hosteleria-profesionales\/"},"modified":"2023-11-14T15:17:29","modified_gmt":"2023-11-14T15:17:29","slug":"plato-llano-24-cm-trinchante-vajillas-para-hosteleria-profesionales","status":"publish","type":"product","link":"https:\/\/suministressantfeliu.com\/comprar\/plato-llano-24-cm-trinchante-vajillas-para-hosteleria-profesionales\/","title":{"rendered":"Plato llano mallorca 24 cm trinchante caja de 24 unidades- Vajillas para hosteler\u00eda profesionales"},"content":{"rendered":"<p><strong>Plato llano Mallorca\u00a0<\/strong>fabricado en porcelana resistente para el uso intensivo en hosteler\u00eda profesional. El dise\u00f1o de ala fina en color blanco encaja con todo tipo de alimentos y presentaciones.<\/p>\n<p>El plato llano Mallorca de Eurodra es ligero, pr\u00e1ctico y vers\u00e1til adem\u00e1s de ser apto para lavavajillas.<\/p>\n","protected":false},"excerpt":{"rendered":"<p>Plato llano mallorca 24 cm trinchante caja de 24 unidades- Vajillas para hosteler\u00eda profesionales<\/p>\n","protected":false},"featured_media":3728,"template":"","meta":[],"product_brand":[],"product_cat":[1125,1134],"product_tag":[],"class_list":{"0":"post-9095","1":"product","2":"type-product","3":"status-publish","4":"has-post-thumbnail","6":"product_cat-menaje-mesa","7":"product_cat-servicio-de-mesa","9":"first","10":"instock","11":"sale","12":"taxable","13":"shipping-taxable","14":"purchasable","15":"product-type-simple"},"yoast_head":"<!-- This site is optimized with the Yoast SEO plugin v27.5 - https:\/\/yoast.com\/product\/yoast-seo-wordpress\/ -->\n<title>Plato llano mallorca 24 cm trinchante caja de 24 unidades- Vajillas para hosteler\u00eda profesionales - Venta Productos de hosteler\u00eda Barcelona<\/title>\n<meta name=\"robots\" content=\"index, follow, max-snippet:-1, max-image-preview:large, max-video-preview:-1\" \/>\n<link rel=\"canonical\" href=\"https:\/\/suministressantfeliu.com\/comprar\/plato-llano-24-cm-trinchante-vajillas-para-hosteleria-profesionales\/\" \/>\n<meta property=\"og:locale\" content=\"es_ES\" \/>\n<meta property=\"og:type\" content=\"article\" \/>\n<meta property=\"og:title\" content=\"Plato llano mallorca 24 cm trinchante caja de 24 unidades- Vajillas para hosteler\u00eda profesionales - Venta Productos de hosteler\u00eda Barcelona\" \/>\n<meta property=\"og:description\" content=\"Plato llano mallorca 24 cm trinchante caja de 24 unidades- Vajillas para hosteler\u00eda profesionales\" \/>\n<meta property=\"og:url\" content=\"https:\/\/suministressantfeliu.com\/comprar\/plato-llano-24-cm-trinchante-vajillas-para-hosteleria-profesionales\/\" \/>\n<meta property=\"og:site_name\" content=\"Venta Productos de hosteler\u00eda Barcelona\" \/>\n<meta property=\"article:modified_time\" content=\"2023-11-14T15:17:29+00:00\" \/>\n<meta property=\"og:image\" content=\"https:\/\/suministressantfeliu.com\/comprar\/wp-content\/uploads\/2023\/04\/vajillas-para-hosteleria-profesionales-2-800x800-1.jpg\" \/>\n\t<meta property=\"og:image:width\" content=\"800\" \/>\n\t<meta property=\"og:image:height\" content=\"800\" \/>\n\t<meta property=\"og:image:type\" content=\"image\/jpeg\" \/>\n<meta name=\"twitter:card\" content=\"summary_large_image\" \/>\n<script type=\"application\/ld+json\" class=\"yoast-schema-graph\">{\"@context\":\"https:\\\/\\\/schema.org\",\"@graph\":[{\"@type\":\"WebPage\",\"@id\":\"https:\\\/\\\/suministressantfeliu.com\\\/comprar\\\/plato-llano-24-cm-trinchante-vajillas-para-hosteleria-profesionales\\\/\",\"url\":\"https:\\\/\\\/suministressantfeliu.com\\\/comprar\\\/plato-llano-24-cm-trinchante-vajillas-para-hosteleria-profesionales\\\/\",\"name\":\"Plato llano mallorca 24 cm trinchante caja de 24 unidades- Vajillas para hosteler\u00eda profesionales - Venta Productos de hosteler\u00eda Barcelona\",\"isPartOf\":{\"@id\":\"https:\\\/\\\/suministressantfeliu.com\\\/comprar\\\/#website\"},\"primaryImageOfPage\":{\"@id\":\"https:\\\/\\\/suministressantfeliu.com\\\/comprar\\\/plato-llano-24-cm-trinchante-vajillas-para-hosteleria-profesionales\\\/#primaryimage\"},\"image\":{\"@id\":\"https:\\\/\\\/suministressantfeliu.com\\\/comprar\\\/plato-llano-24-cm-trinchante-vajillas-para-hosteleria-profesionales\\\/#primaryimage\"},\"thumbnailUrl\":\"https:\\\/\\\/suministressantfeliu.com\\\/comprar\\\/wp-content\\\/uploads\\\/2023\\\/04\\\/vajillas-para-hosteleria-profesionales-2-800x800-1.jpg\",\"datePublished\":\"2023-05-04T21:50:46+00:00\",\"dateModified\":\"2023-11-14T15:17:29+00:00\",\"breadcrumb\":{\"@id\":\"https:\\\/\\\/suministressantfeliu.com\\\/comprar\\\/plato-llano-24-cm-trinchante-vajillas-para-hosteleria-profesionales\\\/#breadcrumb\"},\"inLanguage\":\"es\",\"potentialAction\":[{\"@type\":\"ReadAction\",\"target\":[\"https:\\\/\\\/suministressantfeliu.com\\\/comprar\\\/plato-llano-24-cm-trinchante-vajillas-para-hosteleria-profesionales\\\/\"]}]},{\"@type\":\"ImageObject\",\"inLanguage\":\"es\",\"@id\":\"https:\\\/\\\/suministressantfeliu.com\\\/comprar\\\/plato-llano-24-cm-trinchante-vajillas-para-hosteleria-profesionales\\\/#primaryimage\",\"url\":\"https:\\\/\\\/suministressantfeliu.com\\\/comprar\\\/wp-content\\\/uploads\\\/2023\\\/04\\\/vajillas-para-hosteleria-profesionales-2-800x800-1.jpg\",\"contentUrl\":\"https:\\\/\\\/suministressantfeliu.com\\\/comprar\\\/wp-content\\\/uploads\\\/2023\\\/04\\\/vajillas-para-hosteleria-profesionales-2-800x800-1.jpg\",\"width\":800,\"height\":800,\"caption\":\"PLATOS SERIE MALLORCA\"},{\"@type\":\"BreadcrumbList\",\"@id\":\"https:\\\/\\\/suministressantfeliu.com\\\/comprar\\\/plato-llano-24-cm-trinchante-vajillas-para-hosteleria-profesionales\\\/#breadcrumb\",\"itemListElement\":[{\"@type\":\"ListItem\",\"position\":1,\"name\":\"Portada\",\"item\":\"https:\\\/\\\/suministressantfeliu.com\\\/comprar\\\/\"},{\"@type\":\"ListItem\",\"position\":2,\"name\":\"Tienda\",\"item\":\"https:\\\/\\\/suministressantfeliu.com\\\/comprar\\\/tienda\\\/\"},{\"@type\":\"ListItem\",\"position\":3,\"name\":\"Plato llano mallorca 24 cm trinchante caja de 24 unidades- Vajillas para hosteler\u00eda profesionales\"}]},{\"@type\":\"WebSite\",\"@id\":\"https:\\\/\\\/suministressantfeliu.com\\\/comprar\\\/#website\",\"url\":\"https:\\\/\\\/suministressantfeliu.com\\\/comprar\\\/\",\"name\":\"Productos hosteler\u00eda\",\"description\":\"Venta de suministros profesionales para hosteler\u00eda\",\"publisher\":{\"@id\":\"https:\\\/\\\/suministressantfeliu.com\\\/comprar\\\/#organization\"},\"potentialAction\":[{\"@type\":\"SearchAction\",\"target\":{\"@type\":\"EntryPoint\",\"urlTemplate\":\"https:\\\/\\\/suministressantfeliu.com\\\/comprar\\\/?s={search_term_string}\"},\"query-input\":{\"@type\":\"PropertyValueSpecification\",\"valueRequired\":true,\"valueName\":\"search_term_string\"}}],\"inLanguage\":\"es\"},{\"@type\":\"Organization\",\"@id\":\"https:\\\/\\\/suministressantfeliu.com\\\/comprar\\\/#organization\",\"name\":\"Suministres Sant Feliu hosteleria\",\"url\":\"https:\\\/\\\/suministressantfeliu.com\\\/comprar\\\/\",\"logo\":{\"@type\":\"ImageObject\",\"inLanguage\":\"es\",\"@id\":\"https:\\\/\\\/suministressantfeliu.com\\\/comprar\\\/#\\\/schema\\\/logo\\\/image\\\/\",\"url\":\"https:\\\/\\\/suministressantfeliu.com\\\/comprar\\\/wp-content\\\/uploads\\\/2021\\\/03\\\/cropped-suministres-sant-feliu-logo.png\",\"contentUrl\":\"https:\\\/\\\/suministressantfeliu.com\\\/comprar\\\/wp-content\\\/uploads\\\/2021\\\/03\\\/cropped-suministres-sant-feliu-logo.png\",\"width\":668,\"height\":668,\"caption\":\"Suministres Sant Feliu hosteleria\"},\"image\":{\"@id\":\"https:\\\/\\\/suministressantfeliu.com\\\/comprar\\\/#\\\/schema\\\/logo\\\/image\\\/\"}}]}<\/script>\n<!-- \/ Yoast SEO plugin. -->","yoast_head_json":{"title":"Plato llano mallorca 24 cm trinchante caja de 24 unidades- Vajillas para hosteler\u00eda profesionales - Venta Productos de hosteler\u00eda Barcelona","robots":{"index":"index","follow":"follow","max-snippet":"max-snippet:-1","max-image-preview":"max-image-preview:large","max-video-preview":"max-video-preview:-1"},"canonical":"https:\/\/suministressantfeliu.com\/comprar\/plato-llano-24-cm-trinchante-vajillas-para-hosteleria-profesionales\/","og_locale":"es_ES","og_type":"article","og_title":"Plato llano mallorca 24 cm trinchante caja de 24 unidades- Vajillas para hosteler\u00eda profesionales - Venta Productos de hosteler\u00eda Barcelona","og_description":"Plato llano mallorca 24 cm trinchante caja de 24 unidades- Vajillas para hosteler\u00eda profesionales","og_url":"https:\/\/suministressantfeliu.com\/comprar\/plato-llano-24-cm-trinchante-vajillas-para-hosteleria-profesionales\/","og_site_name":"Venta Productos de hosteler\u00eda Barcelona","article_modified_time":"2023-11-14T15:17:29+00:00","og_image":[{"width":800,"height":800,"url":"https:\/\/suministressantfeliu.com\/comprar\/wp-content\/uploads\/2023\/04\/vajillas-para-hosteleria-profesionales-2-800x800-1.jpg","type":"image\/jpeg"}],"twitter_card":"summary_large_image","schema":{"@context":"https:\/\/schema.org","@graph":[{"@type":"WebPage","@id":"https:\/\/suministressantfeliu.com\/comprar\/plato-llano-24-cm-trinchante-vajillas-para-hosteleria-profesionales\/","url":"https:\/\/suministressantfeliu.com\/comprar\/plato-llano-24-cm-trinchante-vajillas-para-hosteleria-profesionales\/","name":"Plato llano mallorca 24 cm trinchante caja de 24 unidades- Vajillas para hosteler\u00eda profesionales - Venta Productos de hosteler\u00eda Barcelona","isPartOf":{"@id":"https:\/\/suministressantfeliu.com\/comprar\/#website"},"primaryImageOfPage":{"@id":"https:\/\/suministressantfeliu.com\/comprar\/plato-llano-24-cm-trinchante-vajillas-para-hosteleria-profesionales\/#primaryimage"},"image":{"@id":"https:\/\/suministressantfeliu.com\/comprar\/plato-llano-24-cm-trinchante-vajillas-para-hosteleria-profesionales\/#primaryimage"},"thumbnailUrl":"https:\/\/suministressantfeliu.com\/comprar\/wp-content\/uploads\/2023\/04\/vajillas-para-hosteleria-profesionales-2-800x800-1.jpg","datePublished":"2023-05-04T21:50:46+00:00","dateModified":"2023-11-14T15:17:29+00:00","breadcrumb":{"@id":"https:\/\/suministressantfeliu.com\/comprar\/plato-llano-24-cm-trinchante-vajillas-para-hosteleria-profesionales\/#breadcrumb"},"inLanguage":"es","potentialAction":[{"@type":"ReadAction","target":["https:\/\/suministressantfeliu.com\/comprar\/plato-llano-24-cm-trinchante-vajillas-para-hosteleria-profesionales\/"]}]},{"@type":"ImageObject","inLanguage":"es","@id":"https:\/\/suministressantfeliu.com\/comprar\/plato-llano-24-cm-trinchante-vajillas-para-hosteleria-profesionales\/#primaryimage","url":"https:\/\/suministressantfeliu.com\/comprar\/wp-content\/uploads\/2023\/04\/vajillas-para-hosteleria-profesionales-2-800x800-1.jpg","contentUrl":"https:\/\/suministressantfeliu.com\/comprar\/wp-content\/uploads\/2023\/04\/vajillas-para-hosteleria-profesionales-2-800x800-1.jpg","width":800,"height":800,"caption":"PLATOS SERIE MALLORCA"},{"@type":"BreadcrumbList","@id":"https:\/\/suministressantfeliu.com\/comprar\/plato-llano-24-cm-trinchante-vajillas-para-hosteleria-profesionales\/#breadcrumb","itemListElement":[{"@type":"ListItem","position":1,"name":"Portada","item":"https:\/\/suministressantfeliu.com\/comprar\/"},{"@type":"ListItem","position":2,"name":"Tienda","item":"https:\/\/suministressantfeliu.com\/comprar\/tienda\/"},{"@type":"ListItem","position":3,"name":"Plato llano mallorca 24 cm trinchante caja de 24 unidades- Vajillas para hosteler\u00eda profesionales"}]},{"@type":"WebSite","@id":"https:\/\/suministressantfeliu.com\/comprar\/#website","url":"https:\/\/suministressantfeliu.com\/comprar\/","name":"Productos hosteler\u00eda","description":"Venta de suministros profesionales para hosteler\u00eda","publisher":{"@id":"https:\/\/suministressantfeliu.com\/comprar\/#organization"},"potentialAction":[{"@type":"SearchAction","target":{"@type":"EntryPoint","urlTemplate":"https:\/\/suministressantfeliu.com\/comprar\/?s={search_term_string}"},"query-input":{"@type":"PropertyValueSpecification","valueRequired":true,"valueName":"search_term_string"}}],"inLanguage":"es"},{"@type":"Organization","@id":"https:\/\/suministressantfeliu.com\/comprar\/#organization","name":"Suministres Sant Feliu hosteleria","url":"https:\/\/suministressantfeliu.com\/comprar\/","logo":{"@type":"ImageObject","inLanguage":"es","@id":"https:\/\/suministressantfeliu.com\/comprar\/#\/schema\/logo\/image\/","url":"https:\/\/suministressantfeliu.com\/comprar\/wp-content\/uploads\/2021\/03\/cropped-suministres-sant-feliu-logo.png","contentUrl":"https:\/\/suministressantfeliu.com\/comprar\/wp-content\/uploads\/2021\/03\/cropped-suministres-sant-feliu-logo.png","width":668,"height":668,"caption":"Suministres Sant Feliu hosteleria"},"image":{"@id":"https:\/\/suministressantfeliu.com\/comprar\/#\/schema\/logo\/image\/"}}]}},"_links":{"self":[{"href":"https:\/\/suministressantfeliu.com\/comprar\/wp-json\/wp\/v2\/product\/9095","targetHints":{"allow":["GET"]}}],"collection":[{"href":"https:\/\/suministressantfeliu.com\/comprar\/wp-json\/wp\/v2\/product"}],"about":[{"href":"https:\/\/suministressantfeliu.com\/comprar\/wp-json\/wp\/v2\/types\/product"}],"wp:featuredmedia":[{"embeddable":true,"href":"https:\/\/suministressantfeliu.com\/comprar\/wp-json\/wp\/v2\/media\/3728"}],"wp:attachment":[{"href":"https:\/\/suministressantfeliu.com\/comprar\/wp-json\/wp\/v2\/media?parent=9095"}],"wp:term":[{"taxonomy":"product_brand","embeddable":true,"href":"https:\/\/suministressantfeliu.com\/comprar\/wp-json\/wp\/v2\/product_brand?post=9095"},{"taxonomy":"product_cat","embeddable":true,"href":"https:\/\/suministressantfeliu.com\/comprar\/wp-json\/wp\/v2\/product_cat?post=9095"},{"taxonomy":"product_tag","embeddable":true,"href":"https:\/\/suministressantfeliu.com\/comprar\/wp-json\/wp\/v2\/product_tag?post=9095"}],"curies":[{"name":"wp","href":"https:\/\/api.w.org\/{rel}","templated":true}]}}