{"id":9089,"date":"2023-05-04T21:50:44","date_gmt":"2023-05-04T21:50:44","guid":{"rendered":"https:\/\/suministressantfeliu.com\/comprar\/tupper-hermetico-gastronorm-polipropileno-1-9-15-cm\/"},"modified":"2023-05-31T07:32:32","modified_gmt":"2023-05-31T07:32:32","slug":"tupper-hermetico-gastronorm-polipropileno-1-9-15-cm","status":"publish","type":"product","link":"https:\/\/suministressantfeliu.com\/comprar\/tupper-hermetico-gastronorm-polipropileno-1-9-15-cm\/","title":{"rendered":"Cubeta Gastronorm 1\/9 con tapa 15 cm profundidad Plastico Polipropileno Almacenaje Alimentario Caja de 6 unidades"},"content":{"rendered":"<h2>Descripci\u00f3n<\/h2>\n<h1 class=\"mt-3 mt-xl-5 mb-4 h2 text-left\">Herm\u00e9ticos Araven<\/h1>\n<div class=\"div-wysiwyg\">\n<p>Los nuevos contenedores herm\u00e9ticos de Araven, gracias al dise\u00f1o de su nueva tapa, te ayudan a conservar mejor y por m\u00e1s tiempo:<\/p>\n<ul>\n<li><strong>NUEVO CIERRE M\u00c1S HERMETICO.<\/strong>\u00a0El nuevo dise\u00f1o del\u00a0<em>doble labio herm\u00e9tico de la tapa<\/em>\u00a0mejora la hermeticidad del recipiente y por tanto conservan mejor<\/li>\n<\/ul>\n<ul>\n<li><strong>AUMENTA LA VIDA \u00daTIL DEL ALIMENTO.\u00a0<\/strong>La tapa va provista de un canal que<strong><em>\u00a0<\/em><\/strong>permite extraer parcialmente el aire del interior del recipiente reduciendo la oxidaci\u00f3n del alimento y prolongando su vida \u00fatil hasta un 25%* (*Estudio realizado por el Grupo de Investigaci\u00f3n en Alimentos de Origen Vegetal de la Universidad de Zaragoza)<\/li>\n<\/ul>\n<ul>\n<li><strong>FACIL APERTURA<\/strong>. La tapa incorpora un tirador especial para facilitar la apertura del contenedor<\/li>\n<\/ul>\n<p>Adem\u00e1s los nuevos herm\u00e9ticos GastroNorm de Araven incorporan nuevos colorclip para la gesti\u00f3n de los alimentos as\u00ed como mejoras en su etiqueta de trazabilidad IML<\/p>\n<ul>\n<li><strong>7 COLORCLIPS IDENTIFICATIVOS.\u00a0<\/strong>Dos nuevos colorclips, en color blanco y marr\u00f3n, se a\u00f1aden a los 5 ya existentes para facilitar a\u00fan m\u00e1s la gesti\u00f3n de los alimentos dentro de la cocina. Los criterios en base a los que se puede clasificar los alimentos son:\u00a0tipolog\u00eda de alimento para evitar la contaminaci\u00f3n cruzada, fechas (d\u00edas de la semana), \u00e1reas de trabajo por procesos\u00a0o alergias e intolerancias. M\u00e1s informaci\u00f3n sobre la gesti\u00f3n de alimentos utilizando colorclips en nuestra secci\u00f3n de\u00a0<a href=\"https:\/\/hosteleria.araven.com\/es\/consejo\/gestion-de-los-alimentos-dentro-de-la-cocina.html\" target=\"_blank\" rel=\"noopener\">consejos<\/a><\/li>\n<\/ul>\n<ul>\n<li><strong>ETIQUETA IML.\u00a0<\/strong>La nueva etiqueta In-moulding incopora mayor espacio para la descripci\u00f3n de producto, una nueva l\u00ednea de empleado (Empl.:) as\u00ed como la actualizaci\u00f3n de la simbolog\u00eda de los colorcli<\/li>\n<\/ul>\n<\/div>\n","protected":false},"excerpt":{"rendered":"<p>Cubeta Gastronorm 1\/9 con tapa 15 cm profundidad Plastico Polipropileno Almacenaje Alimentario Caja de 6 unidades<\/p>\n","protected":false},"featured_media":3735,"template":"","meta":[],"product_brand":[],"product_cat":[1122,1120],"product_tag":[],"class_list":{"0":"post-9089","1":"product","2":"type-product","3":"status-publish","4":"has-post-thumbnail","6":"product_cat-complementos-cocina","7":"product_cat-utensilios-cocina-hosteleria","9":"first","10":"instock","11":"sale","12":"taxable","13":"shipping-taxable","14":"purchasable","15":"product-type-simple"},"yoast_head":"<!-- This site is optimized with the Yoast SEO plugin v27.5 - https:\/\/yoast.com\/product\/yoast-seo-wordpress\/ -->\n<title>Cubeta Gastronorm 1\/9 con tapa 15 cm profundidad Plastico Polipropileno Almacenaje Alimentario Caja de 6 unidades - Venta Productos de hosteler\u00eda Barcelona<\/title>\n<meta name=\"robots\" content=\"index, follow, max-snippet:-1, max-image-preview:large, max-video-preview:-1\" \/>\n<link rel=\"canonical\" href=\"https:\/\/suministressantfeliu.com\/comprar\/tupper-hermetico-gastronorm-polipropileno-1-9-15-cm\/\" \/>\n<meta property=\"og:locale\" content=\"es_ES\" \/>\n<meta property=\"og:type\" content=\"article\" \/>\n<meta property=\"og:title\" content=\"Cubeta Gastronorm 1\/9 con tapa 15 cm profundidad Plastico Polipropileno Almacenaje Alimentario Caja de 6 unidades - Venta Productos de hosteler\u00eda Barcelona\" \/>\n<meta property=\"og:description\" content=\"Cubeta Gastronorm 1\/9 con tapa 15 cm profundidad Plastico Polipropileno Almacenaje Alimentario Caja de 6 unidades\" \/>\n<meta property=\"og:url\" content=\"https:\/\/suministressantfeliu.com\/comprar\/tupper-hermetico-gastronorm-polipropileno-1-9-15-cm\/\" \/>\n<meta property=\"og:site_name\" content=\"Venta Productos de hosteler\u00eda Barcelona\" \/>\n<meta property=\"article:modified_time\" content=\"2023-05-31T07:32:32+00:00\" \/>\n<meta property=\"og:image\" content=\"https:\/\/suministressantfeliu.com\/comprar\/wp-content\/uploads\/2023\/04\/tupper-hermetico-gastronorm-polipropileno-19-800x800-1.jpg\" \/>\n\t<meta property=\"og:image:width\" content=\"800\" \/>\n\t<meta property=\"og:image:height\" content=\"633\" \/>\n\t<meta property=\"og:image:type\" content=\"image\/jpeg\" \/>\n<meta name=\"twitter:card\" content=\"summary_large_image\" \/>\n<meta name=\"twitter:label1\" content=\"Tiempo de lectura\" \/>\n\t<meta name=\"twitter:data1\" content=\"2 minutos\" \/>\n<script type=\"application\/ld+json\" class=\"yoast-schema-graph\">{\"@context\":\"https:\\\/\\\/schema.org\",\"@graph\":[{\"@type\":\"WebPage\",\"@id\":\"https:\\\/\\\/suministressantfeliu.com\\\/comprar\\\/tupper-hermetico-gastronorm-polipropileno-1-9-15-cm\\\/\",\"url\":\"https:\\\/\\\/suministressantfeliu.com\\\/comprar\\\/tupper-hermetico-gastronorm-polipropileno-1-9-15-cm\\\/\",\"name\":\"Cubeta Gastronorm 1\\\/9 con tapa 15 cm profundidad Plastico Polipropileno Almacenaje Alimentario Caja de 6 unidades - Venta Productos de hosteler\u00eda Barcelona\",\"isPartOf\":{\"@id\":\"https:\\\/\\\/suministressantfeliu.com\\\/comprar\\\/#website\"},\"primaryImageOfPage\":{\"@id\":\"https:\\\/\\\/suministressantfeliu.com\\\/comprar\\\/tupper-hermetico-gastronorm-polipropileno-1-9-15-cm\\\/#primaryimage\"},\"image\":{\"@id\":\"https:\\\/\\\/suministressantfeliu.com\\\/comprar\\\/tupper-hermetico-gastronorm-polipropileno-1-9-15-cm\\\/#primaryimage\"},\"thumbnailUrl\":\"https:\\\/\\\/suministressantfeliu.com\\\/comprar\\\/wp-content\\\/uploads\\\/2023\\\/04\\\/tupper-hermetico-gastronorm-polipropileno-19-800x800-1.jpg\",\"datePublished\":\"2023-05-04T21:50:44+00:00\",\"dateModified\":\"2023-05-31T07:32:32+00:00\",\"breadcrumb\":{\"@id\":\"https:\\\/\\\/suministressantfeliu.com\\\/comprar\\\/tupper-hermetico-gastronorm-polipropileno-1-9-15-cm\\\/#breadcrumb\"},\"inLanguage\":\"es\",\"potentialAction\":[{\"@type\":\"ReadAction\",\"target\":[\"https:\\\/\\\/suministressantfeliu.com\\\/comprar\\\/tupper-hermetico-gastronorm-polipropileno-1-9-15-cm\\\/\"]}]},{\"@type\":\"ImageObject\",\"inLanguage\":\"es\",\"@id\":\"https:\\\/\\\/suministressantfeliu.com\\\/comprar\\\/tupper-hermetico-gastronorm-polipropileno-1-9-15-cm\\\/#primaryimage\",\"url\":\"https:\\\/\\\/suministressantfeliu.com\\\/comprar\\\/wp-content\\\/uploads\\\/2023\\\/04\\\/tupper-hermetico-gastronorm-polipropileno-19-800x800-1.jpg\",\"contentUrl\":\"https:\\\/\\\/suministressantfeliu.com\\\/comprar\\\/wp-content\\\/uploads\\\/2023\\\/04\\\/tupper-hermetico-gastronorm-polipropileno-19-800x800-1.jpg\",\"width\":800,\"height\":633,\"caption\":\"cubeta gastronorm polipropileno 1\\\/9\"},{\"@type\":\"BreadcrumbList\",\"@id\":\"https:\\\/\\\/suministressantfeliu.com\\\/comprar\\\/tupper-hermetico-gastronorm-polipropileno-1-9-15-cm\\\/#breadcrumb\",\"itemListElement\":[{\"@type\":\"ListItem\",\"position\":1,\"name\":\"Portada\",\"item\":\"https:\\\/\\\/suministressantfeliu.com\\\/comprar\\\/\"},{\"@type\":\"ListItem\",\"position\":2,\"name\":\"Tienda\",\"item\":\"https:\\\/\\\/suministressantfeliu.com\\\/comprar\\\/tienda\\\/\"},{\"@type\":\"ListItem\",\"position\":3,\"name\":\"Cubeta Gastronorm 1\\\/9 con tapa 15 cm profundidad Plastico Polipropileno Almacenaje Alimentario Caja de 6 unidades\"}]},{\"@type\":\"WebSite\",\"@id\":\"https:\\\/\\\/suministressantfeliu.com\\\/comprar\\\/#website\",\"url\":\"https:\\\/\\\/suministressantfeliu.com\\\/comprar\\\/\",\"name\":\"Productos hosteler\u00eda\",\"description\":\"Venta de suministros profesionales para hosteler\u00eda\",\"publisher\":{\"@id\":\"https:\\\/\\\/suministressantfeliu.com\\\/comprar\\\/#organization\"},\"potentialAction\":[{\"@type\":\"SearchAction\",\"target\":{\"@type\":\"EntryPoint\",\"urlTemplate\":\"https:\\\/\\\/suministressantfeliu.com\\\/comprar\\\/?s={search_term_string}\"},\"query-input\":{\"@type\":\"PropertyValueSpecification\",\"valueRequired\":true,\"valueName\":\"search_term_string\"}}],\"inLanguage\":\"es\"},{\"@type\":\"Organization\",\"@id\":\"https:\\\/\\\/suministressantfeliu.com\\\/comprar\\\/#organization\",\"name\":\"Suministres Sant Feliu hosteleria\",\"url\":\"https:\\\/\\\/suministressantfeliu.com\\\/comprar\\\/\",\"logo\":{\"@type\":\"ImageObject\",\"inLanguage\":\"es\",\"@id\":\"https:\\\/\\\/suministressantfeliu.com\\\/comprar\\\/#\\\/schema\\\/logo\\\/image\\\/\",\"url\":\"https:\\\/\\\/suministressantfeliu.com\\\/comprar\\\/wp-content\\\/uploads\\\/2021\\\/03\\\/cropped-suministres-sant-feliu-logo.png\",\"contentUrl\":\"https:\\\/\\\/suministressantfeliu.com\\\/comprar\\\/wp-content\\\/uploads\\\/2021\\\/03\\\/cropped-suministres-sant-feliu-logo.png\",\"width\":668,\"height\":668,\"caption\":\"Suministres Sant Feliu hosteleria\"},\"image\":{\"@id\":\"https:\\\/\\\/suministressantfeliu.com\\\/comprar\\\/#\\\/schema\\\/logo\\\/image\\\/\"}}]}<\/script>\n<!-- \/ Yoast SEO plugin. -->","yoast_head_json":{"title":"Cubeta Gastronorm 1\/9 con tapa 15 cm profundidad Plastico Polipropileno Almacenaje Alimentario Caja de 6 unidades - Venta Productos de hosteler\u00eda Barcelona","robots":{"index":"index","follow":"follow","max-snippet":"max-snippet:-1","max-image-preview":"max-image-preview:large","max-video-preview":"max-video-preview:-1"},"canonical":"https:\/\/suministressantfeliu.com\/comprar\/tupper-hermetico-gastronorm-polipropileno-1-9-15-cm\/","og_locale":"es_ES","og_type":"article","og_title":"Cubeta Gastronorm 1\/9 con tapa 15 cm profundidad Plastico Polipropileno Almacenaje Alimentario Caja de 6 unidades - Venta Productos de hosteler\u00eda Barcelona","og_description":"Cubeta Gastronorm 1\/9 con tapa 15 cm profundidad Plastico Polipropileno Almacenaje Alimentario Caja de 6 unidades","og_url":"https:\/\/suministressantfeliu.com\/comprar\/tupper-hermetico-gastronorm-polipropileno-1-9-15-cm\/","og_site_name":"Venta Productos de hosteler\u00eda Barcelona","article_modified_time":"2023-05-31T07:32:32+00:00","og_image":[{"width":800,"height":633,"url":"https:\/\/suministressantfeliu.com\/comprar\/wp-content\/uploads\/2023\/04\/tupper-hermetico-gastronorm-polipropileno-19-800x800-1.jpg","type":"image\/jpeg"}],"twitter_card":"summary_large_image","twitter_misc":{"Tiempo de lectura":"2 minutos"},"schema":{"@context":"https:\/\/schema.org","@graph":[{"@type":"WebPage","@id":"https:\/\/suministressantfeliu.com\/comprar\/tupper-hermetico-gastronorm-polipropileno-1-9-15-cm\/","url":"https:\/\/suministressantfeliu.com\/comprar\/tupper-hermetico-gastronorm-polipropileno-1-9-15-cm\/","name":"Cubeta Gastronorm 1\/9 con tapa 15 cm profundidad Plastico Polipropileno Almacenaje Alimentario Caja de 6 unidades - Venta Productos de hosteler\u00eda Barcelona","isPartOf":{"@id":"https:\/\/suministressantfeliu.com\/comprar\/#website"},"primaryImageOfPage":{"@id":"https:\/\/suministressantfeliu.com\/comprar\/tupper-hermetico-gastronorm-polipropileno-1-9-15-cm\/#primaryimage"},"image":{"@id":"https:\/\/suministressantfeliu.com\/comprar\/tupper-hermetico-gastronorm-polipropileno-1-9-15-cm\/#primaryimage"},"thumbnailUrl":"https:\/\/suministressantfeliu.com\/comprar\/wp-content\/uploads\/2023\/04\/tupper-hermetico-gastronorm-polipropileno-19-800x800-1.jpg","datePublished":"2023-05-04T21:50:44+00:00","dateModified":"2023-05-31T07:32:32+00:00","breadcrumb":{"@id":"https:\/\/suministressantfeliu.com\/comprar\/tupper-hermetico-gastronorm-polipropileno-1-9-15-cm\/#breadcrumb"},"inLanguage":"es","potentialAction":[{"@type":"ReadAction","target":["https:\/\/suministressantfeliu.com\/comprar\/tupper-hermetico-gastronorm-polipropileno-1-9-15-cm\/"]}]},{"@type":"ImageObject","inLanguage":"es","@id":"https:\/\/suministressantfeliu.com\/comprar\/tupper-hermetico-gastronorm-polipropileno-1-9-15-cm\/#primaryimage","url":"https:\/\/suministressantfeliu.com\/comprar\/wp-content\/uploads\/2023\/04\/tupper-hermetico-gastronorm-polipropileno-19-800x800-1.jpg","contentUrl":"https:\/\/suministressantfeliu.com\/comprar\/wp-content\/uploads\/2023\/04\/tupper-hermetico-gastronorm-polipropileno-19-800x800-1.jpg","width":800,"height":633,"caption":"cubeta gastronorm polipropileno 1\/9"},{"@type":"BreadcrumbList","@id":"https:\/\/suministressantfeliu.com\/comprar\/tupper-hermetico-gastronorm-polipropileno-1-9-15-cm\/#breadcrumb","itemListElement":[{"@type":"ListItem","position":1,"name":"Portada","item":"https:\/\/suministressantfeliu.com\/comprar\/"},{"@type":"ListItem","position":2,"name":"Tienda","item":"https:\/\/suministressantfeliu.com\/comprar\/tienda\/"},{"@type":"ListItem","position":3,"name":"Cubeta Gastronorm 1\/9 con tapa 15 cm profundidad Plastico Polipropileno Almacenaje Alimentario Caja de 6 unidades"}]},{"@type":"WebSite","@id":"https:\/\/suministressantfeliu.com\/comprar\/#website","url":"https:\/\/suministressantfeliu.com\/comprar\/","name":"Productos hosteler\u00eda","description":"Venta de suministros profesionales para hosteler\u00eda","publisher":{"@id":"https:\/\/suministressantfeliu.com\/comprar\/#organization"},"potentialAction":[{"@type":"SearchAction","target":{"@type":"EntryPoint","urlTemplate":"https:\/\/suministressantfeliu.com\/comprar\/?s={search_term_string}"},"query-input":{"@type":"PropertyValueSpecification","valueRequired":true,"valueName":"search_term_string"}}],"inLanguage":"es"},{"@type":"Organization","@id":"https:\/\/suministressantfeliu.com\/comprar\/#organization","name":"Suministres Sant Feliu hosteleria","url":"https:\/\/suministressantfeliu.com\/comprar\/","logo":{"@type":"ImageObject","inLanguage":"es","@id":"https:\/\/suministressantfeliu.com\/comprar\/#\/schema\/logo\/image\/","url":"https:\/\/suministressantfeliu.com\/comprar\/wp-content\/uploads\/2021\/03\/cropped-suministres-sant-feliu-logo.png","contentUrl":"https:\/\/suministressantfeliu.com\/comprar\/wp-content\/uploads\/2021\/03\/cropped-suministres-sant-feliu-logo.png","width":668,"height":668,"caption":"Suministres Sant Feliu hosteleria"},"image":{"@id":"https:\/\/suministressantfeliu.com\/comprar\/#\/schema\/logo\/image\/"}}]}},"_links":{"self":[{"href":"https:\/\/suministressantfeliu.com\/comprar\/wp-json\/wp\/v2\/product\/9089","targetHints":{"allow":["GET"]}}],"collection":[{"href":"https:\/\/suministressantfeliu.com\/comprar\/wp-json\/wp\/v2\/product"}],"about":[{"href":"https:\/\/suministressantfeliu.com\/comprar\/wp-json\/wp\/v2\/types\/product"}],"wp:featuredmedia":[{"embeddable":true,"href":"https:\/\/suministressantfeliu.com\/comprar\/wp-json\/wp\/v2\/media\/3735"}],"wp:attachment":[{"href":"https:\/\/suministressantfeliu.com\/comprar\/wp-json\/wp\/v2\/media?parent=9089"}],"wp:term":[{"taxonomy":"product_brand","embeddable":true,"href":"https:\/\/suministressantfeliu.com\/comprar\/wp-json\/wp\/v2\/product_brand?post=9089"},{"taxonomy":"product_cat","embeddable":true,"href":"https:\/\/suministressantfeliu.com\/comprar\/wp-json\/wp\/v2\/product_cat?post=9089"},{"taxonomy":"product_tag","embeddable":true,"href":"https:\/\/suministressantfeliu.com\/comprar\/wp-json\/wp\/v2\/product_tag?post=9089"}],"curies":[{"name":"wp","href":"https:\/\/api.w.org\/{rel}","templated":true}]}}