{"id":9063,"date":"2023-05-04T21:50:32","date_gmt":"2023-05-04T21:50:32","guid":{"rendered":"https:\/\/suministressantfeliu.com\/comprar\/tapa-bandeja-aluminio-9-canelones-22315948\/"},"modified":"2024-02-15T12:11:12","modified_gmt":"2024-02-15T12:11:12","slug":"tapas-para-bandejas-aluminio-especial-para-comidas-para-llevar-take-away-paquete-de-100","status":"publish","type":"product","link":"https:\/\/suministressantfeliu.com\/comprar\/tapas-para-bandejas-aluminio-especial-para-comidas-para-llevar-take-away-paquete-de-100\/","title":{"rendered":"Tapas para Bandejas Aluminio Especial para Comidas para llevar Take Away paquete de 100"},"content":{"rendered":"<h2>Descripci\u00f3n<\/h2>\n<p>Recipientes desechables para llevar tus comidas, hornearlos en el horno o guardarlos en el congelador. Las bandejas ideales para catering, restaurantes o charcuter\u00edas, pero tambi\u00e9n para cumplea\u00f1os, bautizos y otras fiestas. \u00a0Nuestras bandejas son resistentes a la grasa y al calor del horno, pero tambi\u00e9n a temperaturas muy bajas para que puedas congelar tus productos.<\/p>\n<p><strong>Tapa<\/strong>\u00a0para\u00a0<strong>envase rectangular<\/strong>\u00a0de\u00a0<strong>aluminio<\/strong>, fabricada en cart\u00f3n alimentario, material que permite proteger y conservar el contenido del envase evitando que se produzcan p\u00e9rdidas de l\u00edquidos y derrames.<\/p>\n<p>Son ideales para establecimientos que oferta el servicio de comida para llevar. Gracias al material con el que est\u00e1n fabricadas, no alteran el sabor ni el aroma de los alimentos. Vienen en\u00a0<strong>pack<\/strong>\u00a0de<strong>\u00a0100 unidades<\/strong>.<\/p>\n<p>Podr\u00e1s encontrar disponible esta tapa con diferentes medidas, cada una de ellas compatible con una capacidad determinada de envase.<\/p>\n<ul>\n<li>3 canelones<\/li>\n<li>6 canelones<\/li>\n<li>9 canelones<\/li>\n<li>12 canelones<\/li>\n<li>15 canelones<\/li>\n<li>18 canelones<\/li>\n<li>Medio pollo redonda<\/li>\n<li>Pollo entero ovalada<\/li>\n<\/ul>\n<p>Packs de 100 unidades<\/p>\n","protected":false},"excerpt":{"rendered":"<p>Tapas para Bandejas Aluminio Especial para Comidas para llevar Take Away paquete de 100<\/p>\n","protected":false},"featured_media":9620,"template":"","meta":[],"product_brand":[],"product_cat":[1126,1117],"product_tag":[],"class_list":{"0":"post-9063","1":"product","2":"type-product","3":"status-publish","4":"has-post-thumbnail","6":"product_cat-productos-desechables","7":"product_cat-productos-take-away-hosteleria","9":"first","10":"instock","11":"sale","12":"taxable","13":"shipping-taxable","14":"purchasable","15":"product-type-variable"},"yoast_head":"<!-- This site is optimized with the Yoast SEO plugin v27.5 - https:\/\/yoast.com\/product\/yoast-seo-wordpress\/ -->\n<title>Tapas para Bandejas Aluminio Especial para Comidas para llevar Take Away paquete de 100 - Venta Productos de hosteler\u00eda Barcelona<\/title>\n<meta name=\"description\" content=\"Tapa\u00a0para\u00a0envase rectangular\u00a0de\u00a0aluminio, fabricada en cart\u00f3n alimentario, material que permite proteger y conservar el contenido del envase evitando que se produzcan p\u00e9rdidas de l\u00edquidos y derrames.Son ideales para establecimientos que oferta el servicio de comida para llevar. Gracias al material con el que est\u00e1n fabricadas, no alteran el sabor ni el aroma de los alimentos. Vienen en\u00a0pack\u00a0de\u00a0100 unidades.\" \/>\n<meta name=\"robots\" content=\"index, follow, max-snippet:-1, max-image-preview:large, max-video-preview:-1\" \/>\n<link rel=\"canonical\" href=\"https:\/\/suministressantfeliu.com\/comprar\/tapas-para-bandejas-aluminio-especial-para-comidas-para-llevar-take-away-paquete-de-100\/\" \/>\n<meta property=\"og:locale\" content=\"es_ES\" \/>\n<meta property=\"og:type\" content=\"article\" \/>\n<meta property=\"og:title\" content=\"Tapas para Bandejas Aluminio Especial para Comidas para llevar Take Away paquete de 100 - Venta Productos de hosteler\u00eda Barcelona\" \/>\n<meta property=\"og:description\" content=\"Tapa\u00a0para\u00a0envase rectangular\u00a0de\u00a0aluminio, fabricada en cart\u00f3n alimentario, material que permite proteger y conservar el contenido del envase evitando que se produzcan p\u00e9rdidas de l\u00edquidos y derrames.Son ideales para establecimientos que oferta el servicio de comida para llevar. Gracias al material con el que est\u00e1n fabricadas, no alteran el sabor ni el aroma de los alimentos. Vienen en\u00a0pack\u00a0de\u00a0100 unidades.\" \/>\n<meta property=\"og:url\" content=\"https:\/\/suministressantfeliu.com\/comprar\/tapas-para-bandejas-aluminio-especial-para-comidas-para-llevar-take-away-paquete-de-100\/\" \/>\n<meta property=\"og:site_name\" content=\"Venta Productos de hosteler\u00eda Barcelona\" \/>\n<meta property=\"article:modified_time\" content=\"2024-02-15T12:11:12+00:00\" \/>\n<meta property=\"og:image\" content=\"https:\/\/suministressantfeliu.com\/comprar\/wp-content\/uploads\/2023\/05\/tapa-para-bandeja-6-piezas.jpg\" \/>\n\t<meta property=\"og:image:width\" content=\"800\" \/>\n\t<meta property=\"og:image:height\" content=\"800\" \/>\n\t<meta property=\"og:image:type\" content=\"image\/jpeg\" \/>\n<meta name=\"twitter:card\" content=\"summary_large_image\" \/>\n<meta name=\"twitter:label1\" content=\"Tiempo de lectura\" \/>\n\t<meta name=\"twitter:data1\" content=\"1 minuto\" \/>\n<script type=\"application\/ld+json\" class=\"yoast-schema-graph\">{\"@context\":\"https:\\\/\\\/schema.org\",\"@graph\":[{\"@type\":\"WebPage\",\"@id\":\"https:\\\/\\\/suministressantfeliu.com\\\/comprar\\\/tapas-para-bandejas-aluminio-especial-para-comidas-para-llevar-take-away-paquete-de-100\\\/\",\"url\":\"https:\\\/\\\/suministressantfeliu.com\\\/comprar\\\/tapas-para-bandejas-aluminio-especial-para-comidas-para-llevar-take-away-paquete-de-100\\\/\",\"name\":\"Tapas para Bandejas Aluminio Especial para Comidas para llevar Take Away paquete de 100 - Venta Productos de hosteler\u00eda Barcelona\",\"isPartOf\":{\"@id\":\"https:\\\/\\\/suministressantfeliu.com\\\/comprar\\\/#website\"},\"primaryImageOfPage\":{\"@id\":\"https:\\\/\\\/suministressantfeliu.com\\\/comprar\\\/tapas-para-bandejas-aluminio-especial-para-comidas-para-llevar-take-away-paquete-de-100\\\/#primaryimage\"},\"image\":{\"@id\":\"https:\\\/\\\/suministressantfeliu.com\\\/comprar\\\/tapas-para-bandejas-aluminio-especial-para-comidas-para-llevar-take-away-paquete-de-100\\\/#primaryimage\"},\"thumbnailUrl\":\"https:\\\/\\\/suministressantfeliu.com\\\/comprar\\\/wp-content\\\/uploads\\\/2023\\\/05\\\/tapa-para-bandeja-6-piezas.jpg\",\"datePublished\":\"2023-05-04T21:50:32+00:00\",\"dateModified\":\"2024-02-15T12:11:12+00:00\",\"description\":\"Tapa\u00a0para\u00a0envase rectangular\u00a0de\u00a0aluminio, fabricada en cart\u00f3n alimentario, material que permite proteger y conservar el contenido del envase evitando que se produzcan p\u00e9rdidas de l\u00edquidos y derrames.Son ideales para establecimientos que oferta el servicio de comida para llevar. Gracias al material con el que est\u00e1n fabricadas, no alteran el sabor ni el aroma de los alimentos. Vienen en\u00a0pack\u00a0de\u00a0100 unidades.\",\"breadcrumb\":{\"@id\":\"https:\\\/\\\/suministressantfeliu.com\\\/comprar\\\/tapas-para-bandejas-aluminio-especial-para-comidas-para-llevar-take-away-paquete-de-100\\\/#breadcrumb\"},\"inLanguage\":\"es\",\"potentialAction\":[{\"@type\":\"ReadAction\",\"target\":[\"https:\\\/\\\/suministressantfeliu.com\\\/comprar\\\/tapas-para-bandejas-aluminio-especial-para-comidas-para-llevar-take-away-paquete-de-100\\\/\"]}]},{\"@type\":\"ImageObject\",\"inLanguage\":\"es\",\"@id\":\"https:\\\/\\\/suministressantfeliu.com\\\/comprar\\\/tapas-para-bandejas-aluminio-especial-para-comidas-para-llevar-take-away-paquete-de-100\\\/#primaryimage\",\"url\":\"https:\\\/\\\/suministressantfeliu.com\\\/comprar\\\/wp-content\\\/uploads\\\/2023\\\/05\\\/tapa-para-bandeja-6-piezas.jpg\",\"contentUrl\":\"https:\\\/\\\/suministressantfeliu.com\\\/comprar\\\/wp-content\\\/uploads\\\/2023\\\/05\\\/tapa-para-bandeja-6-piezas.jpg\",\"width\":800,\"height\":800,\"caption\":\"TAPA BANDEJA ALUMINIO 6 CANELONES\"},{\"@type\":\"BreadcrumbList\",\"@id\":\"https:\\\/\\\/suministressantfeliu.com\\\/comprar\\\/tapas-para-bandejas-aluminio-especial-para-comidas-para-llevar-take-away-paquete-de-100\\\/#breadcrumb\",\"itemListElement\":[{\"@type\":\"ListItem\",\"position\":1,\"name\":\"Portada\",\"item\":\"https:\\\/\\\/suministressantfeliu.com\\\/comprar\\\/\"},{\"@type\":\"ListItem\",\"position\":2,\"name\":\"Tienda\",\"item\":\"https:\\\/\\\/suministressantfeliu.com\\\/comprar\\\/tienda\\\/\"},{\"@type\":\"ListItem\",\"position\":3,\"name\":\"Tapas para Bandejas Aluminio Especial para Comidas para llevar Take Away paquete de 100\"}]},{\"@type\":\"WebSite\",\"@id\":\"https:\\\/\\\/suministressantfeliu.com\\\/comprar\\\/#website\",\"url\":\"https:\\\/\\\/suministressantfeliu.com\\\/comprar\\\/\",\"name\":\"Productos hosteler\u00eda\",\"description\":\"Venta de suministros profesionales para hosteler\u00eda\",\"publisher\":{\"@id\":\"https:\\\/\\\/suministressantfeliu.com\\\/comprar\\\/#organization\"},\"potentialAction\":[{\"@type\":\"SearchAction\",\"target\":{\"@type\":\"EntryPoint\",\"urlTemplate\":\"https:\\\/\\\/suministressantfeliu.com\\\/comprar\\\/?s={search_term_string}\"},\"query-input\":{\"@type\":\"PropertyValueSpecification\",\"valueRequired\":true,\"valueName\":\"search_term_string\"}}],\"inLanguage\":\"es\"},{\"@type\":\"Organization\",\"@id\":\"https:\\\/\\\/suministressantfeliu.com\\\/comprar\\\/#organization\",\"name\":\"Suministres Sant Feliu hosteleria\",\"url\":\"https:\\\/\\\/suministressantfeliu.com\\\/comprar\\\/\",\"logo\":{\"@type\":\"ImageObject\",\"inLanguage\":\"es\",\"@id\":\"https:\\\/\\\/suministressantfeliu.com\\\/comprar\\\/#\\\/schema\\\/logo\\\/image\\\/\",\"url\":\"https:\\\/\\\/suministressantfeliu.com\\\/comprar\\\/wp-content\\\/uploads\\\/2021\\\/03\\\/cropped-suministres-sant-feliu-logo.png\",\"contentUrl\":\"https:\\\/\\\/suministressantfeliu.com\\\/comprar\\\/wp-content\\\/uploads\\\/2021\\\/03\\\/cropped-suministres-sant-feliu-logo.png\",\"width\":668,\"height\":668,\"caption\":\"Suministres Sant Feliu hosteleria\"},\"image\":{\"@id\":\"https:\\\/\\\/suministressantfeliu.com\\\/comprar\\\/#\\\/schema\\\/logo\\\/image\\\/\"}}]}<\/script>\n<!-- \/ Yoast SEO plugin. -->","yoast_head_json":{"title":"Tapas para Bandejas Aluminio Especial para Comidas para llevar Take Away paquete de 100 - Venta Productos de hosteler\u00eda Barcelona","description":"Tapa\u00a0para\u00a0envase rectangular\u00a0de\u00a0aluminio, fabricada en cart\u00f3n alimentario, material que permite proteger y conservar el contenido del envase evitando que se produzcan p\u00e9rdidas de l\u00edquidos y derrames.Son ideales para establecimientos que oferta el servicio de comida para llevar. Gracias al material con el que est\u00e1n fabricadas, no alteran el sabor ni el aroma de los alimentos. Vienen en\u00a0pack\u00a0de\u00a0100 unidades.","robots":{"index":"index","follow":"follow","max-snippet":"max-snippet:-1","max-image-preview":"max-image-preview:large","max-video-preview":"max-video-preview:-1"},"canonical":"https:\/\/suministressantfeliu.com\/comprar\/tapas-para-bandejas-aluminio-especial-para-comidas-para-llevar-take-away-paquete-de-100\/","og_locale":"es_ES","og_type":"article","og_title":"Tapas para Bandejas Aluminio Especial para Comidas para llevar Take Away paquete de 100 - Venta Productos de hosteler\u00eda Barcelona","og_description":"Tapa\u00a0para\u00a0envase rectangular\u00a0de\u00a0aluminio, fabricada en cart\u00f3n alimentario, material que permite proteger y conservar el contenido del envase evitando que se produzcan p\u00e9rdidas de l\u00edquidos y derrames.Son ideales para establecimientos que oferta el servicio de comida para llevar. Gracias al material con el que est\u00e1n fabricadas, no alteran el sabor ni el aroma de los alimentos. Vienen en\u00a0pack\u00a0de\u00a0100 unidades.","og_url":"https:\/\/suministressantfeliu.com\/comprar\/tapas-para-bandejas-aluminio-especial-para-comidas-para-llevar-take-away-paquete-de-100\/","og_site_name":"Venta Productos de hosteler\u00eda Barcelona","article_modified_time":"2024-02-15T12:11:12+00:00","og_image":[{"width":800,"height":800,"url":"https:\/\/suministressantfeliu.com\/comprar\/wp-content\/uploads\/2023\/05\/tapa-para-bandeja-6-piezas.jpg","type":"image\/jpeg"}],"twitter_card":"summary_large_image","twitter_misc":{"Tiempo de lectura":"1 minuto"},"schema":{"@context":"https:\/\/schema.org","@graph":[{"@type":"WebPage","@id":"https:\/\/suministressantfeliu.com\/comprar\/tapas-para-bandejas-aluminio-especial-para-comidas-para-llevar-take-away-paquete-de-100\/","url":"https:\/\/suministressantfeliu.com\/comprar\/tapas-para-bandejas-aluminio-especial-para-comidas-para-llevar-take-away-paquete-de-100\/","name":"Tapas para Bandejas Aluminio Especial para Comidas para llevar Take Away paquete de 100 - Venta Productos de hosteler\u00eda Barcelona","isPartOf":{"@id":"https:\/\/suministressantfeliu.com\/comprar\/#website"},"primaryImageOfPage":{"@id":"https:\/\/suministressantfeliu.com\/comprar\/tapas-para-bandejas-aluminio-especial-para-comidas-para-llevar-take-away-paquete-de-100\/#primaryimage"},"image":{"@id":"https:\/\/suministressantfeliu.com\/comprar\/tapas-para-bandejas-aluminio-especial-para-comidas-para-llevar-take-away-paquete-de-100\/#primaryimage"},"thumbnailUrl":"https:\/\/suministressantfeliu.com\/comprar\/wp-content\/uploads\/2023\/05\/tapa-para-bandeja-6-piezas.jpg","datePublished":"2023-05-04T21:50:32+00:00","dateModified":"2024-02-15T12:11:12+00:00","description":"Tapa\u00a0para\u00a0envase rectangular\u00a0de\u00a0aluminio, fabricada en cart\u00f3n alimentario, material que permite proteger y conservar el contenido del envase evitando que se produzcan p\u00e9rdidas de l\u00edquidos y derrames.Son ideales para establecimientos que oferta el servicio de comida para llevar. Gracias al material con el que est\u00e1n fabricadas, no alteran el sabor ni el aroma de los alimentos. Vienen en\u00a0pack\u00a0de\u00a0100 unidades.","breadcrumb":{"@id":"https:\/\/suministressantfeliu.com\/comprar\/tapas-para-bandejas-aluminio-especial-para-comidas-para-llevar-take-away-paquete-de-100\/#breadcrumb"},"inLanguage":"es","potentialAction":[{"@type":"ReadAction","target":["https:\/\/suministressantfeliu.com\/comprar\/tapas-para-bandejas-aluminio-especial-para-comidas-para-llevar-take-away-paquete-de-100\/"]}]},{"@type":"ImageObject","inLanguage":"es","@id":"https:\/\/suministressantfeliu.com\/comprar\/tapas-para-bandejas-aluminio-especial-para-comidas-para-llevar-take-away-paquete-de-100\/#primaryimage","url":"https:\/\/suministressantfeliu.com\/comprar\/wp-content\/uploads\/2023\/05\/tapa-para-bandeja-6-piezas.jpg","contentUrl":"https:\/\/suministressantfeliu.com\/comprar\/wp-content\/uploads\/2023\/05\/tapa-para-bandeja-6-piezas.jpg","width":800,"height":800,"caption":"TAPA BANDEJA ALUMINIO 6 CANELONES"},{"@type":"BreadcrumbList","@id":"https:\/\/suministressantfeliu.com\/comprar\/tapas-para-bandejas-aluminio-especial-para-comidas-para-llevar-take-away-paquete-de-100\/#breadcrumb","itemListElement":[{"@type":"ListItem","position":1,"name":"Portada","item":"https:\/\/suministressantfeliu.com\/comprar\/"},{"@type":"ListItem","position":2,"name":"Tienda","item":"https:\/\/suministressantfeliu.com\/comprar\/tienda\/"},{"@type":"ListItem","position":3,"name":"Tapas para Bandejas Aluminio Especial para Comidas para llevar Take Away paquete de 100"}]},{"@type":"WebSite","@id":"https:\/\/suministressantfeliu.com\/comprar\/#website","url":"https:\/\/suministressantfeliu.com\/comprar\/","name":"Productos hosteler\u00eda","description":"Venta de suministros profesionales para hosteler\u00eda","publisher":{"@id":"https:\/\/suministressantfeliu.com\/comprar\/#organization"},"potentialAction":[{"@type":"SearchAction","target":{"@type":"EntryPoint","urlTemplate":"https:\/\/suministressantfeliu.com\/comprar\/?s={search_term_string}"},"query-input":{"@type":"PropertyValueSpecification","valueRequired":true,"valueName":"search_term_string"}}],"inLanguage":"es"},{"@type":"Organization","@id":"https:\/\/suministressantfeliu.com\/comprar\/#organization","name":"Suministres Sant Feliu hosteleria","url":"https:\/\/suministressantfeliu.com\/comprar\/","logo":{"@type":"ImageObject","inLanguage":"es","@id":"https:\/\/suministressantfeliu.com\/comprar\/#\/schema\/logo\/image\/","url":"https:\/\/suministressantfeliu.com\/comprar\/wp-content\/uploads\/2021\/03\/cropped-suministres-sant-feliu-logo.png","contentUrl":"https:\/\/suministressantfeliu.com\/comprar\/wp-content\/uploads\/2021\/03\/cropped-suministres-sant-feliu-logo.png","width":668,"height":668,"caption":"Suministres Sant Feliu hosteleria"},"image":{"@id":"https:\/\/suministressantfeliu.com\/comprar\/#\/schema\/logo\/image\/"}}]}},"_links":{"self":[{"href":"https:\/\/suministressantfeliu.com\/comprar\/wp-json\/wp\/v2\/product\/9063","targetHints":{"allow":["GET"]}}],"collection":[{"href":"https:\/\/suministressantfeliu.com\/comprar\/wp-json\/wp\/v2\/product"}],"about":[{"href":"https:\/\/suministressantfeliu.com\/comprar\/wp-json\/wp\/v2\/types\/product"}],"wp:featuredmedia":[{"embeddable":true,"href":"https:\/\/suministressantfeliu.com\/comprar\/wp-json\/wp\/v2\/media\/9620"}],"wp:attachment":[{"href":"https:\/\/suministressantfeliu.com\/comprar\/wp-json\/wp\/v2\/media?parent=9063"}],"wp:term":[{"taxonomy":"product_brand","embeddable":true,"href":"https:\/\/suministressantfeliu.com\/comprar\/wp-json\/wp\/v2\/product_brand?post=9063"},{"taxonomy":"product_cat","embeddable":true,"href":"https:\/\/suministressantfeliu.com\/comprar\/wp-json\/wp\/v2\/product_cat?post=9063"},{"taxonomy":"product_tag","embeddable":true,"href":"https:\/\/suministressantfeliu.com\/comprar\/wp-json\/wp\/v2\/product_tag?post=9063"}],"curies":[{"name":"wp","href":"https:\/\/api.w.org\/{rel}","templated":true}]}}