{"id":9039,"date":"2023-05-04T21:50:23","date_gmt":"2023-05-04T21:50:23","guid":{"rendered":"https:\/\/suministressantfeliu.com\/comprar\/sarten-robust-plus-alum-antiadherente-24-cm\/"},"modified":"2023-06-13T13:33:16","modified_gmt":"2023-06-13T13:33:16","slug":"sarten-robust-plus-alum-antiadherente-24-cm","status":"publish","type":"product","link":"https:\/\/suministressantfeliu.com\/comprar\/sarten-robust-plus-alum-antiadherente-24-cm\/","title":{"rendered":"Sart\u00e9n Robust Plus Aluminio Antiadherente &#8211; 24 cm"},"content":{"rendered":"<h2>Sart\u00e9n Robust Plus Aluminio<\/h2>\n<p>La\u00a0<strong>sart\u00e9n Robust Plus Aluminio<\/strong>\u00a0est\u00e1 fabricada en aluminio de gran espesor, material muy buen conductor del calor (calentamiento r\u00e1pido y uniformemente repartido) y muy ligero (reduce el peso y facilita el manejo de los \u00fatiles de cocina). Mango de acero inoxidable hueco.<\/p>\n<p>El interior de la\u00a0<strong>sart\u00e9n Robust Plus Aluminio<\/strong>\u00a0est\u00e1 provisto de un recubrimiento antiadherente (5 capas) de gran calidad con aportaci\u00f3n de\u00a0<strong>titanio<\/strong>\u00a0y ecol\u00f3gico ya que, a diferencia de lo que sucede con los antiadherentes convencionales de tefl\u00f3n, en su fabricaci\u00f3n no se utiliza PFOA (\u00e1cido perfluoroct\u00e1nico, sustancia susceptible de pasar a los alimentos y con efectos acumulativos en el organismo); se reducen las emisiones de CO2 a la atm\u00f3sfera y es m\u00e1s respetuoso con el medio ambiente.<\/p>\n<p>Este producto es apto para su uso en:<\/p>\n<p>\u2013 Cocinas el\u00e9ctricas<br \/>\n\u2013 Cocinas de gas<br \/>\n\u2013 Cocinas vitrocer\u00e1micas<\/p>\n<p>La\u00a0<strong>sart\u00e9n Robust Plus Aluminio<\/strong>\u00a0de Lacor se fabrica en 10 capacidades; podr\u00e1 seleccionar la que desee en el desplegable al lado de la fotograf\u00eda. Para ayudarle en su elecci\u00f3n le ofrecemos las medidas correspondientes:<\/p>\n<table border=\"1\" cellspacing=\"0\" cellpadding=\"0\">\n<tbody>\n<tr>\n<td width=\"114\">Di\u00e1metro\u00a0 (cm)<\/td>\n<td width=\"85\">Altura\u00a0 (cm)<\/td>\n<\/tr>\n<tr>\n<td width=\"114\">16<\/td>\n<td width=\"85\">3.5<\/td>\n<\/tr>\n<tr>\n<td width=\"114\">18<\/td>\n<td width=\"85\">3.5<\/td>\n<\/tr>\n<tr>\n<td width=\"114\">20<\/td>\n<td width=\"85\">4<\/td>\n<\/tr>\n<tr>\n<td width=\"114\">22<\/td>\n<td width=\"85\">4<\/td>\n<\/tr>\n<tr>\n<td width=\"114\">24<\/td>\n<td width=\"85\">4.5<\/td>\n<\/tr>\n<tr>\n<td width=\"114\">26<\/td>\n<td width=\"85\">4.5<\/td>\n<\/tr>\n<tr>\n<td width=\"114\">28<\/td>\n<td width=\"85\">4.5<\/td>\n<\/tr>\n<tr>\n<td width=\"114\">32<\/td>\n<td width=\"85\">4.7<\/td>\n<\/tr>\n<tr>\n<td width=\"114\">36<\/td>\n<td width=\"85\">5.5<\/td>\n<\/tr>\n<tr>\n<td width=\"114\">40<\/td>\n<td width=\"85\">5.5<\/td>\n<\/tr>\n<\/tbody>\n<\/table>\n","protected":false},"excerpt":{"rendered":"<p>Sart\u00e9n Robust Plus Aluminio Antiadherente &#8211; 24 cm<\/p>\n","protected":false},"featured_media":9638,"template":"","meta":[],"product_brand":[],"product_cat":[1122,1120],"product_tag":[],"class_list":{"0":"post-9039","1":"product","2":"type-product","3":"status-publish","4":"has-post-thumbnail","6":"product_cat-complementos-cocina","7":"product_cat-utensilios-cocina-hosteleria","9":"first","10":"instock","11":"sale","12":"taxable","13":"shipping-taxable","14":"purchasable","15":"product-type-simple"},"yoast_head":"<!-- This site is optimized with the Yoast SEO plugin v27.5 - https:\/\/yoast.com\/product\/yoast-seo-wordpress\/ -->\n<title>Sart\u00e9n Robust Plus Aluminio Antiadherente - 24 cm - Venta Productos de hosteler\u00eda Barcelona<\/title>\n<meta name=\"robots\" content=\"index, follow, max-snippet:-1, max-image-preview:large, max-video-preview:-1\" \/>\n<link rel=\"canonical\" href=\"https:\/\/suministressantfeliu.com\/comprar\/sarten-robust-plus-alum-antiadherente-24-cm\/\" \/>\n<meta property=\"og:locale\" content=\"es_ES\" \/>\n<meta property=\"og:type\" content=\"article\" \/>\n<meta property=\"og:title\" content=\"Sart\u00e9n Robust Plus Aluminio Antiadherente - 24 cm - Venta Productos de hosteler\u00eda Barcelona\" \/>\n<meta property=\"og:description\" content=\"Sart\u00e9n Robust Plus Aluminio Antiadherente - 24 cm\" \/>\n<meta property=\"og:url\" content=\"https:\/\/suministressantfeliu.com\/comprar\/sarten-robust-plus-alum-antiadherente-24-cm\/\" \/>\n<meta property=\"og:site_name\" content=\"Venta Productos de hosteler\u00eda Barcelona\" \/>\n<meta property=\"article:modified_time\" content=\"2023-06-13T13:33:16+00:00\" \/>\n<meta property=\"og:image\" content=\"https:\/\/suministressantfeliu.com\/comprar\/wp-content\/uploads\/2023\/05\/SARTEN_ROBUST_PLUS.jpg\" \/>\n\t<meta property=\"og:image:width\" content=\"458\" \/>\n\t<meta property=\"og:image:height\" content=\"458\" \/>\n\t<meta property=\"og:image:type\" content=\"image\/jpeg\" \/>\n<meta name=\"twitter:card\" content=\"summary_large_image\" \/>\n<meta name=\"twitter:label1\" content=\"Tiempo de lectura\" \/>\n\t<meta name=\"twitter:data1\" content=\"1 minuto\" \/>\n<script type=\"application\/ld+json\" class=\"yoast-schema-graph\">{\"@context\":\"https:\\\/\\\/schema.org\",\"@graph\":[{\"@type\":\"WebPage\",\"@id\":\"https:\\\/\\\/suministressantfeliu.com\\\/comprar\\\/sarten-robust-plus-alum-antiadherente-24-cm\\\/\",\"url\":\"https:\\\/\\\/suministressantfeliu.com\\\/comprar\\\/sarten-robust-plus-alum-antiadherente-24-cm\\\/\",\"name\":\"Sart\u00e9n Robust Plus Aluminio Antiadherente - 24 cm - Venta Productos de hosteler\u00eda Barcelona\",\"isPartOf\":{\"@id\":\"https:\\\/\\\/suministressantfeliu.com\\\/comprar\\\/#website\"},\"primaryImageOfPage\":{\"@id\":\"https:\\\/\\\/suministressantfeliu.com\\\/comprar\\\/sarten-robust-plus-alum-antiadherente-24-cm\\\/#primaryimage\"},\"image\":{\"@id\":\"https:\\\/\\\/suministressantfeliu.com\\\/comprar\\\/sarten-robust-plus-alum-antiadherente-24-cm\\\/#primaryimage\"},\"thumbnailUrl\":\"https:\\\/\\\/suministressantfeliu.com\\\/comprar\\\/wp-content\\\/uploads\\\/2023\\\/05\\\/SARTEN_ROBUST_PLUS.jpg\",\"datePublished\":\"2023-05-04T21:50:23+00:00\",\"dateModified\":\"2023-06-13T13:33:16+00:00\",\"breadcrumb\":{\"@id\":\"https:\\\/\\\/suministressantfeliu.com\\\/comprar\\\/sarten-robust-plus-alum-antiadherente-24-cm\\\/#breadcrumb\"},\"inLanguage\":\"es\",\"potentialAction\":[{\"@type\":\"ReadAction\",\"target\":[\"https:\\\/\\\/suministressantfeliu.com\\\/comprar\\\/sarten-robust-plus-alum-antiadherente-24-cm\\\/\"]}]},{\"@type\":\"ImageObject\",\"inLanguage\":\"es\",\"@id\":\"https:\\\/\\\/suministressantfeliu.com\\\/comprar\\\/sarten-robust-plus-alum-antiadherente-24-cm\\\/#primaryimage\",\"url\":\"https:\\\/\\\/suministressantfeliu.com\\\/comprar\\\/wp-content\\\/uploads\\\/2023\\\/05\\\/SARTEN_ROBUST_PLUS.jpg\",\"contentUrl\":\"https:\\\/\\\/suministressantfeliu.com\\\/comprar\\\/wp-content\\\/uploads\\\/2023\\\/05\\\/SARTEN_ROBUST_PLUS.jpg\",\"width\":458,\"height\":458},{\"@type\":\"BreadcrumbList\",\"@id\":\"https:\\\/\\\/suministressantfeliu.com\\\/comprar\\\/sarten-robust-plus-alum-antiadherente-24-cm\\\/#breadcrumb\",\"itemListElement\":[{\"@type\":\"ListItem\",\"position\":1,\"name\":\"Portada\",\"item\":\"https:\\\/\\\/suministressantfeliu.com\\\/comprar\\\/\"},{\"@type\":\"ListItem\",\"position\":2,\"name\":\"Tienda\",\"item\":\"https:\\\/\\\/suministressantfeliu.com\\\/comprar\\\/tienda\\\/\"},{\"@type\":\"ListItem\",\"position\":3,\"name\":\"Sart\u00e9n Robust Plus Aluminio Antiadherente &#8211; 24 cm\"}]},{\"@type\":\"WebSite\",\"@id\":\"https:\\\/\\\/suministressantfeliu.com\\\/comprar\\\/#website\",\"url\":\"https:\\\/\\\/suministressantfeliu.com\\\/comprar\\\/\",\"name\":\"Productos hosteler\u00eda\",\"description\":\"Venta de suministros profesionales para hosteler\u00eda\",\"publisher\":{\"@id\":\"https:\\\/\\\/suministressantfeliu.com\\\/comprar\\\/#organization\"},\"potentialAction\":[{\"@type\":\"SearchAction\",\"target\":{\"@type\":\"EntryPoint\",\"urlTemplate\":\"https:\\\/\\\/suministressantfeliu.com\\\/comprar\\\/?s={search_term_string}\"},\"query-input\":{\"@type\":\"PropertyValueSpecification\",\"valueRequired\":true,\"valueName\":\"search_term_string\"}}],\"inLanguage\":\"es\"},{\"@type\":\"Organization\",\"@id\":\"https:\\\/\\\/suministressantfeliu.com\\\/comprar\\\/#organization\",\"name\":\"Suministres Sant Feliu hosteleria\",\"url\":\"https:\\\/\\\/suministressantfeliu.com\\\/comprar\\\/\",\"logo\":{\"@type\":\"ImageObject\",\"inLanguage\":\"es\",\"@id\":\"https:\\\/\\\/suministressantfeliu.com\\\/comprar\\\/#\\\/schema\\\/logo\\\/image\\\/\",\"url\":\"https:\\\/\\\/suministressantfeliu.com\\\/comprar\\\/wp-content\\\/uploads\\\/2021\\\/03\\\/cropped-suministres-sant-feliu-logo.png\",\"contentUrl\":\"https:\\\/\\\/suministressantfeliu.com\\\/comprar\\\/wp-content\\\/uploads\\\/2021\\\/03\\\/cropped-suministres-sant-feliu-logo.png\",\"width\":668,\"height\":668,\"caption\":\"Suministres Sant Feliu hosteleria\"},\"image\":{\"@id\":\"https:\\\/\\\/suministressantfeliu.com\\\/comprar\\\/#\\\/schema\\\/logo\\\/image\\\/\"}}]}<\/script>\n<!-- \/ Yoast SEO plugin. -->","yoast_head_json":{"title":"Sart\u00e9n Robust Plus Aluminio Antiadherente - 24 cm - Venta Productos de hosteler\u00eda Barcelona","robots":{"index":"index","follow":"follow","max-snippet":"max-snippet:-1","max-image-preview":"max-image-preview:large","max-video-preview":"max-video-preview:-1"},"canonical":"https:\/\/suministressantfeliu.com\/comprar\/sarten-robust-plus-alum-antiadherente-24-cm\/","og_locale":"es_ES","og_type":"article","og_title":"Sart\u00e9n Robust Plus Aluminio Antiadherente - 24 cm - Venta Productos de hosteler\u00eda Barcelona","og_description":"Sart\u00e9n Robust Plus Aluminio Antiadherente - 24 cm","og_url":"https:\/\/suministressantfeliu.com\/comprar\/sarten-robust-plus-alum-antiadherente-24-cm\/","og_site_name":"Venta Productos de hosteler\u00eda Barcelona","article_modified_time":"2023-06-13T13:33:16+00:00","og_image":[{"width":458,"height":458,"url":"https:\/\/suministressantfeliu.com\/comprar\/wp-content\/uploads\/2023\/05\/SARTEN_ROBUST_PLUS.jpg","type":"image\/jpeg"}],"twitter_card":"summary_large_image","twitter_misc":{"Tiempo de lectura":"1 minuto"},"schema":{"@context":"https:\/\/schema.org","@graph":[{"@type":"WebPage","@id":"https:\/\/suministressantfeliu.com\/comprar\/sarten-robust-plus-alum-antiadherente-24-cm\/","url":"https:\/\/suministressantfeliu.com\/comprar\/sarten-robust-plus-alum-antiadherente-24-cm\/","name":"Sart\u00e9n Robust Plus Aluminio Antiadherente - 24 cm - Venta Productos de hosteler\u00eda Barcelona","isPartOf":{"@id":"https:\/\/suministressantfeliu.com\/comprar\/#website"},"primaryImageOfPage":{"@id":"https:\/\/suministressantfeliu.com\/comprar\/sarten-robust-plus-alum-antiadherente-24-cm\/#primaryimage"},"image":{"@id":"https:\/\/suministressantfeliu.com\/comprar\/sarten-robust-plus-alum-antiadherente-24-cm\/#primaryimage"},"thumbnailUrl":"https:\/\/suministressantfeliu.com\/comprar\/wp-content\/uploads\/2023\/05\/SARTEN_ROBUST_PLUS.jpg","datePublished":"2023-05-04T21:50:23+00:00","dateModified":"2023-06-13T13:33:16+00:00","breadcrumb":{"@id":"https:\/\/suministressantfeliu.com\/comprar\/sarten-robust-plus-alum-antiadherente-24-cm\/#breadcrumb"},"inLanguage":"es","potentialAction":[{"@type":"ReadAction","target":["https:\/\/suministressantfeliu.com\/comprar\/sarten-robust-plus-alum-antiadherente-24-cm\/"]}]},{"@type":"ImageObject","inLanguage":"es","@id":"https:\/\/suministressantfeliu.com\/comprar\/sarten-robust-plus-alum-antiadherente-24-cm\/#primaryimage","url":"https:\/\/suministressantfeliu.com\/comprar\/wp-content\/uploads\/2023\/05\/SARTEN_ROBUST_PLUS.jpg","contentUrl":"https:\/\/suministressantfeliu.com\/comprar\/wp-content\/uploads\/2023\/05\/SARTEN_ROBUST_PLUS.jpg","width":458,"height":458},{"@type":"BreadcrumbList","@id":"https:\/\/suministressantfeliu.com\/comprar\/sarten-robust-plus-alum-antiadherente-24-cm\/#breadcrumb","itemListElement":[{"@type":"ListItem","position":1,"name":"Portada","item":"https:\/\/suministressantfeliu.com\/comprar\/"},{"@type":"ListItem","position":2,"name":"Tienda","item":"https:\/\/suministressantfeliu.com\/comprar\/tienda\/"},{"@type":"ListItem","position":3,"name":"Sart\u00e9n Robust Plus Aluminio Antiadherente &#8211; 24 cm"}]},{"@type":"WebSite","@id":"https:\/\/suministressantfeliu.com\/comprar\/#website","url":"https:\/\/suministressantfeliu.com\/comprar\/","name":"Productos hosteler\u00eda","description":"Venta de suministros profesionales para hosteler\u00eda","publisher":{"@id":"https:\/\/suministressantfeliu.com\/comprar\/#organization"},"potentialAction":[{"@type":"SearchAction","target":{"@type":"EntryPoint","urlTemplate":"https:\/\/suministressantfeliu.com\/comprar\/?s={search_term_string}"},"query-input":{"@type":"PropertyValueSpecification","valueRequired":true,"valueName":"search_term_string"}}],"inLanguage":"es"},{"@type":"Organization","@id":"https:\/\/suministressantfeliu.com\/comprar\/#organization","name":"Suministres Sant Feliu hosteleria","url":"https:\/\/suministressantfeliu.com\/comprar\/","logo":{"@type":"ImageObject","inLanguage":"es","@id":"https:\/\/suministressantfeliu.com\/comprar\/#\/schema\/logo\/image\/","url":"https:\/\/suministressantfeliu.com\/comprar\/wp-content\/uploads\/2021\/03\/cropped-suministres-sant-feliu-logo.png","contentUrl":"https:\/\/suministressantfeliu.com\/comprar\/wp-content\/uploads\/2021\/03\/cropped-suministres-sant-feliu-logo.png","width":668,"height":668,"caption":"Suministres Sant Feliu hosteleria"},"image":{"@id":"https:\/\/suministressantfeliu.com\/comprar\/#\/schema\/logo\/image\/"}}]}},"_links":{"self":[{"href":"https:\/\/suministressantfeliu.com\/comprar\/wp-json\/wp\/v2\/product\/9039","targetHints":{"allow":["GET"]}}],"collection":[{"href":"https:\/\/suministressantfeliu.com\/comprar\/wp-json\/wp\/v2\/product"}],"about":[{"href":"https:\/\/suministressantfeliu.com\/comprar\/wp-json\/wp\/v2\/types\/product"}],"wp:featuredmedia":[{"embeddable":true,"href":"https:\/\/suministressantfeliu.com\/comprar\/wp-json\/wp\/v2\/media\/9638"}],"wp:attachment":[{"href":"https:\/\/suministressantfeliu.com\/comprar\/wp-json\/wp\/v2\/media?parent=9039"}],"wp:term":[{"taxonomy":"product_brand","embeddable":true,"href":"https:\/\/suministressantfeliu.com\/comprar\/wp-json\/wp\/v2\/product_brand?post=9039"},{"taxonomy":"product_cat","embeddable":true,"href":"https:\/\/suministressantfeliu.com\/comprar\/wp-json\/wp\/v2\/product_cat?post=9039"},{"taxonomy":"product_tag","embeddable":true,"href":"https:\/\/suministressantfeliu.com\/comprar\/wp-json\/wp\/v2\/product_tag?post=9039"}],"curies":[{"name":"wp","href":"https:\/\/api.w.org\/{rel}","templated":true}]}}