{"id":9037,"date":"2023-05-04T21:50:22","date_gmt":"2023-05-04T21:50:22","guid":{"rendered":"https:\/\/suministressantfeliu.com\/comprar\/rollo-manga-pastelera-desechable-55-cm\/"},"modified":"2023-06-13T13:48:16","modified_gmt":"2023-06-13T13:48:16","slug":"rollo-manga-pastelera-desechable-55-cm","status":"publish","type":"product","link":"https:\/\/suministressantfeliu.com\/comprar\/rollo-manga-pastelera-desechable-55-cm\/","title":{"rendered":"Rollo mangas pasteleras desechables 55 cm Lacor"},"content":{"rendered":"<p>Este empaque de mangas desechables es fabricado por Lacor y ayuda a las personas dedicadas a la gastronom\u00eda a lograr excelentes resultados, tanto en reposter\u00eda como en comidas decoradas. Su uso es simple, tal como una manga reutilizable pero sin necesidad de lavar.<\/p>\n<h2>Caracter\u00edsticas<\/h2>\n<ul>\n<li>\n<ul>\n<li><strong>Compatible con todo tipo de boquilla<\/strong><\/li>\n<\/ul>\n<\/li>\n<\/ul>\n<p>\u200bA pesar de ser desechable, este producto es completamente compatible con boquillas de otras marcas y modelos, desechables o no. Tiene un dise\u00f1o est\u00e1ndar que permite utilizarlo con puntas decorativas diversas en forma, empleo o dise\u00f1o.<\/p>\n<ul>\n<li>\n<ul>\n<li><strong>Resiste diversas temperaturas<\/strong><\/li>\n<\/ul>\n<\/li>\n<\/ul>\n<p>\u200bDise\u00f1ado para soportar bajas temperaturas y aquellas no superiores a los 60 \u00b0C, lo que permite su utilizaci\u00f3n en diversas actividades gastron\u00f3micas que requieren un toque diferente en su decoraci\u00f3n.<\/p>\n<ul>\n<li>\n<ul>\n<li><strong>Pr\u00e1ctico y r\u00e1pido de usar<\/strong><\/li>\n<\/ul>\n<\/li>\n<\/ul>\n<p>\u200bNo requiere largos protocolos para su aprovechamiento, solo hace falta retirar del empaque, colocar firmemente la boquilla escogida, rellenar la manga y utilizar. Tras su uso solo hace falta quitar la punta y desechar, lo que hace su empleo muy pr\u00e1ctico y sencillo.<\/p>\n<ul>\n<li>\n<ul>\n<li><strong>Fabricado en pl\u00e1stico transparente<\/strong><\/li>\n<\/ul>\n<\/li>\n<\/ul>\n<p>\u200bPara controlar visualmente el contenido a utilizar, este producto es fabricado en pl\u00e1stico transparente de alta resistencia, lo que permite una mejor y m\u00e1s controlada experiencia.<\/p>\n<ul>\n<li>\n<ul>\n<li><strong>Gran n\u00famero de mangas en un solo empaque<\/strong><\/li>\n<\/ul>\n<\/li>\n<\/ul>\n<p>\u200bEn el empaque vienen contenidas 100 mangas desechables, lo que evita la necesidad de adquirir constantemente el producto, lo cual es otro signo de practicidad.<\/p>\n","protected":false},"excerpt":{"rendered":"<p>Rollo mangas pasteleras desechables 55 cm Lacor<\/p>\n","protected":false},"featured_media":9642,"template":"","meta":[],"product_brand":[],"product_cat":[1122,1120],"product_tag":[],"class_list":{"0":"post-9037","1":"product","2":"type-product","3":"status-publish","4":"has-post-thumbnail","6":"product_cat-complementos-cocina","7":"product_cat-utensilios-cocina-hosteleria","9":"first","10":"instock","11":"sale","12":"taxable","13":"shipping-taxable","14":"purchasable","15":"product-type-simple"},"yoast_head":"<!-- This site is optimized with the Yoast SEO plugin v27.5 - https:\/\/yoast.com\/product\/yoast-seo-wordpress\/ -->\n<title>Rollo mangas pasteleras desechables 55 cm Lacor - Venta Productos de hosteler\u00eda Barcelona<\/title>\n<meta name=\"robots\" content=\"index, follow, max-snippet:-1, max-image-preview:large, max-video-preview:-1\" \/>\n<link rel=\"canonical\" href=\"https:\/\/suministressantfeliu.com\/comprar\/rollo-manga-pastelera-desechable-55-cm\/\" \/>\n<meta property=\"og:locale\" content=\"es_ES\" \/>\n<meta property=\"og:type\" content=\"article\" \/>\n<meta property=\"og:title\" content=\"Rollo mangas pasteleras desechables 55 cm Lacor - Venta Productos de hosteler\u00eda Barcelona\" \/>\n<meta property=\"og:description\" content=\"Rollo mangas pasteleras desechables 55 cm Lacor\" \/>\n<meta property=\"og:url\" content=\"https:\/\/suministressantfeliu.com\/comprar\/rollo-manga-pastelera-desechable-55-cm\/\" \/>\n<meta property=\"og:site_name\" content=\"Venta Productos de hosteler\u00eda Barcelona\" \/>\n<meta property=\"article:modified_time\" content=\"2023-06-13T13:48:16+00:00\" \/>\n<meta property=\"og:image\" content=\"https:\/\/suministressantfeliu.com\/comprar\/wp-content\/uploads\/2023\/05\/0401286-1_CLN-011670_1.jpg\" \/>\n\t<meta property=\"og:image:width\" content=\"900\" \/>\n\t<meta property=\"og:image:height\" content=\"900\" \/>\n\t<meta property=\"og:image:type\" content=\"image\/jpeg\" \/>\n<meta name=\"twitter:card\" content=\"summary_large_image\" \/>\n<meta name=\"twitter:label1\" content=\"Tiempo de lectura\" \/>\n\t<meta name=\"twitter:data1\" content=\"2 minutos\" \/>\n<script type=\"application\/ld+json\" class=\"yoast-schema-graph\">{\"@context\":\"https:\\\/\\\/schema.org\",\"@graph\":[{\"@type\":\"WebPage\",\"@id\":\"https:\\\/\\\/suministressantfeliu.com\\\/comprar\\\/rollo-manga-pastelera-desechable-55-cm\\\/\",\"url\":\"https:\\\/\\\/suministressantfeliu.com\\\/comprar\\\/rollo-manga-pastelera-desechable-55-cm\\\/\",\"name\":\"Rollo mangas pasteleras desechables 55 cm Lacor - Venta Productos de hosteler\u00eda Barcelona\",\"isPartOf\":{\"@id\":\"https:\\\/\\\/suministressantfeliu.com\\\/comprar\\\/#website\"},\"primaryImageOfPage\":{\"@id\":\"https:\\\/\\\/suministressantfeliu.com\\\/comprar\\\/rollo-manga-pastelera-desechable-55-cm\\\/#primaryimage\"},\"image\":{\"@id\":\"https:\\\/\\\/suministressantfeliu.com\\\/comprar\\\/rollo-manga-pastelera-desechable-55-cm\\\/#primaryimage\"},\"thumbnailUrl\":\"https:\\\/\\\/suministressantfeliu.com\\\/comprar\\\/wp-content\\\/uploads\\\/2023\\\/05\\\/0401286-1_CLN-011670_1.jpg\",\"datePublished\":\"2023-05-04T21:50:22+00:00\",\"dateModified\":\"2023-06-13T13:48:16+00:00\",\"breadcrumb\":{\"@id\":\"https:\\\/\\\/suministressantfeliu.com\\\/comprar\\\/rollo-manga-pastelera-desechable-55-cm\\\/#breadcrumb\"},\"inLanguage\":\"es\",\"potentialAction\":[{\"@type\":\"ReadAction\",\"target\":[\"https:\\\/\\\/suministressantfeliu.com\\\/comprar\\\/rollo-manga-pastelera-desechable-55-cm\\\/\"]}]},{\"@type\":\"ImageObject\",\"inLanguage\":\"es\",\"@id\":\"https:\\\/\\\/suministressantfeliu.com\\\/comprar\\\/rollo-manga-pastelera-desechable-55-cm\\\/#primaryimage\",\"url\":\"https:\\\/\\\/suministressantfeliu.com\\\/comprar\\\/wp-content\\\/uploads\\\/2023\\\/05\\\/0401286-1_CLN-011670_1.jpg\",\"contentUrl\":\"https:\\\/\\\/suministressantfeliu.com\\\/comprar\\\/wp-content\\\/uploads\\\/2023\\\/05\\\/0401286-1_CLN-011670_1.jpg\",\"width\":900,\"height\":900},{\"@type\":\"BreadcrumbList\",\"@id\":\"https:\\\/\\\/suministressantfeliu.com\\\/comprar\\\/rollo-manga-pastelera-desechable-55-cm\\\/#breadcrumb\",\"itemListElement\":[{\"@type\":\"ListItem\",\"position\":1,\"name\":\"Portada\",\"item\":\"https:\\\/\\\/suministressantfeliu.com\\\/comprar\\\/\"},{\"@type\":\"ListItem\",\"position\":2,\"name\":\"Tienda\",\"item\":\"https:\\\/\\\/suministressantfeliu.com\\\/comprar\\\/tienda\\\/\"},{\"@type\":\"ListItem\",\"position\":3,\"name\":\"Rollo mangas pasteleras desechables 55 cm Lacor\"}]},{\"@type\":\"WebSite\",\"@id\":\"https:\\\/\\\/suministressantfeliu.com\\\/comprar\\\/#website\",\"url\":\"https:\\\/\\\/suministressantfeliu.com\\\/comprar\\\/\",\"name\":\"Productos hosteler\u00eda\",\"description\":\"Venta de suministros profesionales para hosteler\u00eda\",\"publisher\":{\"@id\":\"https:\\\/\\\/suministressantfeliu.com\\\/comprar\\\/#organization\"},\"potentialAction\":[{\"@type\":\"SearchAction\",\"target\":{\"@type\":\"EntryPoint\",\"urlTemplate\":\"https:\\\/\\\/suministressantfeliu.com\\\/comprar\\\/?s={search_term_string}\"},\"query-input\":{\"@type\":\"PropertyValueSpecification\",\"valueRequired\":true,\"valueName\":\"search_term_string\"}}],\"inLanguage\":\"es\"},{\"@type\":\"Organization\",\"@id\":\"https:\\\/\\\/suministressantfeliu.com\\\/comprar\\\/#organization\",\"name\":\"Suministres Sant Feliu hosteleria\",\"url\":\"https:\\\/\\\/suministressantfeliu.com\\\/comprar\\\/\",\"logo\":{\"@type\":\"ImageObject\",\"inLanguage\":\"es\",\"@id\":\"https:\\\/\\\/suministressantfeliu.com\\\/comprar\\\/#\\\/schema\\\/logo\\\/image\\\/\",\"url\":\"https:\\\/\\\/suministressantfeliu.com\\\/comprar\\\/wp-content\\\/uploads\\\/2021\\\/03\\\/cropped-suministres-sant-feliu-logo.png\",\"contentUrl\":\"https:\\\/\\\/suministressantfeliu.com\\\/comprar\\\/wp-content\\\/uploads\\\/2021\\\/03\\\/cropped-suministres-sant-feliu-logo.png\",\"width\":668,\"height\":668,\"caption\":\"Suministres Sant Feliu hosteleria\"},\"image\":{\"@id\":\"https:\\\/\\\/suministressantfeliu.com\\\/comprar\\\/#\\\/schema\\\/logo\\\/image\\\/\"}}]}<\/script>\n<!-- \/ Yoast SEO plugin. -->","yoast_head_json":{"title":"Rollo mangas pasteleras desechables 55 cm Lacor - Venta Productos de hosteler\u00eda Barcelona","robots":{"index":"index","follow":"follow","max-snippet":"max-snippet:-1","max-image-preview":"max-image-preview:large","max-video-preview":"max-video-preview:-1"},"canonical":"https:\/\/suministressantfeliu.com\/comprar\/rollo-manga-pastelera-desechable-55-cm\/","og_locale":"es_ES","og_type":"article","og_title":"Rollo mangas pasteleras desechables 55 cm Lacor - Venta Productos de hosteler\u00eda Barcelona","og_description":"Rollo mangas pasteleras desechables 55 cm Lacor","og_url":"https:\/\/suministressantfeliu.com\/comprar\/rollo-manga-pastelera-desechable-55-cm\/","og_site_name":"Venta Productos de hosteler\u00eda Barcelona","article_modified_time":"2023-06-13T13:48:16+00:00","og_image":[{"width":900,"height":900,"url":"https:\/\/suministressantfeliu.com\/comprar\/wp-content\/uploads\/2023\/05\/0401286-1_CLN-011670_1.jpg","type":"image\/jpeg"}],"twitter_card":"summary_large_image","twitter_misc":{"Tiempo de lectura":"2 minutos"},"schema":{"@context":"https:\/\/schema.org","@graph":[{"@type":"WebPage","@id":"https:\/\/suministressantfeliu.com\/comprar\/rollo-manga-pastelera-desechable-55-cm\/","url":"https:\/\/suministressantfeliu.com\/comprar\/rollo-manga-pastelera-desechable-55-cm\/","name":"Rollo mangas pasteleras desechables 55 cm Lacor - Venta Productos de hosteler\u00eda Barcelona","isPartOf":{"@id":"https:\/\/suministressantfeliu.com\/comprar\/#website"},"primaryImageOfPage":{"@id":"https:\/\/suministressantfeliu.com\/comprar\/rollo-manga-pastelera-desechable-55-cm\/#primaryimage"},"image":{"@id":"https:\/\/suministressantfeliu.com\/comprar\/rollo-manga-pastelera-desechable-55-cm\/#primaryimage"},"thumbnailUrl":"https:\/\/suministressantfeliu.com\/comprar\/wp-content\/uploads\/2023\/05\/0401286-1_CLN-011670_1.jpg","datePublished":"2023-05-04T21:50:22+00:00","dateModified":"2023-06-13T13:48:16+00:00","breadcrumb":{"@id":"https:\/\/suministressantfeliu.com\/comprar\/rollo-manga-pastelera-desechable-55-cm\/#breadcrumb"},"inLanguage":"es","potentialAction":[{"@type":"ReadAction","target":["https:\/\/suministressantfeliu.com\/comprar\/rollo-manga-pastelera-desechable-55-cm\/"]}]},{"@type":"ImageObject","inLanguage":"es","@id":"https:\/\/suministressantfeliu.com\/comprar\/rollo-manga-pastelera-desechable-55-cm\/#primaryimage","url":"https:\/\/suministressantfeliu.com\/comprar\/wp-content\/uploads\/2023\/05\/0401286-1_CLN-011670_1.jpg","contentUrl":"https:\/\/suministressantfeliu.com\/comprar\/wp-content\/uploads\/2023\/05\/0401286-1_CLN-011670_1.jpg","width":900,"height":900},{"@type":"BreadcrumbList","@id":"https:\/\/suministressantfeliu.com\/comprar\/rollo-manga-pastelera-desechable-55-cm\/#breadcrumb","itemListElement":[{"@type":"ListItem","position":1,"name":"Portada","item":"https:\/\/suministressantfeliu.com\/comprar\/"},{"@type":"ListItem","position":2,"name":"Tienda","item":"https:\/\/suministressantfeliu.com\/comprar\/tienda\/"},{"@type":"ListItem","position":3,"name":"Rollo mangas pasteleras desechables 55 cm Lacor"}]},{"@type":"WebSite","@id":"https:\/\/suministressantfeliu.com\/comprar\/#website","url":"https:\/\/suministressantfeliu.com\/comprar\/","name":"Productos hosteler\u00eda","description":"Venta de suministros profesionales para hosteler\u00eda","publisher":{"@id":"https:\/\/suministressantfeliu.com\/comprar\/#organization"},"potentialAction":[{"@type":"SearchAction","target":{"@type":"EntryPoint","urlTemplate":"https:\/\/suministressantfeliu.com\/comprar\/?s={search_term_string}"},"query-input":{"@type":"PropertyValueSpecification","valueRequired":true,"valueName":"search_term_string"}}],"inLanguage":"es"},{"@type":"Organization","@id":"https:\/\/suministressantfeliu.com\/comprar\/#organization","name":"Suministres Sant Feliu hosteleria","url":"https:\/\/suministressantfeliu.com\/comprar\/","logo":{"@type":"ImageObject","inLanguage":"es","@id":"https:\/\/suministressantfeliu.com\/comprar\/#\/schema\/logo\/image\/","url":"https:\/\/suministressantfeliu.com\/comprar\/wp-content\/uploads\/2021\/03\/cropped-suministres-sant-feliu-logo.png","contentUrl":"https:\/\/suministressantfeliu.com\/comprar\/wp-content\/uploads\/2021\/03\/cropped-suministres-sant-feliu-logo.png","width":668,"height":668,"caption":"Suministres Sant Feliu hosteleria"},"image":{"@id":"https:\/\/suministressantfeliu.com\/comprar\/#\/schema\/logo\/image\/"}}]}},"_links":{"self":[{"href":"https:\/\/suministressantfeliu.com\/comprar\/wp-json\/wp\/v2\/product\/9037","targetHints":{"allow":["GET"]}}],"collection":[{"href":"https:\/\/suministressantfeliu.com\/comprar\/wp-json\/wp\/v2\/product"}],"about":[{"href":"https:\/\/suministressantfeliu.com\/comprar\/wp-json\/wp\/v2\/types\/product"}],"wp:featuredmedia":[{"embeddable":true,"href":"https:\/\/suministressantfeliu.com\/comprar\/wp-json\/wp\/v2\/media\/9642"}],"wp:attachment":[{"href":"https:\/\/suministressantfeliu.com\/comprar\/wp-json\/wp\/v2\/media?parent=9037"}],"wp:term":[{"taxonomy":"product_brand","embeddable":true,"href":"https:\/\/suministressantfeliu.com\/comprar\/wp-json\/wp\/v2\/product_brand?post=9037"},{"taxonomy":"product_cat","embeddable":true,"href":"https:\/\/suministressantfeliu.com\/comprar\/wp-json\/wp\/v2\/product_cat?post=9037"},{"taxonomy":"product_tag","embeddable":true,"href":"https:\/\/suministressantfeliu.com\/comprar\/wp-json\/wp\/v2\/product_tag?post=9037"}],"curies":[{"name":"wp","href":"https:\/\/api.w.org\/{rel}","templated":true}]}}