{"id":9024,"date":"2023-05-04T21:50:17","date_gmt":"2023-05-04T21:50:17","guid":{"rendered":"https:\/\/suministressantfeliu.com\/comprar\/multiusos-desinfectante-jaguar-v407-750-ml\/"},"modified":"2023-06-14T12:30:34","modified_gmt":"2023-06-14T12:30:34","slug":"multiusos-desinfectante-jaguar-v407-750-ml","status":"publish","type":"product","link":"https:\/\/suministressantfeliu.com\/comprar\/multiusos-desinfectante-jaguar-v407-750-ml\/","title":{"rendered":"Multiusos Desinfectante Virucida Jaguar V407 &#8211; 750 ml"},"content":{"rendered":"<p><strong>Desinfectante hidroalcoh\u00f3lico Multiusos modelo V407 Jaguar de la marca Vinfer en formato de spray de 750 ml.\u00a0<\/strong>Antis\u00e9ptico de manos y desinfectante de superficies de uso profesional. Tiene propiedades bactericidads, fungicidas, levuricidas y virucidas. V\u00e1lido para el \u00e1mbito p\u00fablico o privado, en la industria alimentaria, la restauraci\u00f3n y otros lugares que requieran una alta calidad higi\u00e9nica. Apto para todo tipo de superficies, incluyendo textiles, tanto prendas como textiles del mobiliario, etc. No mancha la ropa ni da\u00f1a las superficies, aunque se recomienda aplicar primero en zonas no visibles.<\/p>\n","protected":false},"excerpt":{"rendered":"<p>Multiusos desinfectante Virucida Jaguar V407 &#8211; 750 ml<\/p>\n","protected":false},"featured_media":9656,"template":"","meta":[],"product_brand":[],"product_cat":[1127],"product_tag":[],"class_list":{"0":"post-9024","1":"product","2":"type-product","3":"status-publish","4":"has-post-thumbnail","6":"product_cat-quimicos-desinfectantes-industriales","8":"first","9":"instock","10":"sale","11":"taxable","12":"shipping-taxable","13":"purchasable","14":"product-type-simple"},"yoast_head":"<!-- This site is optimized with the Yoast SEO plugin v27.5 - https:\/\/yoast.com\/product\/yoast-seo-wordpress\/ -->\n<title>Multiusos Desinfectante Virucida Jaguar V407 - 750 ml - Venta Productos de hosteler\u00eda Barcelona<\/title>\n<meta name=\"robots\" content=\"index, follow, max-snippet:-1, max-image-preview:large, max-video-preview:-1\" \/>\n<link rel=\"canonical\" href=\"https:\/\/suministressantfeliu.com\/comprar\/multiusos-desinfectante-jaguar-v407-750-ml\/\" \/>\n<meta property=\"og:locale\" content=\"es_ES\" \/>\n<meta property=\"og:type\" content=\"article\" \/>\n<meta property=\"og:title\" content=\"Multiusos Desinfectante Virucida Jaguar V407 - 750 ml - Venta Productos de hosteler\u00eda Barcelona\" \/>\n<meta property=\"og:description\" content=\"Multiusos desinfectante Virucida Jaguar V407 - 750 ml\" \/>\n<meta property=\"og:url\" content=\"https:\/\/suministressantfeliu.com\/comprar\/multiusos-desinfectante-jaguar-v407-750-ml\/\" \/>\n<meta property=\"og:site_name\" content=\"Venta Productos de hosteler\u00eda Barcelona\" \/>\n<meta property=\"article:modified_time\" content=\"2023-06-14T12:30:34+00:00\" \/>\n<meta property=\"og:image\" content=\"https:\/\/suministressantfeliu.com\/comprar\/wp-content\/uploads\/2023\/05\/vinfer-desinfectante-multisuperficies-jaguar-01.jpg\" \/>\n\t<meta property=\"og:image:width\" content=\"1200\" \/>\n\t<meta property=\"og:image:height\" content=\"1080\" \/>\n\t<meta property=\"og:image:type\" content=\"image\/jpeg\" \/>\n<meta name=\"twitter:card\" content=\"summary_large_image\" \/>\n<meta name=\"twitter:label1\" content=\"Tiempo de lectura\" \/>\n\t<meta name=\"twitter:data1\" content=\"1 minuto\" \/>\n<script type=\"application\/ld+json\" class=\"yoast-schema-graph\">{\"@context\":\"https:\\\/\\\/schema.org\",\"@graph\":[{\"@type\":\"WebPage\",\"@id\":\"https:\\\/\\\/suministressantfeliu.com\\\/comprar\\\/multiusos-desinfectante-jaguar-v407-750-ml\\\/\",\"url\":\"https:\\\/\\\/suministressantfeliu.com\\\/comprar\\\/multiusos-desinfectante-jaguar-v407-750-ml\\\/\",\"name\":\"Multiusos Desinfectante Virucida Jaguar V407 - 750 ml - Venta Productos de hosteler\u00eda Barcelona\",\"isPartOf\":{\"@id\":\"https:\\\/\\\/suministressantfeliu.com\\\/comprar\\\/#website\"},\"primaryImageOfPage\":{\"@id\":\"https:\\\/\\\/suministressantfeliu.com\\\/comprar\\\/multiusos-desinfectante-jaguar-v407-750-ml\\\/#primaryimage\"},\"image\":{\"@id\":\"https:\\\/\\\/suministressantfeliu.com\\\/comprar\\\/multiusos-desinfectante-jaguar-v407-750-ml\\\/#primaryimage\"},\"thumbnailUrl\":\"https:\\\/\\\/suministressantfeliu.com\\\/comprar\\\/wp-content\\\/uploads\\\/2023\\\/05\\\/vinfer-desinfectante-multisuperficies-jaguar-01.jpg\",\"datePublished\":\"2023-05-04T21:50:17+00:00\",\"dateModified\":\"2023-06-14T12:30:34+00:00\",\"breadcrumb\":{\"@id\":\"https:\\\/\\\/suministressantfeliu.com\\\/comprar\\\/multiusos-desinfectante-jaguar-v407-750-ml\\\/#breadcrumb\"},\"inLanguage\":\"es\",\"potentialAction\":[{\"@type\":\"ReadAction\",\"target\":[\"https:\\\/\\\/suministressantfeliu.com\\\/comprar\\\/multiusos-desinfectante-jaguar-v407-750-ml\\\/\"]}]},{\"@type\":\"ImageObject\",\"inLanguage\":\"es\",\"@id\":\"https:\\\/\\\/suministressantfeliu.com\\\/comprar\\\/multiusos-desinfectante-jaguar-v407-750-ml\\\/#primaryimage\",\"url\":\"https:\\\/\\\/suministressantfeliu.com\\\/comprar\\\/wp-content\\\/uploads\\\/2023\\\/05\\\/vinfer-desinfectante-multisuperficies-jaguar-01.jpg\",\"contentUrl\":\"https:\\\/\\\/suministressantfeliu.com\\\/comprar\\\/wp-content\\\/uploads\\\/2023\\\/05\\\/vinfer-desinfectante-multisuperficies-jaguar-01.jpg\",\"width\":1200,\"height\":1080},{\"@type\":\"BreadcrumbList\",\"@id\":\"https:\\\/\\\/suministressantfeliu.com\\\/comprar\\\/multiusos-desinfectante-jaguar-v407-750-ml\\\/#breadcrumb\",\"itemListElement\":[{\"@type\":\"ListItem\",\"position\":1,\"name\":\"Portada\",\"item\":\"https:\\\/\\\/suministressantfeliu.com\\\/comprar\\\/\"},{\"@type\":\"ListItem\",\"position\":2,\"name\":\"Tienda\",\"item\":\"https:\\\/\\\/suministressantfeliu.com\\\/comprar\\\/tienda\\\/\"},{\"@type\":\"ListItem\",\"position\":3,\"name\":\"Multiusos Desinfectante Virucida Jaguar V407 &#8211; 750 ml\"}]},{\"@type\":\"WebSite\",\"@id\":\"https:\\\/\\\/suministressantfeliu.com\\\/comprar\\\/#website\",\"url\":\"https:\\\/\\\/suministressantfeliu.com\\\/comprar\\\/\",\"name\":\"Productos hosteler\u00eda\",\"description\":\"Venta de suministros profesionales para hosteler\u00eda\",\"publisher\":{\"@id\":\"https:\\\/\\\/suministressantfeliu.com\\\/comprar\\\/#organization\"},\"potentialAction\":[{\"@type\":\"SearchAction\",\"target\":{\"@type\":\"EntryPoint\",\"urlTemplate\":\"https:\\\/\\\/suministressantfeliu.com\\\/comprar\\\/?s={search_term_string}\"},\"query-input\":{\"@type\":\"PropertyValueSpecification\",\"valueRequired\":true,\"valueName\":\"search_term_string\"}}],\"inLanguage\":\"es\"},{\"@type\":\"Organization\",\"@id\":\"https:\\\/\\\/suministressantfeliu.com\\\/comprar\\\/#organization\",\"name\":\"Suministres Sant Feliu hosteleria\",\"url\":\"https:\\\/\\\/suministressantfeliu.com\\\/comprar\\\/\",\"logo\":{\"@type\":\"ImageObject\",\"inLanguage\":\"es\",\"@id\":\"https:\\\/\\\/suministressantfeliu.com\\\/comprar\\\/#\\\/schema\\\/logo\\\/image\\\/\",\"url\":\"https:\\\/\\\/suministressantfeliu.com\\\/comprar\\\/wp-content\\\/uploads\\\/2021\\\/03\\\/cropped-suministres-sant-feliu-logo.png\",\"contentUrl\":\"https:\\\/\\\/suministressantfeliu.com\\\/comprar\\\/wp-content\\\/uploads\\\/2021\\\/03\\\/cropped-suministres-sant-feliu-logo.png\",\"width\":668,\"height\":668,\"caption\":\"Suministres Sant Feliu hosteleria\"},\"image\":{\"@id\":\"https:\\\/\\\/suministressantfeliu.com\\\/comprar\\\/#\\\/schema\\\/logo\\\/image\\\/\"}}]}<\/script>\n<!-- \/ Yoast SEO plugin. -->","yoast_head_json":{"title":"Multiusos Desinfectante Virucida Jaguar V407 - 750 ml - Venta Productos de hosteler\u00eda Barcelona","robots":{"index":"index","follow":"follow","max-snippet":"max-snippet:-1","max-image-preview":"max-image-preview:large","max-video-preview":"max-video-preview:-1"},"canonical":"https:\/\/suministressantfeliu.com\/comprar\/multiusos-desinfectante-jaguar-v407-750-ml\/","og_locale":"es_ES","og_type":"article","og_title":"Multiusos Desinfectante Virucida Jaguar V407 - 750 ml - Venta Productos de hosteler\u00eda Barcelona","og_description":"Multiusos desinfectante Virucida Jaguar V407 - 750 ml","og_url":"https:\/\/suministressantfeliu.com\/comprar\/multiusos-desinfectante-jaguar-v407-750-ml\/","og_site_name":"Venta Productos de hosteler\u00eda Barcelona","article_modified_time":"2023-06-14T12:30:34+00:00","og_image":[{"width":1200,"height":1080,"url":"https:\/\/suministressantfeliu.com\/comprar\/wp-content\/uploads\/2023\/05\/vinfer-desinfectante-multisuperficies-jaguar-01.jpg","type":"image\/jpeg"}],"twitter_card":"summary_large_image","twitter_misc":{"Tiempo de lectura":"1 minuto"},"schema":{"@context":"https:\/\/schema.org","@graph":[{"@type":"WebPage","@id":"https:\/\/suministressantfeliu.com\/comprar\/multiusos-desinfectante-jaguar-v407-750-ml\/","url":"https:\/\/suministressantfeliu.com\/comprar\/multiusos-desinfectante-jaguar-v407-750-ml\/","name":"Multiusos Desinfectante Virucida Jaguar V407 - 750 ml - Venta Productos de hosteler\u00eda Barcelona","isPartOf":{"@id":"https:\/\/suministressantfeliu.com\/comprar\/#website"},"primaryImageOfPage":{"@id":"https:\/\/suministressantfeliu.com\/comprar\/multiusos-desinfectante-jaguar-v407-750-ml\/#primaryimage"},"image":{"@id":"https:\/\/suministressantfeliu.com\/comprar\/multiusos-desinfectante-jaguar-v407-750-ml\/#primaryimage"},"thumbnailUrl":"https:\/\/suministressantfeliu.com\/comprar\/wp-content\/uploads\/2023\/05\/vinfer-desinfectante-multisuperficies-jaguar-01.jpg","datePublished":"2023-05-04T21:50:17+00:00","dateModified":"2023-06-14T12:30:34+00:00","breadcrumb":{"@id":"https:\/\/suministressantfeliu.com\/comprar\/multiusos-desinfectante-jaguar-v407-750-ml\/#breadcrumb"},"inLanguage":"es","potentialAction":[{"@type":"ReadAction","target":["https:\/\/suministressantfeliu.com\/comprar\/multiusos-desinfectante-jaguar-v407-750-ml\/"]}]},{"@type":"ImageObject","inLanguage":"es","@id":"https:\/\/suministressantfeliu.com\/comprar\/multiusos-desinfectante-jaguar-v407-750-ml\/#primaryimage","url":"https:\/\/suministressantfeliu.com\/comprar\/wp-content\/uploads\/2023\/05\/vinfer-desinfectante-multisuperficies-jaguar-01.jpg","contentUrl":"https:\/\/suministressantfeliu.com\/comprar\/wp-content\/uploads\/2023\/05\/vinfer-desinfectante-multisuperficies-jaguar-01.jpg","width":1200,"height":1080},{"@type":"BreadcrumbList","@id":"https:\/\/suministressantfeliu.com\/comprar\/multiusos-desinfectante-jaguar-v407-750-ml\/#breadcrumb","itemListElement":[{"@type":"ListItem","position":1,"name":"Portada","item":"https:\/\/suministressantfeliu.com\/comprar\/"},{"@type":"ListItem","position":2,"name":"Tienda","item":"https:\/\/suministressantfeliu.com\/comprar\/tienda\/"},{"@type":"ListItem","position":3,"name":"Multiusos Desinfectante Virucida Jaguar V407 &#8211; 750 ml"}]},{"@type":"WebSite","@id":"https:\/\/suministressantfeliu.com\/comprar\/#website","url":"https:\/\/suministressantfeliu.com\/comprar\/","name":"Productos hosteler\u00eda","description":"Venta de suministros profesionales para hosteler\u00eda","publisher":{"@id":"https:\/\/suministressantfeliu.com\/comprar\/#organization"},"potentialAction":[{"@type":"SearchAction","target":{"@type":"EntryPoint","urlTemplate":"https:\/\/suministressantfeliu.com\/comprar\/?s={search_term_string}"},"query-input":{"@type":"PropertyValueSpecification","valueRequired":true,"valueName":"search_term_string"}}],"inLanguage":"es"},{"@type":"Organization","@id":"https:\/\/suministressantfeliu.com\/comprar\/#organization","name":"Suministres Sant Feliu hosteleria","url":"https:\/\/suministressantfeliu.com\/comprar\/","logo":{"@type":"ImageObject","inLanguage":"es","@id":"https:\/\/suministressantfeliu.com\/comprar\/#\/schema\/logo\/image\/","url":"https:\/\/suministressantfeliu.com\/comprar\/wp-content\/uploads\/2021\/03\/cropped-suministres-sant-feliu-logo.png","contentUrl":"https:\/\/suministressantfeliu.com\/comprar\/wp-content\/uploads\/2021\/03\/cropped-suministres-sant-feliu-logo.png","width":668,"height":668,"caption":"Suministres Sant Feliu hosteleria"},"image":{"@id":"https:\/\/suministressantfeliu.com\/comprar\/#\/schema\/logo\/image\/"}}]}},"_links":{"self":[{"href":"https:\/\/suministressantfeliu.com\/comprar\/wp-json\/wp\/v2\/product\/9024","targetHints":{"allow":["GET"]}}],"collection":[{"href":"https:\/\/suministressantfeliu.com\/comprar\/wp-json\/wp\/v2\/product"}],"about":[{"href":"https:\/\/suministressantfeliu.com\/comprar\/wp-json\/wp\/v2\/types\/product"}],"wp:featuredmedia":[{"embeddable":true,"href":"https:\/\/suministressantfeliu.com\/comprar\/wp-json\/wp\/v2\/media\/9656"}],"wp:attachment":[{"href":"https:\/\/suministressantfeliu.com\/comprar\/wp-json\/wp\/v2\/media?parent=9024"}],"wp:term":[{"taxonomy":"product_brand","embeddable":true,"href":"https:\/\/suministressantfeliu.com\/comprar\/wp-json\/wp\/v2\/product_brand?post=9024"},{"taxonomy":"product_cat","embeddable":true,"href":"https:\/\/suministressantfeliu.com\/comprar\/wp-json\/wp\/v2\/product_cat?post=9024"},{"taxonomy":"product_tag","embeddable":true,"href":"https:\/\/suministressantfeliu.com\/comprar\/wp-json\/wp\/v2\/product_tag?post=9024"}],"curies":[{"name":"wp","href":"https:\/\/api.w.org\/{rel}","templated":true}]}}