{"id":8952,"date":"2023-05-04T21:49:50","date_gmt":"2023-05-04T21:49:50","guid":{"rendered":"https:\/\/suministressantfeliu.com\/comprar\/cazo-recto-inox-12-cm\/"},"modified":"2023-10-13T07:21:26","modified_gmt":"2023-10-13T07:21:26","slug":"cazo-recto-alto-chef-luxe-de-lacor-varias-medidas","status":"publish","type":"product","link":"https:\/\/suministressantfeliu.com\/comprar\/cazo-recto-alto-chef-luxe-de-lacor-varias-medidas\/","title":{"rendered":"Cazo Recto Alto CHEF-LUXE de Lacor Varias Medidas"},"content":{"rendered":"<p>El dise\u00f1o de la bater\u00eda de cocina Chef-Luxe de Lacor est\u00e1 pensado para uso profesional, pero por sus prestaciones dar\u00e1 un magn\u00edfico resultado en el hogar:<\/p>\n<ul>\n<li>El cuerpo de las piezas es de acero inoxidable 18\/10 (18% de cromo y 10% de n\u00edquel, aleaci\u00f3n que ofrece un alto nivel de calidad y resistencia superior al acero convencional). Ofrece una excelente resistencia a la corrosi\u00f3n y a los \u00c1cidos alimentarios y sales. Su borde extra-grueso reforzado endurece el art\u00edculo y permite un vertido perfecto. El acabado interior y exterior es satinado, con reborde terminado en pulido espejo.<\/li>\n<li>Los mangos y asas est\u00e1n soldados de tubo inoxidable 18\/10 herm\u00e9tico, anti calentamiento y ergon\u00f3mico.<\/li>\n<li>Cuenta con un fondo termo difusor s\u00e1ndwich (una capa de aluminio entre 2 capas de acero) y capsulado: absorci\u00f3n total de las calor\u00edas.<\/li>\n<li>Producto v\u00e1lido para cocinas de gas, el\u00e9ctrica, vitrocer\u00e1mica y de inducci\u00f3n.<\/li>\n<li>F\u00e1cil limpieza: el \u00c1ngulo del fondo permite una limpieza sencilla, y accesibilidad alrededor de las asas.<\/li>\n<li>Certificaci\u00f3n alimentaria europea: RGS 3901841SS<\/li>\n<\/ul>\n<p>El\u00a0<strong>cazo recto alto Chef-Luxe<\/strong>\u00a0de Lacor\u00a0se fabrica en 5 capacidades; podr\u00e1 seleccionar la que desee en el desplegable al lado de la fot\u00f3grafa. Para ayudarle en su elecci\u00f3n le ofrecemos las medidas correspondientes:<\/p>\n<table border=\"1\" cellspacing=\"0\" cellpadding=\"0\">\n<tbody>\n<tr>\n<td width=\"60\">Di\u00e1metro\u00a0 (cms)<\/td>\n<td width=\"60\">Altura\u00a0 (cms)<\/td>\n<td width=\"60\">Litros<\/td>\n<\/tr>\n<tr>\n<td width=\"60\">16<\/td>\n<td width=\"60\">11<\/td>\n<td width=\"60\">2.2<\/td>\n<\/tr>\n<tr>\n<td width=\"60\">18<\/td>\n<td width=\"60\">12<\/td>\n<td width=\"60\">3<\/td>\n<\/tr>\n<tr>\n<td width=\"60\">20<\/td>\n<td width=\"60\">13<\/td>\n<td width=\"60\">4<\/td>\n<\/tr>\n<tr>\n<td width=\"60\">24<\/td>\n<td width=\"60\">14<\/td>\n<td width=\"60\">6.7<\/td>\n<\/tr>\n<tr>\n<td width=\"60\">28<\/td>\n<td width=\"60\">17.5<\/td>\n<td width=\"60\">10.7<\/td>\n<\/tr>\n<\/tbody>\n<\/table>\n","protected":false},"excerpt":{"rendered":"<p>Cazo Recto Alto CHEF-LUXE de Lacor Varias Medidas<\/p>\n","protected":false},"featured_media":2066,"template":"","meta":[],"product_brand":[],"product_cat":[1120],"product_tag":[],"class_list":{"0":"post-8952","1":"product","2":"type-product","3":"status-publish","4":"has-post-thumbnail","6":"product_cat-utensilios-cocina-hosteleria","8":"first","9":"instock","10":"sale","11":"taxable","12":"shipping-taxable","13":"purchasable","14":"product-type-variable"},"yoast_head":"<!-- This site is optimized with the Yoast SEO plugin v27.5 - https:\/\/yoast.com\/product\/yoast-seo-wordpress\/ -->\n<title>Cazo Recto Alto CHEF-LUXE de Lacor Varias Medidas - Venta Productos de hosteler\u00eda Barcelona<\/title>\n<meta name=\"robots\" content=\"index, follow, max-snippet:-1, max-image-preview:large, max-video-preview:-1\" \/>\n<link rel=\"canonical\" href=\"https:\/\/suministressantfeliu.com\/comprar\/cazo-recto-alto-chef-luxe-de-lacor-varias-medidas\/\" \/>\n<meta property=\"og:locale\" content=\"es_ES\" \/>\n<meta property=\"og:type\" content=\"article\" \/>\n<meta property=\"og:title\" content=\"Cazo Recto Alto CHEF-LUXE de Lacor Varias Medidas - Venta Productos de hosteler\u00eda Barcelona\" \/>\n<meta property=\"og:description\" content=\"Cazo Recto Alto CHEF-LUXE de Lacor Varias Medidas\" \/>\n<meta property=\"og:url\" content=\"https:\/\/suministressantfeliu.com\/comprar\/cazo-recto-alto-chef-luxe-de-lacor-varias-medidas\/\" \/>\n<meta property=\"og:site_name\" content=\"Venta Productos de hosteler\u00eda Barcelona\" \/>\n<meta property=\"article:modified_time\" content=\"2023-10-13T07:21:26+00:00\" \/>\n<meta property=\"og:image\" content=\"https:\/\/suministressantfeliu.com\/comprar\/wp-content\/uploads\/2021\/03\/CAZO-RECTO.jpg\" \/>\n\t<meta property=\"og:image:width\" content=\"425\" \/>\n\t<meta property=\"og:image:height\" content=\"343\" \/>\n\t<meta property=\"og:image:type\" content=\"image\/jpeg\" \/>\n<meta name=\"twitter:card\" content=\"summary_large_image\" \/>\n<meta name=\"twitter:label1\" content=\"Tiempo de lectura\" \/>\n\t<meta name=\"twitter:data1\" content=\"1 minuto\" \/>\n<script type=\"application\/ld+json\" class=\"yoast-schema-graph\">{\"@context\":\"https:\\\/\\\/schema.org\",\"@graph\":[{\"@type\":\"WebPage\",\"@id\":\"https:\\\/\\\/suministressantfeliu.com\\\/comprar\\\/cazo-recto-alto-chef-luxe-de-lacor-varias-medidas\\\/\",\"url\":\"https:\\\/\\\/suministressantfeliu.com\\\/comprar\\\/cazo-recto-alto-chef-luxe-de-lacor-varias-medidas\\\/\",\"name\":\"Cazo Recto Alto CHEF-LUXE de Lacor Varias Medidas - Venta Productos de hosteler\u00eda Barcelona\",\"isPartOf\":{\"@id\":\"https:\\\/\\\/suministressantfeliu.com\\\/comprar\\\/#website\"},\"primaryImageOfPage\":{\"@id\":\"https:\\\/\\\/suministressantfeliu.com\\\/comprar\\\/cazo-recto-alto-chef-luxe-de-lacor-varias-medidas\\\/#primaryimage\"},\"image\":{\"@id\":\"https:\\\/\\\/suministressantfeliu.com\\\/comprar\\\/cazo-recto-alto-chef-luxe-de-lacor-varias-medidas\\\/#primaryimage\"},\"thumbnailUrl\":\"https:\\\/\\\/suministressantfeliu.com\\\/comprar\\\/wp-content\\\/uploads\\\/2021\\\/03\\\/CAZO-RECTO.jpg\",\"datePublished\":\"2023-05-04T21:49:50+00:00\",\"dateModified\":\"2023-10-13T07:21:26+00:00\",\"breadcrumb\":{\"@id\":\"https:\\\/\\\/suministressantfeliu.com\\\/comprar\\\/cazo-recto-alto-chef-luxe-de-lacor-varias-medidas\\\/#breadcrumb\"},\"inLanguage\":\"es\",\"potentialAction\":[{\"@type\":\"ReadAction\",\"target\":[\"https:\\\/\\\/suministressantfeliu.com\\\/comprar\\\/cazo-recto-alto-chef-luxe-de-lacor-varias-medidas\\\/\"]}]},{\"@type\":\"ImageObject\",\"inLanguage\":\"es\",\"@id\":\"https:\\\/\\\/suministressantfeliu.com\\\/comprar\\\/cazo-recto-alto-chef-luxe-de-lacor-varias-medidas\\\/#primaryimage\",\"url\":\"https:\\\/\\\/suministressantfeliu.com\\\/comprar\\\/wp-content\\\/uploads\\\/2021\\\/03\\\/CAZO-RECTO.jpg\",\"contentUrl\":\"https:\\\/\\\/suministressantfeliu.com\\\/comprar\\\/wp-content\\\/uploads\\\/2021\\\/03\\\/CAZO-RECTO.jpg\",\"width\":425,\"height\":343,\"caption\":\"cazo recto\"},{\"@type\":\"BreadcrumbList\",\"@id\":\"https:\\\/\\\/suministressantfeliu.com\\\/comprar\\\/cazo-recto-alto-chef-luxe-de-lacor-varias-medidas\\\/#breadcrumb\",\"itemListElement\":[{\"@type\":\"ListItem\",\"position\":1,\"name\":\"Portada\",\"item\":\"https:\\\/\\\/suministressantfeliu.com\\\/comprar\\\/\"},{\"@type\":\"ListItem\",\"position\":2,\"name\":\"Tienda\",\"item\":\"https:\\\/\\\/suministressantfeliu.com\\\/comprar\\\/tienda\\\/\"},{\"@type\":\"ListItem\",\"position\":3,\"name\":\"Cazo Recto Alto CHEF-LUXE de Lacor Varias Medidas\"}]},{\"@type\":\"WebSite\",\"@id\":\"https:\\\/\\\/suministressantfeliu.com\\\/comprar\\\/#website\",\"url\":\"https:\\\/\\\/suministressantfeliu.com\\\/comprar\\\/\",\"name\":\"Productos hosteler\u00eda\",\"description\":\"Venta de suministros profesionales para hosteler\u00eda\",\"publisher\":{\"@id\":\"https:\\\/\\\/suministressantfeliu.com\\\/comprar\\\/#organization\"},\"potentialAction\":[{\"@type\":\"SearchAction\",\"target\":{\"@type\":\"EntryPoint\",\"urlTemplate\":\"https:\\\/\\\/suministressantfeliu.com\\\/comprar\\\/?s={search_term_string}\"},\"query-input\":{\"@type\":\"PropertyValueSpecification\",\"valueRequired\":true,\"valueName\":\"search_term_string\"}}],\"inLanguage\":\"es\"},{\"@type\":\"Organization\",\"@id\":\"https:\\\/\\\/suministressantfeliu.com\\\/comprar\\\/#organization\",\"name\":\"Suministres Sant Feliu hosteleria\",\"url\":\"https:\\\/\\\/suministressantfeliu.com\\\/comprar\\\/\",\"logo\":{\"@type\":\"ImageObject\",\"inLanguage\":\"es\",\"@id\":\"https:\\\/\\\/suministressantfeliu.com\\\/comprar\\\/#\\\/schema\\\/logo\\\/image\\\/\",\"url\":\"https:\\\/\\\/suministressantfeliu.com\\\/comprar\\\/wp-content\\\/uploads\\\/2021\\\/03\\\/cropped-suministres-sant-feliu-logo.png\",\"contentUrl\":\"https:\\\/\\\/suministressantfeliu.com\\\/comprar\\\/wp-content\\\/uploads\\\/2021\\\/03\\\/cropped-suministres-sant-feliu-logo.png\",\"width\":668,\"height\":668,\"caption\":\"Suministres Sant Feliu hosteleria\"},\"image\":{\"@id\":\"https:\\\/\\\/suministressantfeliu.com\\\/comprar\\\/#\\\/schema\\\/logo\\\/image\\\/\"}}]}<\/script>\n<!-- \/ Yoast SEO plugin. -->","yoast_head_json":{"title":"Cazo Recto Alto CHEF-LUXE de Lacor Varias Medidas - Venta Productos de hosteler\u00eda Barcelona","robots":{"index":"index","follow":"follow","max-snippet":"max-snippet:-1","max-image-preview":"max-image-preview:large","max-video-preview":"max-video-preview:-1"},"canonical":"https:\/\/suministressantfeliu.com\/comprar\/cazo-recto-alto-chef-luxe-de-lacor-varias-medidas\/","og_locale":"es_ES","og_type":"article","og_title":"Cazo Recto Alto CHEF-LUXE de Lacor Varias Medidas - Venta Productos de hosteler\u00eda Barcelona","og_description":"Cazo Recto Alto CHEF-LUXE de Lacor Varias Medidas","og_url":"https:\/\/suministressantfeliu.com\/comprar\/cazo-recto-alto-chef-luxe-de-lacor-varias-medidas\/","og_site_name":"Venta Productos de hosteler\u00eda Barcelona","article_modified_time":"2023-10-13T07:21:26+00:00","og_image":[{"width":425,"height":343,"url":"https:\/\/suministressantfeliu.com\/comprar\/wp-content\/uploads\/2021\/03\/CAZO-RECTO.jpg","type":"image\/jpeg"}],"twitter_card":"summary_large_image","twitter_misc":{"Tiempo de lectura":"1 minuto"},"schema":{"@context":"https:\/\/schema.org","@graph":[{"@type":"WebPage","@id":"https:\/\/suministressantfeliu.com\/comprar\/cazo-recto-alto-chef-luxe-de-lacor-varias-medidas\/","url":"https:\/\/suministressantfeliu.com\/comprar\/cazo-recto-alto-chef-luxe-de-lacor-varias-medidas\/","name":"Cazo Recto Alto CHEF-LUXE de Lacor Varias Medidas - Venta Productos de hosteler\u00eda Barcelona","isPartOf":{"@id":"https:\/\/suministressantfeliu.com\/comprar\/#website"},"primaryImageOfPage":{"@id":"https:\/\/suministressantfeliu.com\/comprar\/cazo-recto-alto-chef-luxe-de-lacor-varias-medidas\/#primaryimage"},"image":{"@id":"https:\/\/suministressantfeliu.com\/comprar\/cazo-recto-alto-chef-luxe-de-lacor-varias-medidas\/#primaryimage"},"thumbnailUrl":"https:\/\/suministressantfeliu.com\/comprar\/wp-content\/uploads\/2021\/03\/CAZO-RECTO.jpg","datePublished":"2023-05-04T21:49:50+00:00","dateModified":"2023-10-13T07:21:26+00:00","breadcrumb":{"@id":"https:\/\/suministressantfeliu.com\/comprar\/cazo-recto-alto-chef-luxe-de-lacor-varias-medidas\/#breadcrumb"},"inLanguage":"es","potentialAction":[{"@type":"ReadAction","target":["https:\/\/suministressantfeliu.com\/comprar\/cazo-recto-alto-chef-luxe-de-lacor-varias-medidas\/"]}]},{"@type":"ImageObject","inLanguage":"es","@id":"https:\/\/suministressantfeliu.com\/comprar\/cazo-recto-alto-chef-luxe-de-lacor-varias-medidas\/#primaryimage","url":"https:\/\/suministressantfeliu.com\/comprar\/wp-content\/uploads\/2021\/03\/CAZO-RECTO.jpg","contentUrl":"https:\/\/suministressantfeliu.com\/comprar\/wp-content\/uploads\/2021\/03\/CAZO-RECTO.jpg","width":425,"height":343,"caption":"cazo recto"},{"@type":"BreadcrumbList","@id":"https:\/\/suministressantfeliu.com\/comprar\/cazo-recto-alto-chef-luxe-de-lacor-varias-medidas\/#breadcrumb","itemListElement":[{"@type":"ListItem","position":1,"name":"Portada","item":"https:\/\/suministressantfeliu.com\/comprar\/"},{"@type":"ListItem","position":2,"name":"Tienda","item":"https:\/\/suministressantfeliu.com\/comprar\/tienda\/"},{"@type":"ListItem","position":3,"name":"Cazo Recto Alto CHEF-LUXE de Lacor Varias Medidas"}]},{"@type":"WebSite","@id":"https:\/\/suministressantfeliu.com\/comprar\/#website","url":"https:\/\/suministressantfeliu.com\/comprar\/","name":"Productos hosteler\u00eda","description":"Venta de suministros profesionales para hosteler\u00eda","publisher":{"@id":"https:\/\/suministressantfeliu.com\/comprar\/#organization"},"potentialAction":[{"@type":"SearchAction","target":{"@type":"EntryPoint","urlTemplate":"https:\/\/suministressantfeliu.com\/comprar\/?s={search_term_string}"},"query-input":{"@type":"PropertyValueSpecification","valueRequired":true,"valueName":"search_term_string"}}],"inLanguage":"es"},{"@type":"Organization","@id":"https:\/\/suministressantfeliu.com\/comprar\/#organization","name":"Suministres Sant Feliu hosteleria","url":"https:\/\/suministressantfeliu.com\/comprar\/","logo":{"@type":"ImageObject","inLanguage":"es","@id":"https:\/\/suministressantfeliu.com\/comprar\/#\/schema\/logo\/image\/","url":"https:\/\/suministressantfeliu.com\/comprar\/wp-content\/uploads\/2021\/03\/cropped-suministres-sant-feliu-logo.png","contentUrl":"https:\/\/suministressantfeliu.com\/comprar\/wp-content\/uploads\/2021\/03\/cropped-suministres-sant-feliu-logo.png","width":668,"height":668,"caption":"Suministres Sant Feliu hosteleria"},"image":{"@id":"https:\/\/suministressantfeliu.com\/comprar\/#\/schema\/logo\/image\/"}}]}},"_links":{"self":[{"href":"https:\/\/suministressantfeliu.com\/comprar\/wp-json\/wp\/v2\/product\/8952","targetHints":{"allow":["GET"]}}],"collection":[{"href":"https:\/\/suministressantfeliu.com\/comprar\/wp-json\/wp\/v2\/product"}],"about":[{"href":"https:\/\/suministressantfeliu.com\/comprar\/wp-json\/wp\/v2\/types\/product"}],"wp:featuredmedia":[{"embeddable":true,"href":"https:\/\/suministressantfeliu.com\/comprar\/wp-json\/wp\/v2\/media\/2066"}],"wp:attachment":[{"href":"https:\/\/suministressantfeliu.com\/comprar\/wp-json\/wp\/v2\/media?parent=8952"}],"wp:term":[{"taxonomy":"product_brand","embeddable":true,"href":"https:\/\/suministressantfeliu.com\/comprar\/wp-json\/wp\/v2\/product_brand?post=8952"},{"taxonomy":"product_cat","embeddable":true,"href":"https:\/\/suministressantfeliu.com\/comprar\/wp-json\/wp\/v2\/product_cat?post=8952"},{"taxonomy":"product_tag","embeddable":true,"href":"https:\/\/suministressantfeliu.com\/comprar\/wp-json\/wp\/v2\/product_tag?post=8952"}],"curies":[{"name":"wp","href":"https:\/\/api.w.org\/{rel}","templated":true}]}}