{"id":8951,"date":"2023-05-04T21:49:50","date_gmt":"2023-05-04T21:49:50","guid":{"rendered":"https:\/\/suministressantfeliu.com\/comprar\/vasos-refresco-arcoroc-economicos-sidra-pinta-y-chiquito-caja-de-6-vasos-por-referencia\/"},"modified":"2023-10-13T07:05:32","modified_gmt":"2023-10-13T07:05:32","slug":"vasos-refresco-arcoroc-economicos-sidra-pinta-y-chiquito-caja-de-6-vasos-por-referencia","status":"publish","type":"product","link":"https:\/\/suministressantfeliu.com\/comprar\/vasos-refresco-arcoroc-economicos-sidra-pinta-y-chiquito-caja-de-6-vasos-por-referencia\/","title":{"rendered":"Vasos Refresco Arcoroc Econ\u00f3micos Sidra, Pinta y Chiquito caja de 6 vasos por referencia"},"content":{"rendered":"<p>Marca:ARCOROCModelo:SIDRAMaterial:VidrioSodoTemplado Corte CalienteDimensi\u00f3n:50, 36 y 23 clN\u00famero de piezas:6Forma:AltoColor:TransparenteAcabado:BrilloCaracter\u00edsticas T\u00e9cnicas:ReciclableEcol\u00f3gico100% higi\u00e9nicoExtra resistenteNo porosoVidrio templado extra resistenteExtra fuerteMaterial 100% saludableLarga duraci\u00f3n<\/p>\n","protected":false},"excerpt":{"rendered":"<p>Vasos Refresco Arcoroc Econ\u00f3micos Sidra, Pinta y Chiquito caja de 6 vasos por referencia. Instrucciones de uso:. Apto Microondas. Apto Frigor\u00edfico. Resistente Al Choque T\u00e9rmico. Consejos de limpieza:. Apto lavavajillas<\/p>\n","protected":false},"featured_media":3691,"template":"","meta":[],"product_brand":[],"product_cat":[1121,1125,1120],"product_tag":[],"class_list":{"0":"post-8951","1":"product","2":"type-product","3":"status-publish","4":"has-post-thumbnail","6":"product_cat-cocina","7":"product_cat-menaje-mesa","8":"product_cat-utensilios-cocina-hosteleria","10":"first","11":"instock","12":"taxable","13":"shipping-taxable","14":"product-type-simple"},"yoast_head":"<!-- This site is optimized with the Yoast SEO plugin v27.5 - https:\/\/yoast.com\/product\/yoast-seo-wordpress\/ -->\n<title>Vasos Refresco Arcoroc Econ\u00f3micos Sidra, Pinta y Chiquito caja de 6 vasos por referencia - Venta Productos de hosteler\u00eda Barcelona<\/title>\n<meta name=\"robots\" content=\"index, follow, max-snippet:-1, max-image-preview:large, max-video-preview:-1\" \/>\n<link rel=\"canonical\" href=\"https:\/\/suministressantfeliu.com\/comprar\/vasos-refresco-arcoroc-economicos-sidra-pinta-y-chiquito-caja-de-6-vasos-por-referencia\/\" \/>\n<meta property=\"og:locale\" content=\"es_ES\" \/>\n<meta property=\"og:type\" content=\"article\" \/>\n<meta property=\"og:title\" content=\"Vasos Refresco Arcoroc Econ\u00f3micos Sidra, Pinta y Chiquito caja de 6 vasos por referencia - Venta Productos de hosteler\u00eda Barcelona\" \/>\n<meta property=\"og:description\" content=\"Vasos Refresco Arcoroc Econ\u00f3micos Sidra, Pinta y Chiquito caja de 6 vasos por referencia. Instrucciones de uso:. Apto Microondas. Apto Frigor\u00edfico. Resistente Al Choque T\u00e9rmico. Consejos de limpieza:. Apto lavavajillas\" \/>\n<meta property=\"og:url\" content=\"https:\/\/suministressantfeliu.com\/comprar\/vasos-refresco-arcoroc-economicos-sidra-pinta-y-chiquito-caja-de-6-vasos-por-referencia\/\" \/>\n<meta property=\"og:site_name\" content=\"Venta Productos de hosteler\u00eda Barcelona\" \/>\n<meta property=\"article:modified_time\" content=\"2023-10-13T07:05:32+00:00\" \/>\n<meta property=\"og:image\" content=\"https:\/\/suministressantfeliu.com\/comprar\/wp-content\/uploads\/2023\/04\/vasos-refresco-arcoroc-economicos-800x800-1.jpg\" \/>\n\t<meta property=\"og:image:width\" content=\"800\" \/>\n\t<meta property=\"og:image:height\" content=\"732\" \/>\n\t<meta property=\"og:image:type\" content=\"image\/jpeg\" \/>\n<meta name=\"twitter:card\" content=\"summary_large_image\" \/>\n<script type=\"application\/ld+json\" class=\"yoast-schema-graph\">{\"@context\":\"https:\\\/\\\/schema.org\",\"@graph\":[{\"@type\":\"WebPage\",\"@id\":\"https:\\\/\\\/suministressantfeliu.com\\\/comprar\\\/vasos-refresco-arcoroc-economicos-sidra-pinta-y-chiquito-caja-de-6-vasos-por-referencia\\\/\",\"url\":\"https:\\\/\\\/suministressantfeliu.com\\\/comprar\\\/vasos-refresco-arcoroc-economicos-sidra-pinta-y-chiquito-caja-de-6-vasos-por-referencia\\\/\",\"name\":\"Vasos Refresco Arcoroc Econ\u00f3micos Sidra, Pinta y Chiquito caja de 6 vasos por referencia - Venta Productos de hosteler\u00eda Barcelona\",\"isPartOf\":{\"@id\":\"https:\\\/\\\/suministressantfeliu.com\\\/comprar\\\/#website\"},\"primaryImageOfPage\":{\"@id\":\"https:\\\/\\\/suministressantfeliu.com\\\/comprar\\\/vasos-refresco-arcoroc-economicos-sidra-pinta-y-chiquito-caja-de-6-vasos-por-referencia\\\/#primaryimage\"},\"image\":{\"@id\":\"https:\\\/\\\/suministressantfeliu.com\\\/comprar\\\/vasos-refresco-arcoroc-economicos-sidra-pinta-y-chiquito-caja-de-6-vasos-por-referencia\\\/#primaryimage\"},\"thumbnailUrl\":\"https:\\\/\\\/suministressantfeliu.com\\\/comprar\\\/wp-content\\\/uploads\\\/2023\\\/04\\\/vasos-refresco-arcoroc-economicos-800x800-1.jpg\",\"datePublished\":\"2023-05-04T21:49:50+00:00\",\"dateModified\":\"2023-10-13T07:05:32+00:00\",\"breadcrumb\":{\"@id\":\"https:\\\/\\\/suministressantfeliu.com\\\/comprar\\\/vasos-refresco-arcoroc-economicos-sidra-pinta-y-chiquito-caja-de-6-vasos-por-referencia\\\/#breadcrumb\"},\"inLanguage\":\"es\",\"potentialAction\":[{\"@type\":\"ReadAction\",\"target\":[\"https:\\\/\\\/suministressantfeliu.com\\\/comprar\\\/vasos-refresco-arcoroc-economicos-sidra-pinta-y-chiquito-caja-de-6-vasos-por-referencia\\\/\"]}]},{\"@type\":\"ImageObject\",\"inLanguage\":\"es\",\"@id\":\"https:\\\/\\\/suministressantfeliu.com\\\/comprar\\\/vasos-refresco-arcoroc-economicos-sidra-pinta-y-chiquito-caja-de-6-vasos-por-referencia\\\/#primaryimage\",\"url\":\"https:\\\/\\\/suministressantfeliu.com\\\/comprar\\\/wp-content\\\/uploads\\\/2023\\\/04\\\/vasos-refresco-arcoroc-economicos-800x800-1.jpg\",\"contentUrl\":\"https:\\\/\\\/suministressantfeliu.com\\\/comprar\\\/wp-content\\\/uploads\\\/2023\\\/04\\\/vasos-refresco-arcoroc-economicos-800x800-1.jpg\",\"width\":800,\"height\":732},{\"@type\":\"BreadcrumbList\",\"@id\":\"https:\\\/\\\/suministressantfeliu.com\\\/comprar\\\/vasos-refresco-arcoroc-economicos-sidra-pinta-y-chiquito-caja-de-6-vasos-por-referencia\\\/#breadcrumb\",\"itemListElement\":[{\"@type\":\"ListItem\",\"position\":1,\"name\":\"Portada\",\"item\":\"https:\\\/\\\/suministressantfeliu.com\\\/comprar\\\/\"},{\"@type\":\"ListItem\",\"position\":2,\"name\":\"Tienda\",\"item\":\"https:\\\/\\\/suministressantfeliu.com\\\/comprar\\\/tienda\\\/\"},{\"@type\":\"ListItem\",\"position\":3,\"name\":\"Vasos Refresco Arcoroc Econ\u00f3micos Sidra, Pinta y Chiquito caja de 6 vasos por referencia\"}]},{\"@type\":\"WebSite\",\"@id\":\"https:\\\/\\\/suministressantfeliu.com\\\/comprar\\\/#website\",\"url\":\"https:\\\/\\\/suministressantfeliu.com\\\/comprar\\\/\",\"name\":\"Productos hosteler\u00eda\",\"description\":\"Venta de suministros profesionales para hosteler\u00eda\",\"publisher\":{\"@id\":\"https:\\\/\\\/suministressantfeliu.com\\\/comprar\\\/#organization\"},\"potentialAction\":[{\"@type\":\"SearchAction\",\"target\":{\"@type\":\"EntryPoint\",\"urlTemplate\":\"https:\\\/\\\/suministressantfeliu.com\\\/comprar\\\/?s={search_term_string}\"},\"query-input\":{\"@type\":\"PropertyValueSpecification\",\"valueRequired\":true,\"valueName\":\"search_term_string\"}}],\"inLanguage\":\"es\"},{\"@type\":\"Organization\",\"@id\":\"https:\\\/\\\/suministressantfeliu.com\\\/comprar\\\/#organization\",\"name\":\"Suministres Sant Feliu hosteleria\",\"url\":\"https:\\\/\\\/suministressantfeliu.com\\\/comprar\\\/\",\"logo\":{\"@type\":\"ImageObject\",\"inLanguage\":\"es\",\"@id\":\"https:\\\/\\\/suministressantfeliu.com\\\/comprar\\\/#\\\/schema\\\/logo\\\/image\\\/\",\"url\":\"https:\\\/\\\/suministressantfeliu.com\\\/comprar\\\/wp-content\\\/uploads\\\/2021\\\/03\\\/cropped-suministres-sant-feliu-logo.png\",\"contentUrl\":\"https:\\\/\\\/suministressantfeliu.com\\\/comprar\\\/wp-content\\\/uploads\\\/2021\\\/03\\\/cropped-suministres-sant-feliu-logo.png\",\"width\":668,\"height\":668,\"caption\":\"Suministres Sant Feliu hosteleria\"},\"image\":{\"@id\":\"https:\\\/\\\/suministressantfeliu.com\\\/comprar\\\/#\\\/schema\\\/logo\\\/image\\\/\"}}]}<\/script>\n<!-- \/ Yoast SEO plugin. -->","yoast_head_json":{"title":"Vasos Refresco Arcoroc Econ\u00f3micos Sidra, Pinta y Chiquito caja de 6 vasos por referencia - Venta Productos de hosteler\u00eda Barcelona","robots":{"index":"index","follow":"follow","max-snippet":"max-snippet:-1","max-image-preview":"max-image-preview:large","max-video-preview":"max-video-preview:-1"},"canonical":"https:\/\/suministressantfeliu.com\/comprar\/vasos-refresco-arcoroc-economicos-sidra-pinta-y-chiquito-caja-de-6-vasos-por-referencia\/","og_locale":"es_ES","og_type":"article","og_title":"Vasos Refresco Arcoroc Econ\u00f3micos Sidra, Pinta y Chiquito caja de 6 vasos por referencia - Venta Productos de hosteler\u00eda Barcelona","og_description":"Vasos Refresco Arcoroc Econ\u00f3micos Sidra, Pinta y Chiquito caja de 6 vasos por referencia. Instrucciones de uso:. Apto Microondas. Apto Frigor\u00edfico. Resistente Al Choque T\u00e9rmico. Consejos de limpieza:. Apto lavavajillas","og_url":"https:\/\/suministressantfeliu.com\/comprar\/vasos-refresco-arcoroc-economicos-sidra-pinta-y-chiquito-caja-de-6-vasos-por-referencia\/","og_site_name":"Venta Productos de hosteler\u00eda Barcelona","article_modified_time":"2023-10-13T07:05:32+00:00","og_image":[{"width":800,"height":732,"url":"https:\/\/suministressantfeliu.com\/comprar\/wp-content\/uploads\/2023\/04\/vasos-refresco-arcoroc-economicos-800x800-1.jpg","type":"image\/jpeg"}],"twitter_card":"summary_large_image","schema":{"@context":"https:\/\/schema.org","@graph":[{"@type":"WebPage","@id":"https:\/\/suministressantfeliu.com\/comprar\/vasos-refresco-arcoroc-economicos-sidra-pinta-y-chiquito-caja-de-6-vasos-por-referencia\/","url":"https:\/\/suministressantfeliu.com\/comprar\/vasos-refresco-arcoroc-economicos-sidra-pinta-y-chiquito-caja-de-6-vasos-por-referencia\/","name":"Vasos Refresco Arcoroc Econ\u00f3micos Sidra, Pinta y Chiquito caja de 6 vasos por referencia - Venta Productos de hosteler\u00eda Barcelona","isPartOf":{"@id":"https:\/\/suministressantfeliu.com\/comprar\/#website"},"primaryImageOfPage":{"@id":"https:\/\/suministressantfeliu.com\/comprar\/vasos-refresco-arcoroc-economicos-sidra-pinta-y-chiquito-caja-de-6-vasos-por-referencia\/#primaryimage"},"image":{"@id":"https:\/\/suministressantfeliu.com\/comprar\/vasos-refresco-arcoroc-economicos-sidra-pinta-y-chiquito-caja-de-6-vasos-por-referencia\/#primaryimage"},"thumbnailUrl":"https:\/\/suministressantfeliu.com\/comprar\/wp-content\/uploads\/2023\/04\/vasos-refresco-arcoroc-economicos-800x800-1.jpg","datePublished":"2023-05-04T21:49:50+00:00","dateModified":"2023-10-13T07:05:32+00:00","breadcrumb":{"@id":"https:\/\/suministressantfeliu.com\/comprar\/vasos-refresco-arcoroc-economicos-sidra-pinta-y-chiquito-caja-de-6-vasos-por-referencia\/#breadcrumb"},"inLanguage":"es","potentialAction":[{"@type":"ReadAction","target":["https:\/\/suministressantfeliu.com\/comprar\/vasos-refresco-arcoroc-economicos-sidra-pinta-y-chiquito-caja-de-6-vasos-por-referencia\/"]}]},{"@type":"ImageObject","inLanguage":"es","@id":"https:\/\/suministressantfeliu.com\/comprar\/vasos-refresco-arcoroc-economicos-sidra-pinta-y-chiquito-caja-de-6-vasos-por-referencia\/#primaryimage","url":"https:\/\/suministressantfeliu.com\/comprar\/wp-content\/uploads\/2023\/04\/vasos-refresco-arcoroc-economicos-800x800-1.jpg","contentUrl":"https:\/\/suministressantfeliu.com\/comprar\/wp-content\/uploads\/2023\/04\/vasos-refresco-arcoroc-economicos-800x800-1.jpg","width":800,"height":732},{"@type":"BreadcrumbList","@id":"https:\/\/suministressantfeliu.com\/comprar\/vasos-refresco-arcoroc-economicos-sidra-pinta-y-chiquito-caja-de-6-vasos-por-referencia\/#breadcrumb","itemListElement":[{"@type":"ListItem","position":1,"name":"Portada","item":"https:\/\/suministressantfeliu.com\/comprar\/"},{"@type":"ListItem","position":2,"name":"Tienda","item":"https:\/\/suministressantfeliu.com\/comprar\/tienda\/"},{"@type":"ListItem","position":3,"name":"Vasos Refresco Arcoroc Econ\u00f3micos Sidra, Pinta y Chiquito caja de 6 vasos por referencia"}]},{"@type":"WebSite","@id":"https:\/\/suministressantfeliu.com\/comprar\/#website","url":"https:\/\/suministressantfeliu.com\/comprar\/","name":"Productos hosteler\u00eda","description":"Venta de suministros profesionales para hosteler\u00eda","publisher":{"@id":"https:\/\/suministressantfeliu.com\/comprar\/#organization"},"potentialAction":[{"@type":"SearchAction","target":{"@type":"EntryPoint","urlTemplate":"https:\/\/suministressantfeliu.com\/comprar\/?s={search_term_string}"},"query-input":{"@type":"PropertyValueSpecification","valueRequired":true,"valueName":"search_term_string"}}],"inLanguage":"es"},{"@type":"Organization","@id":"https:\/\/suministressantfeliu.com\/comprar\/#organization","name":"Suministres Sant Feliu hosteleria","url":"https:\/\/suministressantfeliu.com\/comprar\/","logo":{"@type":"ImageObject","inLanguage":"es","@id":"https:\/\/suministressantfeliu.com\/comprar\/#\/schema\/logo\/image\/","url":"https:\/\/suministressantfeliu.com\/comprar\/wp-content\/uploads\/2021\/03\/cropped-suministres-sant-feliu-logo.png","contentUrl":"https:\/\/suministressantfeliu.com\/comprar\/wp-content\/uploads\/2021\/03\/cropped-suministres-sant-feliu-logo.png","width":668,"height":668,"caption":"Suministres Sant Feliu hosteleria"},"image":{"@id":"https:\/\/suministressantfeliu.com\/comprar\/#\/schema\/logo\/image\/"}}]}},"_links":{"self":[{"href":"https:\/\/suministressantfeliu.com\/comprar\/wp-json\/wp\/v2\/product\/8951","targetHints":{"allow":["GET"]}}],"collection":[{"href":"https:\/\/suministressantfeliu.com\/comprar\/wp-json\/wp\/v2\/product"}],"about":[{"href":"https:\/\/suministressantfeliu.com\/comprar\/wp-json\/wp\/v2\/types\/product"}],"wp:featuredmedia":[{"embeddable":true,"href":"https:\/\/suministressantfeliu.com\/comprar\/wp-json\/wp\/v2\/media\/3691"}],"wp:attachment":[{"href":"https:\/\/suministressantfeliu.com\/comprar\/wp-json\/wp\/v2\/media?parent=8951"}],"wp:term":[{"taxonomy":"product_brand","embeddable":true,"href":"https:\/\/suministressantfeliu.com\/comprar\/wp-json\/wp\/v2\/product_brand?post=8951"},{"taxonomy":"product_cat","embeddable":true,"href":"https:\/\/suministressantfeliu.com\/comprar\/wp-json\/wp\/v2\/product_cat?post=8951"},{"taxonomy":"product_tag","embeddable":true,"href":"https:\/\/suministressantfeliu.com\/comprar\/wp-json\/wp\/v2\/product_tag?post=8951"}],"curies":[{"name":"wp","href":"https:\/\/api.w.org\/{rel}","templated":true}]}}