{"id":8943,"date":"2023-05-04T21:49:46","date_gmt":"2023-05-04T21:49:46","guid":{"rendered":"https:\/\/suministressantfeliu.com\/comprar\/vaso-policarbonato-para-hosteleria-250-cc\/"},"modified":"2023-11-13T15:41:24","modified_gmt":"2023-11-13T15:41:24","slug":"vaso-policarbonato-para-hosteleria-250-cc","status":"publish","type":"product","link":"https:\/\/suministressantfeliu.com\/comprar\/vaso-policarbonato-para-hosteleria-250-cc\/","title":{"rendered":"Vaso Policarbonato para hosteler\u00eda 250 cc Pack de 10 vasos"},"content":{"rendered":"<p>Vaso transparente de policarbonato,<\/p>\n<p>ideal para todo tipo de colectividades como colegios, hospitales, residencias, catering&#8230; F\u00e1cilmente apilable para mayor facilidad de guardado y transporte, gracias tambi\u00e9n a su ligereza, ya que pesa mucho menos que los vasos de cristal.. F\u00e1cil de lavar gracias a que est\u00e1 desprovisto de nervios interiores.. Irrompible en condiciones normales de uso.. No trasmite variaciones de temperatura inicialmente al alimento que contiene.. Capacidad: 250 cc.. Material: Policarbonato sin BPA [pc]. Dimensiones: 70 x 102 mm.. UDS\/PACK: Caja de 50 unidades. Soporta temperaturas entre -30 \u00ba a +120 \u00ba C.. Art\u00edculo fabricado acorde a los Reglamentos (UE) 2015\/17, (UE) 10\/2011, (CE) n \u00ba 1935\/2004 y (CE) 2023\/2016 de Buenas Pr\u00e1cticas..<\/p>\n","protected":false},"excerpt":{"rendered":"<p>Vaso Policarbonato para hosteler\u00eda 250 cc<\/p>\n","protected":false},"featured_media":9839,"template":"","meta":[],"product_brand":[],"product_cat":[1118,1119,1117],"product_tag":[],"class_list":{"0":"post-8943","1":"product","2":"type-product","3":"status-publish","4":"has-post-thumbnail","6":"product_cat-take-away-restaurantes-bares","7":"product_cat-envases-take-away-hosteleria","8":"product_cat-productos-take-away-hosteleria","10":"first","11":"instock","12":"sale","13":"taxable","14":"shipping-taxable","15":"purchasable","16":"product-type-simple"},"yoast_head":"<!-- This site is optimized with the Yoast SEO plugin v27.5 - https:\/\/yoast.com\/product\/yoast-seo-wordpress\/ -->\n<title>Vaso Policarbonato para hosteler\u00eda 250 cc Pack de 10 vasos - Venta Productos de hosteler\u00eda Barcelona<\/title>\n<meta name=\"robots\" content=\"index, follow, max-snippet:-1, max-image-preview:large, max-video-preview:-1\" \/>\n<link rel=\"canonical\" href=\"https:\/\/suministressantfeliu.com\/comprar\/vaso-policarbonato-para-hosteleria-250-cc\/\" \/>\n<meta property=\"og:locale\" content=\"es_ES\" \/>\n<meta property=\"og:type\" content=\"article\" \/>\n<meta property=\"og:title\" content=\"Vaso Policarbonato para hosteler\u00eda 250 cc Pack de 10 vasos - Venta Productos de hosteler\u00eda Barcelona\" \/>\n<meta property=\"og:description\" content=\"Vaso Policarbonato para hosteler\u00eda 250 cc\" \/>\n<meta property=\"og:url\" content=\"https:\/\/suministressantfeliu.com\/comprar\/vaso-policarbonato-para-hosteleria-250-cc\/\" \/>\n<meta property=\"og:site_name\" content=\"Venta Productos de hosteler\u00eda Barcelona\" \/>\n<meta property=\"article:modified_time\" content=\"2023-11-13T15:41:24+00:00\" \/>\n<meta property=\"og:image\" content=\"https:\/\/suministressantfeliu.com\/comprar\/wp-content\/uploads\/2023\/05\/VASO-POLC.-25-CL-AMC.jpg\" \/>\n\t<meta property=\"og:image:width\" content=\"570\" \/>\n\t<meta property=\"og:image:height\" content=\"513\" \/>\n\t<meta property=\"og:image:type\" content=\"image\/jpeg\" \/>\n<meta name=\"twitter:card\" content=\"summary_large_image\" \/>\n<meta name=\"twitter:label1\" content=\"Tiempo de lectura\" \/>\n\t<meta name=\"twitter:data1\" content=\"1 minuto\" \/>\n<script type=\"application\/ld+json\" class=\"yoast-schema-graph\">{\"@context\":\"https:\\\/\\\/schema.org\",\"@graph\":[{\"@type\":\"WebPage\",\"@id\":\"https:\\\/\\\/suministressantfeliu.com\\\/comprar\\\/vaso-policarbonato-para-hosteleria-250-cc\\\/\",\"url\":\"https:\\\/\\\/suministressantfeliu.com\\\/comprar\\\/vaso-policarbonato-para-hosteleria-250-cc\\\/\",\"name\":\"Vaso Policarbonato para hosteler\u00eda 250 cc Pack de 10 vasos - Venta Productos de hosteler\u00eda Barcelona\",\"isPartOf\":{\"@id\":\"https:\\\/\\\/suministressantfeliu.com\\\/comprar\\\/#website\"},\"primaryImageOfPage\":{\"@id\":\"https:\\\/\\\/suministressantfeliu.com\\\/comprar\\\/vaso-policarbonato-para-hosteleria-250-cc\\\/#primaryimage\"},\"image\":{\"@id\":\"https:\\\/\\\/suministressantfeliu.com\\\/comprar\\\/vaso-policarbonato-para-hosteleria-250-cc\\\/#primaryimage\"},\"thumbnailUrl\":\"https:\\\/\\\/suministressantfeliu.com\\\/comprar\\\/wp-content\\\/uploads\\\/2023\\\/05\\\/VASO-POLC.-25-CL-AMC.jpg\",\"datePublished\":\"2023-05-04T21:49:46+00:00\",\"dateModified\":\"2023-11-13T15:41:24+00:00\",\"breadcrumb\":{\"@id\":\"https:\\\/\\\/suministressantfeliu.com\\\/comprar\\\/vaso-policarbonato-para-hosteleria-250-cc\\\/#breadcrumb\"},\"inLanguage\":\"es\",\"potentialAction\":[{\"@type\":\"ReadAction\",\"target\":[\"https:\\\/\\\/suministressantfeliu.com\\\/comprar\\\/vaso-policarbonato-para-hosteleria-250-cc\\\/\"]}]},{\"@type\":\"ImageObject\",\"inLanguage\":\"es\",\"@id\":\"https:\\\/\\\/suministressantfeliu.com\\\/comprar\\\/vaso-policarbonato-para-hosteleria-250-cc\\\/#primaryimage\",\"url\":\"https:\\\/\\\/suministressantfeliu.com\\\/comprar\\\/wp-content\\\/uploads\\\/2023\\\/05\\\/VASO-POLC.-25-CL-AMC.jpg\",\"contentUrl\":\"https:\\\/\\\/suministressantfeliu.com\\\/comprar\\\/wp-content\\\/uploads\\\/2023\\\/05\\\/VASO-POLC.-25-CL-AMC.jpg\",\"width\":570,\"height\":513},{\"@type\":\"BreadcrumbList\",\"@id\":\"https:\\\/\\\/suministressantfeliu.com\\\/comprar\\\/vaso-policarbonato-para-hosteleria-250-cc\\\/#breadcrumb\",\"itemListElement\":[{\"@type\":\"ListItem\",\"position\":1,\"name\":\"Portada\",\"item\":\"https:\\\/\\\/suministressantfeliu.com\\\/comprar\\\/\"},{\"@type\":\"ListItem\",\"position\":2,\"name\":\"Tienda\",\"item\":\"https:\\\/\\\/suministressantfeliu.com\\\/comprar\\\/tienda\\\/\"},{\"@type\":\"ListItem\",\"position\":3,\"name\":\"Vaso Policarbonato para hosteler\u00eda 250 cc Pack de 10 vasos\"}]},{\"@type\":\"WebSite\",\"@id\":\"https:\\\/\\\/suministressantfeliu.com\\\/comprar\\\/#website\",\"url\":\"https:\\\/\\\/suministressantfeliu.com\\\/comprar\\\/\",\"name\":\"Productos hosteler\u00eda\",\"description\":\"Venta de suministros profesionales para hosteler\u00eda\",\"publisher\":{\"@id\":\"https:\\\/\\\/suministressantfeliu.com\\\/comprar\\\/#organization\"},\"potentialAction\":[{\"@type\":\"SearchAction\",\"target\":{\"@type\":\"EntryPoint\",\"urlTemplate\":\"https:\\\/\\\/suministressantfeliu.com\\\/comprar\\\/?s={search_term_string}\"},\"query-input\":{\"@type\":\"PropertyValueSpecification\",\"valueRequired\":true,\"valueName\":\"search_term_string\"}}],\"inLanguage\":\"es\"},{\"@type\":\"Organization\",\"@id\":\"https:\\\/\\\/suministressantfeliu.com\\\/comprar\\\/#organization\",\"name\":\"Suministres Sant Feliu hosteleria\",\"url\":\"https:\\\/\\\/suministressantfeliu.com\\\/comprar\\\/\",\"logo\":{\"@type\":\"ImageObject\",\"inLanguage\":\"es\",\"@id\":\"https:\\\/\\\/suministressantfeliu.com\\\/comprar\\\/#\\\/schema\\\/logo\\\/image\\\/\",\"url\":\"https:\\\/\\\/suministressantfeliu.com\\\/comprar\\\/wp-content\\\/uploads\\\/2021\\\/03\\\/cropped-suministres-sant-feliu-logo.png\",\"contentUrl\":\"https:\\\/\\\/suministressantfeliu.com\\\/comprar\\\/wp-content\\\/uploads\\\/2021\\\/03\\\/cropped-suministres-sant-feliu-logo.png\",\"width\":668,\"height\":668,\"caption\":\"Suministres Sant Feliu hosteleria\"},\"image\":{\"@id\":\"https:\\\/\\\/suministressantfeliu.com\\\/comprar\\\/#\\\/schema\\\/logo\\\/image\\\/\"}}]}<\/script>\n<!-- \/ Yoast SEO plugin. -->","yoast_head_json":{"title":"Vaso Policarbonato para hosteler\u00eda 250 cc Pack de 10 vasos - Venta Productos de hosteler\u00eda Barcelona","robots":{"index":"index","follow":"follow","max-snippet":"max-snippet:-1","max-image-preview":"max-image-preview:large","max-video-preview":"max-video-preview:-1"},"canonical":"https:\/\/suministressantfeliu.com\/comprar\/vaso-policarbonato-para-hosteleria-250-cc\/","og_locale":"es_ES","og_type":"article","og_title":"Vaso Policarbonato para hosteler\u00eda 250 cc Pack de 10 vasos - Venta Productos de hosteler\u00eda Barcelona","og_description":"Vaso Policarbonato para hosteler\u00eda 250 cc","og_url":"https:\/\/suministressantfeliu.com\/comprar\/vaso-policarbonato-para-hosteleria-250-cc\/","og_site_name":"Venta Productos de hosteler\u00eda Barcelona","article_modified_time":"2023-11-13T15:41:24+00:00","og_image":[{"width":570,"height":513,"url":"https:\/\/suministressantfeliu.com\/comprar\/wp-content\/uploads\/2023\/05\/VASO-POLC.-25-CL-AMC.jpg","type":"image\/jpeg"}],"twitter_card":"summary_large_image","twitter_misc":{"Tiempo de lectura":"1 minuto"},"schema":{"@context":"https:\/\/schema.org","@graph":[{"@type":"WebPage","@id":"https:\/\/suministressantfeliu.com\/comprar\/vaso-policarbonato-para-hosteleria-250-cc\/","url":"https:\/\/suministressantfeliu.com\/comprar\/vaso-policarbonato-para-hosteleria-250-cc\/","name":"Vaso Policarbonato para hosteler\u00eda 250 cc Pack de 10 vasos - Venta Productos de hosteler\u00eda Barcelona","isPartOf":{"@id":"https:\/\/suministressantfeliu.com\/comprar\/#website"},"primaryImageOfPage":{"@id":"https:\/\/suministressantfeliu.com\/comprar\/vaso-policarbonato-para-hosteleria-250-cc\/#primaryimage"},"image":{"@id":"https:\/\/suministressantfeliu.com\/comprar\/vaso-policarbonato-para-hosteleria-250-cc\/#primaryimage"},"thumbnailUrl":"https:\/\/suministressantfeliu.com\/comprar\/wp-content\/uploads\/2023\/05\/VASO-POLC.-25-CL-AMC.jpg","datePublished":"2023-05-04T21:49:46+00:00","dateModified":"2023-11-13T15:41:24+00:00","breadcrumb":{"@id":"https:\/\/suministressantfeliu.com\/comprar\/vaso-policarbonato-para-hosteleria-250-cc\/#breadcrumb"},"inLanguage":"es","potentialAction":[{"@type":"ReadAction","target":["https:\/\/suministressantfeliu.com\/comprar\/vaso-policarbonato-para-hosteleria-250-cc\/"]}]},{"@type":"ImageObject","inLanguage":"es","@id":"https:\/\/suministressantfeliu.com\/comprar\/vaso-policarbonato-para-hosteleria-250-cc\/#primaryimage","url":"https:\/\/suministressantfeliu.com\/comprar\/wp-content\/uploads\/2023\/05\/VASO-POLC.-25-CL-AMC.jpg","contentUrl":"https:\/\/suministressantfeliu.com\/comprar\/wp-content\/uploads\/2023\/05\/VASO-POLC.-25-CL-AMC.jpg","width":570,"height":513},{"@type":"BreadcrumbList","@id":"https:\/\/suministressantfeliu.com\/comprar\/vaso-policarbonato-para-hosteleria-250-cc\/#breadcrumb","itemListElement":[{"@type":"ListItem","position":1,"name":"Portada","item":"https:\/\/suministressantfeliu.com\/comprar\/"},{"@type":"ListItem","position":2,"name":"Tienda","item":"https:\/\/suministressantfeliu.com\/comprar\/tienda\/"},{"@type":"ListItem","position":3,"name":"Vaso Policarbonato para hosteler\u00eda 250 cc Pack de 10 vasos"}]},{"@type":"WebSite","@id":"https:\/\/suministressantfeliu.com\/comprar\/#website","url":"https:\/\/suministressantfeliu.com\/comprar\/","name":"Productos hosteler\u00eda","description":"Venta de suministros profesionales para hosteler\u00eda","publisher":{"@id":"https:\/\/suministressantfeliu.com\/comprar\/#organization"},"potentialAction":[{"@type":"SearchAction","target":{"@type":"EntryPoint","urlTemplate":"https:\/\/suministressantfeliu.com\/comprar\/?s={search_term_string}"},"query-input":{"@type":"PropertyValueSpecification","valueRequired":true,"valueName":"search_term_string"}}],"inLanguage":"es"},{"@type":"Organization","@id":"https:\/\/suministressantfeliu.com\/comprar\/#organization","name":"Suministres Sant Feliu hosteleria","url":"https:\/\/suministressantfeliu.com\/comprar\/","logo":{"@type":"ImageObject","inLanguage":"es","@id":"https:\/\/suministressantfeliu.com\/comprar\/#\/schema\/logo\/image\/","url":"https:\/\/suministressantfeliu.com\/comprar\/wp-content\/uploads\/2021\/03\/cropped-suministres-sant-feliu-logo.png","contentUrl":"https:\/\/suministressantfeliu.com\/comprar\/wp-content\/uploads\/2021\/03\/cropped-suministres-sant-feliu-logo.png","width":668,"height":668,"caption":"Suministres Sant Feliu hosteleria"},"image":{"@id":"https:\/\/suministressantfeliu.com\/comprar\/#\/schema\/logo\/image\/"}}]}},"_links":{"self":[{"href":"https:\/\/suministressantfeliu.com\/comprar\/wp-json\/wp\/v2\/product\/8943","targetHints":{"allow":["GET"]}}],"collection":[{"href":"https:\/\/suministressantfeliu.com\/comprar\/wp-json\/wp\/v2\/product"}],"about":[{"href":"https:\/\/suministressantfeliu.com\/comprar\/wp-json\/wp\/v2\/types\/product"}],"wp:featuredmedia":[{"embeddable":true,"href":"https:\/\/suministressantfeliu.com\/comprar\/wp-json\/wp\/v2\/media\/9839"}],"wp:attachment":[{"href":"https:\/\/suministressantfeliu.com\/comprar\/wp-json\/wp\/v2\/media?parent=8943"}],"wp:term":[{"taxonomy":"product_brand","embeddable":true,"href":"https:\/\/suministressantfeliu.com\/comprar\/wp-json\/wp\/v2\/product_brand?post=8943"},{"taxonomy":"product_cat","embeddable":true,"href":"https:\/\/suministressantfeliu.com\/comprar\/wp-json\/wp\/v2\/product_cat?post=8943"},{"taxonomy":"product_tag","embeddable":true,"href":"https:\/\/suministressantfeliu.com\/comprar\/wp-json\/wp\/v2\/product_tag?post=8943"}],"curies":[{"name":"wp","href":"https:\/\/api.w.org\/{rel}","templated":true}]}}