{"id":8929,"date":"2023-05-04T21:49:39","date_gmt":"2023-05-04T21:49:39","guid":{"rendered":"https:\/\/suministressantfeliu.com\/comprar\/caja-de-6-cubeta-gastronorm-polipropileno-1-3-con-tapa-hermetica\/"},"modified":"2024-02-05T10:04:51","modified_gmt":"2024-02-05T10:04:51","slug":"caja-de-6-cubeta-alimentaria-gastronorm-polipropileno-1-3-con-tapa-hermetica-araven","status":"publish","type":"product","link":"https:\/\/suministressantfeliu.com\/comprar\/caja-de-6-cubeta-alimentaria-gastronorm-polipropileno-1-3-con-tapa-hermetica-araven\/","title":{"rendered":"Caja de 6 Cubeta Alimentaria Gastronorm Polipropileno 1\/3 con tapa hermetica Araven"},"content":{"rendered":"<h1 class=\"mt-3 mt-xl-5 mb-4 h2 text-left\"><span style=\"font-size: 16px\">Los nuevos contenedores herm\u00e9ticos GastroNorm 1\/3 de de altura 65 mm, 10o mm y 150 mm,\u00a0 con capacidades de 2.5 litros, 4 litros y 6 litros,\u00a0 te ayudan a conservar mejor y por m\u00e1s tiempo gracias al dise\u00f1o de su nueva tapa.<\/span><\/h1>\n<div class=\"div-wysiwyg\">\n<ul>\n<li><strong>NUEVO CIERRE M\u00c1S HERMETICO.<\/strong>\u00a0El nuevo dise\u00f1o del\u00a0<em>doble labio herm\u00e9tico de la tapa<\/em>\u00a0mejora la hermeticidad del recipiente y por tanto conservan mejor<\/li>\n<\/ul>\n<ul>\n<li><strong>AUMENTA LA VIDA \u00daTIL DEL ALIMENTO.\u00a0<\/strong>La tapa va provista de un canal que<strong><em>\u00a0<\/em><\/strong>permite extraer parcialmente el aire del interior del recipiente reduciendo la oxidaci\u00f3n del alimento y prolongando su vida \u00fatil hasta un 25%* (*Estudio realizado por el Grupo de Investigaci\u00f3n en Alimentos de Origen Vegetal de la Universidad de Zaragoza)<\/li>\n<\/ul>\n<ul>\n<li><strong>FACIL APERTURA<\/strong>. La tapa incorpora un tirador especial para facilitar la apertura del contenedor<\/li>\n<\/ul>\n<p>Adem\u00e1s los nuevos herm\u00e9ticos GastroNorm de Araven incorporan nuevos colorclip para la gesti\u00f3n de los alimentos as\u00ed como mejoras en su etiqueta de trazabilidad IML<\/p>\n<\/div>\n<div class=\"row row-caracteristicas mt-5\"><img decoding=\"async\" class=\"d-none d-sm-block mx-3 mb-1 lazy loaded\" title=\"\" src=\"https:\/\/araven.com\/wp-content\/uploads\/2023\/01\/Icono_Hermetico.jpg\" alt=\"\" data-src=\"https:\/\/araven.com\/wp-content\/uploads\/2023\/01\/Icono_Hermetico.jpg\" data-was-processed=\"true\" \/><img decoding=\"async\" class=\"d-none d-sm-block mx-3 mb-1 lazy loaded\" title=\"Cumplimiento de todas las normativas europeas\" src=\"https:\/\/araven.com\/wp-content\/uploads\/categoria\/alimenticio.jpg\" alt=\"Cumplimiento de todas las normativas europeas\" data-src=\"https:\/\/araven.com\/wp-content\/uploads\/categoria\/alimenticio.jpg\" data-was-processed=\"true\" \/><img decoding=\"async\" class=\"d-none d-sm-block mx-3 mb-1 lazy loaded\" title=\"\" src=\"https:\/\/araven.com\/wp-content\/uploads\/2023\/01\/Icono_normativas.jpg\" alt=\"\" data-src=\"https:\/\/araven.com\/wp-content\/uploads\/2023\/01\/Icono_normativas.jpg\" data-was-processed=\"true\" \/><img decoding=\"async\" class=\"d-none d-sm-block mx-3 mb-1 lazy loaded\" title=\"\" src=\"https:\/\/araven.com\/wp-content\/uploads\/2023\/01\/NSF_Icono_NSF.jpg\" alt=\"\" data-src=\"https:\/\/araven.com\/wp-content\/uploads\/2023\/01\/NSF_Icono_NSF.jpg\" data-was-processed=\"true\" \/><img decoding=\"async\" class=\"d-none d-sm-block mx-3 mb-1 lazy loaded\" title=\"\" src=\"https:\/\/araven.com\/wp-content\/uploads\/2023\/01\/Icono_Regleta.jpg\" alt=\"\" data-src=\"https:\/\/araven.com\/wp-content\/uploads\/2023\/01\/Icono_Regleta.jpg\" data-was-processed=\"true\" \/><img decoding=\"async\" class=\"d-none d-sm-block mx-3 mb-1 lazy loaded\" title=\"\" src=\"https:\/\/araven.com\/wp-content\/uploads\/2023\/01\/Icono_Hermetico.jpg\" alt=\"\" data-src=\"https:\/\/araven.com\/wp-content\/uploads\/2023\/01\/Icono_Hermetico.jpg\" data-was-processed=\"true\" \/><img decoding=\"async\" class=\"d-none d-sm-block mx-3 mb-1 lazy loaded\" title=\"\" src=\"https:\/\/araven.com\/wp-content\/uploads\/2023\/01\/Temperaturas__PP-1-1.jpg\" alt=\"\" data-src=\"https:\/\/araven.com\/wp-content\/uploads\/2023\/01\/Temperaturas__PP-1-1.jpg\" data-was-processed=\"true\" \/><img decoding=\"async\" class=\"d-none d-sm-block mx-3 mb-1 lazy loaded\" title=\"\" src=\"https:\/\/araven.com\/wp-content\/uploads\/2023\/01\/Material__PP-33.jpg\" alt=\"\" data-src=\"https:\/\/araven.com\/wp-content\/uploads\/2023\/01\/Material__PP-33.jpg\" data-was-processed=\"true\" \/><img decoding=\"async\" class=\"d-none d-sm-block mx-3 mb-1 lazy loaded\" title=\"\" src=\"https:\/\/araven.com\/wp-content\/uploads\/2023\/01\/Icono_7-color-clip.jpg\" alt=\"\" data-src=\"https:\/\/araven.com\/wp-content\/uploads\/2023\/01\/Icono_7-color-clip.jpg\" data-was-processed=\"true\" \/><img decoding=\"async\" class=\"d-none d-sm-block mx-3 mb-1 lazy loaded\" title=\"\" src=\"https:\/\/araven.com\/wp-content\/uploads\/2023\/01\/Icono_GN.jpg\" alt=\"\" data-src=\"https:\/\/araven.com\/wp-content\/uploads\/2023\/01\/Icono_GN.jpg\" data-was-processed=\"true\" \/><\/div>\n<div class=\"row row-botones align-items-center\">\n<div class=\"col-12 justify-content-center justify-content-lg-start d-flex col-lg-8 mt-5\"><\/div>\n<\/div>\n","protected":false},"excerpt":{"rendered":"<p>Caja de 6 Cubeta Alimentaria Gastronorm Polipropileno 1\/3 con tapa hermetica Araven<\/p>\n","protected":false},"featured_media":3721,"template":"","meta":[],"product_brand":[],"product_cat":[1122,1120],"product_tag":[],"class_list":{"0":"post-8929","1":"product","2":"type-product","3":"status-publish","4":"has-post-thumbnail","6":"product_cat-complementos-cocina","7":"product_cat-utensilios-cocina-hosteleria","9":"first","10":"instock","11":"sale","12":"taxable","13":"shipping-taxable","14":"purchasable","15":"product-type-variable"},"yoast_head":"<!-- This site is optimized with the Yoast SEO plugin v27.5 - https:\/\/yoast.com\/product\/yoast-seo-wordpress\/ -->\n<title>Caja de 6 Cubeta Alimentaria Gastronorm Polipropileno 1\/3 con tapa hermetica Araven - Venta Productos de hosteler\u00eda Barcelona<\/title>\n<meta name=\"robots\" content=\"index, follow, max-snippet:-1, max-image-preview:large, max-video-preview:-1\" \/>\n<link rel=\"canonical\" href=\"https:\/\/suministressantfeliu.com\/comprar\/caja-de-6-cubeta-alimentaria-gastronorm-polipropileno-1-3-con-tapa-hermetica-araven\/\" \/>\n<meta property=\"og:locale\" content=\"es_ES\" \/>\n<meta property=\"og:type\" content=\"article\" \/>\n<meta property=\"og:title\" content=\"Caja de 6 Cubeta Alimentaria Gastronorm Polipropileno 1\/3 con tapa hermetica Araven - Venta Productos de hosteler\u00eda Barcelona\" \/>\n<meta property=\"og:description\" content=\"Caja de 6 Cubeta Alimentaria Gastronorm Polipropileno 1\/3 con tapa hermetica Araven\" \/>\n<meta property=\"og:url\" content=\"https:\/\/suministressantfeliu.com\/comprar\/caja-de-6-cubeta-alimentaria-gastronorm-polipropileno-1-3-con-tapa-hermetica-araven\/\" \/>\n<meta property=\"og:site_name\" content=\"Venta Productos de hosteler\u00eda Barcelona\" \/>\n<meta property=\"article:modified_time\" content=\"2024-02-05T10:04:51+00:00\" \/>\n<meta property=\"og:image\" content=\"https:\/\/suministressantfeliu.com\/comprar\/wp-content\/uploads\/2023\/04\/tupper-hermetico-gastronorm-polipropileno-13-800x800-1.jpg\" \/>\n\t<meta property=\"og:image:width\" content=\"800\" \/>\n\t<meta property=\"og:image:height\" content=\"633\" \/>\n\t<meta property=\"og:image:type\" content=\"image\/jpeg\" \/>\n<meta name=\"twitter:card\" content=\"summary_large_image\" \/>\n<meta name=\"twitter:label1\" content=\"Tiempo de lectura\" \/>\n\t<meta name=\"twitter:data1\" content=\"3 minutos\" \/>\n<script type=\"application\/ld+json\" class=\"yoast-schema-graph\">{\"@context\":\"https:\\\/\\\/schema.org\",\"@graph\":[{\"@type\":\"WebPage\",\"@id\":\"https:\\\/\\\/suministressantfeliu.com\\\/comprar\\\/caja-de-6-cubeta-alimentaria-gastronorm-polipropileno-1-3-con-tapa-hermetica-araven\\\/\",\"url\":\"https:\\\/\\\/suministressantfeliu.com\\\/comprar\\\/caja-de-6-cubeta-alimentaria-gastronorm-polipropileno-1-3-con-tapa-hermetica-araven\\\/\",\"name\":\"Caja de 6 Cubeta Alimentaria Gastronorm Polipropileno 1\\\/3 con tapa hermetica Araven - Venta Productos de hosteler\u00eda Barcelona\",\"isPartOf\":{\"@id\":\"https:\\\/\\\/suministressantfeliu.com\\\/comprar\\\/#website\"},\"primaryImageOfPage\":{\"@id\":\"https:\\\/\\\/suministressantfeliu.com\\\/comprar\\\/caja-de-6-cubeta-alimentaria-gastronorm-polipropileno-1-3-con-tapa-hermetica-araven\\\/#primaryimage\"},\"image\":{\"@id\":\"https:\\\/\\\/suministressantfeliu.com\\\/comprar\\\/caja-de-6-cubeta-alimentaria-gastronorm-polipropileno-1-3-con-tapa-hermetica-araven\\\/#primaryimage\"},\"thumbnailUrl\":\"https:\\\/\\\/suministressantfeliu.com\\\/comprar\\\/wp-content\\\/uploads\\\/2023\\\/04\\\/tupper-hermetico-gastronorm-polipropileno-13-800x800-1.jpg\",\"datePublished\":\"2023-05-04T21:49:39+00:00\",\"dateModified\":\"2024-02-05T10:04:51+00:00\",\"breadcrumb\":{\"@id\":\"https:\\\/\\\/suministressantfeliu.com\\\/comprar\\\/caja-de-6-cubeta-alimentaria-gastronorm-polipropileno-1-3-con-tapa-hermetica-araven\\\/#breadcrumb\"},\"inLanguage\":\"es\",\"potentialAction\":[{\"@type\":\"ReadAction\",\"target\":[\"https:\\\/\\\/suministressantfeliu.com\\\/comprar\\\/caja-de-6-cubeta-alimentaria-gastronorm-polipropileno-1-3-con-tapa-hermetica-araven\\\/\"]}]},{\"@type\":\"ImageObject\",\"inLanguage\":\"es\",\"@id\":\"https:\\\/\\\/suministressantfeliu.com\\\/comprar\\\/caja-de-6-cubeta-alimentaria-gastronorm-polipropileno-1-3-con-tapa-hermetica-araven\\\/#primaryimage\",\"url\":\"https:\\\/\\\/suministressantfeliu.com\\\/comprar\\\/wp-content\\\/uploads\\\/2023\\\/04\\\/tupper-hermetico-gastronorm-polipropileno-13-800x800-1.jpg\",\"contentUrl\":\"https:\\\/\\\/suministressantfeliu.com\\\/comprar\\\/wp-content\\\/uploads\\\/2023\\\/04\\\/tupper-hermetico-gastronorm-polipropileno-13-800x800-1.jpg\",\"width\":800,\"height\":633,\"caption\":\"cubeta gastronorm polipropileno 1\\\/3\"},{\"@type\":\"BreadcrumbList\",\"@id\":\"https:\\\/\\\/suministressantfeliu.com\\\/comprar\\\/caja-de-6-cubeta-alimentaria-gastronorm-polipropileno-1-3-con-tapa-hermetica-araven\\\/#breadcrumb\",\"itemListElement\":[{\"@type\":\"ListItem\",\"position\":1,\"name\":\"Portada\",\"item\":\"https:\\\/\\\/suministressantfeliu.com\\\/comprar\\\/\"},{\"@type\":\"ListItem\",\"position\":2,\"name\":\"Tienda\",\"item\":\"https:\\\/\\\/suministressantfeliu.com\\\/comprar\\\/tienda\\\/\"},{\"@type\":\"ListItem\",\"position\":3,\"name\":\"Caja de 6 Cubeta Alimentaria Gastronorm Polipropileno 1\\\/3 con tapa hermetica Araven\"}]},{\"@type\":\"WebSite\",\"@id\":\"https:\\\/\\\/suministressantfeliu.com\\\/comprar\\\/#website\",\"url\":\"https:\\\/\\\/suministressantfeliu.com\\\/comprar\\\/\",\"name\":\"Productos hosteler\u00eda\",\"description\":\"Venta de suministros profesionales para hosteler\u00eda\",\"publisher\":{\"@id\":\"https:\\\/\\\/suministressantfeliu.com\\\/comprar\\\/#organization\"},\"potentialAction\":[{\"@type\":\"SearchAction\",\"target\":{\"@type\":\"EntryPoint\",\"urlTemplate\":\"https:\\\/\\\/suministressantfeliu.com\\\/comprar\\\/?s={search_term_string}\"},\"query-input\":{\"@type\":\"PropertyValueSpecification\",\"valueRequired\":true,\"valueName\":\"search_term_string\"}}],\"inLanguage\":\"es\"},{\"@type\":\"Organization\",\"@id\":\"https:\\\/\\\/suministressantfeliu.com\\\/comprar\\\/#organization\",\"name\":\"Suministres Sant Feliu hosteleria\",\"url\":\"https:\\\/\\\/suministressantfeliu.com\\\/comprar\\\/\",\"logo\":{\"@type\":\"ImageObject\",\"inLanguage\":\"es\",\"@id\":\"https:\\\/\\\/suministressantfeliu.com\\\/comprar\\\/#\\\/schema\\\/logo\\\/image\\\/\",\"url\":\"https:\\\/\\\/suministressantfeliu.com\\\/comprar\\\/wp-content\\\/uploads\\\/2021\\\/03\\\/cropped-suministres-sant-feliu-logo.png\",\"contentUrl\":\"https:\\\/\\\/suministressantfeliu.com\\\/comprar\\\/wp-content\\\/uploads\\\/2021\\\/03\\\/cropped-suministres-sant-feliu-logo.png\",\"width\":668,\"height\":668,\"caption\":\"Suministres Sant Feliu hosteleria\"},\"image\":{\"@id\":\"https:\\\/\\\/suministressantfeliu.com\\\/comprar\\\/#\\\/schema\\\/logo\\\/image\\\/\"}}]}<\/script>\n<!-- \/ Yoast SEO plugin. -->","yoast_head_json":{"title":"Caja de 6 Cubeta Alimentaria Gastronorm Polipropileno 1\/3 con tapa hermetica Araven - Venta Productos de hosteler\u00eda Barcelona","robots":{"index":"index","follow":"follow","max-snippet":"max-snippet:-1","max-image-preview":"max-image-preview:large","max-video-preview":"max-video-preview:-1"},"canonical":"https:\/\/suministressantfeliu.com\/comprar\/caja-de-6-cubeta-alimentaria-gastronorm-polipropileno-1-3-con-tapa-hermetica-araven\/","og_locale":"es_ES","og_type":"article","og_title":"Caja de 6 Cubeta Alimentaria Gastronorm Polipropileno 1\/3 con tapa hermetica Araven - Venta Productos de hosteler\u00eda Barcelona","og_description":"Caja de 6 Cubeta Alimentaria Gastronorm Polipropileno 1\/3 con tapa hermetica Araven","og_url":"https:\/\/suministressantfeliu.com\/comprar\/caja-de-6-cubeta-alimentaria-gastronorm-polipropileno-1-3-con-tapa-hermetica-araven\/","og_site_name":"Venta Productos de hosteler\u00eda Barcelona","article_modified_time":"2024-02-05T10:04:51+00:00","og_image":[{"width":800,"height":633,"url":"https:\/\/suministressantfeliu.com\/comprar\/wp-content\/uploads\/2023\/04\/tupper-hermetico-gastronorm-polipropileno-13-800x800-1.jpg","type":"image\/jpeg"}],"twitter_card":"summary_large_image","twitter_misc":{"Tiempo de lectura":"3 minutos"},"schema":{"@context":"https:\/\/schema.org","@graph":[{"@type":"WebPage","@id":"https:\/\/suministressantfeliu.com\/comprar\/caja-de-6-cubeta-alimentaria-gastronorm-polipropileno-1-3-con-tapa-hermetica-araven\/","url":"https:\/\/suministressantfeliu.com\/comprar\/caja-de-6-cubeta-alimentaria-gastronorm-polipropileno-1-3-con-tapa-hermetica-araven\/","name":"Caja de 6 Cubeta Alimentaria Gastronorm Polipropileno 1\/3 con tapa hermetica Araven - Venta Productos de hosteler\u00eda Barcelona","isPartOf":{"@id":"https:\/\/suministressantfeliu.com\/comprar\/#website"},"primaryImageOfPage":{"@id":"https:\/\/suministressantfeliu.com\/comprar\/caja-de-6-cubeta-alimentaria-gastronorm-polipropileno-1-3-con-tapa-hermetica-araven\/#primaryimage"},"image":{"@id":"https:\/\/suministressantfeliu.com\/comprar\/caja-de-6-cubeta-alimentaria-gastronorm-polipropileno-1-3-con-tapa-hermetica-araven\/#primaryimage"},"thumbnailUrl":"https:\/\/suministressantfeliu.com\/comprar\/wp-content\/uploads\/2023\/04\/tupper-hermetico-gastronorm-polipropileno-13-800x800-1.jpg","datePublished":"2023-05-04T21:49:39+00:00","dateModified":"2024-02-05T10:04:51+00:00","breadcrumb":{"@id":"https:\/\/suministressantfeliu.com\/comprar\/caja-de-6-cubeta-alimentaria-gastronorm-polipropileno-1-3-con-tapa-hermetica-araven\/#breadcrumb"},"inLanguage":"es","potentialAction":[{"@type":"ReadAction","target":["https:\/\/suministressantfeliu.com\/comprar\/caja-de-6-cubeta-alimentaria-gastronorm-polipropileno-1-3-con-tapa-hermetica-araven\/"]}]},{"@type":"ImageObject","inLanguage":"es","@id":"https:\/\/suministressantfeliu.com\/comprar\/caja-de-6-cubeta-alimentaria-gastronorm-polipropileno-1-3-con-tapa-hermetica-araven\/#primaryimage","url":"https:\/\/suministressantfeliu.com\/comprar\/wp-content\/uploads\/2023\/04\/tupper-hermetico-gastronorm-polipropileno-13-800x800-1.jpg","contentUrl":"https:\/\/suministressantfeliu.com\/comprar\/wp-content\/uploads\/2023\/04\/tupper-hermetico-gastronorm-polipropileno-13-800x800-1.jpg","width":800,"height":633,"caption":"cubeta gastronorm polipropileno 1\/3"},{"@type":"BreadcrumbList","@id":"https:\/\/suministressantfeliu.com\/comprar\/caja-de-6-cubeta-alimentaria-gastronorm-polipropileno-1-3-con-tapa-hermetica-araven\/#breadcrumb","itemListElement":[{"@type":"ListItem","position":1,"name":"Portada","item":"https:\/\/suministressantfeliu.com\/comprar\/"},{"@type":"ListItem","position":2,"name":"Tienda","item":"https:\/\/suministressantfeliu.com\/comprar\/tienda\/"},{"@type":"ListItem","position":3,"name":"Caja de 6 Cubeta Alimentaria Gastronorm Polipropileno 1\/3 con tapa hermetica Araven"}]},{"@type":"WebSite","@id":"https:\/\/suministressantfeliu.com\/comprar\/#website","url":"https:\/\/suministressantfeliu.com\/comprar\/","name":"Productos hosteler\u00eda","description":"Venta de suministros profesionales para hosteler\u00eda","publisher":{"@id":"https:\/\/suministressantfeliu.com\/comprar\/#organization"},"potentialAction":[{"@type":"SearchAction","target":{"@type":"EntryPoint","urlTemplate":"https:\/\/suministressantfeliu.com\/comprar\/?s={search_term_string}"},"query-input":{"@type":"PropertyValueSpecification","valueRequired":true,"valueName":"search_term_string"}}],"inLanguage":"es"},{"@type":"Organization","@id":"https:\/\/suministressantfeliu.com\/comprar\/#organization","name":"Suministres Sant Feliu hosteleria","url":"https:\/\/suministressantfeliu.com\/comprar\/","logo":{"@type":"ImageObject","inLanguage":"es","@id":"https:\/\/suministressantfeliu.com\/comprar\/#\/schema\/logo\/image\/","url":"https:\/\/suministressantfeliu.com\/comprar\/wp-content\/uploads\/2021\/03\/cropped-suministres-sant-feliu-logo.png","contentUrl":"https:\/\/suministressantfeliu.com\/comprar\/wp-content\/uploads\/2021\/03\/cropped-suministres-sant-feliu-logo.png","width":668,"height":668,"caption":"Suministres Sant Feliu hosteleria"},"image":{"@id":"https:\/\/suministressantfeliu.com\/comprar\/#\/schema\/logo\/image\/"}}]}},"_links":{"self":[{"href":"https:\/\/suministressantfeliu.com\/comprar\/wp-json\/wp\/v2\/product\/8929","targetHints":{"allow":["GET"]}}],"collection":[{"href":"https:\/\/suministressantfeliu.com\/comprar\/wp-json\/wp\/v2\/product"}],"about":[{"href":"https:\/\/suministressantfeliu.com\/comprar\/wp-json\/wp\/v2\/types\/product"}],"wp:featuredmedia":[{"embeddable":true,"href":"https:\/\/suministressantfeliu.com\/comprar\/wp-json\/wp\/v2\/media\/3721"}],"wp:attachment":[{"href":"https:\/\/suministressantfeliu.com\/comprar\/wp-json\/wp\/v2\/media?parent=8929"}],"wp:term":[{"taxonomy":"product_brand","embeddable":true,"href":"https:\/\/suministressantfeliu.com\/comprar\/wp-json\/wp\/v2\/product_brand?post=8929"},{"taxonomy":"product_cat","embeddable":true,"href":"https:\/\/suministressantfeliu.com\/comprar\/wp-json\/wp\/v2\/product_cat?post=8929"},{"taxonomy":"product_tag","embeddable":true,"href":"https:\/\/suministressantfeliu.com\/comprar\/wp-json\/wp\/v2\/product_tag?post=8929"}],"curies":[{"name":"wp","href":"https:\/\/api.w.org\/{rel}","templated":true}]}}