{"id":8926,"date":"2023-05-04T21:49:38","date_gmt":"2023-05-04T21:49:38","guid":{"rendered":"https:\/\/suministressantfeliu.com\/comprar\/bolsas-de-vacio-80-micras-2030-cm\/"},"modified":"2023-11-16T16:36:32","modified_gmt":"2023-11-16T16:36:32","slug":"bolsas-de-envasar-al-vacio-90-micras-varias-medidas-en-paquetes-de-100","status":"publish","type":"product","link":"https:\/\/suministressantfeliu.com\/comprar\/bolsas-de-envasar-al-vacio-90-micras-varias-medidas-en-paquetes-de-100\/","title":{"rendered":"Bolsas de Envasar al  Vac\u00edo 90 micras Varias Medidas en Paquetes de 100"},"content":{"rendered":"<p>Las\u00a0<b>bolsas al vac\u00edo<\/b>\u00a0son ideales para envasar al vac\u00edo una gran cantidad de productos.\u00a0<strong>Apta para envasar productos alimenticios<\/strong>: carnes, pescados, embutidos, verduras, fruta, etc.<\/p>\n<p>&nbsp;<\/p>\n<h2><strong>\u00bfPor qu\u00e9 comprar bolsa al vac\u00edo?<\/strong><\/h2>\n<p>&nbsp;<\/p>\n<p>Nuestras bolsas son aptas para envasadoras dom\u00e9sticas y\/o industriales. Est\u00e1n certificada con la normativa europea Food Contact, y esto quiere decir que la bolsa puede estar en contacto con el alimento, ya que no desprender ning\u00fan elemento nocivo para la salud.<\/p>\n<p>&nbsp;<\/p>\n<p><strong>Todas nuestras bolsas son 100% reciclables.<\/strong><\/p>\n","protected":false},"excerpt":{"rendered":"<p>Bolsas de Envasar al Vac\u00edo 90 micras Varias Medidas en Paquetes de 100<\/p>\n","protected":false},"featured_media":3754,"template":"","meta":[],"product_brand":[],"product_cat":[1120],"product_tag":[],"class_list":{"0":"post-8926","1":"product","2":"type-product","3":"status-publish","4":"has-post-thumbnail","6":"product_cat-utensilios-cocina-hosteleria","8":"first","9":"instock","10":"sale","11":"taxable","12":"shipping-taxable","13":"purchasable","14":"product-type-variable"},"yoast_head":"<!-- This site is optimized with the Yoast SEO plugin v27.5 - https:\/\/yoast.com\/product\/yoast-seo-wordpress\/ -->\n<title>Bolsas de Envasar al Vac\u00edo 90 micras Varias Medidas en Paquetes de 100 - Venta Productos de hosteler\u00eda Barcelona<\/title>\n<meta name=\"robots\" content=\"index, follow, max-snippet:-1, max-image-preview:large, max-video-preview:-1\" \/>\n<link rel=\"canonical\" href=\"https:\/\/suministressantfeliu.com\/comprar\/bolsas-de-envasar-al-vacio-90-micras-varias-medidas-en-paquetes-de-100\/\" \/>\n<meta property=\"og:locale\" content=\"es_ES\" \/>\n<meta property=\"og:type\" content=\"article\" \/>\n<meta property=\"og:title\" content=\"Bolsas de Envasar al Vac\u00edo 90 micras Varias Medidas en Paquetes de 100 - Venta Productos de hosteler\u00eda Barcelona\" \/>\n<meta property=\"og:description\" content=\"Bolsas de Envasar al Vac\u00edo 90 micras Varias Medidas en Paquetes de 100\" \/>\n<meta property=\"og:url\" content=\"https:\/\/suministressantfeliu.com\/comprar\/bolsas-de-envasar-al-vacio-90-micras-varias-medidas-en-paquetes-de-100\/\" \/>\n<meta property=\"og:site_name\" content=\"Venta Productos de hosteler\u00eda Barcelona\" \/>\n<meta property=\"article:modified_time\" content=\"2023-11-16T16:36:32+00:00\" \/>\n<meta property=\"og:image\" content=\"https:\/\/suministressantfeliu.com\/comprar\/wp-content\/uploads\/2023\/04\/bolsas-de-vacio-80-micras-800x800-1.jpg\" \/>\n\t<meta property=\"og:image:width\" content=\"800\" \/>\n\t<meta property=\"og:image:height\" content=\"667\" \/>\n\t<meta property=\"og:image:type\" content=\"image\/jpeg\" \/>\n<meta name=\"twitter:card\" content=\"summary_large_image\" \/>\n<meta name=\"twitter:label1\" content=\"Tiempo de lectura\" \/>\n\t<meta name=\"twitter:data1\" content=\"1 minuto\" \/>\n<script type=\"application\/ld+json\" class=\"yoast-schema-graph\">{\"@context\":\"https:\\\/\\\/schema.org\",\"@graph\":[{\"@type\":\"WebPage\",\"@id\":\"https:\\\/\\\/suministressantfeliu.com\\\/comprar\\\/bolsas-de-envasar-al-vacio-90-micras-varias-medidas-en-paquetes-de-100\\\/\",\"url\":\"https:\\\/\\\/suministressantfeliu.com\\\/comprar\\\/bolsas-de-envasar-al-vacio-90-micras-varias-medidas-en-paquetes-de-100\\\/\",\"name\":\"Bolsas de Envasar al Vac\u00edo 90 micras Varias Medidas en Paquetes de 100 - Venta Productos de hosteler\u00eda Barcelona\",\"isPartOf\":{\"@id\":\"https:\\\/\\\/suministressantfeliu.com\\\/comprar\\\/#website\"},\"primaryImageOfPage\":{\"@id\":\"https:\\\/\\\/suministressantfeliu.com\\\/comprar\\\/bolsas-de-envasar-al-vacio-90-micras-varias-medidas-en-paquetes-de-100\\\/#primaryimage\"},\"image\":{\"@id\":\"https:\\\/\\\/suministressantfeliu.com\\\/comprar\\\/bolsas-de-envasar-al-vacio-90-micras-varias-medidas-en-paquetes-de-100\\\/#primaryimage\"},\"thumbnailUrl\":\"https:\\\/\\\/suministressantfeliu.com\\\/comprar\\\/wp-content\\\/uploads\\\/2023\\\/04\\\/bolsas-de-vacio-80-micras-800x800-1.jpg\",\"datePublished\":\"2023-05-04T21:49:38+00:00\",\"dateModified\":\"2023-11-16T16:36:32+00:00\",\"breadcrumb\":{\"@id\":\"https:\\\/\\\/suministressantfeliu.com\\\/comprar\\\/bolsas-de-envasar-al-vacio-90-micras-varias-medidas-en-paquetes-de-100\\\/#breadcrumb\"},\"inLanguage\":\"es\",\"potentialAction\":[{\"@type\":\"ReadAction\",\"target\":[\"https:\\\/\\\/suministressantfeliu.com\\\/comprar\\\/bolsas-de-envasar-al-vacio-90-micras-varias-medidas-en-paquetes-de-100\\\/\"]}]},{\"@type\":\"ImageObject\",\"inLanguage\":\"es\",\"@id\":\"https:\\\/\\\/suministressantfeliu.com\\\/comprar\\\/bolsas-de-envasar-al-vacio-90-micras-varias-medidas-en-paquetes-de-100\\\/#primaryimage\",\"url\":\"https:\\\/\\\/suministressantfeliu.com\\\/comprar\\\/wp-content\\\/uploads\\\/2023\\\/04\\\/bolsas-de-vacio-80-micras-800x800-1.jpg\",\"contentUrl\":\"https:\\\/\\\/suministressantfeliu.com\\\/comprar\\\/wp-content\\\/uploads\\\/2023\\\/04\\\/bolsas-de-vacio-80-micras-800x800-1.jpg\",\"width\":800,\"height\":667},{\"@type\":\"BreadcrumbList\",\"@id\":\"https:\\\/\\\/suministressantfeliu.com\\\/comprar\\\/bolsas-de-envasar-al-vacio-90-micras-varias-medidas-en-paquetes-de-100\\\/#breadcrumb\",\"itemListElement\":[{\"@type\":\"ListItem\",\"position\":1,\"name\":\"Portada\",\"item\":\"https:\\\/\\\/suministressantfeliu.com\\\/comprar\\\/\"},{\"@type\":\"ListItem\",\"position\":2,\"name\":\"Tienda\",\"item\":\"https:\\\/\\\/suministressantfeliu.com\\\/comprar\\\/tienda\\\/\"},{\"@type\":\"ListItem\",\"position\":3,\"name\":\"Bolsas de Envasar al Vac\u00edo 90 micras Varias Medidas en Paquetes de 100\"}]},{\"@type\":\"WebSite\",\"@id\":\"https:\\\/\\\/suministressantfeliu.com\\\/comprar\\\/#website\",\"url\":\"https:\\\/\\\/suministressantfeliu.com\\\/comprar\\\/\",\"name\":\"Productos hosteler\u00eda\",\"description\":\"Venta de suministros profesionales para hosteler\u00eda\",\"publisher\":{\"@id\":\"https:\\\/\\\/suministressantfeliu.com\\\/comprar\\\/#organization\"},\"potentialAction\":[{\"@type\":\"SearchAction\",\"target\":{\"@type\":\"EntryPoint\",\"urlTemplate\":\"https:\\\/\\\/suministressantfeliu.com\\\/comprar\\\/?s={search_term_string}\"},\"query-input\":{\"@type\":\"PropertyValueSpecification\",\"valueRequired\":true,\"valueName\":\"search_term_string\"}}],\"inLanguage\":\"es\"},{\"@type\":\"Organization\",\"@id\":\"https:\\\/\\\/suministressantfeliu.com\\\/comprar\\\/#organization\",\"name\":\"Suministres Sant Feliu hosteleria\",\"url\":\"https:\\\/\\\/suministressantfeliu.com\\\/comprar\\\/\",\"logo\":{\"@type\":\"ImageObject\",\"inLanguage\":\"es\",\"@id\":\"https:\\\/\\\/suministressantfeliu.com\\\/comprar\\\/#\\\/schema\\\/logo\\\/image\\\/\",\"url\":\"https:\\\/\\\/suministressantfeliu.com\\\/comprar\\\/wp-content\\\/uploads\\\/2021\\\/03\\\/cropped-suministres-sant-feliu-logo.png\",\"contentUrl\":\"https:\\\/\\\/suministressantfeliu.com\\\/comprar\\\/wp-content\\\/uploads\\\/2021\\\/03\\\/cropped-suministres-sant-feliu-logo.png\",\"width\":668,\"height\":668,\"caption\":\"Suministres Sant Feliu hosteleria\"},\"image\":{\"@id\":\"https:\\\/\\\/suministressantfeliu.com\\\/comprar\\\/#\\\/schema\\\/logo\\\/image\\\/\"}}]}<\/script>\n<!-- \/ Yoast SEO plugin. -->","yoast_head_json":{"title":"Bolsas de Envasar al Vac\u00edo 90 micras Varias Medidas en Paquetes de 100 - Venta Productos de hosteler\u00eda Barcelona","robots":{"index":"index","follow":"follow","max-snippet":"max-snippet:-1","max-image-preview":"max-image-preview:large","max-video-preview":"max-video-preview:-1"},"canonical":"https:\/\/suministressantfeliu.com\/comprar\/bolsas-de-envasar-al-vacio-90-micras-varias-medidas-en-paquetes-de-100\/","og_locale":"es_ES","og_type":"article","og_title":"Bolsas de Envasar al Vac\u00edo 90 micras Varias Medidas en Paquetes de 100 - Venta Productos de hosteler\u00eda Barcelona","og_description":"Bolsas de Envasar al Vac\u00edo 90 micras Varias Medidas en Paquetes de 100","og_url":"https:\/\/suministressantfeliu.com\/comprar\/bolsas-de-envasar-al-vacio-90-micras-varias-medidas-en-paquetes-de-100\/","og_site_name":"Venta Productos de hosteler\u00eda Barcelona","article_modified_time":"2023-11-16T16:36:32+00:00","og_image":[{"width":800,"height":667,"url":"https:\/\/suministressantfeliu.com\/comprar\/wp-content\/uploads\/2023\/04\/bolsas-de-vacio-80-micras-800x800-1.jpg","type":"image\/jpeg"}],"twitter_card":"summary_large_image","twitter_misc":{"Tiempo de lectura":"1 minuto"},"schema":{"@context":"https:\/\/schema.org","@graph":[{"@type":"WebPage","@id":"https:\/\/suministressantfeliu.com\/comprar\/bolsas-de-envasar-al-vacio-90-micras-varias-medidas-en-paquetes-de-100\/","url":"https:\/\/suministressantfeliu.com\/comprar\/bolsas-de-envasar-al-vacio-90-micras-varias-medidas-en-paquetes-de-100\/","name":"Bolsas de Envasar al Vac\u00edo 90 micras Varias Medidas en Paquetes de 100 - Venta Productos de hosteler\u00eda Barcelona","isPartOf":{"@id":"https:\/\/suministressantfeliu.com\/comprar\/#website"},"primaryImageOfPage":{"@id":"https:\/\/suministressantfeliu.com\/comprar\/bolsas-de-envasar-al-vacio-90-micras-varias-medidas-en-paquetes-de-100\/#primaryimage"},"image":{"@id":"https:\/\/suministressantfeliu.com\/comprar\/bolsas-de-envasar-al-vacio-90-micras-varias-medidas-en-paquetes-de-100\/#primaryimage"},"thumbnailUrl":"https:\/\/suministressantfeliu.com\/comprar\/wp-content\/uploads\/2023\/04\/bolsas-de-vacio-80-micras-800x800-1.jpg","datePublished":"2023-05-04T21:49:38+00:00","dateModified":"2023-11-16T16:36:32+00:00","breadcrumb":{"@id":"https:\/\/suministressantfeliu.com\/comprar\/bolsas-de-envasar-al-vacio-90-micras-varias-medidas-en-paquetes-de-100\/#breadcrumb"},"inLanguage":"es","potentialAction":[{"@type":"ReadAction","target":["https:\/\/suministressantfeliu.com\/comprar\/bolsas-de-envasar-al-vacio-90-micras-varias-medidas-en-paquetes-de-100\/"]}]},{"@type":"ImageObject","inLanguage":"es","@id":"https:\/\/suministressantfeliu.com\/comprar\/bolsas-de-envasar-al-vacio-90-micras-varias-medidas-en-paquetes-de-100\/#primaryimage","url":"https:\/\/suministressantfeliu.com\/comprar\/wp-content\/uploads\/2023\/04\/bolsas-de-vacio-80-micras-800x800-1.jpg","contentUrl":"https:\/\/suministressantfeliu.com\/comprar\/wp-content\/uploads\/2023\/04\/bolsas-de-vacio-80-micras-800x800-1.jpg","width":800,"height":667},{"@type":"BreadcrumbList","@id":"https:\/\/suministressantfeliu.com\/comprar\/bolsas-de-envasar-al-vacio-90-micras-varias-medidas-en-paquetes-de-100\/#breadcrumb","itemListElement":[{"@type":"ListItem","position":1,"name":"Portada","item":"https:\/\/suministressantfeliu.com\/comprar\/"},{"@type":"ListItem","position":2,"name":"Tienda","item":"https:\/\/suministressantfeliu.com\/comprar\/tienda\/"},{"@type":"ListItem","position":3,"name":"Bolsas de Envasar al Vac\u00edo 90 micras Varias Medidas en Paquetes de 100"}]},{"@type":"WebSite","@id":"https:\/\/suministressantfeliu.com\/comprar\/#website","url":"https:\/\/suministressantfeliu.com\/comprar\/","name":"Productos hosteler\u00eda","description":"Venta de suministros profesionales para hosteler\u00eda","publisher":{"@id":"https:\/\/suministressantfeliu.com\/comprar\/#organization"},"potentialAction":[{"@type":"SearchAction","target":{"@type":"EntryPoint","urlTemplate":"https:\/\/suministressantfeliu.com\/comprar\/?s={search_term_string}"},"query-input":{"@type":"PropertyValueSpecification","valueRequired":true,"valueName":"search_term_string"}}],"inLanguage":"es"},{"@type":"Organization","@id":"https:\/\/suministressantfeliu.com\/comprar\/#organization","name":"Suministres Sant Feliu hosteleria","url":"https:\/\/suministressantfeliu.com\/comprar\/","logo":{"@type":"ImageObject","inLanguage":"es","@id":"https:\/\/suministressantfeliu.com\/comprar\/#\/schema\/logo\/image\/","url":"https:\/\/suministressantfeliu.com\/comprar\/wp-content\/uploads\/2021\/03\/cropped-suministres-sant-feliu-logo.png","contentUrl":"https:\/\/suministressantfeliu.com\/comprar\/wp-content\/uploads\/2021\/03\/cropped-suministres-sant-feliu-logo.png","width":668,"height":668,"caption":"Suministres Sant Feliu hosteleria"},"image":{"@id":"https:\/\/suministressantfeliu.com\/comprar\/#\/schema\/logo\/image\/"}}]}},"_links":{"self":[{"href":"https:\/\/suministressantfeliu.com\/comprar\/wp-json\/wp\/v2\/product\/8926","targetHints":{"allow":["GET"]}}],"collection":[{"href":"https:\/\/suministressantfeliu.com\/comprar\/wp-json\/wp\/v2\/product"}],"about":[{"href":"https:\/\/suministressantfeliu.com\/comprar\/wp-json\/wp\/v2\/types\/product"}],"wp:featuredmedia":[{"embeddable":true,"href":"https:\/\/suministressantfeliu.com\/comprar\/wp-json\/wp\/v2\/media\/3754"}],"wp:attachment":[{"href":"https:\/\/suministressantfeliu.com\/comprar\/wp-json\/wp\/v2\/media?parent=8926"}],"wp:term":[{"taxonomy":"product_brand","embeddable":true,"href":"https:\/\/suministressantfeliu.com\/comprar\/wp-json\/wp\/v2\/product_brand?post=8926"},{"taxonomy":"product_cat","embeddable":true,"href":"https:\/\/suministressantfeliu.com\/comprar\/wp-json\/wp\/v2\/product_cat?post=8926"},{"taxonomy":"product_tag","embeddable":true,"href":"https:\/\/suministressantfeliu.com\/comprar\/wp-json\/wp\/v2\/product_tag?post=8926"}],"curies":[{"name":"wp","href":"https:\/\/api.w.org\/{rel}","templated":true}]}}