{"id":8920,"date":"2023-05-04T21:49:35","date_gmt":"2023-05-04T21:49:35","guid":{"rendered":"https:\/\/suministressantfeliu.com\/comprar\/bobina-de-film-transparente-industrial-pvc-30250-metros\/"},"modified":"2024-01-23T15:03:45","modified_gmt":"2024-01-23T15:03:45","slug":"bobina-de-pvc-film-transparente-alimentario-caja-de-3-bobinas","status":"publish","type":"product","link":"https:\/\/suministressantfeliu.com\/comprar\/bobina-de-pvc-film-transparente-alimentario-caja-de-3-bobinas\/","title":{"rendered":"Bobina de PVC Film Transparente Alimentario caja de 3 bobinas"},"content":{"rendered":"<p>\u00bfQuieres mantener tus alimentos frescos y protegidos por m\u00e1s tiempo? Las <strong>bobinas film alimentario PVC,\u00a0<\/strong>indispensables en la Restauraci\u00f3n y Hosteler\u00eda, deben estar en toda cocina que se aprecie<\/p>\n<p>Con nuestros\u00a0<strong>rollos de film transparente para alimentos<\/strong>, podr\u00e1s proteger tus comidas de manera higi\u00e9nica y sin riesgo. \u00a1Olvida las manchas y ensuciamientos! Con el film transparente alimentario, cocinar, proteger, guardar y transportar tus alimentos ser\u00e1 m\u00e1s f\u00e1cil y c\u00f3modo que nunca. No esperes m\u00e1s y haz tu pedido en Monouso, \u00a1te garantizamos calidad y precios competitivos!<\/p>\n<ul>\n<li>Protege y conserva los alimentos de manera higi\u00e9nica.<\/li>\n<li>Con diferentes medidas para abarcar todas tus necesidades.<\/li>\n<li>Comodidad, higiene y calidad a precios competitivos.<\/li>\n<\/ul>\n","protected":false},"excerpt":{"rendered":"<p>Bobina de PVC Film Transparente Alimentario caja de 3 bobinas<\/p>\n","protected":false},"featured_media":9119,"template":"","meta":[],"product_brand":[],"product_cat":[1120],"product_tag":[],"class_list":{"0":"post-8920","1":"product","2":"type-product","3":"status-publish","4":"has-post-thumbnail","6":"product_cat-utensilios-cocina-hosteleria","8":"first","9":"instock","10":"sale","11":"taxable","12":"shipping-taxable","13":"purchasable","14":"product-type-variable"},"yoast_head":"<!-- This site is optimized with the Yoast SEO plugin v27.5 - https:\/\/yoast.com\/product\/yoast-seo-wordpress\/ -->\n<title>Bobina de PVC Film Transparente Alimentario caja de 3 bobinas - Venta Productos de hosteler\u00eda Barcelona<\/title>\n<meta name=\"robots\" content=\"index, follow, max-snippet:-1, max-image-preview:large, max-video-preview:-1\" \/>\n<link rel=\"canonical\" href=\"https:\/\/suministressantfeliu.com\/comprar\/bobina-de-pvc-film-transparente-alimentario-caja-de-3-bobinas\/\" \/>\n<meta property=\"og:locale\" content=\"es_ES\" \/>\n<meta property=\"og:type\" content=\"article\" \/>\n<meta property=\"og:title\" content=\"Bobina de PVC Film Transparente Alimentario caja de 3 bobinas - Venta Productos de hosteler\u00eda Barcelona\" \/>\n<meta property=\"og:description\" content=\"Bobina de PVC Film Transparente Alimentario caja de 3 bobinas\" \/>\n<meta property=\"og:url\" content=\"https:\/\/suministressantfeliu.com\/comprar\/bobina-de-pvc-film-transparente-alimentario-caja-de-3-bobinas\/\" \/>\n<meta property=\"og:site_name\" content=\"Venta Productos de hosteler\u00eda Barcelona\" \/>\n<meta property=\"article:modified_time\" content=\"2024-01-23T15:03:45+00:00\" \/>\n<meta property=\"og:image\" content=\"https:\/\/suministressantfeliu.com\/comprar\/wp-content\/uploads\/2023\/05\/bobina-de-film-transparente-industrial-pvc-800x800-1.jpg\" \/>\n\t<meta property=\"og:image:width\" content=\"800\" \/>\n\t<meta property=\"og:image:height\" content=\"800\" \/>\n\t<meta property=\"og:image:type\" content=\"image\/jpeg\" \/>\n<meta name=\"twitter:card\" content=\"summary_large_image\" \/>\n<meta name=\"twitter:label1\" content=\"Tiempo de lectura\" \/>\n\t<meta name=\"twitter:data1\" content=\"1 minuto\" \/>\n<script type=\"application\/ld+json\" class=\"yoast-schema-graph\">{\"@context\":\"https:\\\/\\\/schema.org\",\"@graph\":[{\"@type\":\"WebPage\",\"@id\":\"https:\\\/\\\/suministressantfeliu.com\\\/comprar\\\/bobina-de-pvc-film-transparente-alimentario-caja-de-3-bobinas\\\/\",\"url\":\"https:\\\/\\\/suministressantfeliu.com\\\/comprar\\\/bobina-de-pvc-film-transparente-alimentario-caja-de-3-bobinas\\\/\",\"name\":\"Bobina de PVC Film Transparente Alimentario caja de 3 bobinas - Venta Productos de hosteler\u00eda Barcelona\",\"isPartOf\":{\"@id\":\"https:\\\/\\\/suministressantfeliu.com\\\/comprar\\\/#website\"},\"primaryImageOfPage\":{\"@id\":\"https:\\\/\\\/suministressantfeliu.com\\\/comprar\\\/bobina-de-pvc-film-transparente-alimentario-caja-de-3-bobinas\\\/#primaryimage\"},\"image\":{\"@id\":\"https:\\\/\\\/suministressantfeliu.com\\\/comprar\\\/bobina-de-pvc-film-transparente-alimentario-caja-de-3-bobinas\\\/#primaryimage\"},\"thumbnailUrl\":\"https:\\\/\\\/suministressantfeliu.com\\\/comprar\\\/wp-content\\\/uploads\\\/2023\\\/05\\\/bobina-de-film-transparente-industrial-pvc-800x800-1.jpg\",\"datePublished\":\"2023-05-04T21:49:35+00:00\",\"dateModified\":\"2024-01-23T15:03:45+00:00\",\"breadcrumb\":{\"@id\":\"https:\\\/\\\/suministressantfeliu.com\\\/comprar\\\/bobina-de-pvc-film-transparente-alimentario-caja-de-3-bobinas\\\/#breadcrumb\"},\"inLanguage\":\"es\",\"potentialAction\":[{\"@type\":\"ReadAction\",\"target\":[\"https:\\\/\\\/suministressantfeliu.com\\\/comprar\\\/bobina-de-pvc-film-transparente-alimentario-caja-de-3-bobinas\\\/\"]}]},{\"@type\":\"ImageObject\",\"inLanguage\":\"es\",\"@id\":\"https:\\\/\\\/suministressantfeliu.com\\\/comprar\\\/bobina-de-pvc-film-transparente-alimentario-caja-de-3-bobinas\\\/#primaryimage\",\"url\":\"https:\\\/\\\/suministressantfeliu.com\\\/comprar\\\/wp-content\\\/uploads\\\/2023\\\/05\\\/bobina-de-film-transparente-industrial-pvc-800x800-1.jpg\",\"contentUrl\":\"https:\\\/\\\/suministressantfeliu.com\\\/comprar\\\/wp-content\\\/uploads\\\/2023\\\/05\\\/bobina-de-film-transparente-industrial-pvc-800x800-1.jpg\",\"width\":800,\"height\":800,\"caption\":\"bobina film pvc transparente\"},{\"@type\":\"BreadcrumbList\",\"@id\":\"https:\\\/\\\/suministressantfeliu.com\\\/comprar\\\/bobina-de-pvc-film-transparente-alimentario-caja-de-3-bobinas\\\/#breadcrumb\",\"itemListElement\":[{\"@type\":\"ListItem\",\"position\":1,\"name\":\"Portada\",\"item\":\"https:\\\/\\\/suministressantfeliu.com\\\/comprar\\\/\"},{\"@type\":\"ListItem\",\"position\":2,\"name\":\"Tienda\",\"item\":\"https:\\\/\\\/suministressantfeliu.com\\\/comprar\\\/tienda\\\/\"},{\"@type\":\"ListItem\",\"position\":3,\"name\":\"Bobina de PVC Film Transparente Alimentario caja de 3 bobinas\"}]},{\"@type\":\"WebSite\",\"@id\":\"https:\\\/\\\/suministressantfeliu.com\\\/comprar\\\/#website\",\"url\":\"https:\\\/\\\/suministressantfeliu.com\\\/comprar\\\/\",\"name\":\"Productos hosteler\u00eda\",\"description\":\"Venta de suministros profesionales para hosteler\u00eda\",\"publisher\":{\"@id\":\"https:\\\/\\\/suministressantfeliu.com\\\/comprar\\\/#organization\"},\"potentialAction\":[{\"@type\":\"SearchAction\",\"target\":{\"@type\":\"EntryPoint\",\"urlTemplate\":\"https:\\\/\\\/suministressantfeliu.com\\\/comprar\\\/?s={search_term_string}\"},\"query-input\":{\"@type\":\"PropertyValueSpecification\",\"valueRequired\":true,\"valueName\":\"search_term_string\"}}],\"inLanguage\":\"es\"},{\"@type\":\"Organization\",\"@id\":\"https:\\\/\\\/suministressantfeliu.com\\\/comprar\\\/#organization\",\"name\":\"Suministres Sant Feliu hosteleria\",\"url\":\"https:\\\/\\\/suministressantfeliu.com\\\/comprar\\\/\",\"logo\":{\"@type\":\"ImageObject\",\"inLanguage\":\"es\",\"@id\":\"https:\\\/\\\/suministressantfeliu.com\\\/comprar\\\/#\\\/schema\\\/logo\\\/image\\\/\",\"url\":\"https:\\\/\\\/suministressantfeliu.com\\\/comprar\\\/wp-content\\\/uploads\\\/2021\\\/03\\\/cropped-suministres-sant-feliu-logo.png\",\"contentUrl\":\"https:\\\/\\\/suministressantfeliu.com\\\/comprar\\\/wp-content\\\/uploads\\\/2021\\\/03\\\/cropped-suministres-sant-feliu-logo.png\",\"width\":668,\"height\":668,\"caption\":\"Suministres Sant Feliu hosteleria\"},\"image\":{\"@id\":\"https:\\\/\\\/suministressantfeliu.com\\\/comprar\\\/#\\\/schema\\\/logo\\\/image\\\/\"}}]}<\/script>\n<!-- \/ Yoast SEO plugin. -->","yoast_head_json":{"title":"Bobina de PVC Film Transparente Alimentario caja de 3 bobinas - Venta Productos de hosteler\u00eda Barcelona","robots":{"index":"index","follow":"follow","max-snippet":"max-snippet:-1","max-image-preview":"max-image-preview:large","max-video-preview":"max-video-preview:-1"},"canonical":"https:\/\/suministressantfeliu.com\/comprar\/bobina-de-pvc-film-transparente-alimentario-caja-de-3-bobinas\/","og_locale":"es_ES","og_type":"article","og_title":"Bobina de PVC Film Transparente Alimentario caja de 3 bobinas - Venta Productos de hosteler\u00eda Barcelona","og_description":"Bobina de PVC Film Transparente Alimentario caja de 3 bobinas","og_url":"https:\/\/suministressantfeliu.com\/comprar\/bobina-de-pvc-film-transparente-alimentario-caja-de-3-bobinas\/","og_site_name":"Venta Productos de hosteler\u00eda Barcelona","article_modified_time":"2024-01-23T15:03:45+00:00","og_image":[{"width":800,"height":800,"url":"https:\/\/suministressantfeliu.com\/comprar\/wp-content\/uploads\/2023\/05\/bobina-de-film-transparente-industrial-pvc-800x800-1.jpg","type":"image\/jpeg"}],"twitter_card":"summary_large_image","twitter_misc":{"Tiempo de lectura":"1 minuto"},"schema":{"@context":"https:\/\/schema.org","@graph":[{"@type":"WebPage","@id":"https:\/\/suministressantfeliu.com\/comprar\/bobina-de-pvc-film-transparente-alimentario-caja-de-3-bobinas\/","url":"https:\/\/suministressantfeliu.com\/comprar\/bobina-de-pvc-film-transparente-alimentario-caja-de-3-bobinas\/","name":"Bobina de PVC Film Transparente Alimentario caja de 3 bobinas - Venta Productos de hosteler\u00eda Barcelona","isPartOf":{"@id":"https:\/\/suministressantfeliu.com\/comprar\/#website"},"primaryImageOfPage":{"@id":"https:\/\/suministressantfeliu.com\/comprar\/bobina-de-pvc-film-transparente-alimentario-caja-de-3-bobinas\/#primaryimage"},"image":{"@id":"https:\/\/suministressantfeliu.com\/comprar\/bobina-de-pvc-film-transparente-alimentario-caja-de-3-bobinas\/#primaryimage"},"thumbnailUrl":"https:\/\/suministressantfeliu.com\/comprar\/wp-content\/uploads\/2023\/05\/bobina-de-film-transparente-industrial-pvc-800x800-1.jpg","datePublished":"2023-05-04T21:49:35+00:00","dateModified":"2024-01-23T15:03:45+00:00","breadcrumb":{"@id":"https:\/\/suministressantfeliu.com\/comprar\/bobina-de-pvc-film-transparente-alimentario-caja-de-3-bobinas\/#breadcrumb"},"inLanguage":"es","potentialAction":[{"@type":"ReadAction","target":["https:\/\/suministressantfeliu.com\/comprar\/bobina-de-pvc-film-transparente-alimentario-caja-de-3-bobinas\/"]}]},{"@type":"ImageObject","inLanguage":"es","@id":"https:\/\/suministressantfeliu.com\/comprar\/bobina-de-pvc-film-transparente-alimentario-caja-de-3-bobinas\/#primaryimage","url":"https:\/\/suministressantfeliu.com\/comprar\/wp-content\/uploads\/2023\/05\/bobina-de-film-transparente-industrial-pvc-800x800-1.jpg","contentUrl":"https:\/\/suministressantfeliu.com\/comprar\/wp-content\/uploads\/2023\/05\/bobina-de-film-transparente-industrial-pvc-800x800-1.jpg","width":800,"height":800,"caption":"bobina film pvc transparente"},{"@type":"BreadcrumbList","@id":"https:\/\/suministressantfeliu.com\/comprar\/bobina-de-pvc-film-transparente-alimentario-caja-de-3-bobinas\/#breadcrumb","itemListElement":[{"@type":"ListItem","position":1,"name":"Portada","item":"https:\/\/suministressantfeliu.com\/comprar\/"},{"@type":"ListItem","position":2,"name":"Tienda","item":"https:\/\/suministressantfeliu.com\/comprar\/tienda\/"},{"@type":"ListItem","position":3,"name":"Bobina de PVC Film Transparente Alimentario caja de 3 bobinas"}]},{"@type":"WebSite","@id":"https:\/\/suministressantfeliu.com\/comprar\/#website","url":"https:\/\/suministressantfeliu.com\/comprar\/","name":"Productos hosteler\u00eda","description":"Venta de suministros profesionales para hosteler\u00eda","publisher":{"@id":"https:\/\/suministressantfeliu.com\/comprar\/#organization"},"potentialAction":[{"@type":"SearchAction","target":{"@type":"EntryPoint","urlTemplate":"https:\/\/suministressantfeliu.com\/comprar\/?s={search_term_string}"},"query-input":{"@type":"PropertyValueSpecification","valueRequired":true,"valueName":"search_term_string"}}],"inLanguage":"es"},{"@type":"Organization","@id":"https:\/\/suministressantfeliu.com\/comprar\/#organization","name":"Suministres Sant Feliu hosteleria","url":"https:\/\/suministressantfeliu.com\/comprar\/","logo":{"@type":"ImageObject","inLanguage":"es","@id":"https:\/\/suministressantfeliu.com\/comprar\/#\/schema\/logo\/image\/","url":"https:\/\/suministressantfeliu.com\/comprar\/wp-content\/uploads\/2021\/03\/cropped-suministres-sant-feliu-logo.png","contentUrl":"https:\/\/suministressantfeliu.com\/comprar\/wp-content\/uploads\/2021\/03\/cropped-suministres-sant-feliu-logo.png","width":668,"height":668,"caption":"Suministres Sant Feliu hosteleria"},"image":{"@id":"https:\/\/suministressantfeliu.com\/comprar\/#\/schema\/logo\/image\/"}}]}},"_links":{"self":[{"href":"https:\/\/suministressantfeliu.com\/comprar\/wp-json\/wp\/v2\/product\/8920","targetHints":{"allow":["GET"]}}],"collection":[{"href":"https:\/\/suministressantfeliu.com\/comprar\/wp-json\/wp\/v2\/product"}],"about":[{"href":"https:\/\/suministressantfeliu.com\/comprar\/wp-json\/wp\/v2\/types\/product"}],"wp:featuredmedia":[{"embeddable":true,"href":"https:\/\/suministressantfeliu.com\/comprar\/wp-json\/wp\/v2\/media\/9119"}],"wp:attachment":[{"href":"https:\/\/suministressantfeliu.com\/comprar\/wp-json\/wp\/v2\/media?parent=8920"}],"wp:term":[{"taxonomy":"product_brand","embeddable":true,"href":"https:\/\/suministressantfeliu.com\/comprar\/wp-json\/wp\/v2\/product_brand?post=8920"},{"taxonomy":"product_cat","embeddable":true,"href":"https:\/\/suministressantfeliu.com\/comprar\/wp-json\/wp\/v2\/product_cat?post=8920"},{"taxonomy":"product_tag","embeddable":true,"href":"https:\/\/suministressantfeliu.com\/comprar\/wp-json\/wp\/v2\/product_tag?post=8920"}],"curies":[{"name":"wp","href":"https:\/\/api.w.org\/{rel}","templated":true}]}}