{"id":8914,"date":"2023-05-04T21:49:32","date_gmt":"2023-05-04T21:49:32","guid":{"rendered":"https:\/\/suministressantfeliu.com\/comprar\/biberon-para-salsas-750-ml\/"},"modified":"2024-01-24T11:56:04","modified_gmt":"2024-01-24T11:56:04","slug":"biberon-para-salsas-dosificador-boca-ancha-diferentes-medidas","status":"publish","type":"product","link":"https:\/\/suministressantfeliu.com\/comprar\/biberon-para-salsas-dosificador-boca-ancha-diferentes-medidas\/","title":{"rendered":"Biber\u00f3n para salsas &#8211; Dosificador boca ancha, diferentes medidas"},"content":{"rendered":"<h1 class=\"mt-3 mt-xl-5 mb-4 h2 text-left\">Dosificador de salsas<\/h1>\n<div class=\"div-wysiwyg\">\n<p>Los Dosificadores de Salsa Araven se usan para introducir todo tipo de aderezos, m\u00e1s ligeros o m\u00e1s espesos, aceites, salsas, reducciones, jarabes\u2026 Permiten decorar un plato de forma limpia, ali\u00f1ar con la cantidad justa una ensalada o cualquier otra elaboraci\u00f3n y disponer de una amplia variedad de aderezos conservados con toda seguridad.<\/p>\n<\/div>\n<div class=\"row row-caracteristicas mt-5\"><img decoding=\"async\" class=\"d-none d-sm-block mx-3 mb-1 lazy loaded\" title=\"\" src=\"https:\/\/araven.com\/wp-content\/uploads\/categoria\/tapon_1.jpg\" alt=\"\" data-src=\"https:\/\/araven.com\/wp-content\/uploads\/categoria\/tapon_1.jpg\" data-was-processed=\"true\" \/><img decoding=\"async\" class=\"d-none d-sm-block mx-3 mb-1 lazy loaded\" title=\"\" src=\"https:\/\/araven.com\/wp-content\/uploads\/2023\/01\/Icono_Llenar.jpg\" alt=\"\" data-src=\"https:\/\/araven.com\/wp-content\/uploads\/2023\/01\/Icono_Llenar.jpg\" data-was-processed=\"true\" \/><img decoding=\"async\" class=\"d-none d-sm-block mx-3 mb-1 lazy loaded\" title=\"\" src=\"https:\/\/araven.com\/wp-content\/uploads\/2023\/01\/Icono_Regleta.jpg\" alt=\"\" data-src=\"https:\/\/araven.com\/wp-content\/uploads\/2023\/01\/Icono_Regleta.jpg\" data-was-processed=\"true\" \/><img decoding=\"async\" class=\"d-none d-sm-block mx-3 mb-1 lazy loaded\" title=\"\" src=\"https:\/\/araven.com\/wp-content\/uploads\/2023\/01\/Icono_Lavavajillas.jpg\" alt=\"\" data-src=\"https:\/\/araven.com\/wp-content\/uploads\/2023\/01\/Icono_Lavavajillas.jpg\" data-was-processed=\"true\" \/><img decoding=\"async\" class=\"d-none d-sm-block mx-3 mb-1 lazy loaded\" title=\"\" src=\"https:\/\/araven.com\/wp-content\/uploads\/2023\/01\/Material__LDPE-32.jpg\" alt=\"\" data-src=\"https:\/\/araven.com\/wp-content\/uploads\/2023\/01\/Material__LDPE-32.jpg\" data-was-processed=\"true\" \/><\/div>\n<div class=\"row row-caracteristicas mt-5\"><img decoding=\"async\" class=\"d-none d-sm-block mx-3 mb-1 lazy loaded\" title=\"Cumplimiento de todas las normativas europeas\" src=\"https:\/\/araven.com\/wp-content\/uploads\/categoria\/alimenticio.jpg\" alt=\"Cumplimiento de todas las normativas europeas\" data-src=\"https:\/\/araven.com\/wp-content\/uploads\/categoria\/alimenticio.jpg\" data-was-processed=\"true\" \/><img decoding=\"async\" class=\"d-none d-sm-block mx-3 mb-1 lazy loaded\" title=\"\" src=\"https:\/\/araven.com\/wp-content\/uploads\/2023\/01\/Icono_Hermetico-Tapa.jpg\" alt=\"\" data-src=\"https:\/\/araven.com\/wp-content\/uploads\/2023\/01\/Icono_Hermetico-Tapa.jpg\" data-was-processed=\"true\" \/><img decoding=\"async\" class=\"d-none d-sm-block mx-3 mb-1 lazy loaded\" title=\"\" src=\"https:\/\/araven.com\/wp-content\/uploads\/categoria\/transparente_1.jpg\" alt=\"\" data-src=\"https:\/\/araven.com\/wp-content\/uploads\/categoria\/transparente_1.jpg\" data-was-processed=\"true\" \/><img decoding=\"async\" class=\"d-none d-sm-block mx-3 mb-1 lazy loaded\" title=\"\" src=\"https:\/\/araven.com\/wp-content\/uploads\/categoria\/marca_diametro.jpg\" alt=\"\" data-src=\"https:\/\/araven.com\/wp-content\/uploads\/categoria\/marca_diametro.jpg\" data-was-processed=\"true\" \/><img decoding=\"async\" class=\"d-none d-sm-block mx-3 mb-1 lazy loaded\" title=\"\" src=\"https:\/\/araven.com\/wp-content\/uploads\/2023\/01\/Material__HDPE.jpg\" alt=\"\" data-src=\"https:\/\/araven.com\/wp-content\/uploads\/2023\/01\/Material__HDPE.jpg\" data-was-processed=\"true\" \/><\/div>\n","protected":false},"excerpt":{"rendered":"<p>Biber\u00f3n para salsas &#8211; Dosificador boca ancha, diferentes medidas<\/p>\n","protected":false},"featured_media":9121,"template":"","meta":[],"product_brand":[],"product_cat":[1120],"product_tag":[],"class_list":{"0":"post-8914","1":"product","2":"type-product","3":"status-publish","4":"has-post-thumbnail","6":"product_cat-utensilios-cocina-hosteleria","8":"first","9":"instock","10":"sale","11":"taxable","12":"shipping-taxable","13":"purchasable","14":"product-type-variable"},"yoast_head":"<!-- This site is optimized with the Yoast SEO plugin v27.5 - https:\/\/yoast.com\/product\/yoast-seo-wordpress\/ -->\n<title>Biber\u00f3n para salsas - Dosificador boca ancha, diferentes medidas - Venta Productos de hosteler\u00eda Barcelona<\/title>\n<meta name=\"robots\" content=\"index, follow, max-snippet:-1, max-image-preview:large, max-video-preview:-1\" \/>\n<link rel=\"canonical\" href=\"https:\/\/suministressantfeliu.com\/comprar\/biberon-para-salsas-dosificador-boca-ancha-diferentes-medidas\/\" \/>\n<meta property=\"og:locale\" content=\"es_ES\" \/>\n<meta property=\"og:type\" content=\"article\" \/>\n<meta property=\"og:title\" content=\"Biber\u00f3n para salsas - Dosificador boca ancha, diferentes medidas - Venta Productos de hosteler\u00eda Barcelona\" \/>\n<meta property=\"og:description\" content=\"Biber\u00f3n para salsas - Dosificador boca ancha, diferentes medidas\" \/>\n<meta property=\"og:url\" content=\"https:\/\/suministressantfeliu.com\/comprar\/biberon-para-salsas-dosificador-boca-ancha-diferentes-medidas\/\" \/>\n<meta property=\"og:site_name\" content=\"Venta Productos de hosteler\u00eda Barcelona\" \/>\n<meta property=\"article:modified_time\" content=\"2024-01-24T11:56:04+00:00\" \/>\n<meta property=\"og:image\" content=\"https:\/\/suministressantfeliu.com\/comprar\/wp-content\/uploads\/2023\/05\/biberon-para-salsas-800x800-1.jpg\" \/>\n\t<meta property=\"og:image:width\" content=\"800\" \/>\n\t<meta property=\"og:image:height\" content=\"800\" \/>\n\t<meta property=\"og:image:type\" content=\"image\/jpeg\" \/>\n<meta name=\"twitter:card\" content=\"summary_large_image\" \/>\n<meta name=\"twitter:label1\" content=\"Tiempo de lectura\" \/>\n\t<meta name=\"twitter:data1\" content=\"3 minutos\" \/>\n<script type=\"application\/ld+json\" class=\"yoast-schema-graph\">{\"@context\":\"https:\\\/\\\/schema.org\",\"@graph\":[{\"@type\":\"WebPage\",\"@id\":\"https:\\\/\\\/suministressantfeliu.com\\\/comprar\\\/biberon-para-salsas-dosificador-boca-ancha-diferentes-medidas\\\/\",\"url\":\"https:\\\/\\\/suministressantfeliu.com\\\/comprar\\\/biberon-para-salsas-dosificador-boca-ancha-diferentes-medidas\\\/\",\"name\":\"Biber\u00f3n para salsas - Dosificador boca ancha, diferentes medidas - Venta Productos de hosteler\u00eda Barcelona\",\"isPartOf\":{\"@id\":\"https:\\\/\\\/suministressantfeliu.com\\\/comprar\\\/#website\"},\"primaryImageOfPage\":{\"@id\":\"https:\\\/\\\/suministressantfeliu.com\\\/comprar\\\/biberon-para-salsas-dosificador-boca-ancha-diferentes-medidas\\\/#primaryimage\"},\"image\":{\"@id\":\"https:\\\/\\\/suministressantfeliu.com\\\/comprar\\\/biberon-para-salsas-dosificador-boca-ancha-diferentes-medidas\\\/#primaryimage\"},\"thumbnailUrl\":\"https:\\\/\\\/suministressantfeliu.com\\\/comprar\\\/wp-content\\\/uploads\\\/2023\\\/05\\\/biberon-para-salsas-800x800-1.jpg\",\"datePublished\":\"2023-05-04T21:49:32+00:00\",\"dateModified\":\"2024-01-24T11:56:04+00:00\",\"breadcrumb\":{\"@id\":\"https:\\\/\\\/suministressantfeliu.com\\\/comprar\\\/biberon-para-salsas-dosificador-boca-ancha-diferentes-medidas\\\/#breadcrumb\"},\"inLanguage\":\"es\",\"potentialAction\":[{\"@type\":\"ReadAction\",\"target\":[\"https:\\\/\\\/suministressantfeliu.com\\\/comprar\\\/biberon-para-salsas-dosificador-boca-ancha-diferentes-medidas\\\/\"]}]},{\"@type\":\"ImageObject\",\"inLanguage\":\"es\",\"@id\":\"https:\\\/\\\/suministressantfeliu.com\\\/comprar\\\/biberon-para-salsas-dosificador-boca-ancha-diferentes-medidas\\\/#primaryimage\",\"url\":\"https:\\\/\\\/suministressantfeliu.com\\\/comprar\\\/wp-content\\\/uploads\\\/2023\\\/05\\\/biberon-para-salsas-800x800-1.jpg\",\"contentUrl\":\"https:\\\/\\\/suministressantfeliu.com\\\/comprar\\\/wp-content\\\/uploads\\\/2023\\\/05\\\/biberon-para-salsas-800x800-1.jpg\",\"width\":800,\"height\":800},{\"@type\":\"BreadcrumbList\",\"@id\":\"https:\\\/\\\/suministressantfeliu.com\\\/comprar\\\/biberon-para-salsas-dosificador-boca-ancha-diferentes-medidas\\\/#breadcrumb\",\"itemListElement\":[{\"@type\":\"ListItem\",\"position\":1,\"name\":\"Portada\",\"item\":\"https:\\\/\\\/suministressantfeliu.com\\\/comprar\\\/\"},{\"@type\":\"ListItem\",\"position\":2,\"name\":\"Tienda\",\"item\":\"https:\\\/\\\/suministressantfeliu.com\\\/comprar\\\/tienda\\\/\"},{\"@type\":\"ListItem\",\"position\":3,\"name\":\"Biber\u00f3n para salsas &#8211; Dosificador boca ancha, diferentes medidas\"}]},{\"@type\":\"WebSite\",\"@id\":\"https:\\\/\\\/suministressantfeliu.com\\\/comprar\\\/#website\",\"url\":\"https:\\\/\\\/suministressantfeliu.com\\\/comprar\\\/\",\"name\":\"Productos hosteler\u00eda\",\"description\":\"Venta de suministros profesionales para hosteler\u00eda\",\"publisher\":{\"@id\":\"https:\\\/\\\/suministressantfeliu.com\\\/comprar\\\/#organization\"},\"potentialAction\":[{\"@type\":\"SearchAction\",\"target\":{\"@type\":\"EntryPoint\",\"urlTemplate\":\"https:\\\/\\\/suministressantfeliu.com\\\/comprar\\\/?s={search_term_string}\"},\"query-input\":{\"@type\":\"PropertyValueSpecification\",\"valueRequired\":true,\"valueName\":\"search_term_string\"}}],\"inLanguage\":\"es\"},{\"@type\":\"Organization\",\"@id\":\"https:\\\/\\\/suministressantfeliu.com\\\/comprar\\\/#organization\",\"name\":\"Suministres Sant Feliu hosteleria\",\"url\":\"https:\\\/\\\/suministressantfeliu.com\\\/comprar\\\/\",\"logo\":{\"@type\":\"ImageObject\",\"inLanguage\":\"es\",\"@id\":\"https:\\\/\\\/suministressantfeliu.com\\\/comprar\\\/#\\\/schema\\\/logo\\\/image\\\/\",\"url\":\"https:\\\/\\\/suministressantfeliu.com\\\/comprar\\\/wp-content\\\/uploads\\\/2021\\\/03\\\/cropped-suministres-sant-feliu-logo.png\",\"contentUrl\":\"https:\\\/\\\/suministressantfeliu.com\\\/comprar\\\/wp-content\\\/uploads\\\/2021\\\/03\\\/cropped-suministres-sant-feliu-logo.png\",\"width\":668,\"height\":668,\"caption\":\"Suministres Sant Feliu hosteleria\"},\"image\":{\"@id\":\"https:\\\/\\\/suministressantfeliu.com\\\/comprar\\\/#\\\/schema\\\/logo\\\/image\\\/\"}}]}<\/script>\n<!-- \/ Yoast SEO plugin. -->","yoast_head_json":{"title":"Biber\u00f3n para salsas - Dosificador boca ancha, diferentes medidas - Venta Productos de hosteler\u00eda Barcelona","robots":{"index":"index","follow":"follow","max-snippet":"max-snippet:-1","max-image-preview":"max-image-preview:large","max-video-preview":"max-video-preview:-1"},"canonical":"https:\/\/suministressantfeliu.com\/comprar\/biberon-para-salsas-dosificador-boca-ancha-diferentes-medidas\/","og_locale":"es_ES","og_type":"article","og_title":"Biber\u00f3n para salsas - Dosificador boca ancha, diferentes medidas - Venta Productos de hosteler\u00eda Barcelona","og_description":"Biber\u00f3n para salsas - Dosificador boca ancha, diferentes medidas","og_url":"https:\/\/suministressantfeliu.com\/comprar\/biberon-para-salsas-dosificador-boca-ancha-diferentes-medidas\/","og_site_name":"Venta Productos de hosteler\u00eda Barcelona","article_modified_time":"2024-01-24T11:56:04+00:00","og_image":[{"width":800,"height":800,"url":"https:\/\/suministressantfeliu.com\/comprar\/wp-content\/uploads\/2023\/05\/biberon-para-salsas-800x800-1.jpg","type":"image\/jpeg"}],"twitter_card":"summary_large_image","twitter_misc":{"Tiempo de lectura":"3 minutos"},"schema":{"@context":"https:\/\/schema.org","@graph":[{"@type":"WebPage","@id":"https:\/\/suministressantfeliu.com\/comprar\/biberon-para-salsas-dosificador-boca-ancha-diferentes-medidas\/","url":"https:\/\/suministressantfeliu.com\/comprar\/biberon-para-salsas-dosificador-boca-ancha-diferentes-medidas\/","name":"Biber\u00f3n para salsas - Dosificador boca ancha, diferentes medidas - Venta Productos de hosteler\u00eda Barcelona","isPartOf":{"@id":"https:\/\/suministressantfeliu.com\/comprar\/#website"},"primaryImageOfPage":{"@id":"https:\/\/suministressantfeliu.com\/comprar\/biberon-para-salsas-dosificador-boca-ancha-diferentes-medidas\/#primaryimage"},"image":{"@id":"https:\/\/suministressantfeliu.com\/comprar\/biberon-para-salsas-dosificador-boca-ancha-diferentes-medidas\/#primaryimage"},"thumbnailUrl":"https:\/\/suministressantfeliu.com\/comprar\/wp-content\/uploads\/2023\/05\/biberon-para-salsas-800x800-1.jpg","datePublished":"2023-05-04T21:49:32+00:00","dateModified":"2024-01-24T11:56:04+00:00","breadcrumb":{"@id":"https:\/\/suministressantfeliu.com\/comprar\/biberon-para-salsas-dosificador-boca-ancha-diferentes-medidas\/#breadcrumb"},"inLanguage":"es","potentialAction":[{"@type":"ReadAction","target":["https:\/\/suministressantfeliu.com\/comprar\/biberon-para-salsas-dosificador-boca-ancha-diferentes-medidas\/"]}]},{"@type":"ImageObject","inLanguage":"es","@id":"https:\/\/suministressantfeliu.com\/comprar\/biberon-para-salsas-dosificador-boca-ancha-diferentes-medidas\/#primaryimage","url":"https:\/\/suministressantfeliu.com\/comprar\/wp-content\/uploads\/2023\/05\/biberon-para-salsas-800x800-1.jpg","contentUrl":"https:\/\/suministressantfeliu.com\/comprar\/wp-content\/uploads\/2023\/05\/biberon-para-salsas-800x800-1.jpg","width":800,"height":800},{"@type":"BreadcrumbList","@id":"https:\/\/suministressantfeliu.com\/comprar\/biberon-para-salsas-dosificador-boca-ancha-diferentes-medidas\/#breadcrumb","itemListElement":[{"@type":"ListItem","position":1,"name":"Portada","item":"https:\/\/suministressantfeliu.com\/comprar\/"},{"@type":"ListItem","position":2,"name":"Tienda","item":"https:\/\/suministressantfeliu.com\/comprar\/tienda\/"},{"@type":"ListItem","position":3,"name":"Biber\u00f3n para salsas &#8211; Dosificador boca ancha, diferentes medidas"}]},{"@type":"WebSite","@id":"https:\/\/suministressantfeliu.com\/comprar\/#website","url":"https:\/\/suministressantfeliu.com\/comprar\/","name":"Productos hosteler\u00eda","description":"Venta de suministros profesionales para hosteler\u00eda","publisher":{"@id":"https:\/\/suministressantfeliu.com\/comprar\/#organization"},"potentialAction":[{"@type":"SearchAction","target":{"@type":"EntryPoint","urlTemplate":"https:\/\/suministressantfeliu.com\/comprar\/?s={search_term_string}"},"query-input":{"@type":"PropertyValueSpecification","valueRequired":true,"valueName":"search_term_string"}}],"inLanguage":"es"},{"@type":"Organization","@id":"https:\/\/suministressantfeliu.com\/comprar\/#organization","name":"Suministres Sant Feliu hosteleria","url":"https:\/\/suministressantfeliu.com\/comprar\/","logo":{"@type":"ImageObject","inLanguage":"es","@id":"https:\/\/suministressantfeliu.com\/comprar\/#\/schema\/logo\/image\/","url":"https:\/\/suministressantfeliu.com\/comprar\/wp-content\/uploads\/2021\/03\/cropped-suministres-sant-feliu-logo.png","contentUrl":"https:\/\/suministressantfeliu.com\/comprar\/wp-content\/uploads\/2021\/03\/cropped-suministres-sant-feliu-logo.png","width":668,"height":668,"caption":"Suministres Sant Feliu hosteleria"},"image":{"@id":"https:\/\/suministressantfeliu.com\/comprar\/#\/schema\/logo\/image\/"}}]}},"_links":{"self":[{"href":"https:\/\/suministressantfeliu.com\/comprar\/wp-json\/wp\/v2\/product\/8914","targetHints":{"allow":["GET"]}}],"collection":[{"href":"https:\/\/suministressantfeliu.com\/comprar\/wp-json\/wp\/v2\/product"}],"about":[{"href":"https:\/\/suministressantfeliu.com\/comprar\/wp-json\/wp\/v2\/types\/product"}],"wp:featuredmedia":[{"embeddable":true,"href":"https:\/\/suministressantfeliu.com\/comprar\/wp-json\/wp\/v2\/media\/9121"}],"wp:attachment":[{"href":"https:\/\/suministressantfeliu.com\/comprar\/wp-json\/wp\/v2\/media?parent=8914"}],"wp:term":[{"taxonomy":"product_brand","embeddable":true,"href":"https:\/\/suministressantfeliu.com\/comprar\/wp-json\/wp\/v2\/product_brand?post=8914"},{"taxonomy":"product_cat","embeddable":true,"href":"https:\/\/suministressantfeliu.com\/comprar\/wp-json\/wp\/v2\/product_cat?post=8914"},{"taxonomy":"product_tag","embeddable":true,"href":"https:\/\/suministressantfeliu.com\/comprar\/wp-json\/wp\/v2\/product_tag?post=8914"}],"curies":[{"name":"wp","href":"https:\/\/api.w.org\/{rel}","templated":true}]}}