{"id":8911,"date":"2023-05-04T21:49:31","date_gmt":"2023-05-04T21:49:31","guid":{"rendered":"https:\/\/suministressantfeliu.com\/comprar\/tenedor-ecologico-madera-16-cm\/"},"modified":"2024-01-24T15:00:24","modified_gmt":"2024-01-24T15:00:24","slug":"cubiertos-madera-ecologicos-sostenibles-cuchara-tenedor-cuchillo-paquete-de-12-cubiertos","status":"publish","type":"product","link":"https:\/\/suministressantfeliu.com\/comprar\/cubiertos-madera-ecologicos-sostenibles-cuchara-tenedor-cuchillo-paquete-de-12-cubiertos\/","title":{"rendered":"Cubiertos Madera Ecologicos Sostenibles Cuchara &#8211; Tenedor &#8211; Cuchillo Paquete de 12 cubiertos"},"content":{"rendered":"<h2>Caracter\u00edsticas<\/h2>\n<ul>\n<li style=\"list-style-type: none\">\n<ul>\n<li><strong>Dise\u00f1o funcional y atractivo<\/strong><\/li>\n<\/ul>\n<\/li>\n<\/ul>\n<p>Cuberter\u00eda pensada tanto para ir de picnic como para cualquier tipo de celebraci\u00f3n en interior o exterior. Adem\u00e1s, es ideal para cualquier fiesta\u00a0<em>vintage<\/em>\u00a0o ecol\u00f3gica.<\/p>\n<ul>\n<li style=\"list-style-type: none\">\n<ul>\n<li><strong>Producto sostenible<\/strong><\/li>\n<\/ul>\n<\/li>\n<\/ul>\n<p>La mayor\u00eda de cuberter\u00edas y productos desechables suelen contener sustancias altamente contaminantes para el medio ambiente, sin ir m\u00e1s lejos, los plastificantes. La alternativa ecol\u00f3gica de este juego hace que podamos resolver gran parte de la contaminaci\u00f3n, ya que no contiene productos qu\u00edmicos ni nocivos.<\/p>\n<ul>\n<li style=\"list-style-type: none\">\n<ul>\n<li><strong>Propiedades<\/strong><\/li>\n<\/ul>\n<\/li>\n<\/ul>\n<p>Compuesto de material natural y totalmente org\u00e1nico, puede desecharse al contenedor marr\u00f3n. Es 100 % biodegradable y compostable. Destacamos tambi\u00e9n que, por sus propiedades, no notar\u00e1s para nada el gusto de madera.<\/p>\n<ul>\n<li style=\"list-style-type: none\">\n<ul>\n<li><strong>Perfecto para cualquier celebraci\u00f3n<\/strong><\/li>\n<\/ul>\n<\/li>\n<\/ul>\n<p>Su color de madera natural hace que combine con cualquier decoraci\u00f3n. Adem\u00e1s de su excelente acabado, est\u00e1 fabricado con una madera resistente y estable, por lo que te ser\u00e1 ideal para postres, refrigerios e incluso para comer carne.<\/p>\n<ul>\n<li style=\"list-style-type: none\">\n<ul>\n<li><strong>Apto para uso alimentario<\/strong><\/li>\n<\/ul>\n<\/li>\n<\/ul>\n<p>Su dise\u00f1o y su uso est\u00e1n certificados para la alimentaci\u00f3n y su utilizaci\u00f3n culinaria. Te ayudamos a optar por una alternativa biodegradable para unirte a nuestro movimiento ecol\u00f3gico.<\/p>\n","protected":false},"excerpt":{"rendered":"<p>Cubiertos Madera Ecologicos Sostenibles 16 cm Cuchara &#8211; Tenedor &#8211; Cuchillo Paquete de 12 cubiertos<\/p>\n","protected":false},"featured_media":3698,"template":"","meta":[],"product_brand":[],"product_cat":[1118,1117],"product_tag":[],"class_list":{"0":"post-8911","1":"product","2":"type-product","3":"status-publish","4":"has-post-thumbnail","6":"product_cat-take-away-restaurantes-bares","7":"product_cat-productos-take-away-hosteleria","9":"first","10":"instock","11":"sale","12":"taxable","13":"shipping-taxable","14":"purchasable","15":"product-type-variable"},"yoast_head":"<!-- This site is optimized with the Yoast SEO plugin v27.5 - https:\/\/yoast.com\/product\/yoast-seo-wordpress\/ -->\n<title>Cubiertos Madera Ecologicos Sostenibles Cuchara - Tenedor - Cuchillo Paquete de 12 cubiertos - Venta Productos de hosteler\u00eda Barcelona<\/title>\n<meta name=\"robots\" content=\"index, follow, max-snippet:-1, max-image-preview:large, max-video-preview:-1\" \/>\n<link rel=\"canonical\" href=\"https:\/\/suministressantfeliu.com\/comprar\/cubiertos-madera-ecologicos-sostenibles-cuchara-tenedor-cuchillo-paquete-de-12-cubiertos\/\" \/>\n<meta property=\"og:locale\" content=\"es_ES\" \/>\n<meta property=\"og:type\" content=\"article\" \/>\n<meta property=\"og:title\" content=\"Cubiertos Madera Ecologicos Sostenibles Cuchara - Tenedor - Cuchillo Paquete de 12 cubiertos - Venta Productos de hosteler\u00eda Barcelona\" \/>\n<meta property=\"og:description\" content=\"Cubiertos Madera Ecologicos Sostenibles 16 cm Cuchara - Tenedor - Cuchillo Paquete de 12 cubiertos\" \/>\n<meta property=\"og:url\" content=\"https:\/\/suministressantfeliu.com\/comprar\/cubiertos-madera-ecologicos-sostenibles-cuchara-tenedor-cuchillo-paquete-de-12-cubiertos\/\" \/>\n<meta property=\"og:site_name\" content=\"Venta Productos de hosteler\u00eda Barcelona\" \/>\n<meta property=\"article:modified_time\" content=\"2024-01-24T15:00:24+00:00\" \/>\n<meta property=\"og:image\" content=\"https:\/\/suministressantfeliu.com\/comprar\/wp-content\/uploads\/2023\/04\/tenedor-ecologico-madera-16-cm-800x800-1.jpg\" \/>\n\t<meta property=\"og:image:width\" content=\"800\" \/>\n\t<meta property=\"og:image:height\" content=\"800\" \/>\n\t<meta property=\"og:image:type\" content=\"image\/jpeg\" \/>\n<meta name=\"twitter:card\" content=\"summary_large_image\" \/>\n<meta name=\"twitter:label1\" content=\"Tiempo de lectura\" \/>\n\t<meta name=\"twitter:data1\" content=\"1 minuto\" \/>\n<script type=\"application\/ld+json\" class=\"yoast-schema-graph\">{\"@context\":\"https:\\\/\\\/schema.org\",\"@graph\":[{\"@type\":\"WebPage\",\"@id\":\"https:\\\/\\\/suministressantfeliu.com\\\/comprar\\\/cubiertos-madera-ecologicos-sostenibles-cuchara-tenedor-cuchillo-paquete-de-12-cubiertos\\\/\",\"url\":\"https:\\\/\\\/suministressantfeliu.com\\\/comprar\\\/cubiertos-madera-ecologicos-sostenibles-cuchara-tenedor-cuchillo-paquete-de-12-cubiertos\\\/\",\"name\":\"Cubiertos Madera Ecologicos Sostenibles Cuchara - Tenedor - Cuchillo Paquete de 12 cubiertos - Venta Productos de hosteler\u00eda Barcelona\",\"isPartOf\":{\"@id\":\"https:\\\/\\\/suministressantfeliu.com\\\/comprar\\\/#website\"},\"primaryImageOfPage\":{\"@id\":\"https:\\\/\\\/suministressantfeliu.com\\\/comprar\\\/cubiertos-madera-ecologicos-sostenibles-cuchara-tenedor-cuchillo-paquete-de-12-cubiertos\\\/#primaryimage\"},\"image\":{\"@id\":\"https:\\\/\\\/suministressantfeliu.com\\\/comprar\\\/cubiertos-madera-ecologicos-sostenibles-cuchara-tenedor-cuchillo-paquete-de-12-cubiertos\\\/#primaryimage\"},\"thumbnailUrl\":\"https:\\\/\\\/suministressantfeliu.com\\\/comprar\\\/wp-content\\\/uploads\\\/2023\\\/04\\\/tenedor-ecologico-madera-16-cm-800x800-1.jpg\",\"datePublished\":\"2023-05-04T21:49:31+00:00\",\"dateModified\":\"2024-01-24T15:00:24+00:00\",\"breadcrumb\":{\"@id\":\"https:\\\/\\\/suministressantfeliu.com\\\/comprar\\\/cubiertos-madera-ecologicos-sostenibles-cuchara-tenedor-cuchillo-paquete-de-12-cubiertos\\\/#breadcrumb\"},\"inLanguage\":\"es\",\"potentialAction\":[{\"@type\":\"ReadAction\",\"target\":[\"https:\\\/\\\/suministressantfeliu.com\\\/comprar\\\/cubiertos-madera-ecologicos-sostenibles-cuchara-tenedor-cuchillo-paquete-de-12-cubiertos\\\/\"]}]},{\"@type\":\"ImageObject\",\"inLanguage\":\"es\",\"@id\":\"https:\\\/\\\/suministressantfeliu.com\\\/comprar\\\/cubiertos-madera-ecologicos-sostenibles-cuchara-tenedor-cuchillo-paquete-de-12-cubiertos\\\/#primaryimage\",\"url\":\"https:\\\/\\\/suministressantfeliu.com\\\/comprar\\\/wp-content\\\/uploads\\\/2023\\\/04\\\/tenedor-ecologico-madera-16-cm-800x800-1.jpg\",\"contentUrl\":\"https:\\\/\\\/suministressantfeliu.com\\\/comprar\\\/wp-content\\\/uploads\\\/2023\\\/04\\\/tenedor-ecologico-madera-16-cm-800x800-1.jpg\",\"width\":800,\"height\":800},{\"@type\":\"BreadcrumbList\",\"@id\":\"https:\\\/\\\/suministressantfeliu.com\\\/comprar\\\/cubiertos-madera-ecologicos-sostenibles-cuchara-tenedor-cuchillo-paquete-de-12-cubiertos\\\/#breadcrumb\",\"itemListElement\":[{\"@type\":\"ListItem\",\"position\":1,\"name\":\"Portada\",\"item\":\"https:\\\/\\\/suministressantfeliu.com\\\/comprar\\\/\"},{\"@type\":\"ListItem\",\"position\":2,\"name\":\"Tienda\",\"item\":\"https:\\\/\\\/suministressantfeliu.com\\\/comprar\\\/tienda\\\/\"},{\"@type\":\"ListItem\",\"position\":3,\"name\":\"Cubiertos Madera Ecologicos Sostenibles Cuchara &#8211; Tenedor &#8211; Cuchillo Paquete de 12 cubiertos\"}]},{\"@type\":\"WebSite\",\"@id\":\"https:\\\/\\\/suministressantfeliu.com\\\/comprar\\\/#website\",\"url\":\"https:\\\/\\\/suministressantfeliu.com\\\/comprar\\\/\",\"name\":\"Productos hosteler\u00eda\",\"description\":\"Venta de suministros profesionales para hosteler\u00eda\",\"publisher\":{\"@id\":\"https:\\\/\\\/suministressantfeliu.com\\\/comprar\\\/#organization\"},\"potentialAction\":[{\"@type\":\"SearchAction\",\"target\":{\"@type\":\"EntryPoint\",\"urlTemplate\":\"https:\\\/\\\/suministressantfeliu.com\\\/comprar\\\/?s={search_term_string}\"},\"query-input\":{\"@type\":\"PropertyValueSpecification\",\"valueRequired\":true,\"valueName\":\"search_term_string\"}}],\"inLanguage\":\"es\"},{\"@type\":\"Organization\",\"@id\":\"https:\\\/\\\/suministressantfeliu.com\\\/comprar\\\/#organization\",\"name\":\"Suministres Sant Feliu hosteleria\",\"url\":\"https:\\\/\\\/suministressantfeliu.com\\\/comprar\\\/\",\"logo\":{\"@type\":\"ImageObject\",\"inLanguage\":\"es\",\"@id\":\"https:\\\/\\\/suministressantfeliu.com\\\/comprar\\\/#\\\/schema\\\/logo\\\/image\\\/\",\"url\":\"https:\\\/\\\/suministressantfeliu.com\\\/comprar\\\/wp-content\\\/uploads\\\/2021\\\/03\\\/cropped-suministres-sant-feliu-logo.png\",\"contentUrl\":\"https:\\\/\\\/suministressantfeliu.com\\\/comprar\\\/wp-content\\\/uploads\\\/2021\\\/03\\\/cropped-suministres-sant-feliu-logo.png\",\"width\":668,\"height\":668,\"caption\":\"Suministres Sant Feliu hosteleria\"},\"image\":{\"@id\":\"https:\\\/\\\/suministressantfeliu.com\\\/comprar\\\/#\\\/schema\\\/logo\\\/image\\\/\"}}]}<\/script>\n<!-- \/ Yoast SEO plugin. -->","yoast_head_json":{"title":"Cubiertos Madera Ecologicos Sostenibles Cuchara - Tenedor - Cuchillo Paquete de 12 cubiertos - Venta Productos de hosteler\u00eda Barcelona","robots":{"index":"index","follow":"follow","max-snippet":"max-snippet:-1","max-image-preview":"max-image-preview:large","max-video-preview":"max-video-preview:-1"},"canonical":"https:\/\/suministressantfeliu.com\/comprar\/cubiertos-madera-ecologicos-sostenibles-cuchara-tenedor-cuchillo-paquete-de-12-cubiertos\/","og_locale":"es_ES","og_type":"article","og_title":"Cubiertos Madera Ecologicos Sostenibles Cuchara - Tenedor - Cuchillo Paquete de 12 cubiertos - Venta Productos de hosteler\u00eda Barcelona","og_description":"Cubiertos Madera Ecologicos Sostenibles 16 cm Cuchara - Tenedor - Cuchillo Paquete de 12 cubiertos","og_url":"https:\/\/suministressantfeliu.com\/comprar\/cubiertos-madera-ecologicos-sostenibles-cuchara-tenedor-cuchillo-paquete-de-12-cubiertos\/","og_site_name":"Venta Productos de hosteler\u00eda Barcelona","article_modified_time":"2024-01-24T15:00:24+00:00","og_image":[{"width":800,"height":800,"url":"https:\/\/suministressantfeliu.com\/comprar\/wp-content\/uploads\/2023\/04\/tenedor-ecologico-madera-16-cm-800x800-1.jpg","type":"image\/jpeg"}],"twitter_card":"summary_large_image","twitter_misc":{"Tiempo de lectura":"1 minuto"},"schema":{"@context":"https:\/\/schema.org","@graph":[{"@type":"WebPage","@id":"https:\/\/suministressantfeliu.com\/comprar\/cubiertos-madera-ecologicos-sostenibles-cuchara-tenedor-cuchillo-paquete-de-12-cubiertos\/","url":"https:\/\/suministressantfeliu.com\/comprar\/cubiertos-madera-ecologicos-sostenibles-cuchara-tenedor-cuchillo-paquete-de-12-cubiertos\/","name":"Cubiertos Madera Ecologicos Sostenibles Cuchara - Tenedor - Cuchillo Paquete de 12 cubiertos - Venta Productos de hosteler\u00eda Barcelona","isPartOf":{"@id":"https:\/\/suministressantfeliu.com\/comprar\/#website"},"primaryImageOfPage":{"@id":"https:\/\/suministressantfeliu.com\/comprar\/cubiertos-madera-ecologicos-sostenibles-cuchara-tenedor-cuchillo-paquete-de-12-cubiertos\/#primaryimage"},"image":{"@id":"https:\/\/suministressantfeliu.com\/comprar\/cubiertos-madera-ecologicos-sostenibles-cuchara-tenedor-cuchillo-paquete-de-12-cubiertos\/#primaryimage"},"thumbnailUrl":"https:\/\/suministressantfeliu.com\/comprar\/wp-content\/uploads\/2023\/04\/tenedor-ecologico-madera-16-cm-800x800-1.jpg","datePublished":"2023-05-04T21:49:31+00:00","dateModified":"2024-01-24T15:00:24+00:00","breadcrumb":{"@id":"https:\/\/suministressantfeliu.com\/comprar\/cubiertos-madera-ecologicos-sostenibles-cuchara-tenedor-cuchillo-paquete-de-12-cubiertos\/#breadcrumb"},"inLanguage":"es","potentialAction":[{"@type":"ReadAction","target":["https:\/\/suministressantfeliu.com\/comprar\/cubiertos-madera-ecologicos-sostenibles-cuchara-tenedor-cuchillo-paquete-de-12-cubiertos\/"]}]},{"@type":"ImageObject","inLanguage":"es","@id":"https:\/\/suministressantfeliu.com\/comprar\/cubiertos-madera-ecologicos-sostenibles-cuchara-tenedor-cuchillo-paquete-de-12-cubiertos\/#primaryimage","url":"https:\/\/suministressantfeliu.com\/comprar\/wp-content\/uploads\/2023\/04\/tenedor-ecologico-madera-16-cm-800x800-1.jpg","contentUrl":"https:\/\/suministressantfeliu.com\/comprar\/wp-content\/uploads\/2023\/04\/tenedor-ecologico-madera-16-cm-800x800-1.jpg","width":800,"height":800},{"@type":"BreadcrumbList","@id":"https:\/\/suministressantfeliu.com\/comprar\/cubiertos-madera-ecologicos-sostenibles-cuchara-tenedor-cuchillo-paquete-de-12-cubiertos\/#breadcrumb","itemListElement":[{"@type":"ListItem","position":1,"name":"Portada","item":"https:\/\/suministressantfeliu.com\/comprar\/"},{"@type":"ListItem","position":2,"name":"Tienda","item":"https:\/\/suministressantfeliu.com\/comprar\/tienda\/"},{"@type":"ListItem","position":3,"name":"Cubiertos Madera Ecologicos Sostenibles Cuchara &#8211; Tenedor &#8211; Cuchillo Paquete de 12 cubiertos"}]},{"@type":"WebSite","@id":"https:\/\/suministressantfeliu.com\/comprar\/#website","url":"https:\/\/suministressantfeliu.com\/comprar\/","name":"Productos hosteler\u00eda","description":"Venta de suministros profesionales para hosteler\u00eda","publisher":{"@id":"https:\/\/suministressantfeliu.com\/comprar\/#organization"},"potentialAction":[{"@type":"SearchAction","target":{"@type":"EntryPoint","urlTemplate":"https:\/\/suministressantfeliu.com\/comprar\/?s={search_term_string}"},"query-input":{"@type":"PropertyValueSpecification","valueRequired":true,"valueName":"search_term_string"}}],"inLanguage":"es"},{"@type":"Organization","@id":"https:\/\/suministressantfeliu.com\/comprar\/#organization","name":"Suministres Sant Feliu hosteleria","url":"https:\/\/suministressantfeliu.com\/comprar\/","logo":{"@type":"ImageObject","inLanguage":"es","@id":"https:\/\/suministressantfeliu.com\/comprar\/#\/schema\/logo\/image\/","url":"https:\/\/suministressantfeliu.com\/comprar\/wp-content\/uploads\/2021\/03\/cropped-suministres-sant-feliu-logo.png","contentUrl":"https:\/\/suministressantfeliu.com\/comprar\/wp-content\/uploads\/2021\/03\/cropped-suministres-sant-feliu-logo.png","width":668,"height":668,"caption":"Suministres Sant Feliu hosteleria"},"image":{"@id":"https:\/\/suministressantfeliu.com\/comprar\/#\/schema\/logo\/image\/"}}]}},"_links":{"self":[{"href":"https:\/\/suministressantfeliu.com\/comprar\/wp-json\/wp\/v2\/product\/8911","targetHints":{"allow":["GET"]}}],"collection":[{"href":"https:\/\/suministressantfeliu.com\/comprar\/wp-json\/wp\/v2\/product"}],"about":[{"href":"https:\/\/suministressantfeliu.com\/comprar\/wp-json\/wp\/v2\/types\/product"}],"wp:featuredmedia":[{"embeddable":true,"href":"https:\/\/suministressantfeliu.com\/comprar\/wp-json\/wp\/v2\/media\/3698"}],"wp:attachment":[{"href":"https:\/\/suministressantfeliu.com\/comprar\/wp-json\/wp\/v2\/media?parent=8911"}],"wp:term":[{"taxonomy":"product_brand","embeddable":true,"href":"https:\/\/suministressantfeliu.com\/comprar\/wp-json\/wp\/v2\/product_brand?post=8911"},{"taxonomy":"product_cat","embeddable":true,"href":"https:\/\/suministressantfeliu.com\/comprar\/wp-json\/wp\/v2\/product_cat?post=8911"},{"taxonomy":"product_tag","embeddable":true,"href":"https:\/\/suministressantfeliu.com\/comprar\/wp-json\/wp\/v2\/product_tag?post=8911"}],"curies":[{"name":"wp","href":"https:\/\/api.w.org\/{rel}","templated":true}]}}