{"id":8891,"date":"2023-05-04T21:49:21","date_gmt":"2023-05-04T21:49:21","guid":{"rendered":"https:\/\/suministressantfeliu.com\/comprar\/soplete-pasteleria-recambio-de-gas-para-cabezal\/"},"modified":"2024-02-15T15:34:16","modified_gmt":"2024-02-15T15:34:16","slug":"soplete-pasteleria-recambio-de-gas-para-cabezal-marca-ibilli","status":"publish","type":"product","link":"https:\/\/suministressantfeliu.com\/comprar\/soplete-pasteleria-recambio-de-gas-para-cabezal-marca-ibilli\/","title":{"rendered":"Soplete Pasteler\u00eda \/ Recambio de Gas para Cabezal Marca Ibilli"},"content":{"rendered":"<h2 id=\"tab-label-description\" class=\"data item title\">Descripci\u00f3n<\/h2>\n<div id=\"description\" class=\"data item content\" data-role=\"content\">\n<div class=\"product attribute description\">\n<div class=\"value\">\n<p>El soplete cocina\/past hogar de Ibili constituye una herramienta culinaria imprescindible en tu hogar si te gustan las elaboraciones espectaculares y originales. Se trata de un soplete muy seguro y a prueba de fugas. Adem\u00e1s, est\u00e1 fabricado con materiales de calidad que te garantizan su durabilidad.<\/p>\n<h2>Caracter\u00edsticas<\/h2>\n<ul>\n<li style=\"list-style-type: none\">\n<ul>\n<li><strong>Versatilidad<\/strong><\/li>\n<\/ul>\n<\/li>\n<\/ul>\n<p>Este soplete te ofrece un sinf\u00edn de posibilidades. Por un lado, puedes cocinar recetas como flan de huevo, cremas y todo tipo de reposter\u00eda. Por otro lado, tambi\u00e9n puedes usarlo en otras muchas situaciones como en barbacoas, campings o en viajes.<\/p>\n<ul>\n<li style=\"list-style-type: none\">\n<ul>\n<li><strong>Facilidad de uso<\/strong><\/li>\n<\/ul>\n<\/li>\n<\/ul>\n<p>El soplete de cocina y pasteler\u00eda de Ibili resulta f\u00e1cil y c\u00f3modo de usar. Para ponerlo en marcha solo debes desbloquearlo y presionar el bot\u00f3n de encendido, regulando la intensidad de llama que deseas. Su dise\u00f1o ergon\u00f3mico hace que puedas usarlo con total comodidad, sin cansarte ni forzar demasiado la mano.<\/p>\n<ul>\n<li style=\"list-style-type: none\">\n<ul>\n<li><strong>Calidad y garant\u00eda<\/strong><\/li>\n<\/ul>\n<\/li>\n<\/ul>\n<p>Con el soplete de cocina y pasteler\u00eda de Ibili te aseguras de estar comprando un utensilio de alta calidad, hecho de materiales resistentes y perdurables.<\/p>\n<ul>\n<li style=\"list-style-type: none\">\n<ul>\n<li><strong>Seguridad de uso<\/strong><\/li>\n<\/ul>\n<\/li>\n<\/ul>\n<p>Es una herramienta segura gracias a su sistema de bloqueo y cuenta con dos a\u00f1os de garant\u00eda.<\/p>\n<ul>\n<li style=\"list-style-type: none\">\n<ul>\n<li><strong>Para amantes de la cocina<\/strong><\/li>\n<\/ul>\n<\/li>\n<\/ul>\n<p>Se trata del regalo ideal para amantes de la cocina, gracias a su sencillez de uso y al amplio abanico de elaboraciones que permite hacer. Elabora tus platos con un toque profesional y actual.<\/p>\n<\/div>\n<\/div>\n<\/div>\n","protected":false},"excerpt":{"rendered":"<p>Soplete de gas profesional, especialmente dise\u00f1ado para la alta cocina cuyo requisito es, sin duda, la precisi\u00f3n. La intensidad de la llama es regulable, esto lo hace muy \u00fatil para numerosos procesos, como quemar la nata montada y los sufl\u00e9s con una fina capa dorada hasta tostar.<\/p>\n","protected":false},"featured_media":3737,"template":"","meta":[],"product_brand":[],"product_cat":[1121,1122,1120],"product_tag":[],"class_list":{"0":"post-8891","1":"product","2":"type-product","3":"status-publish","4":"has-post-thumbnail","6":"product_cat-cocina","7":"product_cat-complementos-cocina","8":"product_cat-utensilios-cocina-hosteleria","10":"first","11":"outofstock","12":"taxable","13":"shipping-taxable","14":"product-type-variable"},"yoast_head":"<!-- This site is optimized with the Yoast SEO plugin v27.5 - https:\/\/yoast.com\/product\/yoast-seo-wordpress\/ -->\n<title>Soplete Pasteler\u00eda \/ Recambio de Gas para Cabezal Marca Ibilli - Venta Productos de hosteler\u00eda Barcelona<\/title>\n<meta name=\"description\" content=\"Soplete de gas profesional, especialmente dise\u00f1ado para la alta cocina cuyo requisito es, sin duda, la precisi\u00f3n. La intensidad de la llama es regulable, esto lo hace muy \u00fatil para numerosos procesos, como quemar la nata montada y los sufl\u00e9s con una fina capa dorada hasta tostar.\" \/>\n<meta name=\"robots\" content=\"index, follow, max-snippet:-1, max-image-preview:large, max-video-preview:-1\" \/>\n<link rel=\"canonical\" href=\"https:\/\/suministressantfeliu.com\/comprar\/soplete-pasteleria-recambio-de-gas-para-cabezal-marca-ibilli\/\" \/>\n<meta property=\"og:locale\" content=\"es_ES\" \/>\n<meta property=\"og:type\" content=\"article\" \/>\n<meta property=\"og:title\" content=\"Soplete Pasteler\u00eda \/ Recambio de Gas para Cabezal Marca Ibilli - Venta Productos de hosteler\u00eda Barcelona\" \/>\n<meta property=\"og:description\" content=\"Soplete de gas profesional, especialmente dise\u00f1ado para la alta cocina cuyo requisito es, sin duda, la precisi\u00f3n. La intensidad de la llama es regulable, esto lo hace muy \u00fatil para numerosos procesos, como quemar la nata montada y los sufl\u00e9s con una fina capa dorada hasta tostar.\" \/>\n<meta property=\"og:url\" content=\"https:\/\/suministressantfeliu.com\/comprar\/soplete-pasteleria-recambio-de-gas-para-cabezal-marca-ibilli\/\" \/>\n<meta property=\"og:site_name\" content=\"Venta Productos de hosteler\u00eda Barcelona\" \/>\n<meta property=\"article:modified_time\" content=\"2024-02-15T15:34:16+00:00\" \/>\n<meta property=\"og:image\" content=\"https:\/\/suministressantfeliu.com\/comprar\/wp-content\/uploads\/2023\/04\/soplete-pasteleria-y-recambio-de-gas-para-cabezal-800x800-1.jpg\" \/>\n\t<meta property=\"og:image:width\" content=\"800\" \/>\n\t<meta property=\"og:image:height\" content=\"800\" \/>\n\t<meta property=\"og:image:type\" content=\"image\/jpeg\" \/>\n<meta name=\"twitter:card\" content=\"summary_large_image\" \/>\n<meta name=\"twitter:label1\" content=\"Tiempo de lectura\" \/>\n\t<meta name=\"twitter:data1\" content=\"2 minutos\" \/>\n<script type=\"application\/ld+json\" class=\"yoast-schema-graph\">{\"@context\":\"https:\\\/\\\/schema.org\",\"@graph\":[{\"@type\":\"WebPage\",\"@id\":\"https:\\\/\\\/suministressantfeliu.com\\\/comprar\\\/soplete-pasteleria-recambio-de-gas-para-cabezal-marca-ibilli\\\/\",\"url\":\"https:\\\/\\\/suministressantfeliu.com\\\/comprar\\\/soplete-pasteleria-recambio-de-gas-para-cabezal-marca-ibilli\\\/\",\"name\":\"Soplete Pasteler\u00eda \\\/ Recambio de Gas para Cabezal Marca Ibilli - Venta Productos de hosteler\u00eda Barcelona\",\"isPartOf\":{\"@id\":\"https:\\\/\\\/suministressantfeliu.com\\\/comprar\\\/#website\"},\"primaryImageOfPage\":{\"@id\":\"https:\\\/\\\/suministressantfeliu.com\\\/comprar\\\/soplete-pasteleria-recambio-de-gas-para-cabezal-marca-ibilli\\\/#primaryimage\"},\"image\":{\"@id\":\"https:\\\/\\\/suministressantfeliu.com\\\/comprar\\\/soplete-pasteleria-recambio-de-gas-para-cabezal-marca-ibilli\\\/#primaryimage\"},\"thumbnailUrl\":\"https:\\\/\\\/suministressantfeliu.com\\\/comprar\\\/wp-content\\\/uploads\\\/2023\\\/04\\\/soplete-pasteleria-y-recambio-de-gas-para-cabezal-800x800-1.jpg\",\"datePublished\":\"2023-05-04T21:49:21+00:00\",\"dateModified\":\"2024-02-15T15:34:16+00:00\",\"description\":\"Soplete de gas profesional, especialmente dise\u00f1ado para la alta cocina cuyo requisito es, sin duda, la precisi\u00f3n. La intensidad de la llama es regulable, esto lo hace muy \u00fatil para numerosos procesos, como quemar la nata montada y los sufl\u00e9s con una fina capa dorada hasta tostar.\",\"breadcrumb\":{\"@id\":\"https:\\\/\\\/suministressantfeliu.com\\\/comprar\\\/soplete-pasteleria-recambio-de-gas-para-cabezal-marca-ibilli\\\/#breadcrumb\"},\"inLanguage\":\"es\",\"potentialAction\":[{\"@type\":\"ReadAction\",\"target\":[\"https:\\\/\\\/suministressantfeliu.com\\\/comprar\\\/soplete-pasteleria-recambio-de-gas-para-cabezal-marca-ibilli\\\/\"]}]},{\"@type\":\"ImageObject\",\"inLanguage\":\"es\",\"@id\":\"https:\\\/\\\/suministressantfeliu.com\\\/comprar\\\/soplete-pasteleria-recambio-de-gas-para-cabezal-marca-ibilli\\\/#primaryimage\",\"url\":\"https:\\\/\\\/suministressantfeliu.com\\\/comprar\\\/wp-content\\\/uploads\\\/2023\\\/04\\\/soplete-pasteleria-y-recambio-de-gas-para-cabezal-800x800-1.jpg\",\"contentUrl\":\"https:\\\/\\\/suministressantfeliu.com\\\/comprar\\\/wp-content\\\/uploads\\\/2023\\\/04\\\/soplete-pasteleria-y-recambio-de-gas-para-cabezal-800x800-1.jpg\",\"width\":800,\"height\":800},{\"@type\":\"BreadcrumbList\",\"@id\":\"https:\\\/\\\/suministressantfeliu.com\\\/comprar\\\/soplete-pasteleria-recambio-de-gas-para-cabezal-marca-ibilli\\\/#breadcrumb\",\"itemListElement\":[{\"@type\":\"ListItem\",\"position\":1,\"name\":\"Portada\",\"item\":\"https:\\\/\\\/suministressantfeliu.com\\\/comprar\\\/\"},{\"@type\":\"ListItem\",\"position\":2,\"name\":\"Tienda\",\"item\":\"https:\\\/\\\/suministressantfeliu.com\\\/comprar\\\/tienda\\\/\"},{\"@type\":\"ListItem\",\"position\":3,\"name\":\"Soplete Pasteler\u00eda \\\/ Recambio de Gas para Cabezal Marca Ibilli\"}]},{\"@type\":\"WebSite\",\"@id\":\"https:\\\/\\\/suministressantfeliu.com\\\/comprar\\\/#website\",\"url\":\"https:\\\/\\\/suministressantfeliu.com\\\/comprar\\\/\",\"name\":\"Productos hosteler\u00eda\",\"description\":\"Venta de suministros profesionales para hosteler\u00eda\",\"publisher\":{\"@id\":\"https:\\\/\\\/suministressantfeliu.com\\\/comprar\\\/#organization\"},\"potentialAction\":[{\"@type\":\"SearchAction\",\"target\":{\"@type\":\"EntryPoint\",\"urlTemplate\":\"https:\\\/\\\/suministressantfeliu.com\\\/comprar\\\/?s={search_term_string}\"},\"query-input\":{\"@type\":\"PropertyValueSpecification\",\"valueRequired\":true,\"valueName\":\"search_term_string\"}}],\"inLanguage\":\"es\"},{\"@type\":\"Organization\",\"@id\":\"https:\\\/\\\/suministressantfeliu.com\\\/comprar\\\/#organization\",\"name\":\"Suministres Sant Feliu hosteleria\",\"url\":\"https:\\\/\\\/suministressantfeliu.com\\\/comprar\\\/\",\"logo\":{\"@type\":\"ImageObject\",\"inLanguage\":\"es\",\"@id\":\"https:\\\/\\\/suministressantfeliu.com\\\/comprar\\\/#\\\/schema\\\/logo\\\/image\\\/\",\"url\":\"https:\\\/\\\/suministressantfeliu.com\\\/comprar\\\/wp-content\\\/uploads\\\/2021\\\/03\\\/cropped-suministres-sant-feliu-logo.png\",\"contentUrl\":\"https:\\\/\\\/suministressantfeliu.com\\\/comprar\\\/wp-content\\\/uploads\\\/2021\\\/03\\\/cropped-suministres-sant-feliu-logo.png\",\"width\":668,\"height\":668,\"caption\":\"Suministres Sant Feliu hosteleria\"},\"image\":{\"@id\":\"https:\\\/\\\/suministressantfeliu.com\\\/comprar\\\/#\\\/schema\\\/logo\\\/image\\\/\"}}]}<\/script>\n<!-- \/ Yoast SEO plugin. -->","yoast_head_json":{"title":"Soplete Pasteler\u00eda \/ Recambio de Gas para Cabezal Marca Ibilli - Venta Productos de hosteler\u00eda Barcelona","description":"Soplete de gas profesional, especialmente dise\u00f1ado para la alta cocina cuyo requisito es, sin duda, la precisi\u00f3n. La intensidad de la llama es regulable, esto lo hace muy \u00fatil para numerosos procesos, como quemar la nata montada y los sufl\u00e9s con una fina capa dorada hasta tostar.","robots":{"index":"index","follow":"follow","max-snippet":"max-snippet:-1","max-image-preview":"max-image-preview:large","max-video-preview":"max-video-preview:-1"},"canonical":"https:\/\/suministressantfeliu.com\/comprar\/soplete-pasteleria-recambio-de-gas-para-cabezal-marca-ibilli\/","og_locale":"es_ES","og_type":"article","og_title":"Soplete Pasteler\u00eda \/ Recambio de Gas para Cabezal Marca Ibilli - Venta Productos de hosteler\u00eda Barcelona","og_description":"Soplete de gas profesional, especialmente dise\u00f1ado para la alta cocina cuyo requisito es, sin duda, la precisi\u00f3n. La intensidad de la llama es regulable, esto lo hace muy \u00fatil para numerosos procesos, como quemar la nata montada y los sufl\u00e9s con una fina capa dorada hasta tostar.","og_url":"https:\/\/suministressantfeliu.com\/comprar\/soplete-pasteleria-recambio-de-gas-para-cabezal-marca-ibilli\/","og_site_name":"Venta Productos de hosteler\u00eda Barcelona","article_modified_time":"2024-02-15T15:34:16+00:00","og_image":[{"width":800,"height":800,"url":"https:\/\/suministressantfeliu.com\/comprar\/wp-content\/uploads\/2023\/04\/soplete-pasteleria-y-recambio-de-gas-para-cabezal-800x800-1.jpg","type":"image\/jpeg"}],"twitter_card":"summary_large_image","twitter_misc":{"Tiempo de lectura":"2 minutos"},"schema":{"@context":"https:\/\/schema.org","@graph":[{"@type":"WebPage","@id":"https:\/\/suministressantfeliu.com\/comprar\/soplete-pasteleria-recambio-de-gas-para-cabezal-marca-ibilli\/","url":"https:\/\/suministressantfeliu.com\/comprar\/soplete-pasteleria-recambio-de-gas-para-cabezal-marca-ibilli\/","name":"Soplete Pasteler\u00eda \/ Recambio de Gas para Cabezal Marca Ibilli - Venta Productos de hosteler\u00eda Barcelona","isPartOf":{"@id":"https:\/\/suministressantfeliu.com\/comprar\/#website"},"primaryImageOfPage":{"@id":"https:\/\/suministressantfeliu.com\/comprar\/soplete-pasteleria-recambio-de-gas-para-cabezal-marca-ibilli\/#primaryimage"},"image":{"@id":"https:\/\/suministressantfeliu.com\/comprar\/soplete-pasteleria-recambio-de-gas-para-cabezal-marca-ibilli\/#primaryimage"},"thumbnailUrl":"https:\/\/suministressantfeliu.com\/comprar\/wp-content\/uploads\/2023\/04\/soplete-pasteleria-y-recambio-de-gas-para-cabezal-800x800-1.jpg","datePublished":"2023-05-04T21:49:21+00:00","dateModified":"2024-02-15T15:34:16+00:00","description":"Soplete de gas profesional, especialmente dise\u00f1ado para la alta cocina cuyo requisito es, sin duda, la precisi\u00f3n. La intensidad de la llama es regulable, esto lo hace muy \u00fatil para numerosos procesos, como quemar la nata montada y los sufl\u00e9s con una fina capa dorada hasta tostar.","breadcrumb":{"@id":"https:\/\/suministressantfeliu.com\/comprar\/soplete-pasteleria-recambio-de-gas-para-cabezal-marca-ibilli\/#breadcrumb"},"inLanguage":"es","potentialAction":[{"@type":"ReadAction","target":["https:\/\/suministressantfeliu.com\/comprar\/soplete-pasteleria-recambio-de-gas-para-cabezal-marca-ibilli\/"]}]},{"@type":"ImageObject","inLanguage":"es","@id":"https:\/\/suministressantfeliu.com\/comprar\/soplete-pasteleria-recambio-de-gas-para-cabezal-marca-ibilli\/#primaryimage","url":"https:\/\/suministressantfeliu.com\/comprar\/wp-content\/uploads\/2023\/04\/soplete-pasteleria-y-recambio-de-gas-para-cabezal-800x800-1.jpg","contentUrl":"https:\/\/suministressantfeliu.com\/comprar\/wp-content\/uploads\/2023\/04\/soplete-pasteleria-y-recambio-de-gas-para-cabezal-800x800-1.jpg","width":800,"height":800},{"@type":"BreadcrumbList","@id":"https:\/\/suministressantfeliu.com\/comprar\/soplete-pasteleria-recambio-de-gas-para-cabezal-marca-ibilli\/#breadcrumb","itemListElement":[{"@type":"ListItem","position":1,"name":"Portada","item":"https:\/\/suministressantfeliu.com\/comprar\/"},{"@type":"ListItem","position":2,"name":"Tienda","item":"https:\/\/suministressantfeliu.com\/comprar\/tienda\/"},{"@type":"ListItem","position":3,"name":"Soplete Pasteler\u00eda \/ Recambio de Gas para Cabezal Marca Ibilli"}]},{"@type":"WebSite","@id":"https:\/\/suministressantfeliu.com\/comprar\/#website","url":"https:\/\/suministressantfeliu.com\/comprar\/","name":"Productos hosteler\u00eda","description":"Venta de suministros profesionales para hosteler\u00eda","publisher":{"@id":"https:\/\/suministressantfeliu.com\/comprar\/#organization"},"potentialAction":[{"@type":"SearchAction","target":{"@type":"EntryPoint","urlTemplate":"https:\/\/suministressantfeliu.com\/comprar\/?s={search_term_string}"},"query-input":{"@type":"PropertyValueSpecification","valueRequired":true,"valueName":"search_term_string"}}],"inLanguage":"es"},{"@type":"Organization","@id":"https:\/\/suministressantfeliu.com\/comprar\/#organization","name":"Suministres Sant Feliu hosteleria","url":"https:\/\/suministressantfeliu.com\/comprar\/","logo":{"@type":"ImageObject","inLanguage":"es","@id":"https:\/\/suministressantfeliu.com\/comprar\/#\/schema\/logo\/image\/","url":"https:\/\/suministressantfeliu.com\/comprar\/wp-content\/uploads\/2021\/03\/cropped-suministres-sant-feliu-logo.png","contentUrl":"https:\/\/suministressantfeliu.com\/comprar\/wp-content\/uploads\/2021\/03\/cropped-suministres-sant-feliu-logo.png","width":668,"height":668,"caption":"Suministres Sant Feliu hosteleria"},"image":{"@id":"https:\/\/suministressantfeliu.com\/comprar\/#\/schema\/logo\/image\/"}}]}},"_links":{"self":[{"href":"https:\/\/suministressantfeliu.com\/comprar\/wp-json\/wp\/v2\/product\/8891","targetHints":{"allow":["GET"]}}],"collection":[{"href":"https:\/\/suministressantfeliu.com\/comprar\/wp-json\/wp\/v2\/product"}],"about":[{"href":"https:\/\/suministressantfeliu.com\/comprar\/wp-json\/wp\/v2\/types\/product"}],"wp:featuredmedia":[{"embeddable":true,"href":"https:\/\/suministressantfeliu.com\/comprar\/wp-json\/wp\/v2\/media\/3737"}],"wp:attachment":[{"href":"https:\/\/suministressantfeliu.com\/comprar\/wp-json\/wp\/v2\/media?parent=8891"}],"wp:term":[{"taxonomy":"product_brand","embeddable":true,"href":"https:\/\/suministressantfeliu.com\/comprar\/wp-json\/wp\/v2\/product_brand?post=8891"},{"taxonomy":"product_cat","embeddable":true,"href":"https:\/\/suministressantfeliu.com\/comprar\/wp-json\/wp\/v2\/product_cat?post=8891"},{"taxonomy":"product_tag","embeddable":true,"href":"https:\/\/suministressantfeliu.com\/comprar\/wp-json\/wp\/v2\/product_tag?post=8891"}],"curies":[{"name":"wp","href":"https:\/\/api.w.org\/{rel}","templated":true}]}}