{"id":8889,"date":"2023-05-04T21:49:20","date_gmt":"2023-05-04T21:49:20","guid":{"rendered":"https:\/\/suministressantfeliu.com\/comprar\/servilleta-miniservis-1717-celulosa-caja-de-120-paquetes-de-100-servilletas\/"},"modified":"2024-02-19T15:29:05","modified_gmt":"2024-02-19T15:29:05","slug":"servilletas-miniservis-1717-cm-celulosa-caja-de-120-paquetes-de-100-servilletas","status":"publish","type":"product","link":"https:\/\/suministressantfeliu.com\/comprar\/servilletas-miniservis-1717-cm-celulosa-caja-de-120-paquetes-de-100-servilletas\/","title":{"rendered":"Servilletas Miniservis 17*17 cm Celulosa Caja de 120 paquetes de 100 Servilletas"},"content":{"rendered":"<p>Las servilletas miniservis son las t\u00edpicas servilletas de papel tis\u00fa que no pueden faltar en ninguna barra ni ninguna mesa de cualquier bar o restaurante. Normalmente se presentan en servilleteros y son muy pr\u00e1cticas e ideales al contacto con los alimentos.<\/p>\n<p>Conocidas como Servilletas para bares, utilizada con dispensadores y servilleteros.<\/p>\n<p>Imprescindibles en Bares, Restaurantes, Eventos, Celebraciones etc.<\/p>\n<p>&nbsp;<\/p>\n<p>Las servilletas miniservis 17x17cm son las t\u00edpicas servilletas plegadas dentro de un servilletero que te encuentras en bares, restaurantes, panader\u00edas, cafeter\u00edas\u2026etc. Las servilletas miniservis 17&#215;17 est\u00e1n producidas con papel tis\u00fa, un papel que es id\u00f3neo para la limpieza por su\u00a0<b>absorci\u00f3n<\/b>, su tacto es\u00a0<b>suave<\/b>\u00a0y es m\u00e1s\u00a0<b>el\u00e1stico<\/b>. Son ideales al contacto con los alimentos y tambi\u00e9n se puede presentar comida encima de ellas como boller\u00eda, tostadas, snacks\u2026 ya que absorbe el aceite y la comida no resbala, presentado los alimentos de una forma m\u00e1s\u00a0<b>higi\u00e9nica<\/b>.<br \/>\nEl plegado de las servilletas miniservis 17&#215;17 se caracteriza porque se deja una solapa en la parte inferior, en la que suele llevar una impresi\u00f3n como: \u201cGracias por su visita\u201d o tambi\u00e9n puedes estampar otras frases incluso tu imagen corporativa o logo. Las servilletas miniservis 17x17cm son muy\u00a0<b>econ\u00f3micas<\/b>\u00a0y se presentan en un servilletero donde caben unas 100 miniservis para tener un servicio m\u00e1s duradero de servilletas en mesas, barras y terrazas.<\/p>\n<p>Cajas de 1200 servilletas<\/p>\n","protected":false},"excerpt":{"rendered":"<p>Servilletas Miniservis 17*17 cm Celulosa Caja de 120 paquetes de 100 Servilletas<\/p>\n","protected":false},"featured_media":3840,"template":"","meta":[],"product_brand":[],"product_cat":[1124],"product_tag":[],"class_list":{"0":"post-8889","1":"product","2":"type-product","3":"status-publish","4":"has-post-thumbnail","6":"product_cat-celulosas-papel","8":"first","9":"instock","10":"sale","11":"taxable","12":"shipping-taxable","13":"purchasable","14":"product-type-simple"},"yoast_head":"<!-- This site is optimized with the Yoast SEO plugin v27.5 - https:\/\/yoast.com\/product\/yoast-seo-wordpress\/ -->\n<title>Servilletas Miniservis 17*17 cm Celulosa Caja de 120 paquetes de 100 Servilletas - Venta Productos de hosteler\u00eda Barcelona<\/title>\n<meta name=\"description\" content=\"Servilletas Miniservis 17*17 cm Celulosa Caja de 120 paquetes de 100 Servilletas\" \/>\n<meta name=\"robots\" content=\"index, follow, max-snippet:-1, max-image-preview:large, max-video-preview:-1\" \/>\n<link rel=\"canonical\" href=\"https:\/\/suministressantfeliu.com\/comprar\/servilletas-miniservis-1717-cm-celulosa-caja-de-120-paquetes-de-100-servilletas\/\" \/>\n<meta property=\"og:locale\" content=\"es_ES\" \/>\n<meta property=\"og:type\" content=\"article\" \/>\n<meta property=\"og:title\" content=\"Servilletas Miniservis 17*17 cm Celulosa Caja de 120 paquetes de 100 Servilletas - Venta Productos de hosteler\u00eda Barcelona\" \/>\n<meta property=\"og:description\" content=\"Servilletas Miniservis 17*17 cm Celulosa Caja de 120 paquetes de 100 Servilletas\" \/>\n<meta property=\"og:url\" content=\"https:\/\/suministressantfeliu.com\/comprar\/servilletas-miniservis-1717-cm-celulosa-caja-de-120-paquetes-de-100-servilletas\/\" \/>\n<meta property=\"og:site_name\" content=\"Venta Productos de hosteler\u00eda Barcelona\" \/>\n<meta property=\"article:modified_time\" content=\"2024-02-19T15:29:05+00:00\" \/>\n<meta property=\"og:image\" content=\"https:\/\/suministressantfeliu.com\/comprar\/wp-content\/uploads\/2023\/04\/servilleta-miniservis-1717-celulosa-800x800-1.jpg\" \/>\n\t<meta property=\"og:image:width\" content=\"800\" \/>\n\t<meta property=\"og:image:height\" content=\"800\" \/>\n\t<meta property=\"og:image:type\" content=\"image\/jpeg\" \/>\n<meta name=\"twitter:card\" content=\"summary_large_image\" \/>\n<meta name=\"twitter:label1\" content=\"Tiempo de lectura\" \/>\n\t<meta name=\"twitter:data1\" content=\"1 minuto\" \/>\n<script type=\"application\/ld+json\" class=\"yoast-schema-graph\">{\"@context\":\"https:\\\/\\\/schema.org\",\"@graph\":[{\"@type\":\"WebPage\",\"@id\":\"https:\\\/\\\/suministressantfeliu.com\\\/comprar\\\/servilletas-miniservis-1717-cm-celulosa-caja-de-120-paquetes-de-100-servilletas\\\/\",\"url\":\"https:\\\/\\\/suministressantfeliu.com\\\/comprar\\\/servilletas-miniservis-1717-cm-celulosa-caja-de-120-paquetes-de-100-servilletas\\\/\",\"name\":\"Servilletas Miniservis 17*17 cm Celulosa Caja de 120 paquetes de 100 Servilletas - Venta Productos de hosteler\u00eda Barcelona\",\"isPartOf\":{\"@id\":\"https:\\\/\\\/suministressantfeliu.com\\\/comprar\\\/#website\"},\"primaryImageOfPage\":{\"@id\":\"https:\\\/\\\/suministressantfeliu.com\\\/comprar\\\/servilletas-miniservis-1717-cm-celulosa-caja-de-120-paquetes-de-100-servilletas\\\/#primaryimage\"},\"image\":{\"@id\":\"https:\\\/\\\/suministressantfeliu.com\\\/comprar\\\/servilletas-miniservis-1717-cm-celulosa-caja-de-120-paquetes-de-100-servilletas\\\/#primaryimage\"},\"thumbnailUrl\":\"https:\\\/\\\/suministressantfeliu.com\\\/comprar\\\/wp-content\\\/uploads\\\/2023\\\/04\\\/servilleta-miniservis-1717-celulosa-800x800-1.jpg\",\"datePublished\":\"2023-05-04T21:49:20+00:00\",\"dateModified\":\"2024-02-19T15:29:05+00:00\",\"description\":\"Servilletas Miniservis 17*17 cm Celulosa Caja de 120 paquetes de 100 Servilletas\",\"breadcrumb\":{\"@id\":\"https:\\\/\\\/suministressantfeliu.com\\\/comprar\\\/servilletas-miniservis-1717-cm-celulosa-caja-de-120-paquetes-de-100-servilletas\\\/#breadcrumb\"},\"inLanguage\":\"es\",\"potentialAction\":[{\"@type\":\"ReadAction\",\"target\":[\"https:\\\/\\\/suministressantfeliu.com\\\/comprar\\\/servilletas-miniservis-1717-cm-celulosa-caja-de-120-paquetes-de-100-servilletas\\\/\"]}]},{\"@type\":\"ImageObject\",\"inLanguage\":\"es\",\"@id\":\"https:\\\/\\\/suministressantfeliu.com\\\/comprar\\\/servilletas-miniservis-1717-cm-celulosa-caja-de-120-paquetes-de-100-servilletas\\\/#primaryimage\",\"url\":\"https:\\\/\\\/suministressantfeliu.com\\\/comprar\\\/wp-content\\\/uploads\\\/2023\\\/04\\\/servilleta-miniservis-1717-celulosa-800x800-1.jpg\",\"contentUrl\":\"https:\\\/\\\/suministressantfeliu.com\\\/comprar\\\/wp-content\\\/uploads\\\/2023\\\/04\\\/servilleta-miniservis-1717-celulosa-800x800-1.jpg\",\"width\":800,\"height\":800},{\"@type\":\"BreadcrumbList\",\"@id\":\"https:\\\/\\\/suministressantfeliu.com\\\/comprar\\\/servilletas-miniservis-1717-cm-celulosa-caja-de-120-paquetes-de-100-servilletas\\\/#breadcrumb\",\"itemListElement\":[{\"@type\":\"ListItem\",\"position\":1,\"name\":\"Portada\",\"item\":\"https:\\\/\\\/suministressantfeliu.com\\\/comprar\\\/\"},{\"@type\":\"ListItem\",\"position\":2,\"name\":\"Tienda\",\"item\":\"https:\\\/\\\/suministressantfeliu.com\\\/comprar\\\/tienda\\\/\"},{\"@type\":\"ListItem\",\"position\":3,\"name\":\"Servilletas Miniservis 17*17 cm Celulosa Caja de 120 paquetes de 100 Servilletas\"}]},{\"@type\":\"WebSite\",\"@id\":\"https:\\\/\\\/suministressantfeliu.com\\\/comprar\\\/#website\",\"url\":\"https:\\\/\\\/suministressantfeliu.com\\\/comprar\\\/\",\"name\":\"Productos hosteler\u00eda\",\"description\":\"Venta de suministros profesionales para hosteler\u00eda\",\"publisher\":{\"@id\":\"https:\\\/\\\/suministressantfeliu.com\\\/comprar\\\/#organization\"},\"potentialAction\":[{\"@type\":\"SearchAction\",\"target\":{\"@type\":\"EntryPoint\",\"urlTemplate\":\"https:\\\/\\\/suministressantfeliu.com\\\/comprar\\\/?s={search_term_string}\"},\"query-input\":{\"@type\":\"PropertyValueSpecification\",\"valueRequired\":true,\"valueName\":\"search_term_string\"}}],\"inLanguage\":\"es\"},{\"@type\":\"Organization\",\"@id\":\"https:\\\/\\\/suministressantfeliu.com\\\/comprar\\\/#organization\",\"name\":\"Suministres Sant Feliu hosteleria\",\"url\":\"https:\\\/\\\/suministressantfeliu.com\\\/comprar\\\/\",\"logo\":{\"@type\":\"ImageObject\",\"inLanguage\":\"es\",\"@id\":\"https:\\\/\\\/suministressantfeliu.com\\\/comprar\\\/#\\\/schema\\\/logo\\\/image\\\/\",\"url\":\"https:\\\/\\\/suministressantfeliu.com\\\/comprar\\\/wp-content\\\/uploads\\\/2021\\\/03\\\/cropped-suministres-sant-feliu-logo.png\",\"contentUrl\":\"https:\\\/\\\/suministressantfeliu.com\\\/comprar\\\/wp-content\\\/uploads\\\/2021\\\/03\\\/cropped-suministres-sant-feliu-logo.png\",\"width\":668,\"height\":668,\"caption\":\"Suministres Sant Feliu hosteleria\"},\"image\":{\"@id\":\"https:\\\/\\\/suministressantfeliu.com\\\/comprar\\\/#\\\/schema\\\/logo\\\/image\\\/\"}}]}<\/script>\n<!-- \/ Yoast SEO plugin. -->","yoast_head_json":{"title":"Servilletas Miniservis 17*17 cm Celulosa Caja de 120 paquetes de 100 Servilletas - Venta Productos de hosteler\u00eda Barcelona","description":"Servilletas Miniservis 17*17 cm Celulosa Caja de 120 paquetes de 100 Servilletas","robots":{"index":"index","follow":"follow","max-snippet":"max-snippet:-1","max-image-preview":"max-image-preview:large","max-video-preview":"max-video-preview:-1"},"canonical":"https:\/\/suministressantfeliu.com\/comprar\/servilletas-miniservis-1717-cm-celulosa-caja-de-120-paquetes-de-100-servilletas\/","og_locale":"es_ES","og_type":"article","og_title":"Servilletas Miniservis 17*17 cm Celulosa Caja de 120 paquetes de 100 Servilletas - Venta Productos de hosteler\u00eda Barcelona","og_description":"Servilletas Miniservis 17*17 cm Celulosa Caja de 120 paquetes de 100 Servilletas","og_url":"https:\/\/suministressantfeliu.com\/comprar\/servilletas-miniservis-1717-cm-celulosa-caja-de-120-paquetes-de-100-servilletas\/","og_site_name":"Venta Productos de hosteler\u00eda Barcelona","article_modified_time":"2024-02-19T15:29:05+00:00","og_image":[{"width":800,"height":800,"url":"https:\/\/suministressantfeliu.com\/comprar\/wp-content\/uploads\/2023\/04\/servilleta-miniservis-1717-celulosa-800x800-1.jpg","type":"image\/jpeg"}],"twitter_card":"summary_large_image","twitter_misc":{"Tiempo de lectura":"1 minuto"},"schema":{"@context":"https:\/\/schema.org","@graph":[{"@type":"WebPage","@id":"https:\/\/suministressantfeliu.com\/comprar\/servilletas-miniservis-1717-cm-celulosa-caja-de-120-paquetes-de-100-servilletas\/","url":"https:\/\/suministressantfeliu.com\/comprar\/servilletas-miniservis-1717-cm-celulosa-caja-de-120-paquetes-de-100-servilletas\/","name":"Servilletas Miniservis 17*17 cm Celulosa Caja de 120 paquetes de 100 Servilletas - Venta Productos de hosteler\u00eda Barcelona","isPartOf":{"@id":"https:\/\/suministressantfeliu.com\/comprar\/#website"},"primaryImageOfPage":{"@id":"https:\/\/suministressantfeliu.com\/comprar\/servilletas-miniservis-1717-cm-celulosa-caja-de-120-paquetes-de-100-servilletas\/#primaryimage"},"image":{"@id":"https:\/\/suministressantfeliu.com\/comprar\/servilletas-miniservis-1717-cm-celulosa-caja-de-120-paquetes-de-100-servilletas\/#primaryimage"},"thumbnailUrl":"https:\/\/suministressantfeliu.com\/comprar\/wp-content\/uploads\/2023\/04\/servilleta-miniservis-1717-celulosa-800x800-1.jpg","datePublished":"2023-05-04T21:49:20+00:00","dateModified":"2024-02-19T15:29:05+00:00","description":"Servilletas Miniservis 17*17 cm Celulosa Caja de 120 paquetes de 100 Servilletas","breadcrumb":{"@id":"https:\/\/suministressantfeliu.com\/comprar\/servilletas-miniservis-1717-cm-celulosa-caja-de-120-paquetes-de-100-servilletas\/#breadcrumb"},"inLanguage":"es","potentialAction":[{"@type":"ReadAction","target":["https:\/\/suministressantfeliu.com\/comprar\/servilletas-miniservis-1717-cm-celulosa-caja-de-120-paquetes-de-100-servilletas\/"]}]},{"@type":"ImageObject","inLanguage":"es","@id":"https:\/\/suministressantfeliu.com\/comprar\/servilletas-miniservis-1717-cm-celulosa-caja-de-120-paquetes-de-100-servilletas\/#primaryimage","url":"https:\/\/suministressantfeliu.com\/comprar\/wp-content\/uploads\/2023\/04\/servilleta-miniservis-1717-celulosa-800x800-1.jpg","contentUrl":"https:\/\/suministressantfeliu.com\/comprar\/wp-content\/uploads\/2023\/04\/servilleta-miniservis-1717-celulosa-800x800-1.jpg","width":800,"height":800},{"@type":"BreadcrumbList","@id":"https:\/\/suministressantfeliu.com\/comprar\/servilletas-miniservis-1717-cm-celulosa-caja-de-120-paquetes-de-100-servilletas\/#breadcrumb","itemListElement":[{"@type":"ListItem","position":1,"name":"Portada","item":"https:\/\/suministressantfeliu.com\/comprar\/"},{"@type":"ListItem","position":2,"name":"Tienda","item":"https:\/\/suministressantfeliu.com\/comprar\/tienda\/"},{"@type":"ListItem","position":3,"name":"Servilletas Miniservis 17*17 cm Celulosa Caja de 120 paquetes de 100 Servilletas"}]},{"@type":"WebSite","@id":"https:\/\/suministressantfeliu.com\/comprar\/#website","url":"https:\/\/suministressantfeliu.com\/comprar\/","name":"Productos hosteler\u00eda","description":"Venta de suministros profesionales para hosteler\u00eda","publisher":{"@id":"https:\/\/suministressantfeliu.com\/comprar\/#organization"},"potentialAction":[{"@type":"SearchAction","target":{"@type":"EntryPoint","urlTemplate":"https:\/\/suministressantfeliu.com\/comprar\/?s={search_term_string}"},"query-input":{"@type":"PropertyValueSpecification","valueRequired":true,"valueName":"search_term_string"}}],"inLanguage":"es"},{"@type":"Organization","@id":"https:\/\/suministressantfeliu.com\/comprar\/#organization","name":"Suministres Sant Feliu hosteleria","url":"https:\/\/suministressantfeliu.com\/comprar\/","logo":{"@type":"ImageObject","inLanguage":"es","@id":"https:\/\/suministressantfeliu.com\/comprar\/#\/schema\/logo\/image\/","url":"https:\/\/suministressantfeliu.com\/comprar\/wp-content\/uploads\/2021\/03\/cropped-suministres-sant-feliu-logo.png","contentUrl":"https:\/\/suministressantfeliu.com\/comprar\/wp-content\/uploads\/2021\/03\/cropped-suministres-sant-feliu-logo.png","width":668,"height":668,"caption":"Suministres Sant Feliu hosteleria"},"image":{"@id":"https:\/\/suministressantfeliu.com\/comprar\/#\/schema\/logo\/image\/"}}]}},"_links":{"self":[{"href":"https:\/\/suministressantfeliu.com\/comprar\/wp-json\/wp\/v2\/product\/8889","targetHints":{"allow":["GET"]}}],"collection":[{"href":"https:\/\/suministressantfeliu.com\/comprar\/wp-json\/wp\/v2\/product"}],"about":[{"href":"https:\/\/suministressantfeliu.com\/comprar\/wp-json\/wp\/v2\/types\/product"}],"wp:featuredmedia":[{"embeddable":true,"href":"https:\/\/suministressantfeliu.com\/comprar\/wp-json\/wp\/v2\/media\/3840"}],"wp:attachment":[{"href":"https:\/\/suministressantfeliu.com\/comprar\/wp-json\/wp\/v2\/media?parent=8889"}],"wp:term":[{"taxonomy":"product_brand","embeddable":true,"href":"https:\/\/suministressantfeliu.com\/comprar\/wp-json\/wp\/v2\/product_brand?post=8889"},{"taxonomy":"product_cat","embeddable":true,"href":"https:\/\/suministressantfeliu.com\/comprar\/wp-json\/wp\/v2\/product_cat?post=8889"},{"taxonomy":"product_tag","embeddable":true,"href":"https:\/\/suministressantfeliu.com\/comprar\/wp-json\/wp\/v2\/product_tag?post=8889"}],"curies":[{"name":"wp","href":"https:\/\/api.w.org\/{rel}","templated":true}]}}