{"id":8886,"date":"2023-05-04T21:49:18","date_gmt":"2023-05-04T21:49:18","guid":{"rendered":"https:\/\/suministressantfeliu.com\/comprar\/servilleta-mesa-4040-plegado-1-6-tissue-seco-semitela-caja-28-paquetes-de-50-servilletas\/"},"modified":"2024-02-26T12:11:54","modified_gmt":"2024-02-26T12:11:54","slug":"servilleta-mesa-air-laid-4040-plegado-1-6-tissue-seco-semitela-caja-1400-servilletas","status":"publish","type":"product","link":"https:\/\/suministressantfeliu.com\/comprar\/servilleta-mesa-air-laid-4040-plegado-1-6-tissue-seco-semitela-caja-1400-servilletas\/","title":{"rendered":"Servilleta mesa Air Laid 40*40 plegado 1\/6 tissue seco-semitela caja 1400 servilletas"},"content":{"rendered":"<p>Cajas de 28 paquetes de 50 servilletas<\/p>\n<p>Servilletas fabricadas con tisu seco, el papel es parecido a la servilleta de tela.<\/p>\n<p>Este material presenta una resistencia y apariencia \u00f3ptima, junto con una textura suave que sit\u00faa estas servilletas en la gama alta para la decoraci\u00f3n de mesas.<\/p>\n<p>Olv\u00eddese de las lavander\u00edas porque estas servilletas son de usar y tirar. Su uso es muy extendido en recepciones y cenas de lujo. Tambi\u00e9n es muy com\u00fan encontrarlas en bodas o celebraciones importantes.<\/p>\n<div id=\"soy_descripcion\" class=\"col-md-12 clearfix\">\n<div class=\"product-information row\">\n<section class=\"product-description col-md-8\">\n<div>\n<ul>\n<li><strong>Calidad\u00a0de Airlaid<\/strong><\/li>\n<\/ul>\n<p>De buena calidad, es una servilleta de papel\u00a0<strong>perfecta para uso diario<\/strong>\u00a0en todo tipo de mesas y locales. Gracias a ella la imagen de tu local cambiar\u00e1 por completo, ya que el Airlaid le proporciona suavidad, absorci\u00f3n y resistencia extra. \u00a1Parecer\u00e1 que tus servilletas son de tela!<\/p>\n<p>Todo esto siempre con las ventajas de los elementos\u00a0<strong>desechables<\/strong>, como lo son el\u00a0<strong>ahorro<\/strong>\u00a0en lavados e\u00a0<strong>higiene<\/strong>, ya que solo habr\u00e1 que reponerla en cuanto finalice el servicio por cliente.<\/p>\n<ul>\n<li><strong>Uso habitual en&#8230;<\/strong><\/li>\n<\/ul>\n<p>Todo tipo de establecimientos dedicados a la\u00a0<strong>hosteler\u00eda<\/strong>,\u00a0<strong>restauraci\u00f3n<\/strong>\u00a0y sector\u00a0<strong>alimentario<\/strong>.<strong>\u00a0<\/strong><\/p>\n<p>Aunque por su dise\u00f1o, m\u00e1s bien marinero, es ideal en terrazas y mesas al aire libre\u00a0<strong>frente al mar<\/strong>, bares de zonas portuarias o costa, y\u00a0<strong>marisquer\u00edas<\/strong>\u00a0o\u00a0<strong>restaurantes<\/strong>\u00a0donde habitualmente se sirven pescados y mariscos. \u00a1Tus clientes agradecer\u00e1n tu atenci\u00f3n personalizada!<\/p>\n<\/div>\n<\/section>\n<\/div>\n<\/div>\n","protected":false},"excerpt":{"rendered":"<p>Servilleta mesa Air Laid 40*40 plegado 1\/6 tissue seco-semitela caja 1400 servilletas<\/p>\n","protected":false},"featured_media":3829,"template":"","meta":[],"product_brand":[],"product_cat":[1124,1134,1137],"product_tag":[],"class_list":{"0":"post-8886","1":"product","2":"type-product","3":"status-publish","4":"has-post-thumbnail","6":"product_cat-celulosas-papel","7":"product_cat-servicio-de-mesa","8":"product_cat-servilletas","10":"first","11":"instock","12":"sale","13":"taxable","14":"shipping-taxable","15":"purchasable","16":"product-type-simple"},"yoast_head":"<!-- This site is optimized with the Yoast SEO plugin v27.5 - https:\/\/yoast.com\/product\/yoast-seo-wordpress\/ -->\n<title>Servilleta mesa Air Laid 40*40 plegado 1\/6 tissue seco-semitela caja 1400 servilletas - Venta Productos de hosteler\u00eda Barcelona<\/title>\n<meta name=\"description\" content=\"Servilleta mesa Air Laid 40*40 plegado 1\/6 tissue seco-semitela caja 1400 servilletas\" \/>\n<meta name=\"robots\" content=\"index, follow, max-snippet:-1, max-image-preview:large, max-video-preview:-1\" \/>\n<link rel=\"canonical\" href=\"https:\/\/suministressantfeliu.com\/comprar\/servilleta-mesa-air-laid-4040-plegado-1-6-tissue-seco-semitela-caja-1400-servilletas\/\" \/>\n<meta property=\"og:locale\" content=\"es_ES\" \/>\n<meta property=\"og:type\" content=\"article\" \/>\n<meta property=\"og:title\" content=\"Servilleta mesa Air Laid 40*40 plegado 1\/6 tissue seco-semitela caja 1400 servilletas - Venta Productos de hosteler\u00eda Barcelona\" \/>\n<meta property=\"og:description\" content=\"Servilleta mesa Air Laid 40*40 plegado 1\/6 tissue seco-semitela caja 1400 servilletas\" \/>\n<meta property=\"og:url\" content=\"https:\/\/suministressantfeliu.com\/comprar\/servilleta-mesa-air-laid-4040-plegado-1-6-tissue-seco-semitela-caja-1400-servilletas\/\" \/>\n<meta property=\"og:site_name\" content=\"Venta Productos de hosteler\u00eda Barcelona\" \/>\n<meta property=\"article:modified_time\" content=\"2024-02-26T12:11:54+00:00\" \/>\n<meta property=\"og:image\" content=\"https:\/\/suministressantfeliu.com\/comprar\/wp-content\/uploads\/2023\/04\/servilleta-4040-plegado-16-tissue-seco-semitela-800x800-1.jpg\" \/>\n\t<meta property=\"og:image:width\" content=\"800\" \/>\n\t<meta property=\"og:image:height\" content=\"800\" \/>\n\t<meta property=\"og:image:type\" content=\"image\/jpeg\" \/>\n<meta name=\"twitter:card\" content=\"summary_large_image\" \/>\n<meta name=\"twitter:label1\" content=\"Tiempo de lectura\" \/>\n\t<meta name=\"twitter:data1\" content=\"1 minuto\" \/>\n<script type=\"application\/ld+json\" class=\"yoast-schema-graph\">{\"@context\":\"https:\\\/\\\/schema.org\",\"@graph\":[{\"@type\":\"WebPage\",\"@id\":\"https:\\\/\\\/suministressantfeliu.com\\\/comprar\\\/servilleta-mesa-air-laid-4040-plegado-1-6-tissue-seco-semitela-caja-1400-servilletas\\\/\",\"url\":\"https:\\\/\\\/suministressantfeliu.com\\\/comprar\\\/servilleta-mesa-air-laid-4040-plegado-1-6-tissue-seco-semitela-caja-1400-servilletas\\\/\",\"name\":\"Servilleta mesa Air Laid 40*40 plegado 1\\\/6 tissue seco-semitela caja 1400 servilletas - Venta Productos de hosteler\u00eda Barcelona\",\"isPartOf\":{\"@id\":\"https:\\\/\\\/suministressantfeliu.com\\\/comprar\\\/#website\"},\"primaryImageOfPage\":{\"@id\":\"https:\\\/\\\/suministressantfeliu.com\\\/comprar\\\/servilleta-mesa-air-laid-4040-plegado-1-6-tissue-seco-semitela-caja-1400-servilletas\\\/#primaryimage\"},\"image\":{\"@id\":\"https:\\\/\\\/suministressantfeliu.com\\\/comprar\\\/servilleta-mesa-air-laid-4040-plegado-1-6-tissue-seco-semitela-caja-1400-servilletas\\\/#primaryimage\"},\"thumbnailUrl\":\"https:\\\/\\\/suministressantfeliu.com\\\/comprar\\\/wp-content\\\/uploads\\\/2023\\\/04\\\/servilleta-4040-plegado-16-tissue-seco-semitela-800x800-1.jpg\",\"datePublished\":\"2023-05-04T21:49:18+00:00\",\"dateModified\":\"2024-02-26T12:11:54+00:00\",\"description\":\"Servilleta mesa Air Laid 40*40 plegado 1\\\/6 tissue seco-semitela caja 1400 servilletas\",\"breadcrumb\":{\"@id\":\"https:\\\/\\\/suministressantfeliu.com\\\/comprar\\\/servilleta-mesa-air-laid-4040-plegado-1-6-tissue-seco-semitela-caja-1400-servilletas\\\/#breadcrumb\"},\"inLanguage\":\"es\",\"potentialAction\":[{\"@type\":\"ReadAction\",\"target\":[\"https:\\\/\\\/suministressantfeliu.com\\\/comprar\\\/servilleta-mesa-air-laid-4040-plegado-1-6-tissue-seco-semitela-caja-1400-servilletas\\\/\"]}]},{\"@type\":\"ImageObject\",\"inLanguage\":\"es\",\"@id\":\"https:\\\/\\\/suministressantfeliu.com\\\/comprar\\\/servilleta-mesa-air-laid-4040-plegado-1-6-tissue-seco-semitela-caja-1400-servilletas\\\/#primaryimage\",\"url\":\"https:\\\/\\\/suministressantfeliu.com\\\/comprar\\\/wp-content\\\/uploads\\\/2023\\\/04\\\/servilleta-4040-plegado-16-tissue-seco-semitela-800x800-1.jpg\",\"contentUrl\":\"https:\\\/\\\/suministressantfeliu.com\\\/comprar\\\/wp-content\\\/uploads\\\/2023\\\/04\\\/servilleta-4040-plegado-16-tissue-seco-semitela-800x800-1.jpg\",\"width\":800,\"height\":800},{\"@type\":\"BreadcrumbList\",\"@id\":\"https:\\\/\\\/suministressantfeliu.com\\\/comprar\\\/servilleta-mesa-air-laid-4040-plegado-1-6-tissue-seco-semitela-caja-1400-servilletas\\\/#breadcrumb\",\"itemListElement\":[{\"@type\":\"ListItem\",\"position\":1,\"name\":\"Portada\",\"item\":\"https:\\\/\\\/suministressantfeliu.com\\\/comprar\\\/\"},{\"@type\":\"ListItem\",\"position\":2,\"name\":\"Tienda\",\"item\":\"https:\\\/\\\/suministressantfeliu.com\\\/comprar\\\/tienda\\\/\"},{\"@type\":\"ListItem\",\"position\":3,\"name\":\"Servilleta mesa Air Laid 40*40 plegado 1\\\/6 tissue seco-semitela caja 1400 servilletas\"}]},{\"@type\":\"WebSite\",\"@id\":\"https:\\\/\\\/suministressantfeliu.com\\\/comprar\\\/#website\",\"url\":\"https:\\\/\\\/suministressantfeliu.com\\\/comprar\\\/\",\"name\":\"Productos hosteler\u00eda\",\"description\":\"Venta de suministros profesionales para hosteler\u00eda\",\"publisher\":{\"@id\":\"https:\\\/\\\/suministressantfeliu.com\\\/comprar\\\/#organization\"},\"potentialAction\":[{\"@type\":\"SearchAction\",\"target\":{\"@type\":\"EntryPoint\",\"urlTemplate\":\"https:\\\/\\\/suministressantfeliu.com\\\/comprar\\\/?s={search_term_string}\"},\"query-input\":{\"@type\":\"PropertyValueSpecification\",\"valueRequired\":true,\"valueName\":\"search_term_string\"}}],\"inLanguage\":\"es\"},{\"@type\":\"Organization\",\"@id\":\"https:\\\/\\\/suministressantfeliu.com\\\/comprar\\\/#organization\",\"name\":\"Suministres Sant Feliu hosteleria\",\"url\":\"https:\\\/\\\/suministressantfeliu.com\\\/comprar\\\/\",\"logo\":{\"@type\":\"ImageObject\",\"inLanguage\":\"es\",\"@id\":\"https:\\\/\\\/suministressantfeliu.com\\\/comprar\\\/#\\\/schema\\\/logo\\\/image\\\/\",\"url\":\"https:\\\/\\\/suministressantfeliu.com\\\/comprar\\\/wp-content\\\/uploads\\\/2021\\\/03\\\/cropped-suministres-sant-feliu-logo.png\",\"contentUrl\":\"https:\\\/\\\/suministressantfeliu.com\\\/comprar\\\/wp-content\\\/uploads\\\/2021\\\/03\\\/cropped-suministres-sant-feliu-logo.png\",\"width\":668,\"height\":668,\"caption\":\"Suministres Sant Feliu hosteleria\"},\"image\":{\"@id\":\"https:\\\/\\\/suministressantfeliu.com\\\/comprar\\\/#\\\/schema\\\/logo\\\/image\\\/\"}}]}<\/script>\n<!-- \/ Yoast SEO plugin. -->","yoast_head_json":{"title":"Servilleta mesa Air Laid 40*40 plegado 1\/6 tissue seco-semitela caja 1400 servilletas - Venta Productos de hosteler\u00eda Barcelona","description":"Servilleta mesa Air Laid 40*40 plegado 1\/6 tissue seco-semitela caja 1400 servilletas","robots":{"index":"index","follow":"follow","max-snippet":"max-snippet:-1","max-image-preview":"max-image-preview:large","max-video-preview":"max-video-preview:-1"},"canonical":"https:\/\/suministressantfeliu.com\/comprar\/servilleta-mesa-air-laid-4040-plegado-1-6-tissue-seco-semitela-caja-1400-servilletas\/","og_locale":"es_ES","og_type":"article","og_title":"Servilleta mesa Air Laid 40*40 plegado 1\/6 tissue seco-semitela caja 1400 servilletas - Venta Productos de hosteler\u00eda Barcelona","og_description":"Servilleta mesa Air Laid 40*40 plegado 1\/6 tissue seco-semitela caja 1400 servilletas","og_url":"https:\/\/suministressantfeliu.com\/comprar\/servilleta-mesa-air-laid-4040-plegado-1-6-tissue-seco-semitela-caja-1400-servilletas\/","og_site_name":"Venta Productos de hosteler\u00eda Barcelona","article_modified_time":"2024-02-26T12:11:54+00:00","og_image":[{"width":800,"height":800,"url":"https:\/\/suministressantfeliu.com\/comprar\/wp-content\/uploads\/2023\/04\/servilleta-4040-plegado-16-tissue-seco-semitela-800x800-1.jpg","type":"image\/jpeg"}],"twitter_card":"summary_large_image","twitter_misc":{"Tiempo de lectura":"1 minuto"},"schema":{"@context":"https:\/\/schema.org","@graph":[{"@type":"WebPage","@id":"https:\/\/suministressantfeliu.com\/comprar\/servilleta-mesa-air-laid-4040-plegado-1-6-tissue-seco-semitela-caja-1400-servilletas\/","url":"https:\/\/suministressantfeliu.com\/comprar\/servilleta-mesa-air-laid-4040-plegado-1-6-tissue-seco-semitela-caja-1400-servilletas\/","name":"Servilleta mesa Air Laid 40*40 plegado 1\/6 tissue seco-semitela caja 1400 servilletas - Venta Productos de hosteler\u00eda Barcelona","isPartOf":{"@id":"https:\/\/suministressantfeliu.com\/comprar\/#website"},"primaryImageOfPage":{"@id":"https:\/\/suministressantfeliu.com\/comprar\/servilleta-mesa-air-laid-4040-plegado-1-6-tissue-seco-semitela-caja-1400-servilletas\/#primaryimage"},"image":{"@id":"https:\/\/suministressantfeliu.com\/comprar\/servilleta-mesa-air-laid-4040-plegado-1-6-tissue-seco-semitela-caja-1400-servilletas\/#primaryimage"},"thumbnailUrl":"https:\/\/suministressantfeliu.com\/comprar\/wp-content\/uploads\/2023\/04\/servilleta-4040-plegado-16-tissue-seco-semitela-800x800-1.jpg","datePublished":"2023-05-04T21:49:18+00:00","dateModified":"2024-02-26T12:11:54+00:00","description":"Servilleta mesa Air Laid 40*40 plegado 1\/6 tissue seco-semitela caja 1400 servilletas","breadcrumb":{"@id":"https:\/\/suministressantfeliu.com\/comprar\/servilleta-mesa-air-laid-4040-plegado-1-6-tissue-seco-semitela-caja-1400-servilletas\/#breadcrumb"},"inLanguage":"es","potentialAction":[{"@type":"ReadAction","target":["https:\/\/suministressantfeliu.com\/comprar\/servilleta-mesa-air-laid-4040-plegado-1-6-tissue-seco-semitela-caja-1400-servilletas\/"]}]},{"@type":"ImageObject","inLanguage":"es","@id":"https:\/\/suministressantfeliu.com\/comprar\/servilleta-mesa-air-laid-4040-plegado-1-6-tissue-seco-semitela-caja-1400-servilletas\/#primaryimage","url":"https:\/\/suministressantfeliu.com\/comprar\/wp-content\/uploads\/2023\/04\/servilleta-4040-plegado-16-tissue-seco-semitela-800x800-1.jpg","contentUrl":"https:\/\/suministressantfeliu.com\/comprar\/wp-content\/uploads\/2023\/04\/servilleta-4040-plegado-16-tissue-seco-semitela-800x800-1.jpg","width":800,"height":800},{"@type":"BreadcrumbList","@id":"https:\/\/suministressantfeliu.com\/comprar\/servilleta-mesa-air-laid-4040-plegado-1-6-tissue-seco-semitela-caja-1400-servilletas\/#breadcrumb","itemListElement":[{"@type":"ListItem","position":1,"name":"Portada","item":"https:\/\/suministressantfeliu.com\/comprar\/"},{"@type":"ListItem","position":2,"name":"Tienda","item":"https:\/\/suministressantfeliu.com\/comprar\/tienda\/"},{"@type":"ListItem","position":3,"name":"Servilleta mesa Air Laid 40*40 plegado 1\/6 tissue seco-semitela caja 1400 servilletas"}]},{"@type":"WebSite","@id":"https:\/\/suministressantfeliu.com\/comprar\/#website","url":"https:\/\/suministressantfeliu.com\/comprar\/","name":"Productos hosteler\u00eda","description":"Venta de suministros profesionales para hosteler\u00eda","publisher":{"@id":"https:\/\/suministressantfeliu.com\/comprar\/#organization"},"potentialAction":[{"@type":"SearchAction","target":{"@type":"EntryPoint","urlTemplate":"https:\/\/suministressantfeliu.com\/comprar\/?s={search_term_string}"},"query-input":{"@type":"PropertyValueSpecification","valueRequired":true,"valueName":"search_term_string"}}],"inLanguage":"es"},{"@type":"Organization","@id":"https:\/\/suministressantfeliu.com\/comprar\/#organization","name":"Suministres Sant Feliu hosteleria","url":"https:\/\/suministressantfeliu.com\/comprar\/","logo":{"@type":"ImageObject","inLanguage":"es","@id":"https:\/\/suministressantfeliu.com\/comprar\/#\/schema\/logo\/image\/","url":"https:\/\/suministressantfeliu.com\/comprar\/wp-content\/uploads\/2021\/03\/cropped-suministres-sant-feliu-logo.png","contentUrl":"https:\/\/suministressantfeliu.com\/comprar\/wp-content\/uploads\/2021\/03\/cropped-suministres-sant-feliu-logo.png","width":668,"height":668,"caption":"Suministres Sant Feliu hosteleria"},"image":{"@id":"https:\/\/suministressantfeliu.com\/comprar\/#\/schema\/logo\/image\/"}}]}},"_links":{"self":[{"href":"https:\/\/suministressantfeliu.com\/comprar\/wp-json\/wp\/v2\/product\/8886","targetHints":{"allow":["GET"]}}],"collection":[{"href":"https:\/\/suministressantfeliu.com\/comprar\/wp-json\/wp\/v2\/product"}],"about":[{"href":"https:\/\/suministressantfeliu.com\/comprar\/wp-json\/wp\/v2\/types\/product"}],"wp:featuredmedia":[{"embeddable":true,"href":"https:\/\/suministressantfeliu.com\/comprar\/wp-json\/wp\/v2\/media\/3829"}],"wp:attachment":[{"href":"https:\/\/suministressantfeliu.com\/comprar\/wp-json\/wp\/v2\/media?parent=8886"}],"wp:term":[{"taxonomy":"product_brand","embeddable":true,"href":"https:\/\/suministressantfeliu.com\/comprar\/wp-json\/wp\/v2\/product_brand?post=8886"},{"taxonomy":"product_cat","embeddable":true,"href":"https:\/\/suministressantfeliu.com\/comprar\/wp-json\/wp\/v2\/product_cat?post=8886"},{"taxonomy":"product_tag","embeddable":true,"href":"https:\/\/suministressantfeliu.com\/comprar\/wp-json\/wp\/v2\/product_tag?post=8886"}],"curies":[{"name":"wp","href":"https:\/\/api.w.org\/{rel}","templated":true}]}}