{"id":8883,"date":"2023-05-04T21:49:17","date_gmt":"2023-05-04T21:49:17","guid":{"rendered":"https:\/\/suministressantfeliu.com\/comprar\/servilleta-mesa-3030-1-capa-celulosa-ecolabel-caja-de-72-paquetes-de-100-servilletas\/"},"modified":"2024-02-26T12:37:35","modified_gmt":"2024-02-26T12:37:35","slug":"servilleta-mesa-3030-1-capa-celulosa-ecolabel-caja-de-7200-servilletas","status":"publish","type":"product","link":"https:\/\/suministressantfeliu.com\/comprar\/servilleta-mesa-3030-1-capa-celulosa-ecolabel-caja-de-7200-servilletas\/","title":{"rendered":"Servilleta mesa 30*30 1 capa celulosa ecolabel caja de 7200 servilletas"},"content":{"rendered":"<p>Caja de 72 paquetes de 100 servilletas<\/p>\n<p><strong>Servilletas blancas 30&#215;30 cm fabricadas de celulosa<\/strong>. Una de las opciones m\u00e1s pr\u00e1cticas y econ\u00f3micas para cualquier cafeter\u00eda, bar o restaurante que desee optar por\u00a0<strong>art\u00edculos desechables<\/strong>\u00a0para el montaje de mesas.<\/p>\n<ul>\n<li><strong>Servilletas blancas de papel<br \/>\n<\/strong><\/li>\n<\/ul>\n<p>Las<strong>\u00a0servilletas de papel<\/strong>\u00a0de color blanco son uno de los modelos m\u00e1s utilizados en el sector Horeca. Son un complemento\u00a0<strong>funcional, higi\u00e9nico y econ\u00f3mico<\/strong>\u00a0que, al ser un\u00a0<strong>elemento desechable<\/strong>, ayuda al ahorro de tiempo y dinero. Su color blanco es perfecto para combinar con cualquier estilo y ambiente, aportando neutralidad y elegancia a las mesas.<\/p>\n<ul>\n<li><strong>Servilletas para hosteler\u00eda<br \/>\n<\/strong><\/li>\n<\/ul>\n<p>Estas servilletas blancas lisas se adaptan a todo tipo de eventos, establecimientos, encargos\u00a0<em>delivery<\/em>\u00a0o\u00a0<em>take away<\/em>. Son muy recurridas por establecimientos como\u00a0<strong>bares<\/strong>,\u00a0<strong>restaurantes<\/strong>,\u00a0<strong>hamburgueser\u00edas,\u00a0<\/strong><strong>cafeter\u00edas<\/strong>, chiringuitos, helader\u00edas&#8230; En general, son muy utilizadas por todo tipo de negocios dedicados a\u00a0<strong>restauraci\u00f3n, hosteler\u00eda y catering<\/strong>. Tambi\u00e9n son apropiadas para uso particular.<\/p>\n<ul>\n<li><strong>Ventajas m\u00faltiples<\/strong><\/li>\n<\/ul>\n<p>Son unas\u00a0<strong>servilletas blancas<\/strong>\u00a0sencillas que pueden combinarse con otros elementos desechables, tanto lisos como decorados, como pueden ser los manteles. Por su simplicidad, anonimato e higiene, se catalogan como unas de las preferidas de los restauradores para sus servicios de mesa.<\/p>\n<p>&nbsp;<\/p>\n<p>&nbsp;<\/p>\n<p><img decoding=\"async\" class=\"\" src=\"https:\/\/www.fumisan.es\/15132-large_default\/servilleta-papel-gofrado-blanca-30x30cm-1-capa.jpg\" width=\"131\" height=\"131\" \/><\/p>\n<p>&nbsp;<\/p>\n<p>&nbsp;<\/p>\n<p>&nbsp;<\/p>\n<p>&nbsp;<\/p>\n<p>&nbsp;<\/p>\n","protected":false},"excerpt":{"rendered":"<p>Servilleta mesa 30*30 1 capa celulosa ecolabel caja de 7200 servilletas<\/p>\n","protected":false},"featured_media":3706,"template":"","meta":[],"product_brand":[],"product_cat":[1124,1134,1137],"product_tag":[],"class_list":{"0":"post-8883","1":"product","2":"type-product","3":"status-publish","4":"has-post-thumbnail","6":"product_cat-celulosas-papel","7":"product_cat-servicio-de-mesa","8":"product_cat-servilletas","10":"first","11":"instock","12":"sale","13":"taxable","14":"shipping-taxable","15":"purchasable","16":"product-type-simple"},"yoast_head":"<!-- This site is optimized with the Yoast SEO plugin v27.5 - https:\/\/yoast.com\/product\/yoast-seo-wordpress\/ -->\n<title>Servilleta mesa 30*30 1 capa celulosa ecolabel caja de 7200 servilletas - Venta Productos de hosteler\u00eda Barcelona<\/title>\n<meta name=\"description\" content=\"Servilleta mesa 30*30 1 capa celulosa ecolabel caja de 7200 servilletas\" \/>\n<meta name=\"robots\" content=\"index, follow, max-snippet:-1, max-image-preview:large, max-video-preview:-1\" \/>\n<link rel=\"canonical\" href=\"https:\/\/suministressantfeliu.com\/comprar\/servilleta-mesa-3030-1-capa-celulosa-ecolabel-caja-de-7200-servilletas\/\" \/>\n<meta property=\"og:locale\" content=\"es_ES\" \/>\n<meta property=\"og:type\" content=\"article\" \/>\n<meta property=\"og:title\" content=\"Servilleta mesa 30*30 1 capa celulosa ecolabel caja de 7200 servilletas - Venta Productos de hosteler\u00eda Barcelona\" \/>\n<meta property=\"og:description\" content=\"Servilleta mesa 30*30 1 capa celulosa ecolabel caja de 7200 servilletas\" \/>\n<meta property=\"og:url\" content=\"https:\/\/suministressantfeliu.com\/comprar\/servilleta-mesa-3030-1-capa-celulosa-ecolabel-caja-de-7200-servilletas\/\" \/>\n<meta property=\"og:site_name\" content=\"Venta Productos de hosteler\u00eda Barcelona\" \/>\n<meta property=\"article:modified_time\" content=\"2024-02-26T12:37:35+00:00\" \/>\n<meta property=\"og:image\" content=\"https:\/\/suministressantfeliu.com\/comprar\/wp-content\/uploads\/2023\/04\/servilleta-3030-1-capa-celulosa-ecolabel-800x800-1.jpg\" \/>\n\t<meta property=\"og:image:width\" content=\"800\" \/>\n\t<meta property=\"og:image:height\" content=\"800\" \/>\n\t<meta property=\"og:image:type\" content=\"image\/jpeg\" \/>\n<meta name=\"twitter:card\" content=\"summary_large_image\" \/>\n<meta name=\"twitter:label1\" content=\"Tiempo de lectura\" \/>\n\t<meta name=\"twitter:data1\" content=\"2 minutos\" \/>\n<script type=\"application\/ld+json\" class=\"yoast-schema-graph\">{\"@context\":\"https:\\\/\\\/schema.org\",\"@graph\":[{\"@type\":\"WebPage\",\"@id\":\"https:\\\/\\\/suministressantfeliu.com\\\/comprar\\\/servilleta-mesa-3030-1-capa-celulosa-ecolabel-caja-de-7200-servilletas\\\/\",\"url\":\"https:\\\/\\\/suministressantfeliu.com\\\/comprar\\\/servilleta-mesa-3030-1-capa-celulosa-ecolabel-caja-de-7200-servilletas\\\/\",\"name\":\"Servilleta mesa 30*30 1 capa celulosa ecolabel caja de 7200 servilletas - Venta Productos de hosteler\u00eda Barcelona\",\"isPartOf\":{\"@id\":\"https:\\\/\\\/suministressantfeliu.com\\\/comprar\\\/#website\"},\"primaryImageOfPage\":{\"@id\":\"https:\\\/\\\/suministressantfeliu.com\\\/comprar\\\/servilleta-mesa-3030-1-capa-celulosa-ecolabel-caja-de-7200-servilletas\\\/#primaryimage\"},\"image\":{\"@id\":\"https:\\\/\\\/suministressantfeliu.com\\\/comprar\\\/servilleta-mesa-3030-1-capa-celulosa-ecolabel-caja-de-7200-servilletas\\\/#primaryimage\"},\"thumbnailUrl\":\"https:\\\/\\\/suministressantfeliu.com\\\/comprar\\\/wp-content\\\/uploads\\\/2023\\\/04\\\/servilleta-3030-1-capa-celulosa-ecolabel-800x800-1.jpg\",\"datePublished\":\"2023-05-04T21:49:17+00:00\",\"dateModified\":\"2024-02-26T12:37:35+00:00\",\"description\":\"Servilleta mesa 30*30 1 capa celulosa ecolabel caja de 7200 servilletas\",\"breadcrumb\":{\"@id\":\"https:\\\/\\\/suministressantfeliu.com\\\/comprar\\\/servilleta-mesa-3030-1-capa-celulosa-ecolabel-caja-de-7200-servilletas\\\/#breadcrumb\"},\"inLanguage\":\"es\",\"potentialAction\":[{\"@type\":\"ReadAction\",\"target\":[\"https:\\\/\\\/suministressantfeliu.com\\\/comprar\\\/servilleta-mesa-3030-1-capa-celulosa-ecolabel-caja-de-7200-servilletas\\\/\"]}]},{\"@type\":\"ImageObject\",\"inLanguage\":\"es\",\"@id\":\"https:\\\/\\\/suministressantfeliu.com\\\/comprar\\\/servilleta-mesa-3030-1-capa-celulosa-ecolabel-caja-de-7200-servilletas\\\/#primaryimage\",\"url\":\"https:\\\/\\\/suministressantfeliu.com\\\/comprar\\\/wp-content\\\/uploads\\\/2023\\\/04\\\/servilleta-3030-1-capa-celulosa-ecolabel-800x800-1.jpg\",\"contentUrl\":\"https:\\\/\\\/suministressantfeliu.com\\\/comprar\\\/wp-content\\\/uploads\\\/2023\\\/04\\\/servilleta-3030-1-capa-celulosa-ecolabel-800x800-1.jpg\",\"width\":800,\"height\":800},{\"@type\":\"BreadcrumbList\",\"@id\":\"https:\\\/\\\/suministressantfeliu.com\\\/comprar\\\/servilleta-mesa-3030-1-capa-celulosa-ecolabel-caja-de-7200-servilletas\\\/#breadcrumb\",\"itemListElement\":[{\"@type\":\"ListItem\",\"position\":1,\"name\":\"Portada\",\"item\":\"https:\\\/\\\/suministressantfeliu.com\\\/comprar\\\/\"},{\"@type\":\"ListItem\",\"position\":2,\"name\":\"Tienda\",\"item\":\"https:\\\/\\\/suministressantfeliu.com\\\/comprar\\\/tienda\\\/\"},{\"@type\":\"ListItem\",\"position\":3,\"name\":\"Servilleta mesa 30*30 1 capa celulosa ecolabel caja de 7200 servilletas\"}]},{\"@type\":\"WebSite\",\"@id\":\"https:\\\/\\\/suministressantfeliu.com\\\/comprar\\\/#website\",\"url\":\"https:\\\/\\\/suministressantfeliu.com\\\/comprar\\\/\",\"name\":\"Productos hosteler\u00eda\",\"description\":\"Venta de suministros profesionales para hosteler\u00eda\",\"publisher\":{\"@id\":\"https:\\\/\\\/suministressantfeliu.com\\\/comprar\\\/#organization\"},\"potentialAction\":[{\"@type\":\"SearchAction\",\"target\":{\"@type\":\"EntryPoint\",\"urlTemplate\":\"https:\\\/\\\/suministressantfeliu.com\\\/comprar\\\/?s={search_term_string}\"},\"query-input\":{\"@type\":\"PropertyValueSpecification\",\"valueRequired\":true,\"valueName\":\"search_term_string\"}}],\"inLanguage\":\"es\"},{\"@type\":\"Organization\",\"@id\":\"https:\\\/\\\/suministressantfeliu.com\\\/comprar\\\/#organization\",\"name\":\"Suministres Sant Feliu hosteleria\",\"url\":\"https:\\\/\\\/suministressantfeliu.com\\\/comprar\\\/\",\"logo\":{\"@type\":\"ImageObject\",\"inLanguage\":\"es\",\"@id\":\"https:\\\/\\\/suministressantfeliu.com\\\/comprar\\\/#\\\/schema\\\/logo\\\/image\\\/\",\"url\":\"https:\\\/\\\/suministressantfeliu.com\\\/comprar\\\/wp-content\\\/uploads\\\/2021\\\/03\\\/cropped-suministres-sant-feliu-logo.png\",\"contentUrl\":\"https:\\\/\\\/suministressantfeliu.com\\\/comprar\\\/wp-content\\\/uploads\\\/2021\\\/03\\\/cropped-suministres-sant-feliu-logo.png\",\"width\":668,\"height\":668,\"caption\":\"Suministres Sant Feliu hosteleria\"},\"image\":{\"@id\":\"https:\\\/\\\/suministressantfeliu.com\\\/comprar\\\/#\\\/schema\\\/logo\\\/image\\\/\"}}]}<\/script>\n<!-- \/ Yoast SEO plugin. -->","yoast_head_json":{"title":"Servilleta mesa 30*30 1 capa celulosa ecolabel caja de 7200 servilletas - Venta Productos de hosteler\u00eda Barcelona","description":"Servilleta mesa 30*30 1 capa celulosa ecolabel caja de 7200 servilletas","robots":{"index":"index","follow":"follow","max-snippet":"max-snippet:-1","max-image-preview":"max-image-preview:large","max-video-preview":"max-video-preview:-1"},"canonical":"https:\/\/suministressantfeliu.com\/comprar\/servilleta-mesa-3030-1-capa-celulosa-ecolabel-caja-de-7200-servilletas\/","og_locale":"es_ES","og_type":"article","og_title":"Servilleta mesa 30*30 1 capa celulosa ecolabel caja de 7200 servilletas - Venta Productos de hosteler\u00eda Barcelona","og_description":"Servilleta mesa 30*30 1 capa celulosa ecolabel caja de 7200 servilletas","og_url":"https:\/\/suministressantfeliu.com\/comprar\/servilleta-mesa-3030-1-capa-celulosa-ecolabel-caja-de-7200-servilletas\/","og_site_name":"Venta Productos de hosteler\u00eda Barcelona","article_modified_time":"2024-02-26T12:37:35+00:00","og_image":[{"width":800,"height":800,"url":"https:\/\/suministressantfeliu.com\/comprar\/wp-content\/uploads\/2023\/04\/servilleta-3030-1-capa-celulosa-ecolabel-800x800-1.jpg","type":"image\/jpeg"}],"twitter_card":"summary_large_image","twitter_misc":{"Tiempo de lectura":"2 minutos"},"schema":{"@context":"https:\/\/schema.org","@graph":[{"@type":"WebPage","@id":"https:\/\/suministressantfeliu.com\/comprar\/servilleta-mesa-3030-1-capa-celulosa-ecolabel-caja-de-7200-servilletas\/","url":"https:\/\/suministressantfeliu.com\/comprar\/servilleta-mesa-3030-1-capa-celulosa-ecolabel-caja-de-7200-servilletas\/","name":"Servilleta mesa 30*30 1 capa celulosa ecolabel caja de 7200 servilletas - Venta Productos de hosteler\u00eda Barcelona","isPartOf":{"@id":"https:\/\/suministressantfeliu.com\/comprar\/#website"},"primaryImageOfPage":{"@id":"https:\/\/suministressantfeliu.com\/comprar\/servilleta-mesa-3030-1-capa-celulosa-ecolabel-caja-de-7200-servilletas\/#primaryimage"},"image":{"@id":"https:\/\/suministressantfeliu.com\/comprar\/servilleta-mesa-3030-1-capa-celulosa-ecolabel-caja-de-7200-servilletas\/#primaryimage"},"thumbnailUrl":"https:\/\/suministressantfeliu.com\/comprar\/wp-content\/uploads\/2023\/04\/servilleta-3030-1-capa-celulosa-ecolabel-800x800-1.jpg","datePublished":"2023-05-04T21:49:17+00:00","dateModified":"2024-02-26T12:37:35+00:00","description":"Servilleta mesa 30*30 1 capa celulosa ecolabel caja de 7200 servilletas","breadcrumb":{"@id":"https:\/\/suministressantfeliu.com\/comprar\/servilleta-mesa-3030-1-capa-celulosa-ecolabel-caja-de-7200-servilletas\/#breadcrumb"},"inLanguage":"es","potentialAction":[{"@type":"ReadAction","target":["https:\/\/suministressantfeliu.com\/comprar\/servilleta-mesa-3030-1-capa-celulosa-ecolabel-caja-de-7200-servilletas\/"]}]},{"@type":"ImageObject","inLanguage":"es","@id":"https:\/\/suministressantfeliu.com\/comprar\/servilleta-mesa-3030-1-capa-celulosa-ecolabel-caja-de-7200-servilletas\/#primaryimage","url":"https:\/\/suministressantfeliu.com\/comprar\/wp-content\/uploads\/2023\/04\/servilleta-3030-1-capa-celulosa-ecolabel-800x800-1.jpg","contentUrl":"https:\/\/suministressantfeliu.com\/comprar\/wp-content\/uploads\/2023\/04\/servilleta-3030-1-capa-celulosa-ecolabel-800x800-1.jpg","width":800,"height":800},{"@type":"BreadcrumbList","@id":"https:\/\/suministressantfeliu.com\/comprar\/servilleta-mesa-3030-1-capa-celulosa-ecolabel-caja-de-7200-servilletas\/#breadcrumb","itemListElement":[{"@type":"ListItem","position":1,"name":"Portada","item":"https:\/\/suministressantfeliu.com\/comprar\/"},{"@type":"ListItem","position":2,"name":"Tienda","item":"https:\/\/suministressantfeliu.com\/comprar\/tienda\/"},{"@type":"ListItem","position":3,"name":"Servilleta mesa 30*30 1 capa celulosa ecolabel caja de 7200 servilletas"}]},{"@type":"WebSite","@id":"https:\/\/suministressantfeliu.com\/comprar\/#website","url":"https:\/\/suministressantfeliu.com\/comprar\/","name":"Productos hosteler\u00eda","description":"Venta de suministros profesionales para hosteler\u00eda","publisher":{"@id":"https:\/\/suministressantfeliu.com\/comprar\/#organization"},"potentialAction":[{"@type":"SearchAction","target":{"@type":"EntryPoint","urlTemplate":"https:\/\/suministressantfeliu.com\/comprar\/?s={search_term_string}"},"query-input":{"@type":"PropertyValueSpecification","valueRequired":true,"valueName":"search_term_string"}}],"inLanguage":"es"},{"@type":"Organization","@id":"https:\/\/suministressantfeliu.com\/comprar\/#organization","name":"Suministres Sant Feliu hosteleria","url":"https:\/\/suministressantfeliu.com\/comprar\/","logo":{"@type":"ImageObject","inLanguage":"es","@id":"https:\/\/suministressantfeliu.com\/comprar\/#\/schema\/logo\/image\/","url":"https:\/\/suministressantfeliu.com\/comprar\/wp-content\/uploads\/2021\/03\/cropped-suministres-sant-feliu-logo.png","contentUrl":"https:\/\/suministressantfeliu.com\/comprar\/wp-content\/uploads\/2021\/03\/cropped-suministres-sant-feliu-logo.png","width":668,"height":668,"caption":"Suministres Sant Feliu hosteleria"},"image":{"@id":"https:\/\/suministressantfeliu.com\/comprar\/#\/schema\/logo\/image\/"}}]}},"_links":{"self":[{"href":"https:\/\/suministressantfeliu.com\/comprar\/wp-json\/wp\/v2\/product\/8883","targetHints":{"allow":["GET"]}}],"collection":[{"href":"https:\/\/suministressantfeliu.com\/comprar\/wp-json\/wp\/v2\/product"}],"about":[{"href":"https:\/\/suministressantfeliu.com\/comprar\/wp-json\/wp\/v2\/types\/product"}],"wp:featuredmedia":[{"embeddable":true,"href":"https:\/\/suministressantfeliu.com\/comprar\/wp-json\/wp\/v2\/media\/3706"}],"wp:attachment":[{"href":"https:\/\/suministressantfeliu.com\/comprar\/wp-json\/wp\/v2\/media?parent=8883"}],"wp:term":[{"taxonomy":"product_brand","embeddable":true,"href":"https:\/\/suministressantfeliu.com\/comprar\/wp-json\/wp\/v2\/product_brand?post=8883"},{"taxonomy":"product_cat","embeddable":true,"href":"https:\/\/suministressantfeliu.com\/comprar\/wp-json\/wp\/v2\/product_cat?post=8883"},{"taxonomy":"product_tag","embeddable":true,"href":"https:\/\/suministressantfeliu.com\/comprar\/wp-json\/wp\/v2\/product_tag?post=8883"}],"curies":[{"name":"wp","href":"https:\/\/api.w.org\/{rel}","templated":true}]}}