{"id":8881,"date":"2023-05-04T21:49:16","date_gmt":"2023-05-04T21:49:16","guid":{"rendered":"https:\/\/suministressantfeliu.com\/comprar\/bobina-secamanos-reflex-tork-2-capas-especial-ultra-secado-pack-de-6-bobinas\/"},"modified":"2024-03-04T15:18:40","modified_gmt":"2024-03-04T15:18:40","slug":"bobina-secamanos-reflex-tork-2-capas-especial-ultra-secado-pack-de-6-bobinas","status":"publish","type":"product","link":"https:\/\/suministressantfeliu.com\/comprar\/bobina-secamanos-reflex-tork-2-capas-especial-ultra-secado-pack-de-6-bobinas\/","title":{"rendered":"Bobina Secamanos Reflex Tork 2 capas especial ultra secado pack de 6 bobinas"},"content":{"rendered":"<p>Este papel puede utilizarse con el dispensador de alimentaci\u00f3n central de dispensaci\u00f3n individual Tork Reflex\u2122, que se adapta al flujo de trabajo de tu equipo, reduce el consumo y minimiza el riesgo de contaminaci\u00f3n cruzada.La dispensaci\u00f3n individual reduce el consumo hasta en un 37 %.Extracci\u00f3n de tubos SmartCore\u00ae para reponer de forma f\u00e1cil y sencilla.Buena capacidad de absorci\u00f3n para limpiar r\u00e1pidamente los derrames de l\u00edquidos.Es un papel suave, resistente y absorbente, a la vez que ofrece un secado m\u00e1s eficaz y genera menos residuos<\/p>\n","protected":false},"excerpt":{"rendered":"<p>Pack de 6 bobinasEl papel de secado extra Tork Reflex\u2122 de 2 capas es un papel multiuso que resulta ideal para limpiar l\u00edquidos y secarse las manos<\/p>\n","protected":false},"featured_media":0,"template":"","meta":[],"product_brand":[],"product_cat":[1124,1131],"product_tag":[],"class_list":{"0":"post-8881","1":"product","2":"type-product","3":"status-publish","5":"product_cat-celulosas-papel","6":"product_cat-productos-tork","8":"first","9":"outofstock","10":"sale","11":"taxable","12":"shipping-taxable","13":"purchasable","14":"product-type-simple"},"yoast_head":"<!-- This site is optimized with the Yoast SEO plugin v27.5 - https:\/\/yoast.com\/product\/yoast-seo-wordpress\/ -->\n<title>Bobina Secamanos Reflex Tork 2 capas especial ultra secado pack de 6 bobinas - Venta Productos de hosteler\u00eda Barcelona<\/title>\n<meta name=\"robots\" content=\"index, follow, max-snippet:-1, max-image-preview:large, max-video-preview:-1\" \/>\n<link rel=\"canonical\" href=\"https:\/\/suministressantfeliu.com\/comprar\/bobina-secamanos-reflex-tork-2-capas-especial-ultra-secado-pack-de-6-bobinas\/\" \/>\n<meta property=\"og:locale\" content=\"es_ES\" \/>\n<meta property=\"og:type\" content=\"article\" \/>\n<meta property=\"og:title\" content=\"Bobina Secamanos Reflex Tork 2 capas especial ultra secado pack de 6 bobinas - Venta Productos de hosteler\u00eda Barcelona\" \/>\n<meta property=\"og:description\" content=\"Pack de 6 bobinasEl papel de secado extra Tork Reflex\u2122 de 2 capas es un papel multiuso que resulta ideal para limpiar l\u00edquidos y secarse las manos\" \/>\n<meta property=\"og:url\" content=\"https:\/\/suministressantfeliu.com\/comprar\/bobina-secamanos-reflex-tork-2-capas-especial-ultra-secado-pack-de-6-bobinas\/\" \/>\n<meta property=\"og:site_name\" content=\"Venta Productos de hosteler\u00eda Barcelona\" \/>\n<meta property=\"article:modified_time\" content=\"2024-03-04T15:18:40+00:00\" \/>\n<meta name=\"twitter:card\" content=\"summary_large_image\" \/>\n<script type=\"application\/ld+json\" class=\"yoast-schema-graph\">{\"@context\":\"https:\\\/\\\/schema.org\",\"@graph\":[{\"@type\":\"WebPage\",\"@id\":\"https:\\\/\\\/suministressantfeliu.com\\\/comprar\\\/bobina-secamanos-reflex-tork-2-capas-especial-ultra-secado-pack-de-6-bobinas\\\/\",\"url\":\"https:\\\/\\\/suministressantfeliu.com\\\/comprar\\\/bobina-secamanos-reflex-tork-2-capas-especial-ultra-secado-pack-de-6-bobinas\\\/\",\"name\":\"Bobina Secamanos Reflex Tork 2 capas especial ultra secado pack de 6 bobinas - Venta Productos de hosteler\u00eda Barcelona\",\"isPartOf\":{\"@id\":\"https:\\\/\\\/suministressantfeliu.com\\\/comprar\\\/#website\"},\"datePublished\":\"2023-05-04T21:49:16+00:00\",\"dateModified\":\"2024-03-04T15:18:40+00:00\",\"breadcrumb\":{\"@id\":\"https:\\\/\\\/suministressantfeliu.com\\\/comprar\\\/bobina-secamanos-reflex-tork-2-capas-especial-ultra-secado-pack-de-6-bobinas\\\/#breadcrumb\"},\"inLanguage\":\"es\",\"potentialAction\":[{\"@type\":\"ReadAction\",\"target\":[\"https:\\\/\\\/suministressantfeliu.com\\\/comprar\\\/bobina-secamanos-reflex-tork-2-capas-especial-ultra-secado-pack-de-6-bobinas\\\/\"]}]},{\"@type\":\"BreadcrumbList\",\"@id\":\"https:\\\/\\\/suministressantfeliu.com\\\/comprar\\\/bobina-secamanos-reflex-tork-2-capas-especial-ultra-secado-pack-de-6-bobinas\\\/#breadcrumb\",\"itemListElement\":[{\"@type\":\"ListItem\",\"position\":1,\"name\":\"Portada\",\"item\":\"https:\\\/\\\/suministressantfeliu.com\\\/comprar\\\/\"},{\"@type\":\"ListItem\",\"position\":2,\"name\":\"Tienda\",\"item\":\"https:\\\/\\\/suministressantfeliu.com\\\/comprar\\\/tienda\\\/\"},{\"@type\":\"ListItem\",\"position\":3,\"name\":\"Bobina Secamanos Reflex Tork 2 capas especial ultra secado pack de 6 bobinas\"}]},{\"@type\":\"WebSite\",\"@id\":\"https:\\\/\\\/suministressantfeliu.com\\\/comprar\\\/#website\",\"url\":\"https:\\\/\\\/suministressantfeliu.com\\\/comprar\\\/\",\"name\":\"Productos hosteler\u00eda\",\"description\":\"Venta de suministros profesionales para hosteler\u00eda\",\"publisher\":{\"@id\":\"https:\\\/\\\/suministressantfeliu.com\\\/comprar\\\/#organization\"},\"potentialAction\":[{\"@type\":\"SearchAction\",\"target\":{\"@type\":\"EntryPoint\",\"urlTemplate\":\"https:\\\/\\\/suministressantfeliu.com\\\/comprar\\\/?s={search_term_string}\"},\"query-input\":{\"@type\":\"PropertyValueSpecification\",\"valueRequired\":true,\"valueName\":\"search_term_string\"}}],\"inLanguage\":\"es\"},{\"@type\":\"Organization\",\"@id\":\"https:\\\/\\\/suministressantfeliu.com\\\/comprar\\\/#organization\",\"name\":\"Suministres Sant Feliu hosteleria\",\"url\":\"https:\\\/\\\/suministressantfeliu.com\\\/comprar\\\/\",\"logo\":{\"@type\":\"ImageObject\",\"inLanguage\":\"es\",\"@id\":\"https:\\\/\\\/suministressantfeliu.com\\\/comprar\\\/#\\\/schema\\\/logo\\\/image\\\/\",\"url\":\"https:\\\/\\\/suministressantfeliu.com\\\/comprar\\\/wp-content\\\/uploads\\\/2021\\\/03\\\/cropped-suministres-sant-feliu-logo.png\",\"contentUrl\":\"https:\\\/\\\/suministressantfeliu.com\\\/comprar\\\/wp-content\\\/uploads\\\/2021\\\/03\\\/cropped-suministres-sant-feliu-logo.png\",\"width\":668,\"height\":668,\"caption\":\"Suministres Sant Feliu hosteleria\"},\"image\":{\"@id\":\"https:\\\/\\\/suministressantfeliu.com\\\/comprar\\\/#\\\/schema\\\/logo\\\/image\\\/\"}}]}<\/script>\n<!-- \/ Yoast SEO plugin. -->","yoast_head_json":{"title":"Bobina Secamanos Reflex Tork 2 capas especial ultra secado pack de 6 bobinas - Venta Productos de hosteler\u00eda Barcelona","robots":{"index":"index","follow":"follow","max-snippet":"max-snippet:-1","max-image-preview":"max-image-preview:large","max-video-preview":"max-video-preview:-1"},"canonical":"https:\/\/suministressantfeliu.com\/comprar\/bobina-secamanos-reflex-tork-2-capas-especial-ultra-secado-pack-de-6-bobinas\/","og_locale":"es_ES","og_type":"article","og_title":"Bobina Secamanos Reflex Tork 2 capas especial ultra secado pack de 6 bobinas - Venta Productos de hosteler\u00eda Barcelona","og_description":"Pack de 6 bobinasEl papel de secado extra Tork Reflex\u2122 de 2 capas es un papel multiuso que resulta ideal para limpiar l\u00edquidos y secarse las manos","og_url":"https:\/\/suministressantfeliu.com\/comprar\/bobina-secamanos-reflex-tork-2-capas-especial-ultra-secado-pack-de-6-bobinas\/","og_site_name":"Venta Productos de hosteler\u00eda Barcelona","article_modified_time":"2024-03-04T15:18:40+00:00","twitter_card":"summary_large_image","schema":{"@context":"https:\/\/schema.org","@graph":[{"@type":"WebPage","@id":"https:\/\/suministressantfeliu.com\/comprar\/bobina-secamanos-reflex-tork-2-capas-especial-ultra-secado-pack-de-6-bobinas\/","url":"https:\/\/suministressantfeliu.com\/comprar\/bobina-secamanos-reflex-tork-2-capas-especial-ultra-secado-pack-de-6-bobinas\/","name":"Bobina Secamanos Reflex Tork 2 capas especial ultra secado pack de 6 bobinas - Venta Productos de hosteler\u00eda Barcelona","isPartOf":{"@id":"https:\/\/suministressantfeliu.com\/comprar\/#website"},"datePublished":"2023-05-04T21:49:16+00:00","dateModified":"2024-03-04T15:18:40+00:00","breadcrumb":{"@id":"https:\/\/suministressantfeliu.com\/comprar\/bobina-secamanos-reflex-tork-2-capas-especial-ultra-secado-pack-de-6-bobinas\/#breadcrumb"},"inLanguage":"es","potentialAction":[{"@type":"ReadAction","target":["https:\/\/suministressantfeliu.com\/comprar\/bobina-secamanos-reflex-tork-2-capas-especial-ultra-secado-pack-de-6-bobinas\/"]}]},{"@type":"BreadcrumbList","@id":"https:\/\/suministressantfeliu.com\/comprar\/bobina-secamanos-reflex-tork-2-capas-especial-ultra-secado-pack-de-6-bobinas\/#breadcrumb","itemListElement":[{"@type":"ListItem","position":1,"name":"Portada","item":"https:\/\/suministressantfeliu.com\/comprar\/"},{"@type":"ListItem","position":2,"name":"Tienda","item":"https:\/\/suministressantfeliu.com\/comprar\/tienda\/"},{"@type":"ListItem","position":3,"name":"Bobina Secamanos Reflex Tork 2 capas especial ultra secado pack de 6 bobinas"}]},{"@type":"WebSite","@id":"https:\/\/suministressantfeliu.com\/comprar\/#website","url":"https:\/\/suministressantfeliu.com\/comprar\/","name":"Productos hosteler\u00eda","description":"Venta de suministros profesionales para hosteler\u00eda","publisher":{"@id":"https:\/\/suministressantfeliu.com\/comprar\/#organization"},"potentialAction":[{"@type":"SearchAction","target":{"@type":"EntryPoint","urlTemplate":"https:\/\/suministressantfeliu.com\/comprar\/?s={search_term_string}"},"query-input":{"@type":"PropertyValueSpecification","valueRequired":true,"valueName":"search_term_string"}}],"inLanguage":"es"},{"@type":"Organization","@id":"https:\/\/suministressantfeliu.com\/comprar\/#organization","name":"Suministres Sant Feliu hosteleria","url":"https:\/\/suministressantfeliu.com\/comprar\/","logo":{"@type":"ImageObject","inLanguage":"es","@id":"https:\/\/suministressantfeliu.com\/comprar\/#\/schema\/logo\/image\/","url":"https:\/\/suministressantfeliu.com\/comprar\/wp-content\/uploads\/2021\/03\/cropped-suministres-sant-feliu-logo.png","contentUrl":"https:\/\/suministressantfeliu.com\/comprar\/wp-content\/uploads\/2021\/03\/cropped-suministres-sant-feliu-logo.png","width":668,"height":668,"caption":"Suministres Sant Feliu hosteleria"},"image":{"@id":"https:\/\/suministressantfeliu.com\/comprar\/#\/schema\/logo\/image\/"}}]}},"_links":{"self":[{"href":"https:\/\/suministressantfeliu.com\/comprar\/wp-json\/wp\/v2\/product\/8881","targetHints":{"allow":["GET"]}}],"collection":[{"href":"https:\/\/suministressantfeliu.com\/comprar\/wp-json\/wp\/v2\/product"}],"about":[{"href":"https:\/\/suministressantfeliu.com\/comprar\/wp-json\/wp\/v2\/types\/product"}],"wp:attachment":[{"href":"https:\/\/suministressantfeliu.com\/comprar\/wp-json\/wp\/v2\/media?parent=8881"}],"wp:term":[{"taxonomy":"product_brand","embeddable":true,"href":"https:\/\/suministressantfeliu.com\/comprar\/wp-json\/wp\/v2\/product_brand?post=8881"},{"taxonomy":"product_cat","embeddable":true,"href":"https:\/\/suministressantfeliu.com\/comprar\/wp-json\/wp\/v2\/product_cat?post=8881"},{"taxonomy":"product_tag","embeddable":true,"href":"https:\/\/suministressantfeliu.com\/comprar\/wp-json\/wp\/v2\/product_tag?post=8881"}],"curies":[{"name":"wp","href":"https:\/\/api.w.org\/{rel}","templated":true}]}}