{"id":8879,"date":"2023-05-04T21:49:15","date_gmt":"2023-05-04T21:49:15","guid":{"rendered":"https:\/\/suministressantfeliu.com\/comprar\/sal-peladilla-especial-descalcificador\/"},"modified":"2024-03-04T15:28:18","modified_gmt":"2024-03-04T15:28:18","slug":"sal-peladilla-especial-descalcificador-saco-de-25-kgs","status":"publish","type":"product","link":"https:\/\/suministressantfeliu.com\/comprar\/sal-peladilla-especial-descalcificador-saco-de-25-kgs\/","title":{"rendered":"Sal peladilla Especial Descalcificador Saco de 25 kgs"},"content":{"rendered":"<p>Saco 25 kg<\/p>\n<p>Sal peladilla indicada para descalcificadores dom\u00e9sticos e indutriales.<\/p>\n<p>Evita acumulaci\u00f3n de suciedad dentro del dep\u00f3sito de salmuera, gracias a su m\u00ednimo contenido de insolubles.<\/p>\n<section class=\"row \">\n<div class=\"spb_content_element col-sm-6 bold blue spb_text_column\">\n<div class=\"spb-asset-content\">\n<h4>Formatos<\/h4>\n<\/div>\n<\/div>\n<div class=\"spb_content_element col-sm-6 spb_text_column\">\n<div class=\"spb-asset-content\">\n<h4>25 Kg<\/h4>\n<\/div>\n<\/div>\n<\/section>\n<section class=\"row \">\n<div class=\"blank_spacer col-sm-12  \"><\/div>\n<\/section>\n<section class=\"row \">\n<div class=\"spb_content_element col-sm-6 blue bold mb0 spb_text_column\">\n<div class=\"spb-asset-content\">\n<h4>Normas<\/h4>\n<\/div>\n<\/div>\n<div class=\"spb_content_element col-sm-6 normModal mt15 mb0 spb_text_column\">\n<div class=\"spb-asset-content\"><a class=\"modal-text-link\" role=\"button\" href=\"https:\/\/enisal.eu\/enisal-water\/sal\/vacuum-confits\/?lang=es#modal-1\" data-toggle=\"modal\">EN 973\/A<\/a><\/div>\n<\/div>\n<\/section>\n<section class=\"row \">\n<div class=\"spb_content_element col-sm-6 blue bold mb0 hidden-xs spb_text_column\">\n<div class=\"spb-asset-content\"><\/div>\n<\/div>\n<div class=\"spb_content_element col-sm-6 normModal mb0 spb_text_column\">\n<div class=\"spb-asset-content\"><a class=\"modal-text-link\" role=\"button\" href=\"https:\/\/enisal.eu\/enisal-water\/sal\/vacuum-confits\/?lang=es#modal-2\" data-toggle=\"modal\">EN 16401\/A<\/a><\/div>\n<\/div>\n<\/section>\n<section class=\"row \">\n<div class=\"blank_spacer col-sm-12  \"><\/div>\n<\/section>\n<section class=\"row \">\n<div class=\"spb_content_element col-sm-6 blue bold spb_text_column\">\n<div class=\"spb-asset-content\">\n<h4>Usos<\/h4>\n<\/div>\n<\/div>\n<div class=\"spb_content_element col-sm-6 blueIcon spb_text_column\">\n<div class=\"spb-asset-content\">\n<ul class=\"sf-list \">\n<li><i class=\"fa-check\"><\/i>Descalcificaci\u00f3n<\/li>\n<li><i class=\"fa-check\"><\/i>Electr\u00f3lisis Salina<\/li>\n<li><i class=\"fa-check\"><\/i>Lavavajillas<\/li>\n<\/ul>\n<\/div>\n<\/div>\n<\/section>\n<p>&nbsp;<\/p>\n","protected":false},"excerpt":{"rendered":"<p>Sal peladilla Especial Descalcificador Saco de 25 kgs<\/p>\n","protected":false},"featured_media":3787,"template":"","meta":[],"product_brand":[],"product_cat":[1123],"product_tag":[],"class_list":{"0":"post-8879","1":"product","2":"type-product","3":"status-publish","4":"has-post-thumbnail","6":"product_cat-complementos-limpieza","8":"first","9":"instock","10":"sale","11":"taxable","12":"shipping-taxable","13":"purchasable","14":"product-type-simple"},"yoast_head":"<!-- This site is optimized with the Yoast SEO plugin v27.5 - https:\/\/yoast.com\/product\/yoast-seo-wordpress\/ -->\n<title>Sal peladilla Especial Descalcificador Saco de 25 kgs - Venta Productos de hosteler\u00eda Barcelona<\/title>\n<meta name=\"description\" content=\"Sal peladilla Especial Descalcificador Saco de 25 kgs\" \/>\n<meta name=\"robots\" content=\"index, follow, max-snippet:-1, max-image-preview:large, max-video-preview:-1\" \/>\n<link rel=\"canonical\" href=\"https:\/\/suministressantfeliu.com\/comprar\/sal-peladilla-especial-descalcificador-saco-de-25-kgs\/\" \/>\n<meta property=\"og:locale\" content=\"es_ES\" \/>\n<meta property=\"og:type\" content=\"article\" \/>\n<meta property=\"og:title\" content=\"Sal peladilla Especial Descalcificador Saco de 25 kgs - Venta Productos de hosteler\u00eda Barcelona\" \/>\n<meta property=\"og:description\" content=\"Sal peladilla Especial Descalcificador Saco de 25 kgs\" \/>\n<meta property=\"og:url\" content=\"https:\/\/suministressantfeliu.com\/comprar\/sal-peladilla-especial-descalcificador-saco-de-25-kgs\/\" \/>\n<meta property=\"og:site_name\" content=\"Venta Productos de hosteler\u00eda Barcelona\" \/>\n<meta property=\"article:modified_time\" content=\"2024-03-04T15:28:18+00:00\" \/>\n<meta property=\"og:image\" content=\"https:\/\/suministressantfeliu.com\/comprar\/wp-content\/uploads\/2023\/04\/sal-peladilla-especial-descalcificador-800x800-1.jpg\" \/>\n\t<meta property=\"og:image:width\" content=\"480\" \/>\n\t<meta property=\"og:image:height\" content=\"800\" \/>\n\t<meta property=\"og:image:type\" content=\"image\/jpeg\" \/>\n<meta name=\"twitter:card\" content=\"summary_large_image\" \/>\n<meta name=\"twitter:label1\" content=\"Tiempo de lectura\" \/>\n\t<meta name=\"twitter:data1\" content=\"1 minuto\" \/>\n<script type=\"application\/ld+json\" class=\"yoast-schema-graph\">{\"@context\":\"https:\\\/\\\/schema.org\",\"@graph\":[{\"@type\":\"WebPage\",\"@id\":\"https:\\\/\\\/suministressantfeliu.com\\\/comprar\\\/sal-peladilla-especial-descalcificador-saco-de-25-kgs\\\/\",\"url\":\"https:\\\/\\\/suministressantfeliu.com\\\/comprar\\\/sal-peladilla-especial-descalcificador-saco-de-25-kgs\\\/\",\"name\":\"Sal peladilla Especial Descalcificador Saco de 25 kgs - Venta Productos de hosteler\u00eda Barcelona\",\"isPartOf\":{\"@id\":\"https:\\\/\\\/suministressantfeliu.com\\\/comprar\\\/#website\"},\"primaryImageOfPage\":{\"@id\":\"https:\\\/\\\/suministressantfeliu.com\\\/comprar\\\/sal-peladilla-especial-descalcificador-saco-de-25-kgs\\\/#primaryimage\"},\"image\":{\"@id\":\"https:\\\/\\\/suministressantfeliu.com\\\/comprar\\\/sal-peladilla-especial-descalcificador-saco-de-25-kgs\\\/#primaryimage\"},\"thumbnailUrl\":\"https:\\\/\\\/suministressantfeliu.com\\\/comprar\\\/wp-content\\\/uploads\\\/2023\\\/04\\\/sal-peladilla-especial-descalcificador-800x800-1.jpg\",\"datePublished\":\"2023-05-04T21:49:15+00:00\",\"dateModified\":\"2024-03-04T15:28:18+00:00\",\"description\":\"Sal peladilla Especial Descalcificador Saco de 25 kgs\",\"breadcrumb\":{\"@id\":\"https:\\\/\\\/suministressantfeliu.com\\\/comprar\\\/sal-peladilla-especial-descalcificador-saco-de-25-kgs\\\/#breadcrumb\"},\"inLanguage\":\"es\",\"potentialAction\":[{\"@type\":\"ReadAction\",\"target\":[\"https:\\\/\\\/suministressantfeliu.com\\\/comprar\\\/sal-peladilla-especial-descalcificador-saco-de-25-kgs\\\/\"]}]},{\"@type\":\"ImageObject\",\"inLanguage\":\"es\",\"@id\":\"https:\\\/\\\/suministressantfeliu.com\\\/comprar\\\/sal-peladilla-especial-descalcificador-saco-de-25-kgs\\\/#primaryimage\",\"url\":\"https:\\\/\\\/suministressantfeliu.com\\\/comprar\\\/wp-content\\\/uploads\\\/2023\\\/04\\\/sal-peladilla-especial-descalcificador-800x800-1.jpg\",\"contentUrl\":\"https:\\\/\\\/suministressantfeliu.com\\\/comprar\\\/wp-content\\\/uploads\\\/2023\\\/04\\\/sal-peladilla-especial-descalcificador-800x800-1.jpg\",\"width\":480,\"height\":800},{\"@type\":\"BreadcrumbList\",\"@id\":\"https:\\\/\\\/suministressantfeliu.com\\\/comprar\\\/sal-peladilla-especial-descalcificador-saco-de-25-kgs\\\/#breadcrumb\",\"itemListElement\":[{\"@type\":\"ListItem\",\"position\":1,\"name\":\"Portada\",\"item\":\"https:\\\/\\\/suministressantfeliu.com\\\/comprar\\\/\"},{\"@type\":\"ListItem\",\"position\":2,\"name\":\"Tienda\",\"item\":\"https:\\\/\\\/suministressantfeliu.com\\\/comprar\\\/tienda\\\/\"},{\"@type\":\"ListItem\",\"position\":3,\"name\":\"Sal peladilla Especial Descalcificador Saco de 25 kgs\"}]},{\"@type\":\"WebSite\",\"@id\":\"https:\\\/\\\/suministressantfeliu.com\\\/comprar\\\/#website\",\"url\":\"https:\\\/\\\/suministressantfeliu.com\\\/comprar\\\/\",\"name\":\"Productos hosteler\u00eda\",\"description\":\"Venta de suministros profesionales para hosteler\u00eda\",\"publisher\":{\"@id\":\"https:\\\/\\\/suministressantfeliu.com\\\/comprar\\\/#organization\"},\"potentialAction\":[{\"@type\":\"SearchAction\",\"target\":{\"@type\":\"EntryPoint\",\"urlTemplate\":\"https:\\\/\\\/suministressantfeliu.com\\\/comprar\\\/?s={search_term_string}\"},\"query-input\":{\"@type\":\"PropertyValueSpecification\",\"valueRequired\":true,\"valueName\":\"search_term_string\"}}],\"inLanguage\":\"es\"},{\"@type\":\"Organization\",\"@id\":\"https:\\\/\\\/suministressantfeliu.com\\\/comprar\\\/#organization\",\"name\":\"Suministres Sant Feliu hosteleria\",\"url\":\"https:\\\/\\\/suministressantfeliu.com\\\/comprar\\\/\",\"logo\":{\"@type\":\"ImageObject\",\"inLanguage\":\"es\",\"@id\":\"https:\\\/\\\/suministressantfeliu.com\\\/comprar\\\/#\\\/schema\\\/logo\\\/image\\\/\",\"url\":\"https:\\\/\\\/suministressantfeliu.com\\\/comprar\\\/wp-content\\\/uploads\\\/2021\\\/03\\\/cropped-suministres-sant-feliu-logo.png\",\"contentUrl\":\"https:\\\/\\\/suministressantfeliu.com\\\/comprar\\\/wp-content\\\/uploads\\\/2021\\\/03\\\/cropped-suministres-sant-feliu-logo.png\",\"width\":668,\"height\":668,\"caption\":\"Suministres Sant Feliu hosteleria\"},\"image\":{\"@id\":\"https:\\\/\\\/suministressantfeliu.com\\\/comprar\\\/#\\\/schema\\\/logo\\\/image\\\/\"}}]}<\/script>\n<!-- \/ Yoast SEO plugin. -->","yoast_head_json":{"title":"Sal peladilla Especial Descalcificador Saco de 25 kgs - Venta Productos de hosteler\u00eda Barcelona","description":"Sal peladilla Especial Descalcificador Saco de 25 kgs","robots":{"index":"index","follow":"follow","max-snippet":"max-snippet:-1","max-image-preview":"max-image-preview:large","max-video-preview":"max-video-preview:-1"},"canonical":"https:\/\/suministressantfeliu.com\/comprar\/sal-peladilla-especial-descalcificador-saco-de-25-kgs\/","og_locale":"es_ES","og_type":"article","og_title":"Sal peladilla Especial Descalcificador Saco de 25 kgs - Venta Productos de hosteler\u00eda Barcelona","og_description":"Sal peladilla Especial Descalcificador Saco de 25 kgs","og_url":"https:\/\/suministressantfeliu.com\/comprar\/sal-peladilla-especial-descalcificador-saco-de-25-kgs\/","og_site_name":"Venta Productos de hosteler\u00eda Barcelona","article_modified_time":"2024-03-04T15:28:18+00:00","og_image":[{"width":480,"height":800,"url":"https:\/\/suministressantfeliu.com\/comprar\/wp-content\/uploads\/2023\/04\/sal-peladilla-especial-descalcificador-800x800-1.jpg","type":"image\/jpeg"}],"twitter_card":"summary_large_image","twitter_misc":{"Tiempo de lectura":"1 minuto"},"schema":{"@context":"https:\/\/schema.org","@graph":[{"@type":"WebPage","@id":"https:\/\/suministressantfeliu.com\/comprar\/sal-peladilla-especial-descalcificador-saco-de-25-kgs\/","url":"https:\/\/suministressantfeliu.com\/comprar\/sal-peladilla-especial-descalcificador-saco-de-25-kgs\/","name":"Sal peladilla Especial Descalcificador Saco de 25 kgs - Venta Productos de hosteler\u00eda Barcelona","isPartOf":{"@id":"https:\/\/suministressantfeliu.com\/comprar\/#website"},"primaryImageOfPage":{"@id":"https:\/\/suministressantfeliu.com\/comprar\/sal-peladilla-especial-descalcificador-saco-de-25-kgs\/#primaryimage"},"image":{"@id":"https:\/\/suministressantfeliu.com\/comprar\/sal-peladilla-especial-descalcificador-saco-de-25-kgs\/#primaryimage"},"thumbnailUrl":"https:\/\/suministressantfeliu.com\/comprar\/wp-content\/uploads\/2023\/04\/sal-peladilla-especial-descalcificador-800x800-1.jpg","datePublished":"2023-05-04T21:49:15+00:00","dateModified":"2024-03-04T15:28:18+00:00","description":"Sal peladilla Especial Descalcificador Saco de 25 kgs","breadcrumb":{"@id":"https:\/\/suministressantfeliu.com\/comprar\/sal-peladilla-especial-descalcificador-saco-de-25-kgs\/#breadcrumb"},"inLanguage":"es","potentialAction":[{"@type":"ReadAction","target":["https:\/\/suministressantfeliu.com\/comprar\/sal-peladilla-especial-descalcificador-saco-de-25-kgs\/"]}]},{"@type":"ImageObject","inLanguage":"es","@id":"https:\/\/suministressantfeliu.com\/comprar\/sal-peladilla-especial-descalcificador-saco-de-25-kgs\/#primaryimage","url":"https:\/\/suministressantfeliu.com\/comprar\/wp-content\/uploads\/2023\/04\/sal-peladilla-especial-descalcificador-800x800-1.jpg","contentUrl":"https:\/\/suministressantfeliu.com\/comprar\/wp-content\/uploads\/2023\/04\/sal-peladilla-especial-descalcificador-800x800-1.jpg","width":480,"height":800},{"@type":"BreadcrumbList","@id":"https:\/\/suministressantfeliu.com\/comprar\/sal-peladilla-especial-descalcificador-saco-de-25-kgs\/#breadcrumb","itemListElement":[{"@type":"ListItem","position":1,"name":"Portada","item":"https:\/\/suministressantfeliu.com\/comprar\/"},{"@type":"ListItem","position":2,"name":"Tienda","item":"https:\/\/suministressantfeliu.com\/comprar\/tienda\/"},{"@type":"ListItem","position":3,"name":"Sal peladilla Especial Descalcificador Saco de 25 kgs"}]},{"@type":"WebSite","@id":"https:\/\/suministressantfeliu.com\/comprar\/#website","url":"https:\/\/suministressantfeliu.com\/comprar\/","name":"Productos hosteler\u00eda","description":"Venta de suministros profesionales para hosteler\u00eda","publisher":{"@id":"https:\/\/suministressantfeliu.com\/comprar\/#organization"},"potentialAction":[{"@type":"SearchAction","target":{"@type":"EntryPoint","urlTemplate":"https:\/\/suministressantfeliu.com\/comprar\/?s={search_term_string}"},"query-input":{"@type":"PropertyValueSpecification","valueRequired":true,"valueName":"search_term_string"}}],"inLanguage":"es"},{"@type":"Organization","@id":"https:\/\/suministressantfeliu.com\/comprar\/#organization","name":"Suministres Sant Feliu hosteleria","url":"https:\/\/suministressantfeliu.com\/comprar\/","logo":{"@type":"ImageObject","inLanguage":"es","@id":"https:\/\/suministressantfeliu.com\/comprar\/#\/schema\/logo\/image\/","url":"https:\/\/suministressantfeliu.com\/comprar\/wp-content\/uploads\/2021\/03\/cropped-suministres-sant-feliu-logo.png","contentUrl":"https:\/\/suministressantfeliu.com\/comprar\/wp-content\/uploads\/2021\/03\/cropped-suministres-sant-feliu-logo.png","width":668,"height":668,"caption":"Suministres Sant Feliu hosteleria"},"image":{"@id":"https:\/\/suministressantfeliu.com\/comprar\/#\/schema\/logo\/image\/"}}]}},"_links":{"self":[{"href":"https:\/\/suministressantfeliu.com\/comprar\/wp-json\/wp\/v2\/product\/8879","targetHints":{"allow":["GET"]}}],"collection":[{"href":"https:\/\/suministressantfeliu.com\/comprar\/wp-json\/wp\/v2\/product"}],"about":[{"href":"https:\/\/suministressantfeliu.com\/comprar\/wp-json\/wp\/v2\/types\/product"}],"wp:featuredmedia":[{"embeddable":true,"href":"https:\/\/suministressantfeliu.com\/comprar\/wp-json\/wp\/v2\/media\/3787"}],"wp:attachment":[{"href":"https:\/\/suministressantfeliu.com\/comprar\/wp-json\/wp\/v2\/media?parent=8879"}],"wp:term":[{"taxonomy":"product_brand","embeddable":true,"href":"https:\/\/suministressantfeliu.com\/comprar\/wp-json\/wp\/v2\/product_brand?post=8879"},{"taxonomy":"product_cat","embeddable":true,"href":"https:\/\/suministressantfeliu.com\/comprar\/wp-json\/wp\/v2\/product_cat?post=8879"},{"taxonomy":"product_tag","embeddable":true,"href":"https:\/\/suministressantfeliu.com\/comprar\/wp-json\/wp\/v2\/product_tag?post=8879"}],"curies":[{"name":"wp","href":"https:\/\/api.w.org\/{rel}","templated":true}]}}