{"id":8852,"date":"2023-05-04T21:49:03","date_gmt":"2023-05-04T21:49:03","guid":{"rendered":"https:\/\/suministressantfeliu.com\/comprar\/multiusos-desinfectante-viricida-jaguar-v407-garrafa-de-5-litros\/"},"modified":"2023-05-04T21:57:00","modified_gmt":"2023-05-04T21:57:00","slug":"multiusos-desinfectante-viricida-jaguar-v407-garrafa-de-5-litros","status":"publish","type":"product","link":"https:\/\/suministressantfeliu.com\/comprar\/multiusos-desinfectante-viricida-jaguar-v407-garrafa-de-5-litros\/","title":{"rendered":"Multiusos desinfectante viricida Jaguar V407 garrafa de 5 litros"},"content":{"rendered":"<p>Antis\u00e9ptico de manos y desinfectante de superficies de uso profesional. Tiene propiedades bactericidads, fungicidas, levuricidas y virucidas. V\u00e1lido para el \u00e1mbito p\u00fablico o privado, en la industria alimentaria, la restauraci\u00f3n y otros lugares que requieran una alta calidad higi\u00e9nica. Apto para todo tipo de superficies, incluyendo textiles, tanto prendas como textiles del mobiliario, etc. No mancha la ropa ni da\u00f1a las superficies, aunque se recomienda aplicar primero en zonas no visibles.<\/p>\n","protected":false},"excerpt":{"rendered":"<p>Multiusos desinfectante Jaguar V407, es un potente viricida con base alcohol, ideal para la desinfeccion de todo tipo de superficies, como es base alcohol, no necesita aclarado, uso directo.<\/p>\n","protected":false},"featured_media":3761,"template":"","meta":[],"product_brand":[],"product_cat":[56,1116,1127],"product_tag":[],"class_list":{"0":"post-8852","1":"product","2":"type-product","3":"status-publish","4":"has-post-thumbnail","6":"product_cat-proteccion-covid","7":"product_cat-quimicos-hosteleria","8":"product_cat-quimicos-desinfectantes-industriales","10":"first","11":"instock","12":"taxable","13":"shipping-taxable","14":"product-type-simple"},"yoast_head":"<!-- This site is optimized with the Yoast SEO plugin v27.5 - https:\/\/yoast.com\/product\/yoast-seo-wordpress\/ -->\n<title>Multiusos desinfectante viricida Jaguar V407 garrafa de 5 litros - Venta Productos de hosteler\u00eda Barcelona<\/title>\n<meta name=\"robots\" content=\"index, follow, max-snippet:-1, max-image-preview:large, max-video-preview:-1\" \/>\n<link rel=\"canonical\" href=\"https:\/\/suministressantfeliu.com\/comprar\/multiusos-desinfectante-viricida-jaguar-v407-garrafa-de-5-litros\/\" \/>\n<meta property=\"og:locale\" content=\"es_ES\" \/>\n<meta property=\"og:type\" content=\"article\" \/>\n<meta property=\"og:title\" content=\"Multiusos desinfectante viricida Jaguar V407 garrafa de 5 litros - Venta Productos de hosteler\u00eda Barcelona\" \/>\n<meta property=\"og:description\" content=\"Multiusos desinfectante Jaguar V407, es un potente viricida con base alcohol, ideal para la desinfeccion de todo tipo de superficies, como es base alcohol, no necesita aclarado, uso directo.\" \/>\n<meta property=\"og:url\" content=\"https:\/\/suministressantfeliu.com\/comprar\/multiusos-desinfectante-viricida-jaguar-v407-garrafa-de-5-litros\/\" \/>\n<meta property=\"og:site_name\" content=\"Venta Productos de hosteler\u00eda Barcelona\" \/>\n<meta property=\"article:modified_time\" content=\"2023-05-04T21:57:00+00:00\" \/>\n<meta property=\"og:image\" content=\"https:\/\/suministressantfeliu.com\/comprar\/wp-content\/uploads\/2023\/04\/multiusos-desinfectante-jaguar-v407-800x800-1.jpg\" \/>\n\t<meta property=\"og:image:width\" content=\"565\" \/>\n\t<meta property=\"og:image:height\" content=\"800\" \/>\n\t<meta property=\"og:image:type\" content=\"image\/jpeg\" \/>\n<meta name=\"twitter:card\" content=\"summary_large_image\" \/>\n<script type=\"application\/ld+json\" class=\"yoast-schema-graph\">{\"@context\":\"https:\\\/\\\/schema.org\",\"@graph\":[{\"@type\":\"WebPage\",\"@id\":\"https:\\\/\\\/suministressantfeliu.com\\\/comprar\\\/multiusos-desinfectante-viricida-jaguar-v407-garrafa-de-5-litros\\\/\",\"url\":\"https:\\\/\\\/suministressantfeliu.com\\\/comprar\\\/multiusos-desinfectante-viricida-jaguar-v407-garrafa-de-5-litros\\\/\",\"name\":\"Multiusos desinfectante viricida Jaguar V407 garrafa de 5 litros - Venta Productos de hosteler\u00eda Barcelona\",\"isPartOf\":{\"@id\":\"https:\\\/\\\/suministressantfeliu.com\\\/comprar\\\/#website\"},\"primaryImageOfPage\":{\"@id\":\"https:\\\/\\\/suministressantfeliu.com\\\/comprar\\\/multiusos-desinfectante-viricida-jaguar-v407-garrafa-de-5-litros\\\/#primaryimage\"},\"image\":{\"@id\":\"https:\\\/\\\/suministressantfeliu.com\\\/comprar\\\/multiusos-desinfectante-viricida-jaguar-v407-garrafa-de-5-litros\\\/#primaryimage\"},\"thumbnailUrl\":\"https:\\\/\\\/suministressantfeliu.com\\\/comprar\\\/wp-content\\\/uploads\\\/2023\\\/04\\\/multiusos-desinfectante-jaguar-v407-800x800-1.jpg\",\"datePublished\":\"2023-05-04T21:49:03+00:00\",\"dateModified\":\"2023-05-04T21:57:00+00:00\",\"breadcrumb\":{\"@id\":\"https:\\\/\\\/suministressantfeliu.com\\\/comprar\\\/multiusos-desinfectante-viricida-jaguar-v407-garrafa-de-5-litros\\\/#breadcrumb\"},\"inLanguage\":\"es\",\"potentialAction\":[{\"@type\":\"ReadAction\",\"target\":[\"https:\\\/\\\/suministressantfeliu.com\\\/comprar\\\/multiusos-desinfectante-viricida-jaguar-v407-garrafa-de-5-litros\\\/\"]}]},{\"@type\":\"ImageObject\",\"inLanguage\":\"es\",\"@id\":\"https:\\\/\\\/suministressantfeliu.com\\\/comprar\\\/multiusos-desinfectante-viricida-jaguar-v407-garrafa-de-5-litros\\\/#primaryimage\",\"url\":\"https:\\\/\\\/suministressantfeliu.com\\\/comprar\\\/wp-content\\\/uploads\\\/2023\\\/04\\\/multiusos-desinfectante-jaguar-v407-800x800-1.jpg\",\"contentUrl\":\"https:\\\/\\\/suministressantfeliu.com\\\/comprar\\\/wp-content\\\/uploads\\\/2023\\\/04\\\/multiusos-desinfectante-jaguar-v407-800x800-1.jpg\",\"width\":565,\"height\":800},{\"@type\":\"BreadcrumbList\",\"@id\":\"https:\\\/\\\/suministressantfeliu.com\\\/comprar\\\/multiusos-desinfectante-viricida-jaguar-v407-garrafa-de-5-litros\\\/#breadcrumb\",\"itemListElement\":[{\"@type\":\"ListItem\",\"position\":1,\"name\":\"Portada\",\"item\":\"https:\\\/\\\/suministressantfeliu.com\\\/comprar\\\/\"},{\"@type\":\"ListItem\",\"position\":2,\"name\":\"Tienda\",\"item\":\"https:\\\/\\\/suministressantfeliu.com\\\/comprar\\\/tienda\\\/\"},{\"@type\":\"ListItem\",\"position\":3,\"name\":\"Multiusos desinfectante viricida Jaguar V407 garrafa de 5 litros\"}]},{\"@type\":\"WebSite\",\"@id\":\"https:\\\/\\\/suministressantfeliu.com\\\/comprar\\\/#website\",\"url\":\"https:\\\/\\\/suministressantfeliu.com\\\/comprar\\\/\",\"name\":\"Productos hosteler\u00eda\",\"description\":\"Venta de suministros profesionales para hosteler\u00eda\",\"publisher\":{\"@id\":\"https:\\\/\\\/suministressantfeliu.com\\\/comprar\\\/#organization\"},\"potentialAction\":[{\"@type\":\"SearchAction\",\"target\":{\"@type\":\"EntryPoint\",\"urlTemplate\":\"https:\\\/\\\/suministressantfeliu.com\\\/comprar\\\/?s={search_term_string}\"},\"query-input\":{\"@type\":\"PropertyValueSpecification\",\"valueRequired\":true,\"valueName\":\"search_term_string\"}}],\"inLanguage\":\"es\"},{\"@type\":\"Organization\",\"@id\":\"https:\\\/\\\/suministressantfeliu.com\\\/comprar\\\/#organization\",\"name\":\"Suministres Sant Feliu hosteleria\",\"url\":\"https:\\\/\\\/suministressantfeliu.com\\\/comprar\\\/\",\"logo\":{\"@type\":\"ImageObject\",\"inLanguage\":\"es\",\"@id\":\"https:\\\/\\\/suministressantfeliu.com\\\/comprar\\\/#\\\/schema\\\/logo\\\/image\\\/\",\"url\":\"https:\\\/\\\/suministressantfeliu.com\\\/comprar\\\/wp-content\\\/uploads\\\/2021\\\/03\\\/cropped-suministres-sant-feliu-logo.png\",\"contentUrl\":\"https:\\\/\\\/suministressantfeliu.com\\\/comprar\\\/wp-content\\\/uploads\\\/2021\\\/03\\\/cropped-suministres-sant-feliu-logo.png\",\"width\":668,\"height\":668,\"caption\":\"Suministres Sant Feliu hosteleria\"},\"image\":{\"@id\":\"https:\\\/\\\/suministressantfeliu.com\\\/comprar\\\/#\\\/schema\\\/logo\\\/image\\\/\"}}]}<\/script>\n<!-- \/ Yoast SEO plugin. -->","yoast_head_json":{"title":"Multiusos desinfectante viricida Jaguar V407 garrafa de 5 litros - Venta Productos de hosteler\u00eda Barcelona","robots":{"index":"index","follow":"follow","max-snippet":"max-snippet:-1","max-image-preview":"max-image-preview:large","max-video-preview":"max-video-preview:-1"},"canonical":"https:\/\/suministressantfeliu.com\/comprar\/multiusos-desinfectante-viricida-jaguar-v407-garrafa-de-5-litros\/","og_locale":"es_ES","og_type":"article","og_title":"Multiusos desinfectante viricida Jaguar V407 garrafa de 5 litros - Venta Productos de hosteler\u00eda Barcelona","og_description":"Multiusos desinfectante Jaguar V407, es un potente viricida con base alcohol, ideal para la desinfeccion de todo tipo de superficies, como es base alcohol, no necesita aclarado, uso directo.","og_url":"https:\/\/suministressantfeliu.com\/comprar\/multiusos-desinfectante-viricida-jaguar-v407-garrafa-de-5-litros\/","og_site_name":"Venta Productos de hosteler\u00eda Barcelona","article_modified_time":"2023-05-04T21:57:00+00:00","og_image":[{"width":565,"height":800,"url":"https:\/\/suministressantfeliu.com\/comprar\/wp-content\/uploads\/2023\/04\/multiusos-desinfectante-jaguar-v407-800x800-1.jpg","type":"image\/jpeg"}],"twitter_card":"summary_large_image","schema":{"@context":"https:\/\/schema.org","@graph":[{"@type":"WebPage","@id":"https:\/\/suministressantfeliu.com\/comprar\/multiusos-desinfectante-viricida-jaguar-v407-garrafa-de-5-litros\/","url":"https:\/\/suministressantfeliu.com\/comprar\/multiusos-desinfectante-viricida-jaguar-v407-garrafa-de-5-litros\/","name":"Multiusos desinfectante viricida Jaguar V407 garrafa de 5 litros - Venta Productos de hosteler\u00eda Barcelona","isPartOf":{"@id":"https:\/\/suministressantfeliu.com\/comprar\/#website"},"primaryImageOfPage":{"@id":"https:\/\/suministressantfeliu.com\/comprar\/multiusos-desinfectante-viricida-jaguar-v407-garrafa-de-5-litros\/#primaryimage"},"image":{"@id":"https:\/\/suministressantfeliu.com\/comprar\/multiusos-desinfectante-viricida-jaguar-v407-garrafa-de-5-litros\/#primaryimage"},"thumbnailUrl":"https:\/\/suministressantfeliu.com\/comprar\/wp-content\/uploads\/2023\/04\/multiusos-desinfectante-jaguar-v407-800x800-1.jpg","datePublished":"2023-05-04T21:49:03+00:00","dateModified":"2023-05-04T21:57:00+00:00","breadcrumb":{"@id":"https:\/\/suministressantfeliu.com\/comprar\/multiusos-desinfectante-viricida-jaguar-v407-garrafa-de-5-litros\/#breadcrumb"},"inLanguage":"es","potentialAction":[{"@type":"ReadAction","target":["https:\/\/suministressantfeliu.com\/comprar\/multiusos-desinfectante-viricida-jaguar-v407-garrafa-de-5-litros\/"]}]},{"@type":"ImageObject","inLanguage":"es","@id":"https:\/\/suministressantfeliu.com\/comprar\/multiusos-desinfectante-viricida-jaguar-v407-garrafa-de-5-litros\/#primaryimage","url":"https:\/\/suministressantfeliu.com\/comprar\/wp-content\/uploads\/2023\/04\/multiusos-desinfectante-jaguar-v407-800x800-1.jpg","contentUrl":"https:\/\/suministressantfeliu.com\/comprar\/wp-content\/uploads\/2023\/04\/multiusos-desinfectante-jaguar-v407-800x800-1.jpg","width":565,"height":800},{"@type":"BreadcrumbList","@id":"https:\/\/suministressantfeliu.com\/comprar\/multiusos-desinfectante-viricida-jaguar-v407-garrafa-de-5-litros\/#breadcrumb","itemListElement":[{"@type":"ListItem","position":1,"name":"Portada","item":"https:\/\/suministressantfeliu.com\/comprar\/"},{"@type":"ListItem","position":2,"name":"Tienda","item":"https:\/\/suministressantfeliu.com\/comprar\/tienda\/"},{"@type":"ListItem","position":3,"name":"Multiusos desinfectante viricida Jaguar V407 garrafa de 5 litros"}]},{"@type":"WebSite","@id":"https:\/\/suministressantfeliu.com\/comprar\/#website","url":"https:\/\/suministressantfeliu.com\/comprar\/","name":"Productos hosteler\u00eda","description":"Venta de suministros profesionales para hosteler\u00eda","publisher":{"@id":"https:\/\/suministressantfeliu.com\/comprar\/#organization"},"potentialAction":[{"@type":"SearchAction","target":{"@type":"EntryPoint","urlTemplate":"https:\/\/suministressantfeliu.com\/comprar\/?s={search_term_string}"},"query-input":{"@type":"PropertyValueSpecification","valueRequired":true,"valueName":"search_term_string"}}],"inLanguage":"es"},{"@type":"Organization","@id":"https:\/\/suministressantfeliu.com\/comprar\/#organization","name":"Suministres Sant Feliu hosteleria","url":"https:\/\/suministressantfeliu.com\/comprar\/","logo":{"@type":"ImageObject","inLanguage":"es","@id":"https:\/\/suministressantfeliu.com\/comprar\/#\/schema\/logo\/image\/","url":"https:\/\/suministressantfeliu.com\/comprar\/wp-content\/uploads\/2021\/03\/cropped-suministres-sant-feliu-logo.png","contentUrl":"https:\/\/suministressantfeliu.com\/comprar\/wp-content\/uploads\/2021\/03\/cropped-suministres-sant-feliu-logo.png","width":668,"height":668,"caption":"Suministres Sant Feliu hosteleria"},"image":{"@id":"https:\/\/suministressantfeliu.com\/comprar\/#\/schema\/logo\/image\/"}}]}},"_links":{"self":[{"href":"https:\/\/suministressantfeliu.com\/comprar\/wp-json\/wp\/v2\/product\/8852","targetHints":{"allow":["GET"]}}],"collection":[{"href":"https:\/\/suministressantfeliu.com\/comprar\/wp-json\/wp\/v2\/product"}],"about":[{"href":"https:\/\/suministressantfeliu.com\/comprar\/wp-json\/wp\/v2\/types\/product"}],"wp:featuredmedia":[{"embeddable":true,"href":"https:\/\/suministressantfeliu.com\/comprar\/wp-json\/wp\/v2\/media\/3761"}],"wp:attachment":[{"href":"https:\/\/suministressantfeliu.com\/comprar\/wp-json\/wp\/v2\/media?parent=8852"}],"wp:term":[{"taxonomy":"product_brand","embeddable":true,"href":"https:\/\/suministressantfeliu.com\/comprar\/wp-json\/wp\/v2\/product_brand?post=8852"},{"taxonomy":"product_cat","embeddable":true,"href":"https:\/\/suministressantfeliu.com\/comprar\/wp-json\/wp\/v2\/product_cat?post=8852"},{"taxonomy":"product_tag","embeddable":true,"href":"https:\/\/suministressantfeliu.com\/comprar\/wp-json\/wp\/v2\/product_tag?post=8852"}],"curies":[{"name":"wp","href":"https:\/\/api.w.org\/{rel}","templated":true}]}}