{"id":8828,"date":"2023-05-04T21:48:53","date_gmt":"2023-05-04T21:48:53","guid":{"rendered":"https:\/\/suministressantfeliu.com\/comprar\/limpiador-bactericida-desinfectante-superficies-garrafa-de-5-litros\/"},"modified":"2024-02-14T14:45:36","modified_gmt":"2024-02-14T14:45:36","slug":"limpiador-desinfectante-bactericida-levuricida-fungecida-y-viricida-para-superficies-garrafa-de-5-litros","status":"publish","type":"product","link":"https:\/\/suministressantfeliu.com\/comprar\/limpiador-desinfectante-bactericida-levuricida-fungecida-y-viricida-para-superficies-garrafa-de-5-litros\/","title":{"rendered":"Limpiador Desinfectante Bactericida, Levuricida, Fungicida y Viricida Germinex para superficies garrafa de 5 litros"},"content":{"rendered":"<section class=\"elementor-section elementor-inner-section elementor-element elementor-element-89471ca elementor-section-boxed elementor-section-height-default elementor-section-height-default\" data-id=\"89471ca\" data-element_type=\"section\">\n<div class=\"elementor-container elementor-column-gap-default\">\n<div class=\"elementor-column elementor-col-100 elementor-inner-column elementor-element elementor-element-8f5b39f\" data-id=\"8f5b39f\" data-element_type=\"column\">\n<div class=\"elementor-widget-wrap elementor-element-populated\">\n<div class=\"elementor-element elementor-element-4773b1d elementor-widget__width-initial elementor-widget elementor-widget-heading\" data-id=\"4773b1d\" data-element_type=\"widget\" data-widget_type=\"heading.default\">\n<div class=\"elementor-widget-container\">\n<h2 class=\"elementor-heading-title elementor-size-default\">Limpiador de Superficies y Equipos<\/h2>\n<\/div>\n<\/div>\n<\/div>\n<\/div>\n<\/div>\n<\/section>\n<section class=\"elementor-section elementor-inner-section elementor-element elementor-element-a398490 elementor-section-boxed elementor-section-height-default elementor-section-height-default\" data-id=\"a398490\" data-element_type=\"section\">\n<div class=\"elementor-container elementor-column-gap-default\">\n<div class=\"elementor-column elementor-col-50 elementor-inner-column elementor-element elementor-element-a05698d\" data-id=\"a05698d\" data-element_type=\"column\">\n<div class=\"elementor-widget-wrap elementor-element-populated\">\n<div class=\"elementor-element elementor-element-7679284b elementor-widget elementor-widget-text-editor\" data-id=\"7679284b\" data-element_type=\"widget\" data-widget_type=\"text-editor.default\">\n<div class=\"elementor-widget-container\">\n<p>&nbsp;<\/p>\n<p><b>Desinfecci\u00f3n de contacto:\u00a0<\/b><b>Autorizado para USO AMBIENTAL Y EN LA INDUSTRIA ALIMENTARIA. Superficies y equipos. APLICACI\u00d3N POR PERSONAL PROFESIONAL.<\/b><\/p>\n<p><b>Modo de empleo de desinfecci\u00f3n de contacto para uso por personal profesional:<\/b>\u00a0superficies y equipos mediante pulverizaci\u00f3n con pulverizador de gatillo o pulverizador electrost\u00e1tico con capacidad hasta un litro, bayeta o fregona con el producto diluido en agua, respetando los tiempos de contacto.<br \/>\n<b>COMPOSICI\u00d3N:\u00a0<\/b>Cloruro de bencil C12-C16 alquildimetilamonio 0.80% Excipientes c.s.p. 100%. Cumple las normas UNE-EN 13697 Y UNE-EN14476<\/p>\n<p><strong>Autorizado para Uso ambiental: <\/strong><strong>N\u00ba Reg.:\u00a0<\/strong><b>22-20\/40-11415<\/b><\/p>\n<\/div>\n<\/div>\n<div class=\"elementor-element elementor-element-0e38779 elementor-widget elementor-widget-text-editor\" data-id=\"0e38779\" data-element_type=\"widget\" data-widget_type=\"text-editor.default\">\n<div class=\"elementor-widget-container\">\n<p><strong>Uso en industria alimentaria:\u00a0<\/strong><strong>N\u00ba Reg.:\u00a0<\/strong><b>22-20\/40-11415HA<\/b><br \/>\n<b>Desinfectante espec\u00edfico de r\u00e1pida evaporaci\u00f3n.\u00a0<\/b><b>BACTERICIDA<\/b><b>,<\/b>\u00a0<b>LEVURICIDA,\u00a0<\/b><b>FUNGICIDA<\/b><b>\u00a0Y VIRICIDA de espectro limitado\u00a0<\/b><b>(Virus con envoltura)<\/b><\/p>\n<p>Producto incluido en el listado del Ministerio de Sanidad como viricida autorizado.<br \/>\nMODO DE EMPLEO Y DOSIFICACION<br \/>\nDesinfecci\u00f3n de contacto: superficies y equipos, mediante pulverizaci\u00f3n con pulverizador de<br \/>\ngatillo o aplicaci\u00f3n con bayeta, con el producto puro sin diluir, dejar actuar 5 minutos para<br \/>\nuna eficacia total y posteriormente aclarar con una bayeta h\u00fameda.<br \/>\nLa aplicaci\u00f3n del producto en la industria alimentaria para uso en desinfecci\u00f3n de contacto:<br \/>\nsuperficies y equipos, habr\u00e1 de llevarse a cabo en ausencia de alimentos.<\/p>\n<\/div>\n<\/div>\n<\/div>\n<\/div>\n<\/div>\n<\/section>\n","protected":false},"excerpt":{"rendered":"<p>Limpiador Desinfectante Bactericida, Levuricida, Fungecida y Viricida para superficies garrafa de 5 litros<\/p>\n","protected":false},"featured_media":9942,"template":"","meta":[],"product_brand":[],"product_cat":[56,1116,1127],"product_tag":[],"class_list":{"0":"post-8828","1":"product","2":"type-product","3":"status-publish","4":"has-post-thumbnail","6":"product_cat-proteccion-covid","7":"product_cat-quimicos-hosteleria","8":"product_cat-quimicos-desinfectantes-industriales","10":"first","11":"instock","12":"sale","13":"taxable","14":"shipping-taxable","15":"purchasable","16":"product-type-simple"},"yoast_head":"<!-- This site is optimized with the Yoast SEO plugin v27.5 - https:\/\/yoast.com\/product\/yoast-seo-wordpress\/ -->\n<title>Limpiador Desinfectante Bactericida, Levuricida, Fungicida y Viricida Germinex para superficies garrafa de 5 litros - Venta Productos de hosteler\u00eda Barcelona<\/title>\n<meta name=\"description\" content=\"Limpiador Desinfectante Bactericida, Levuricida, Fungecida y Viricida para superficies garrafa de 5 litros\" \/>\n<meta name=\"robots\" content=\"index, follow, max-snippet:-1, max-image-preview:large, max-video-preview:-1\" \/>\n<link rel=\"canonical\" href=\"https:\/\/suministressantfeliu.com\/comprar\/limpiador-desinfectante-bactericida-levuricida-fungecida-y-viricida-para-superficies-garrafa-de-5-litros\/\" \/>\n<meta property=\"og:locale\" content=\"es_ES\" \/>\n<meta property=\"og:type\" content=\"article\" \/>\n<meta property=\"og:title\" content=\"Limpiador Desinfectante Bactericida, Levuricida, Fungicida y Viricida Germinex para superficies garrafa de 5 litros - Venta Productos de hosteler\u00eda Barcelona\" \/>\n<meta property=\"og:description\" content=\"Limpiador Desinfectante Bactericida, Levuricida, Fungecida y Viricida para superficies garrafa de 5 litros\" \/>\n<meta property=\"og:url\" content=\"https:\/\/suministressantfeliu.com\/comprar\/limpiador-desinfectante-bactericida-levuricida-fungecida-y-viricida-para-superficies-garrafa-de-5-litros\/\" \/>\n<meta property=\"og:site_name\" content=\"Venta Productos de hosteler\u00eda Barcelona\" \/>\n<meta property=\"article:modified_time\" content=\"2024-02-14T14:45:36+00:00\" \/>\n<meta property=\"og:image\" content=\"https:\/\/suministressantfeliu.com\/comprar\/wp-content\/uploads\/2023\/05\/Germinex-classic-5kg-copia.jpg\" \/>\n\t<meta property=\"og:image:width\" content=\"1217\" \/>\n\t<meta property=\"og:image:height\" content=\"1253\" \/>\n\t<meta property=\"og:image:type\" content=\"image\/jpeg\" \/>\n<meta name=\"twitter:card\" content=\"summary_large_image\" \/>\n<meta name=\"twitter:label1\" content=\"Tiempo de lectura\" \/>\n\t<meta name=\"twitter:data1\" content=\"1 minuto\" \/>\n<script type=\"application\/ld+json\" class=\"yoast-schema-graph\">{\"@context\":\"https:\\\/\\\/schema.org\",\"@graph\":[{\"@type\":\"WebPage\",\"@id\":\"https:\\\/\\\/suministressantfeliu.com\\\/comprar\\\/limpiador-desinfectante-bactericida-levuricida-fungecida-y-viricida-para-superficies-garrafa-de-5-litros\\\/\",\"url\":\"https:\\\/\\\/suministressantfeliu.com\\\/comprar\\\/limpiador-desinfectante-bactericida-levuricida-fungecida-y-viricida-para-superficies-garrafa-de-5-litros\\\/\",\"name\":\"Limpiador Desinfectante Bactericida, Levuricida, Fungicida y Viricida Germinex para superficies garrafa de 5 litros - Venta Productos de hosteler\u00eda Barcelona\",\"isPartOf\":{\"@id\":\"https:\\\/\\\/suministressantfeliu.com\\\/comprar\\\/#website\"},\"primaryImageOfPage\":{\"@id\":\"https:\\\/\\\/suministressantfeliu.com\\\/comprar\\\/limpiador-desinfectante-bactericida-levuricida-fungecida-y-viricida-para-superficies-garrafa-de-5-litros\\\/#primaryimage\"},\"image\":{\"@id\":\"https:\\\/\\\/suministressantfeliu.com\\\/comprar\\\/limpiador-desinfectante-bactericida-levuricida-fungecida-y-viricida-para-superficies-garrafa-de-5-litros\\\/#primaryimage\"},\"thumbnailUrl\":\"https:\\\/\\\/suministressantfeliu.com\\\/comprar\\\/wp-content\\\/uploads\\\/2023\\\/05\\\/Germinex-classic-5kg-copia.jpg\",\"datePublished\":\"2023-05-04T21:48:53+00:00\",\"dateModified\":\"2024-02-14T14:45:36+00:00\",\"description\":\"Limpiador Desinfectante Bactericida, Levuricida, Fungecida y Viricida para superficies garrafa de 5 litros\",\"breadcrumb\":{\"@id\":\"https:\\\/\\\/suministressantfeliu.com\\\/comprar\\\/limpiador-desinfectante-bactericida-levuricida-fungecida-y-viricida-para-superficies-garrafa-de-5-litros\\\/#breadcrumb\"},\"inLanguage\":\"es\",\"potentialAction\":[{\"@type\":\"ReadAction\",\"target\":[\"https:\\\/\\\/suministressantfeliu.com\\\/comprar\\\/limpiador-desinfectante-bactericida-levuricida-fungecida-y-viricida-para-superficies-garrafa-de-5-litros\\\/\"]}]},{\"@type\":\"ImageObject\",\"inLanguage\":\"es\",\"@id\":\"https:\\\/\\\/suministressantfeliu.com\\\/comprar\\\/limpiador-desinfectante-bactericida-levuricida-fungecida-y-viricida-para-superficies-garrafa-de-5-litros\\\/#primaryimage\",\"url\":\"https:\\\/\\\/suministressantfeliu.com\\\/comprar\\\/wp-content\\\/uploads\\\/2023\\\/05\\\/Germinex-classic-5kg-copia.jpg\",\"contentUrl\":\"https:\\\/\\\/suministressantfeliu.com\\\/comprar\\\/wp-content\\\/uploads\\\/2023\\\/05\\\/Germinex-classic-5kg-copia.jpg\",\"width\":1217,\"height\":1253},{\"@type\":\"BreadcrumbList\",\"@id\":\"https:\\\/\\\/suministressantfeliu.com\\\/comprar\\\/limpiador-desinfectante-bactericida-levuricida-fungecida-y-viricida-para-superficies-garrafa-de-5-litros\\\/#breadcrumb\",\"itemListElement\":[{\"@type\":\"ListItem\",\"position\":1,\"name\":\"Portada\",\"item\":\"https:\\\/\\\/suministressantfeliu.com\\\/comprar\\\/\"},{\"@type\":\"ListItem\",\"position\":2,\"name\":\"Tienda\",\"item\":\"https:\\\/\\\/suministressantfeliu.com\\\/comprar\\\/tienda\\\/\"},{\"@type\":\"ListItem\",\"position\":3,\"name\":\"Limpiador Desinfectante Bactericida, Levuricida, Fungicida y Viricida Germinex para superficies garrafa de 5 litros\"}]},{\"@type\":\"WebSite\",\"@id\":\"https:\\\/\\\/suministressantfeliu.com\\\/comprar\\\/#website\",\"url\":\"https:\\\/\\\/suministressantfeliu.com\\\/comprar\\\/\",\"name\":\"Productos hosteler\u00eda\",\"description\":\"Venta de suministros profesionales para hosteler\u00eda\",\"publisher\":{\"@id\":\"https:\\\/\\\/suministressantfeliu.com\\\/comprar\\\/#organization\"},\"potentialAction\":[{\"@type\":\"SearchAction\",\"target\":{\"@type\":\"EntryPoint\",\"urlTemplate\":\"https:\\\/\\\/suministressantfeliu.com\\\/comprar\\\/?s={search_term_string}\"},\"query-input\":{\"@type\":\"PropertyValueSpecification\",\"valueRequired\":true,\"valueName\":\"search_term_string\"}}],\"inLanguage\":\"es\"},{\"@type\":\"Organization\",\"@id\":\"https:\\\/\\\/suministressantfeliu.com\\\/comprar\\\/#organization\",\"name\":\"Suministres Sant Feliu hosteleria\",\"url\":\"https:\\\/\\\/suministressantfeliu.com\\\/comprar\\\/\",\"logo\":{\"@type\":\"ImageObject\",\"inLanguage\":\"es\",\"@id\":\"https:\\\/\\\/suministressantfeliu.com\\\/comprar\\\/#\\\/schema\\\/logo\\\/image\\\/\",\"url\":\"https:\\\/\\\/suministressantfeliu.com\\\/comprar\\\/wp-content\\\/uploads\\\/2021\\\/03\\\/cropped-suministres-sant-feliu-logo.png\",\"contentUrl\":\"https:\\\/\\\/suministressantfeliu.com\\\/comprar\\\/wp-content\\\/uploads\\\/2021\\\/03\\\/cropped-suministres-sant-feliu-logo.png\",\"width\":668,\"height\":668,\"caption\":\"Suministres Sant Feliu hosteleria\"},\"image\":{\"@id\":\"https:\\\/\\\/suministressantfeliu.com\\\/comprar\\\/#\\\/schema\\\/logo\\\/image\\\/\"}}]}<\/script>\n<!-- \/ Yoast SEO plugin. -->","yoast_head_json":{"title":"Limpiador Desinfectante Bactericida, Levuricida, Fungicida y Viricida Germinex para superficies garrafa de 5 litros - Venta Productos de hosteler\u00eda Barcelona","description":"Limpiador Desinfectante Bactericida, Levuricida, Fungecida y Viricida para superficies garrafa de 5 litros","robots":{"index":"index","follow":"follow","max-snippet":"max-snippet:-1","max-image-preview":"max-image-preview:large","max-video-preview":"max-video-preview:-1"},"canonical":"https:\/\/suministressantfeliu.com\/comprar\/limpiador-desinfectante-bactericida-levuricida-fungecida-y-viricida-para-superficies-garrafa-de-5-litros\/","og_locale":"es_ES","og_type":"article","og_title":"Limpiador Desinfectante Bactericida, Levuricida, Fungicida y Viricida Germinex para superficies garrafa de 5 litros - Venta Productos de hosteler\u00eda Barcelona","og_description":"Limpiador Desinfectante Bactericida, Levuricida, Fungecida y Viricida para superficies garrafa de 5 litros","og_url":"https:\/\/suministressantfeliu.com\/comprar\/limpiador-desinfectante-bactericida-levuricida-fungecida-y-viricida-para-superficies-garrafa-de-5-litros\/","og_site_name":"Venta Productos de hosteler\u00eda Barcelona","article_modified_time":"2024-02-14T14:45:36+00:00","og_image":[{"width":1217,"height":1253,"url":"https:\/\/suministressantfeliu.com\/comprar\/wp-content\/uploads\/2023\/05\/Germinex-classic-5kg-copia.jpg","type":"image\/jpeg"}],"twitter_card":"summary_large_image","twitter_misc":{"Tiempo de lectura":"1 minuto"},"schema":{"@context":"https:\/\/schema.org","@graph":[{"@type":"WebPage","@id":"https:\/\/suministressantfeliu.com\/comprar\/limpiador-desinfectante-bactericida-levuricida-fungecida-y-viricida-para-superficies-garrafa-de-5-litros\/","url":"https:\/\/suministressantfeliu.com\/comprar\/limpiador-desinfectante-bactericida-levuricida-fungecida-y-viricida-para-superficies-garrafa-de-5-litros\/","name":"Limpiador Desinfectante Bactericida, Levuricida, Fungicida y Viricida Germinex para superficies garrafa de 5 litros - Venta Productos de hosteler\u00eda Barcelona","isPartOf":{"@id":"https:\/\/suministressantfeliu.com\/comprar\/#website"},"primaryImageOfPage":{"@id":"https:\/\/suministressantfeliu.com\/comprar\/limpiador-desinfectante-bactericida-levuricida-fungecida-y-viricida-para-superficies-garrafa-de-5-litros\/#primaryimage"},"image":{"@id":"https:\/\/suministressantfeliu.com\/comprar\/limpiador-desinfectante-bactericida-levuricida-fungecida-y-viricida-para-superficies-garrafa-de-5-litros\/#primaryimage"},"thumbnailUrl":"https:\/\/suministressantfeliu.com\/comprar\/wp-content\/uploads\/2023\/05\/Germinex-classic-5kg-copia.jpg","datePublished":"2023-05-04T21:48:53+00:00","dateModified":"2024-02-14T14:45:36+00:00","description":"Limpiador Desinfectante Bactericida, Levuricida, Fungecida y Viricida para superficies garrafa de 5 litros","breadcrumb":{"@id":"https:\/\/suministressantfeliu.com\/comprar\/limpiador-desinfectante-bactericida-levuricida-fungecida-y-viricida-para-superficies-garrafa-de-5-litros\/#breadcrumb"},"inLanguage":"es","potentialAction":[{"@type":"ReadAction","target":["https:\/\/suministressantfeliu.com\/comprar\/limpiador-desinfectante-bactericida-levuricida-fungecida-y-viricida-para-superficies-garrafa-de-5-litros\/"]}]},{"@type":"ImageObject","inLanguage":"es","@id":"https:\/\/suministressantfeliu.com\/comprar\/limpiador-desinfectante-bactericida-levuricida-fungecida-y-viricida-para-superficies-garrafa-de-5-litros\/#primaryimage","url":"https:\/\/suministressantfeliu.com\/comprar\/wp-content\/uploads\/2023\/05\/Germinex-classic-5kg-copia.jpg","contentUrl":"https:\/\/suministressantfeliu.com\/comprar\/wp-content\/uploads\/2023\/05\/Germinex-classic-5kg-copia.jpg","width":1217,"height":1253},{"@type":"BreadcrumbList","@id":"https:\/\/suministressantfeliu.com\/comprar\/limpiador-desinfectante-bactericida-levuricida-fungecida-y-viricida-para-superficies-garrafa-de-5-litros\/#breadcrumb","itemListElement":[{"@type":"ListItem","position":1,"name":"Portada","item":"https:\/\/suministressantfeliu.com\/comprar\/"},{"@type":"ListItem","position":2,"name":"Tienda","item":"https:\/\/suministressantfeliu.com\/comprar\/tienda\/"},{"@type":"ListItem","position":3,"name":"Limpiador Desinfectante Bactericida, Levuricida, Fungicida y Viricida Germinex para superficies garrafa de 5 litros"}]},{"@type":"WebSite","@id":"https:\/\/suministressantfeliu.com\/comprar\/#website","url":"https:\/\/suministressantfeliu.com\/comprar\/","name":"Productos hosteler\u00eda","description":"Venta de suministros profesionales para hosteler\u00eda","publisher":{"@id":"https:\/\/suministressantfeliu.com\/comprar\/#organization"},"potentialAction":[{"@type":"SearchAction","target":{"@type":"EntryPoint","urlTemplate":"https:\/\/suministressantfeliu.com\/comprar\/?s={search_term_string}"},"query-input":{"@type":"PropertyValueSpecification","valueRequired":true,"valueName":"search_term_string"}}],"inLanguage":"es"},{"@type":"Organization","@id":"https:\/\/suministressantfeliu.com\/comprar\/#organization","name":"Suministres Sant Feliu hosteleria","url":"https:\/\/suministressantfeliu.com\/comprar\/","logo":{"@type":"ImageObject","inLanguage":"es","@id":"https:\/\/suministressantfeliu.com\/comprar\/#\/schema\/logo\/image\/","url":"https:\/\/suministressantfeliu.com\/comprar\/wp-content\/uploads\/2021\/03\/cropped-suministres-sant-feliu-logo.png","contentUrl":"https:\/\/suministressantfeliu.com\/comprar\/wp-content\/uploads\/2021\/03\/cropped-suministres-sant-feliu-logo.png","width":668,"height":668,"caption":"Suministres Sant Feliu hosteleria"},"image":{"@id":"https:\/\/suministressantfeliu.com\/comprar\/#\/schema\/logo\/image\/"}}]}},"_links":{"self":[{"href":"https:\/\/suministressantfeliu.com\/comprar\/wp-json\/wp\/v2\/product\/8828","targetHints":{"allow":["GET"]}}],"collection":[{"href":"https:\/\/suministressantfeliu.com\/comprar\/wp-json\/wp\/v2\/product"}],"about":[{"href":"https:\/\/suministressantfeliu.com\/comprar\/wp-json\/wp\/v2\/types\/product"}],"wp:featuredmedia":[{"embeddable":true,"href":"https:\/\/suministressantfeliu.com\/comprar\/wp-json\/wp\/v2\/media\/9942"}],"wp:attachment":[{"href":"https:\/\/suministressantfeliu.com\/comprar\/wp-json\/wp\/v2\/media?parent=8828"}],"wp:term":[{"taxonomy":"product_brand","embeddable":true,"href":"https:\/\/suministressantfeliu.com\/comprar\/wp-json\/wp\/v2\/product_brand?post=8828"},{"taxonomy":"product_cat","embeddable":true,"href":"https:\/\/suministressantfeliu.com\/comprar\/wp-json\/wp\/v2\/product_cat?post=8828"},{"taxonomy":"product_tag","embeddable":true,"href":"https:\/\/suministressantfeliu.com\/comprar\/wp-json\/wp\/v2\/product_tag?post=8828"}],"curies":[{"name":"wp","href":"https:\/\/api.w.org\/{rel}","templated":true}]}}