{"id":8822,"date":"2023-05-04T21:48:51","date_gmt":"2023-05-04T21:48:51","guid":{"rendered":"https:\/\/suministressantfeliu.com\/comprar\/jarra-policarbonato-de-1-8-litros-para-hosteleria\/"},"modified":"2024-09-10T08:41:36","modified_gmt":"2024-09-10T08:41:36","slug":"jarra-policarbonato-de-1-8-litros-colectividades-catering-colegios-irompible","status":"publish","type":"product","link":"https:\/\/suministressantfeliu.com\/comprar\/jarra-policarbonato-de-1-8-litros-colectividades-catering-colegios-irompible\/","title":{"rendered":"Jarra Policarbonato de 1.8 litros Colectividades, Catering, Colegios, Irompible"},"content":{"rendered":"<p>Jarra de policarbonato transparente de 1,8 litros. Esta jarra, con un dise\u00f1o que simula el cristal, tiene una resistencia superior a otro tipo de material como el vidrio o el cristal. Adem\u00e1s, con su dise\u00f1o antigoteo tiene un borde especialmente creado para retener los hielos o fruta que pueda contener la jarra, por lo que la hace una jarra ideal para sangr\u00eda o cualquier otro tipo de bebida similar.Perfecta para cualquier tipo de negocio dedicado a la hosteler\u00eda y la restauraci\u00f3n como bares, restaurantes, hoteles, etc.Capacidad: 1,8 litrosPrecio por unidadApto para el lavavajillas<\/p>\n","protected":false},"excerpt":{"rendered":"<p>Jarra Policarbonato de 1.8 litros Colectividades, Catering, Colegios, Irompible<\/p>\n","protected":false},"featured_media":10108,"template":"","meta":[],"product_brand":[],"product_cat":[1118,1119,1117],"product_tag":[],"class_list":{"0":"post-8822","1":"product","2":"type-product","3":"status-publish","4":"has-post-thumbnail","6":"product_cat-take-away-restaurantes-bares","7":"product_cat-envases-take-away-hosteleria","8":"product_cat-productos-take-away-hosteleria","10":"first","11":"instock","12":"sale","13":"taxable","14":"shipping-taxable","15":"purchasable","16":"product-type-simple"},"yoast_head":"<!-- This site is optimized with the Yoast SEO plugin v27.5 - https:\/\/yoast.com\/product\/yoast-seo-wordpress\/ -->\n<title>Jarra Policarbonato de 1.8 litros Colectividades, Catering, Colegios, Irompible - Venta Productos de hosteler\u00eda Barcelona<\/title>\n<meta name=\"robots\" content=\"index, follow, max-snippet:-1, max-image-preview:large, max-video-preview:-1\" \/>\n<link rel=\"canonical\" href=\"https:\/\/suministressantfeliu.com\/comprar\/jarra-policarbonato-de-1-8-litros-colectividades-catering-colegios-irompible\/\" \/>\n<meta property=\"og:locale\" content=\"es_ES\" \/>\n<meta property=\"og:type\" content=\"article\" \/>\n<meta property=\"og:title\" content=\"Jarra Policarbonato de 1.8 litros Colectividades, Catering, Colegios, Irompible - Venta Productos de hosteler\u00eda Barcelona\" \/>\n<meta property=\"og:description\" content=\"Jarra Policarbonato de 1.8 litros Colectividades, Catering, Colegios, Irompible\" \/>\n<meta property=\"og:url\" content=\"https:\/\/suministressantfeliu.com\/comprar\/jarra-policarbonato-de-1-8-litros-colectividades-catering-colegios-irompible\/\" \/>\n<meta property=\"og:site_name\" content=\"Venta Productos de hosteler\u00eda Barcelona\" \/>\n<meta property=\"article:modified_time\" content=\"2024-09-10T08:41:36+00:00\" \/>\n<meta property=\"og:image\" content=\"https:\/\/suministressantfeliu.com\/comprar\/wp-content\/uploads\/2023\/05\/JARRA_POLICARBONATO-1.8-ARA674.jpg\" \/>\n\t<meta property=\"og:image:width\" content=\"458\" \/>\n\t<meta property=\"og:image:height\" content=\"458\" \/>\n\t<meta property=\"og:image:type\" content=\"image\/jpeg\" \/>\n<meta name=\"twitter:card\" content=\"summary_large_image\" \/>\n<meta name=\"twitter:label1\" content=\"Tiempo de lectura\" \/>\n\t<meta name=\"twitter:data1\" content=\"1 minuto\" \/>\n<script type=\"application\/ld+json\" class=\"yoast-schema-graph\">{\"@context\":\"https:\\\/\\\/schema.org\",\"@graph\":[{\"@type\":\"WebPage\",\"@id\":\"https:\\\/\\\/suministressantfeliu.com\\\/comprar\\\/jarra-policarbonato-de-1-8-litros-colectividades-catering-colegios-irompible\\\/\",\"url\":\"https:\\\/\\\/suministressantfeliu.com\\\/comprar\\\/jarra-policarbonato-de-1-8-litros-colectividades-catering-colegios-irompible\\\/\",\"name\":\"Jarra Policarbonato de 1.8 litros Colectividades, Catering, Colegios, Irompible - Venta Productos de hosteler\u00eda Barcelona\",\"isPartOf\":{\"@id\":\"https:\\\/\\\/suministressantfeliu.com\\\/comprar\\\/#website\"},\"primaryImageOfPage\":{\"@id\":\"https:\\\/\\\/suministressantfeliu.com\\\/comprar\\\/jarra-policarbonato-de-1-8-litros-colectividades-catering-colegios-irompible\\\/#primaryimage\"},\"image\":{\"@id\":\"https:\\\/\\\/suministressantfeliu.com\\\/comprar\\\/jarra-policarbonato-de-1-8-litros-colectividades-catering-colegios-irompible\\\/#primaryimage\"},\"thumbnailUrl\":\"https:\\\/\\\/suministressantfeliu.com\\\/comprar\\\/wp-content\\\/uploads\\\/2023\\\/05\\\/JARRA_POLICARBONATO-1.8-ARA674.jpg\",\"datePublished\":\"2023-05-04T21:48:51+00:00\",\"dateModified\":\"2024-09-10T08:41:36+00:00\",\"breadcrumb\":{\"@id\":\"https:\\\/\\\/suministressantfeliu.com\\\/comprar\\\/jarra-policarbonato-de-1-8-litros-colectividades-catering-colegios-irompible\\\/#breadcrumb\"},\"inLanguage\":\"es\",\"potentialAction\":[{\"@type\":\"ReadAction\",\"target\":[\"https:\\\/\\\/suministressantfeliu.com\\\/comprar\\\/jarra-policarbonato-de-1-8-litros-colectividades-catering-colegios-irompible\\\/\"]}]},{\"@type\":\"ImageObject\",\"inLanguage\":\"es\",\"@id\":\"https:\\\/\\\/suministressantfeliu.com\\\/comprar\\\/jarra-policarbonato-de-1-8-litros-colectividades-catering-colegios-irompible\\\/#primaryimage\",\"url\":\"https:\\\/\\\/suministressantfeliu.com\\\/comprar\\\/wp-content\\\/uploads\\\/2023\\\/05\\\/JARRA_POLICARBONATO-1.8-ARA674.jpg\",\"contentUrl\":\"https:\\\/\\\/suministressantfeliu.com\\\/comprar\\\/wp-content\\\/uploads\\\/2023\\\/05\\\/JARRA_POLICARBONATO-1.8-ARA674.jpg\",\"width\":458,\"height\":458},{\"@type\":\"BreadcrumbList\",\"@id\":\"https:\\\/\\\/suministressantfeliu.com\\\/comprar\\\/jarra-policarbonato-de-1-8-litros-colectividades-catering-colegios-irompible\\\/#breadcrumb\",\"itemListElement\":[{\"@type\":\"ListItem\",\"position\":1,\"name\":\"Portada\",\"item\":\"https:\\\/\\\/suministressantfeliu.com\\\/comprar\\\/\"},{\"@type\":\"ListItem\",\"position\":2,\"name\":\"Tienda\",\"item\":\"https:\\\/\\\/suministressantfeliu.com\\\/comprar\\\/tienda\\\/\"},{\"@type\":\"ListItem\",\"position\":3,\"name\":\"Jarra Policarbonato de 1.8 litros Colectividades, Catering, Colegios, Irompible\"}]},{\"@type\":\"WebSite\",\"@id\":\"https:\\\/\\\/suministressantfeliu.com\\\/comprar\\\/#website\",\"url\":\"https:\\\/\\\/suministressantfeliu.com\\\/comprar\\\/\",\"name\":\"Productos hosteler\u00eda\",\"description\":\"Venta de suministros profesionales para hosteler\u00eda\",\"publisher\":{\"@id\":\"https:\\\/\\\/suministressantfeliu.com\\\/comprar\\\/#organization\"},\"potentialAction\":[{\"@type\":\"SearchAction\",\"target\":{\"@type\":\"EntryPoint\",\"urlTemplate\":\"https:\\\/\\\/suministressantfeliu.com\\\/comprar\\\/?s={search_term_string}\"},\"query-input\":{\"@type\":\"PropertyValueSpecification\",\"valueRequired\":true,\"valueName\":\"search_term_string\"}}],\"inLanguage\":\"es\"},{\"@type\":\"Organization\",\"@id\":\"https:\\\/\\\/suministressantfeliu.com\\\/comprar\\\/#organization\",\"name\":\"Suministres Sant Feliu hosteleria\",\"url\":\"https:\\\/\\\/suministressantfeliu.com\\\/comprar\\\/\",\"logo\":{\"@type\":\"ImageObject\",\"inLanguage\":\"es\",\"@id\":\"https:\\\/\\\/suministressantfeliu.com\\\/comprar\\\/#\\\/schema\\\/logo\\\/image\\\/\",\"url\":\"https:\\\/\\\/suministressantfeliu.com\\\/comprar\\\/wp-content\\\/uploads\\\/2021\\\/03\\\/cropped-suministres-sant-feliu-logo.png\",\"contentUrl\":\"https:\\\/\\\/suministressantfeliu.com\\\/comprar\\\/wp-content\\\/uploads\\\/2021\\\/03\\\/cropped-suministres-sant-feliu-logo.png\",\"width\":668,\"height\":668,\"caption\":\"Suministres Sant Feliu hosteleria\"},\"image\":{\"@id\":\"https:\\\/\\\/suministressantfeliu.com\\\/comprar\\\/#\\\/schema\\\/logo\\\/image\\\/\"}}]}<\/script>\n<!-- \/ Yoast SEO plugin. -->","yoast_head_json":{"title":"Jarra Policarbonato de 1.8 litros Colectividades, Catering, Colegios, Irompible - Venta Productos de hosteler\u00eda Barcelona","robots":{"index":"index","follow":"follow","max-snippet":"max-snippet:-1","max-image-preview":"max-image-preview:large","max-video-preview":"max-video-preview:-1"},"canonical":"https:\/\/suministressantfeliu.com\/comprar\/jarra-policarbonato-de-1-8-litros-colectividades-catering-colegios-irompible\/","og_locale":"es_ES","og_type":"article","og_title":"Jarra Policarbonato de 1.8 litros Colectividades, Catering, Colegios, Irompible - Venta Productos de hosteler\u00eda Barcelona","og_description":"Jarra Policarbonato de 1.8 litros Colectividades, Catering, Colegios, Irompible","og_url":"https:\/\/suministressantfeliu.com\/comprar\/jarra-policarbonato-de-1-8-litros-colectividades-catering-colegios-irompible\/","og_site_name":"Venta Productos de hosteler\u00eda Barcelona","article_modified_time":"2024-09-10T08:41:36+00:00","og_image":[{"width":458,"height":458,"url":"https:\/\/suministressantfeliu.com\/comprar\/wp-content\/uploads\/2023\/05\/JARRA_POLICARBONATO-1.8-ARA674.jpg","type":"image\/jpeg"}],"twitter_card":"summary_large_image","twitter_misc":{"Tiempo de lectura":"1 minuto"},"schema":{"@context":"https:\/\/schema.org","@graph":[{"@type":"WebPage","@id":"https:\/\/suministressantfeliu.com\/comprar\/jarra-policarbonato-de-1-8-litros-colectividades-catering-colegios-irompible\/","url":"https:\/\/suministressantfeliu.com\/comprar\/jarra-policarbonato-de-1-8-litros-colectividades-catering-colegios-irompible\/","name":"Jarra Policarbonato de 1.8 litros Colectividades, Catering, Colegios, Irompible - Venta Productos de hosteler\u00eda Barcelona","isPartOf":{"@id":"https:\/\/suministressantfeliu.com\/comprar\/#website"},"primaryImageOfPage":{"@id":"https:\/\/suministressantfeliu.com\/comprar\/jarra-policarbonato-de-1-8-litros-colectividades-catering-colegios-irompible\/#primaryimage"},"image":{"@id":"https:\/\/suministressantfeliu.com\/comprar\/jarra-policarbonato-de-1-8-litros-colectividades-catering-colegios-irompible\/#primaryimage"},"thumbnailUrl":"https:\/\/suministressantfeliu.com\/comprar\/wp-content\/uploads\/2023\/05\/JARRA_POLICARBONATO-1.8-ARA674.jpg","datePublished":"2023-05-04T21:48:51+00:00","dateModified":"2024-09-10T08:41:36+00:00","breadcrumb":{"@id":"https:\/\/suministressantfeliu.com\/comprar\/jarra-policarbonato-de-1-8-litros-colectividades-catering-colegios-irompible\/#breadcrumb"},"inLanguage":"es","potentialAction":[{"@type":"ReadAction","target":["https:\/\/suministressantfeliu.com\/comprar\/jarra-policarbonato-de-1-8-litros-colectividades-catering-colegios-irompible\/"]}]},{"@type":"ImageObject","inLanguage":"es","@id":"https:\/\/suministressantfeliu.com\/comprar\/jarra-policarbonato-de-1-8-litros-colectividades-catering-colegios-irompible\/#primaryimage","url":"https:\/\/suministressantfeliu.com\/comprar\/wp-content\/uploads\/2023\/05\/JARRA_POLICARBONATO-1.8-ARA674.jpg","contentUrl":"https:\/\/suministressantfeliu.com\/comprar\/wp-content\/uploads\/2023\/05\/JARRA_POLICARBONATO-1.8-ARA674.jpg","width":458,"height":458},{"@type":"BreadcrumbList","@id":"https:\/\/suministressantfeliu.com\/comprar\/jarra-policarbonato-de-1-8-litros-colectividades-catering-colegios-irompible\/#breadcrumb","itemListElement":[{"@type":"ListItem","position":1,"name":"Portada","item":"https:\/\/suministressantfeliu.com\/comprar\/"},{"@type":"ListItem","position":2,"name":"Tienda","item":"https:\/\/suministressantfeliu.com\/comprar\/tienda\/"},{"@type":"ListItem","position":3,"name":"Jarra Policarbonato de 1.8 litros Colectividades, Catering, Colegios, Irompible"}]},{"@type":"WebSite","@id":"https:\/\/suministressantfeliu.com\/comprar\/#website","url":"https:\/\/suministressantfeliu.com\/comprar\/","name":"Productos hosteler\u00eda","description":"Venta de suministros profesionales para hosteler\u00eda","publisher":{"@id":"https:\/\/suministressantfeliu.com\/comprar\/#organization"},"potentialAction":[{"@type":"SearchAction","target":{"@type":"EntryPoint","urlTemplate":"https:\/\/suministressantfeliu.com\/comprar\/?s={search_term_string}"},"query-input":{"@type":"PropertyValueSpecification","valueRequired":true,"valueName":"search_term_string"}}],"inLanguage":"es"},{"@type":"Organization","@id":"https:\/\/suministressantfeliu.com\/comprar\/#organization","name":"Suministres Sant Feliu hosteleria","url":"https:\/\/suministressantfeliu.com\/comprar\/","logo":{"@type":"ImageObject","inLanguage":"es","@id":"https:\/\/suministressantfeliu.com\/comprar\/#\/schema\/logo\/image\/","url":"https:\/\/suministressantfeliu.com\/comprar\/wp-content\/uploads\/2021\/03\/cropped-suministres-sant-feliu-logo.png","contentUrl":"https:\/\/suministressantfeliu.com\/comprar\/wp-content\/uploads\/2021\/03\/cropped-suministres-sant-feliu-logo.png","width":668,"height":668,"caption":"Suministres Sant Feliu hosteleria"},"image":{"@id":"https:\/\/suministressantfeliu.com\/comprar\/#\/schema\/logo\/image\/"}}]}},"_links":{"self":[{"href":"https:\/\/suministressantfeliu.com\/comprar\/wp-json\/wp\/v2\/product\/8822","targetHints":{"allow":["GET"]}}],"collection":[{"href":"https:\/\/suministressantfeliu.com\/comprar\/wp-json\/wp\/v2\/product"}],"about":[{"href":"https:\/\/suministressantfeliu.com\/comprar\/wp-json\/wp\/v2\/types\/product"}],"wp:featuredmedia":[{"embeddable":true,"href":"https:\/\/suministressantfeliu.com\/comprar\/wp-json\/wp\/v2\/media\/10108"}],"wp:attachment":[{"href":"https:\/\/suministressantfeliu.com\/comprar\/wp-json\/wp\/v2\/media?parent=8822"}],"wp:term":[{"taxonomy":"product_brand","embeddable":true,"href":"https:\/\/suministressantfeliu.com\/comprar\/wp-json\/wp\/v2\/product_brand?post=8822"},{"taxonomy":"product_cat","embeddable":true,"href":"https:\/\/suministressantfeliu.com\/comprar\/wp-json\/wp\/v2\/product_cat?post=8822"},{"taxonomy":"product_tag","embeddable":true,"href":"https:\/\/suministressantfeliu.com\/comprar\/wp-json\/wp\/v2\/product_tag?post=8822"}],"curies":[{"name":"wp","href":"https:\/\/api.w.org\/{rel}","templated":true}]}}