{"id":8820,"date":"2023-05-04T21:48:50","date_gmt":"2023-05-04T21:48:50","guid":{"rendered":"https:\/\/suministressantfeliu.com\/comprar\/bobina-peel-higienico-industrial-smart-mini-salida-central-tork\/"},"modified":"2024-09-17T10:37:18","modified_gmt":"2024-09-17T10:37:18","slug":"bobina-papel-higienico-extraccion-central-hoja-a-hoja-pack-de-12-rollos","status":"publish","type":"product","link":"https:\/\/suministressantfeliu.com\/comprar\/bobina-papel-higienico-extraccion-central-hoja-a-hoja-pack-de-12-rollos\/","title":{"rendered":"Bobina Papel Higienico Extraccion Central Hoja a Hoja Pack de 12 Rollos"},"content":{"rendered":"<p>Rollo de papel higi\u00e9nico con 2 capas de pasta pura laminada de celulosa con sistema de precorte servicio-a-servicio.<br \/>\nAcabado laminado que aporta una mayor absorci\u00f3n, resistencia y suavidad.<\/p>\n<p>El sistema de precorte SERVICIO a SERVICIO permite un importante ahorro en el consumo del papel, es entonces m\u00e1s econ\u00f3mico y m\u00e1s ecol\u00f3gico.<br \/>\nIdeal para hosteler\u00eda, industria y colectividades, en especial en locales con alta rotaci\u00f3n.<\/p>\n<p>Nuestra l\u00ednea art\u00edculos laminados conforman la gama alta de nuestros productos de celulosa. La tecnolog\u00eda de uni\u00f3n de capas por medio de gofrado con puntas encaradas y laminaci\u00f3n con cola da como resultado un producto de gran resistencia en seco y disoluci\u00f3n en mojado, extraordinaria absorci\u00f3n y suavidad. El gramaje de esta l\u00ednea est\u00e1 estudiado para que sea la mejor para el sector de la higiene profesional.<\/p>\n","protected":false},"excerpt":{"rendered":"<p>Rollo de papel higi\u00e9nico con 2 capas de pasta pura laminada de celulosa con sistema de precorte servicio-a-servicio.<br \/>\nAcabado laminado que aporta una mayor absorci\u00f3n, resistencia y suavidad.<\/p>\n<p>Presetacion pack de 12 rollos en dos medidas y pesos<\/p>\n<ul>\n<li>500 grs de 120 metros<\/li>\n<li>750 grs de 180 metros<\/li>\n<\/ul>\n","protected":false},"featured_media":10116,"template":"","meta":[],"product_brand":[],"product_cat":[1124,1131],"product_tag":[],"class_list":{"0":"post-8820","1":"product","2":"type-product","3":"status-publish","4":"has-post-thumbnail","6":"product_cat-celulosas-papel","7":"product_cat-productos-tork","9":"first","10":"instock","11":"sale","12":"taxable","13":"shipping-taxable","14":"purchasable","15":"product-type-variable"},"yoast_head":"<!-- This site is optimized with the Yoast SEO plugin v27.5 - https:\/\/yoast.com\/product\/yoast-seo-wordpress\/ -->\n<title>Bobina Papel Higienico Extraccion Central Hoja a Hoja Pack de 12 Rollos - Venta Productos de hosteler\u00eda Barcelona<\/title>\n<meta name=\"robots\" content=\"index, follow, max-snippet:-1, max-image-preview:large, max-video-preview:-1\" \/>\n<link rel=\"canonical\" href=\"https:\/\/suministressantfeliu.com\/comprar\/bobina-papel-higienico-extraccion-central-hoja-a-hoja-pack-de-12-rollos\/\" \/>\n<meta property=\"og:locale\" content=\"es_ES\" \/>\n<meta property=\"og:type\" content=\"article\" \/>\n<meta property=\"og:title\" content=\"Bobina Papel Higienico Extraccion Central Hoja a Hoja Pack de 12 Rollos - Venta Productos de hosteler\u00eda Barcelona\" \/>\n<meta property=\"og:description\" content=\"Rollo de papel higi\u00e9nico con 2 capas de pasta pura laminada de celulosa con sistema de precorte servicio-a-servicio. Acabado laminado que aporta una mayor absorci\u00f3n, resistencia y suavidad.  Presetacion pack de 12 rollos en dos medidas y pesos   500 grs de 120 metros  750 grs de 180 metros\" \/>\n<meta property=\"og:url\" content=\"https:\/\/suministressantfeliu.com\/comprar\/bobina-papel-higienico-extraccion-central-hoja-a-hoja-pack-de-12-rollos\/\" \/>\n<meta property=\"og:site_name\" content=\"Venta Productos de hosteler\u00eda Barcelona\" \/>\n<meta property=\"article:modified_time\" content=\"2024-09-17T10:37:18+00:00\" \/>\n<meta property=\"og:image\" content=\"https:\/\/suministressantfeliu.com\/comprar\/wp-content\/uploads\/2023\/05\/higienico-extraccion-central.jpeg\" \/>\n\t<meta property=\"og:image:width\" content=\"236\" \/>\n\t<meta property=\"og:image:height\" content=\"214\" \/>\n\t<meta property=\"og:image:type\" content=\"image\/jpeg\" \/>\n<meta name=\"twitter:card\" content=\"summary_large_image\" \/>\n<meta name=\"twitter:label1\" content=\"Tiempo de lectura\" \/>\n\t<meta name=\"twitter:data1\" content=\"1 minuto\" \/>\n<script type=\"application\/ld+json\" class=\"yoast-schema-graph\">{\"@context\":\"https:\\\/\\\/schema.org\",\"@graph\":[{\"@type\":\"WebPage\",\"@id\":\"https:\\\/\\\/suministressantfeliu.com\\\/comprar\\\/bobina-papel-higienico-extraccion-central-hoja-a-hoja-pack-de-12-rollos\\\/\",\"url\":\"https:\\\/\\\/suministressantfeliu.com\\\/comprar\\\/bobina-papel-higienico-extraccion-central-hoja-a-hoja-pack-de-12-rollos\\\/\",\"name\":\"Bobina Papel Higienico Extraccion Central Hoja a Hoja Pack de 12 Rollos - Venta Productos de hosteler\u00eda Barcelona\",\"isPartOf\":{\"@id\":\"https:\\\/\\\/suministressantfeliu.com\\\/comprar\\\/#website\"},\"primaryImageOfPage\":{\"@id\":\"https:\\\/\\\/suministressantfeliu.com\\\/comprar\\\/bobina-papel-higienico-extraccion-central-hoja-a-hoja-pack-de-12-rollos\\\/#primaryimage\"},\"image\":{\"@id\":\"https:\\\/\\\/suministressantfeliu.com\\\/comprar\\\/bobina-papel-higienico-extraccion-central-hoja-a-hoja-pack-de-12-rollos\\\/#primaryimage\"},\"thumbnailUrl\":\"https:\\\/\\\/suministressantfeliu.com\\\/comprar\\\/wp-content\\\/uploads\\\/2023\\\/05\\\/higienico-extraccion-central.jpeg\",\"datePublished\":\"2023-05-04T21:48:50+00:00\",\"dateModified\":\"2024-09-17T10:37:18+00:00\",\"breadcrumb\":{\"@id\":\"https:\\\/\\\/suministressantfeliu.com\\\/comprar\\\/bobina-papel-higienico-extraccion-central-hoja-a-hoja-pack-de-12-rollos\\\/#breadcrumb\"},\"inLanguage\":\"es\",\"potentialAction\":[{\"@type\":\"ReadAction\",\"target\":[\"https:\\\/\\\/suministressantfeliu.com\\\/comprar\\\/bobina-papel-higienico-extraccion-central-hoja-a-hoja-pack-de-12-rollos\\\/\"]}]},{\"@type\":\"ImageObject\",\"inLanguage\":\"es\",\"@id\":\"https:\\\/\\\/suministressantfeliu.com\\\/comprar\\\/bobina-papel-higienico-extraccion-central-hoja-a-hoja-pack-de-12-rollos\\\/#primaryimage\",\"url\":\"https:\\\/\\\/suministressantfeliu.com\\\/comprar\\\/wp-content\\\/uploads\\\/2023\\\/05\\\/higienico-extraccion-central.jpeg\",\"contentUrl\":\"https:\\\/\\\/suministressantfeliu.com\\\/comprar\\\/wp-content\\\/uploads\\\/2023\\\/05\\\/higienico-extraccion-central.jpeg\",\"width\":236,\"height\":214,\"caption\":\"Rollo de papel higi\u00e9nico con 2 capas de pasta pura laminada de celulosa con sistema de precorte servicio-a-servicio. Acabado laminado que aporta una mayor absorci\u00f3n, resistencia y suavidad.\"},{\"@type\":\"BreadcrumbList\",\"@id\":\"https:\\\/\\\/suministressantfeliu.com\\\/comprar\\\/bobina-papel-higienico-extraccion-central-hoja-a-hoja-pack-de-12-rollos\\\/#breadcrumb\",\"itemListElement\":[{\"@type\":\"ListItem\",\"position\":1,\"name\":\"Portada\",\"item\":\"https:\\\/\\\/suministressantfeliu.com\\\/comprar\\\/\"},{\"@type\":\"ListItem\",\"position\":2,\"name\":\"Tienda\",\"item\":\"https:\\\/\\\/suministressantfeliu.com\\\/comprar\\\/tienda\\\/\"},{\"@type\":\"ListItem\",\"position\":3,\"name\":\"Bobina Papel Higienico Extraccion Central Hoja a Hoja Pack de 12 Rollos\"}]},{\"@type\":\"WebSite\",\"@id\":\"https:\\\/\\\/suministressantfeliu.com\\\/comprar\\\/#website\",\"url\":\"https:\\\/\\\/suministressantfeliu.com\\\/comprar\\\/\",\"name\":\"Productos hosteler\u00eda\",\"description\":\"Venta de suministros profesionales para hosteler\u00eda\",\"publisher\":{\"@id\":\"https:\\\/\\\/suministressantfeliu.com\\\/comprar\\\/#organization\"},\"potentialAction\":[{\"@type\":\"SearchAction\",\"target\":{\"@type\":\"EntryPoint\",\"urlTemplate\":\"https:\\\/\\\/suministressantfeliu.com\\\/comprar\\\/?s={search_term_string}\"},\"query-input\":{\"@type\":\"PropertyValueSpecification\",\"valueRequired\":true,\"valueName\":\"search_term_string\"}}],\"inLanguage\":\"es\"},{\"@type\":\"Organization\",\"@id\":\"https:\\\/\\\/suministressantfeliu.com\\\/comprar\\\/#organization\",\"name\":\"Suministres Sant Feliu hosteleria\",\"url\":\"https:\\\/\\\/suministressantfeliu.com\\\/comprar\\\/\",\"logo\":{\"@type\":\"ImageObject\",\"inLanguage\":\"es\",\"@id\":\"https:\\\/\\\/suministressantfeliu.com\\\/comprar\\\/#\\\/schema\\\/logo\\\/image\\\/\",\"url\":\"https:\\\/\\\/suministressantfeliu.com\\\/comprar\\\/wp-content\\\/uploads\\\/2021\\\/03\\\/cropped-suministres-sant-feliu-logo.png\",\"contentUrl\":\"https:\\\/\\\/suministressantfeliu.com\\\/comprar\\\/wp-content\\\/uploads\\\/2021\\\/03\\\/cropped-suministres-sant-feliu-logo.png\",\"width\":668,\"height\":668,\"caption\":\"Suministres Sant Feliu hosteleria\"},\"image\":{\"@id\":\"https:\\\/\\\/suministressantfeliu.com\\\/comprar\\\/#\\\/schema\\\/logo\\\/image\\\/\"}}]}<\/script>\n<!-- \/ Yoast SEO plugin. -->","yoast_head_json":{"title":"Bobina Papel Higienico Extraccion Central Hoja a Hoja Pack de 12 Rollos - Venta Productos de hosteler\u00eda Barcelona","robots":{"index":"index","follow":"follow","max-snippet":"max-snippet:-1","max-image-preview":"max-image-preview:large","max-video-preview":"max-video-preview:-1"},"canonical":"https:\/\/suministressantfeliu.com\/comprar\/bobina-papel-higienico-extraccion-central-hoja-a-hoja-pack-de-12-rollos\/","og_locale":"es_ES","og_type":"article","og_title":"Bobina Papel Higienico Extraccion Central Hoja a Hoja Pack de 12 Rollos - Venta Productos de hosteler\u00eda Barcelona","og_description":"Rollo de papel higi\u00e9nico con 2 capas de pasta pura laminada de celulosa con sistema de precorte servicio-a-servicio. Acabado laminado que aporta una mayor absorci\u00f3n, resistencia y suavidad.  Presetacion pack de 12 rollos en dos medidas y pesos   500 grs de 120 metros  750 grs de 180 metros","og_url":"https:\/\/suministressantfeliu.com\/comprar\/bobina-papel-higienico-extraccion-central-hoja-a-hoja-pack-de-12-rollos\/","og_site_name":"Venta Productos de hosteler\u00eda Barcelona","article_modified_time":"2024-09-17T10:37:18+00:00","og_image":[{"width":236,"height":214,"url":"https:\/\/suministressantfeliu.com\/comprar\/wp-content\/uploads\/2023\/05\/higienico-extraccion-central.jpeg","type":"image\/jpeg"}],"twitter_card":"summary_large_image","twitter_misc":{"Tiempo de lectura":"1 minuto"},"schema":{"@context":"https:\/\/schema.org","@graph":[{"@type":"WebPage","@id":"https:\/\/suministressantfeliu.com\/comprar\/bobina-papel-higienico-extraccion-central-hoja-a-hoja-pack-de-12-rollos\/","url":"https:\/\/suministressantfeliu.com\/comprar\/bobina-papel-higienico-extraccion-central-hoja-a-hoja-pack-de-12-rollos\/","name":"Bobina Papel Higienico Extraccion Central Hoja a Hoja Pack de 12 Rollos - Venta Productos de hosteler\u00eda Barcelona","isPartOf":{"@id":"https:\/\/suministressantfeliu.com\/comprar\/#website"},"primaryImageOfPage":{"@id":"https:\/\/suministressantfeliu.com\/comprar\/bobina-papel-higienico-extraccion-central-hoja-a-hoja-pack-de-12-rollos\/#primaryimage"},"image":{"@id":"https:\/\/suministressantfeliu.com\/comprar\/bobina-papel-higienico-extraccion-central-hoja-a-hoja-pack-de-12-rollos\/#primaryimage"},"thumbnailUrl":"https:\/\/suministressantfeliu.com\/comprar\/wp-content\/uploads\/2023\/05\/higienico-extraccion-central.jpeg","datePublished":"2023-05-04T21:48:50+00:00","dateModified":"2024-09-17T10:37:18+00:00","breadcrumb":{"@id":"https:\/\/suministressantfeliu.com\/comprar\/bobina-papel-higienico-extraccion-central-hoja-a-hoja-pack-de-12-rollos\/#breadcrumb"},"inLanguage":"es","potentialAction":[{"@type":"ReadAction","target":["https:\/\/suministressantfeliu.com\/comprar\/bobina-papel-higienico-extraccion-central-hoja-a-hoja-pack-de-12-rollos\/"]}]},{"@type":"ImageObject","inLanguage":"es","@id":"https:\/\/suministressantfeliu.com\/comprar\/bobina-papel-higienico-extraccion-central-hoja-a-hoja-pack-de-12-rollos\/#primaryimage","url":"https:\/\/suministressantfeliu.com\/comprar\/wp-content\/uploads\/2023\/05\/higienico-extraccion-central.jpeg","contentUrl":"https:\/\/suministressantfeliu.com\/comprar\/wp-content\/uploads\/2023\/05\/higienico-extraccion-central.jpeg","width":236,"height":214,"caption":"Rollo de papel higi\u00e9nico con 2 capas de pasta pura laminada de celulosa con sistema de precorte servicio-a-servicio. Acabado laminado que aporta una mayor absorci\u00f3n, resistencia y suavidad."},{"@type":"BreadcrumbList","@id":"https:\/\/suministressantfeliu.com\/comprar\/bobina-papel-higienico-extraccion-central-hoja-a-hoja-pack-de-12-rollos\/#breadcrumb","itemListElement":[{"@type":"ListItem","position":1,"name":"Portada","item":"https:\/\/suministressantfeliu.com\/comprar\/"},{"@type":"ListItem","position":2,"name":"Tienda","item":"https:\/\/suministressantfeliu.com\/comprar\/tienda\/"},{"@type":"ListItem","position":3,"name":"Bobina Papel Higienico Extraccion Central Hoja a Hoja Pack de 12 Rollos"}]},{"@type":"WebSite","@id":"https:\/\/suministressantfeliu.com\/comprar\/#website","url":"https:\/\/suministressantfeliu.com\/comprar\/","name":"Productos hosteler\u00eda","description":"Venta de suministros profesionales para hosteler\u00eda","publisher":{"@id":"https:\/\/suministressantfeliu.com\/comprar\/#organization"},"potentialAction":[{"@type":"SearchAction","target":{"@type":"EntryPoint","urlTemplate":"https:\/\/suministressantfeliu.com\/comprar\/?s={search_term_string}"},"query-input":{"@type":"PropertyValueSpecification","valueRequired":true,"valueName":"search_term_string"}}],"inLanguage":"es"},{"@type":"Organization","@id":"https:\/\/suministressantfeliu.com\/comprar\/#organization","name":"Suministres Sant Feliu hosteleria","url":"https:\/\/suministressantfeliu.com\/comprar\/","logo":{"@type":"ImageObject","inLanguage":"es","@id":"https:\/\/suministressantfeliu.com\/comprar\/#\/schema\/logo\/image\/","url":"https:\/\/suministressantfeliu.com\/comprar\/wp-content\/uploads\/2021\/03\/cropped-suministres-sant-feliu-logo.png","contentUrl":"https:\/\/suministressantfeliu.com\/comprar\/wp-content\/uploads\/2021\/03\/cropped-suministres-sant-feliu-logo.png","width":668,"height":668,"caption":"Suministres Sant Feliu hosteleria"},"image":{"@id":"https:\/\/suministressantfeliu.com\/comprar\/#\/schema\/logo\/image\/"}}]}},"_links":{"self":[{"href":"https:\/\/suministressantfeliu.com\/comprar\/wp-json\/wp\/v2\/product\/8820","targetHints":{"allow":["GET"]}}],"collection":[{"href":"https:\/\/suministressantfeliu.com\/comprar\/wp-json\/wp\/v2\/product"}],"about":[{"href":"https:\/\/suministressantfeliu.com\/comprar\/wp-json\/wp\/v2\/types\/product"}],"wp:featuredmedia":[{"embeddable":true,"href":"https:\/\/suministressantfeliu.com\/comprar\/wp-json\/wp\/v2\/media\/10116"}],"wp:attachment":[{"href":"https:\/\/suministressantfeliu.com\/comprar\/wp-json\/wp\/v2\/media?parent=8820"}],"wp:term":[{"taxonomy":"product_brand","embeddable":true,"href":"https:\/\/suministressantfeliu.com\/comprar\/wp-json\/wp\/v2\/product_brand?post=8820"},{"taxonomy":"product_cat","embeddable":true,"href":"https:\/\/suministressantfeliu.com\/comprar\/wp-json\/wp\/v2\/product_cat?post=8820"},{"taxonomy":"product_tag","embeddable":true,"href":"https:\/\/suministressantfeliu.com\/comprar\/wp-json\/wp\/v2\/product_tag?post=8820"}],"curies":[{"name":"wp","href":"https:\/\/api.w.org\/{rel}","templated":true}]}}