{"id":8815,"date":"2023-05-04T21:48:48","date_gmt":"2023-05-04T21:48:48","guid":{"rendered":"https:\/\/suministressantfeliu.com\/comprar\/gel-desincrustante-banos-antical-desinfectante-garrafa-5-litros\/"},"modified":"2023-05-07T06:36:24","modified_gmt":"2023-05-07T06:36:24","slug":"gel-desincrustante-banos-antical-desinfectante-garrafa-5-litros","status":"publish","type":"product","link":"https:\/\/suministressantfeliu.com\/comprar\/gel-desincrustante-banos-antical-desinfectante-garrafa-5-litros\/","title":{"rendered":"Gel Desincrustante Ba\u00f1os Antical Desinfectante garrafa 5 litros"},"content":{"rendered":"<p>Producto concentrado de car\u00e1cter \u00e1cido, desincrustante de cal, restos salinos, incrustaciones org\u00e1nicas e inorg\u00e1nicas en inodoros, lavabos, aseos y grifer\u00edas. Se aplica puro sobre superficies cer\u00e1micas y diluido sobre grifer\u00edas. Recupera el brillo original dejando un perfume fresco y agradable.<\/p>\n","protected":false},"excerpt":{"rendered":"<p>Limpiador antical de uso diario. No aplicar sobre m\u00e1rmol ni granito. Gel desincrustante especial para ba\u00f1os. Desodorizante e higienizante.. Modo de empleo: Aplicar puro sobre superficies cer\u00e1micas o diluido sobre grifer\u00edas. Dejar actuar, frotar y aclarar.<\/p>\n","protected":false},"featured_media":3811,"template":"","meta":[],"product_brand":[],"product_cat":[1116,1127],"product_tag":[],"class_list":{"0":"post-8815","1":"product","2":"type-product","3":"status-publish","4":"has-post-thumbnail","6":"product_cat-quimicos-hosteleria","7":"product_cat-quimicos-desinfectantes-industriales","9":"first","10":"instock","11":"sale","12":"taxable","13":"shipping-taxable","14":"purchasable","15":"product-type-simple"},"yoast_head":"<!-- This site is optimized with the Yoast SEO plugin v27.5 - https:\/\/yoast.com\/product\/yoast-seo-wordpress\/ -->\n<title>Gel Desincrustante Ba\u00f1os Antical Desinfectante garrafa 5 litros - Venta Productos de hosteler\u00eda Barcelona<\/title>\n<meta name=\"robots\" content=\"index, follow, max-snippet:-1, max-image-preview:large, max-video-preview:-1\" \/>\n<link rel=\"canonical\" href=\"https:\/\/suministressantfeliu.com\/comprar\/gel-desincrustante-banos-antical-desinfectante-garrafa-5-litros\/\" \/>\n<meta property=\"og:locale\" content=\"es_ES\" \/>\n<meta property=\"og:type\" content=\"article\" \/>\n<meta property=\"og:title\" content=\"Gel Desincrustante Ba\u00f1os Antical Desinfectante garrafa 5 litros - Venta Productos de hosteler\u00eda Barcelona\" \/>\n<meta property=\"og:description\" content=\"Limpiador antical de uso diario. No aplicar sobre m\u00e1rmol ni granito. Gel desincrustante especial para ba\u00f1os. Desodorizante e higienizante.. Modo de empleo: Aplicar puro sobre superficies cer\u00e1micas o diluido sobre grifer\u00edas. Dejar actuar, frotar y aclarar.\" \/>\n<meta property=\"og:url\" content=\"https:\/\/suministressantfeliu.com\/comprar\/gel-desincrustante-banos-antical-desinfectante-garrafa-5-litros\/\" \/>\n<meta property=\"og:site_name\" content=\"Venta Productos de hosteler\u00eda Barcelona\" \/>\n<meta property=\"article:modified_time\" content=\"2023-05-07T06:36:24+00:00\" \/>\n<meta property=\"og:image\" content=\"https:\/\/suministressantfeliu.com\/comprar\/wp-content\/uploads\/2023\/04\/gel-desincrustante-banos-antical-desinfectante-800x800-1.jpg\" \/>\n\t<meta property=\"og:image:width\" content=\"800\" \/>\n\t<meta property=\"og:image:height\" content=\"800\" \/>\n\t<meta property=\"og:image:type\" content=\"image\/jpeg\" \/>\n<meta name=\"twitter:card\" content=\"summary_large_image\" \/>\n<script type=\"application\/ld+json\" class=\"yoast-schema-graph\">{\"@context\":\"https:\\\/\\\/schema.org\",\"@graph\":[{\"@type\":\"WebPage\",\"@id\":\"https:\\\/\\\/suministressantfeliu.com\\\/comprar\\\/gel-desincrustante-banos-antical-desinfectante-garrafa-5-litros\\\/\",\"url\":\"https:\\\/\\\/suministressantfeliu.com\\\/comprar\\\/gel-desincrustante-banos-antical-desinfectante-garrafa-5-litros\\\/\",\"name\":\"Gel Desincrustante Ba\u00f1os Antical Desinfectante garrafa 5 litros - Venta Productos de hosteler\u00eda Barcelona\",\"isPartOf\":{\"@id\":\"https:\\\/\\\/suministressantfeliu.com\\\/comprar\\\/#website\"},\"primaryImageOfPage\":{\"@id\":\"https:\\\/\\\/suministressantfeliu.com\\\/comprar\\\/gel-desincrustante-banos-antical-desinfectante-garrafa-5-litros\\\/#primaryimage\"},\"image\":{\"@id\":\"https:\\\/\\\/suministressantfeliu.com\\\/comprar\\\/gel-desincrustante-banos-antical-desinfectante-garrafa-5-litros\\\/#primaryimage\"},\"thumbnailUrl\":\"https:\\\/\\\/suministressantfeliu.com\\\/comprar\\\/wp-content\\\/uploads\\\/2023\\\/04\\\/gel-desincrustante-banos-antical-desinfectante-800x800-1.jpg\",\"datePublished\":\"2023-05-04T21:48:48+00:00\",\"dateModified\":\"2023-05-07T06:36:24+00:00\",\"breadcrumb\":{\"@id\":\"https:\\\/\\\/suministressantfeliu.com\\\/comprar\\\/gel-desincrustante-banos-antical-desinfectante-garrafa-5-litros\\\/#breadcrumb\"},\"inLanguage\":\"es\",\"potentialAction\":[{\"@type\":\"ReadAction\",\"target\":[\"https:\\\/\\\/suministressantfeliu.com\\\/comprar\\\/gel-desincrustante-banos-antical-desinfectante-garrafa-5-litros\\\/\"]}]},{\"@type\":\"ImageObject\",\"inLanguage\":\"es\",\"@id\":\"https:\\\/\\\/suministressantfeliu.com\\\/comprar\\\/gel-desincrustante-banos-antical-desinfectante-garrafa-5-litros\\\/#primaryimage\",\"url\":\"https:\\\/\\\/suministressantfeliu.com\\\/comprar\\\/wp-content\\\/uploads\\\/2023\\\/04\\\/gel-desincrustante-banos-antical-desinfectante-800x800-1.jpg\",\"contentUrl\":\"https:\\\/\\\/suministressantfeliu.com\\\/comprar\\\/wp-content\\\/uploads\\\/2023\\\/04\\\/gel-desincrustante-banos-antical-desinfectante-800x800-1.jpg\",\"width\":800,\"height\":800},{\"@type\":\"BreadcrumbList\",\"@id\":\"https:\\\/\\\/suministressantfeliu.com\\\/comprar\\\/gel-desincrustante-banos-antical-desinfectante-garrafa-5-litros\\\/#breadcrumb\",\"itemListElement\":[{\"@type\":\"ListItem\",\"position\":1,\"name\":\"Portada\",\"item\":\"https:\\\/\\\/suministressantfeliu.com\\\/comprar\\\/\"},{\"@type\":\"ListItem\",\"position\":2,\"name\":\"Tienda\",\"item\":\"https:\\\/\\\/suministressantfeliu.com\\\/comprar\\\/tienda\\\/\"},{\"@type\":\"ListItem\",\"position\":3,\"name\":\"Gel Desincrustante Ba\u00f1os Antical Desinfectante garrafa 5 litros\"}]},{\"@type\":\"WebSite\",\"@id\":\"https:\\\/\\\/suministressantfeliu.com\\\/comprar\\\/#website\",\"url\":\"https:\\\/\\\/suministressantfeliu.com\\\/comprar\\\/\",\"name\":\"Productos hosteler\u00eda\",\"description\":\"Venta de suministros profesionales para hosteler\u00eda\",\"publisher\":{\"@id\":\"https:\\\/\\\/suministressantfeliu.com\\\/comprar\\\/#organization\"},\"potentialAction\":[{\"@type\":\"SearchAction\",\"target\":{\"@type\":\"EntryPoint\",\"urlTemplate\":\"https:\\\/\\\/suministressantfeliu.com\\\/comprar\\\/?s={search_term_string}\"},\"query-input\":{\"@type\":\"PropertyValueSpecification\",\"valueRequired\":true,\"valueName\":\"search_term_string\"}}],\"inLanguage\":\"es\"},{\"@type\":\"Organization\",\"@id\":\"https:\\\/\\\/suministressantfeliu.com\\\/comprar\\\/#organization\",\"name\":\"Suministres Sant Feliu hosteleria\",\"url\":\"https:\\\/\\\/suministressantfeliu.com\\\/comprar\\\/\",\"logo\":{\"@type\":\"ImageObject\",\"inLanguage\":\"es\",\"@id\":\"https:\\\/\\\/suministressantfeliu.com\\\/comprar\\\/#\\\/schema\\\/logo\\\/image\\\/\",\"url\":\"https:\\\/\\\/suministressantfeliu.com\\\/comprar\\\/wp-content\\\/uploads\\\/2021\\\/03\\\/cropped-suministres-sant-feliu-logo.png\",\"contentUrl\":\"https:\\\/\\\/suministressantfeliu.com\\\/comprar\\\/wp-content\\\/uploads\\\/2021\\\/03\\\/cropped-suministres-sant-feliu-logo.png\",\"width\":668,\"height\":668,\"caption\":\"Suministres Sant Feliu hosteleria\"},\"image\":{\"@id\":\"https:\\\/\\\/suministressantfeliu.com\\\/comprar\\\/#\\\/schema\\\/logo\\\/image\\\/\"}}]}<\/script>\n<!-- \/ Yoast SEO plugin. -->","yoast_head_json":{"title":"Gel Desincrustante Ba\u00f1os Antical Desinfectante garrafa 5 litros - Venta Productos de hosteler\u00eda Barcelona","robots":{"index":"index","follow":"follow","max-snippet":"max-snippet:-1","max-image-preview":"max-image-preview:large","max-video-preview":"max-video-preview:-1"},"canonical":"https:\/\/suministressantfeliu.com\/comprar\/gel-desincrustante-banos-antical-desinfectante-garrafa-5-litros\/","og_locale":"es_ES","og_type":"article","og_title":"Gel Desincrustante Ba\u00f1os Antical Desinfectante garrafa 5 litros - Venta Productos de hosteler\u00eda Barcelona","og_description":"Limpiador antical de uso diario. No aplicar sobre m\u00e1rmol ni granito. Gel desincrustante especial para ba\u00f1os. Desodorizante e higienizante.. Modo de empleo: Aplicar puro sobre superficies cer\u00e1micas o diluido sobre grifer\u00edas. Dejar actuar, frotar y aclarar.","og_url":"https:\/\/suministressantfeliu.com\/comprar\/gel-desincrustante-banos-antical-desinfectante-garrafa-5-litros\/","og_site_name":"Venta Productos de hosteler\u00eda Barcelona","article_modified_time":"2023-05-07T06:36:24+00:00","og_image":[{"width":800,"height":800,"url":"https:\/\/suministressantfeliu.com\/comprar\/wp-content\/uploads\/2023\/04\/gel-desincrustante-banos-antical-desinfectante-800x800-1.jpg","type":"image\/jpeg"}],"twitter_card":"summary_large_image","schema":{"@context":"https:\/\/schema.org","@graph":[{"@type":"WebPage","@id":"https:\/\/suministressantfeliu.com\/comprar\/gel-desincrustante-banos-antical-desinfectante-garrafa-5-litros\/","url":"https:\/\/suministressantfeliu.com\/comprar\/gel-desincrustante-banos-antical-desinfectante-garrafa-5-litros\/","name":"Gel Desincrustante Ba\u00f1os Antical Desinfectante garrafa 5 litros - Venta Productos de hosteler\u00eda Barcelona","isPartOf":{"@id":"https:\/\/suministressantfeliu.com\/comprar\/#website"},"primaryImageOfPage":{"@id":"https:\/\/suministressantfeliu.com\/comprar\/gel-desincrustante-banos-antical-desinfectante-garrafa-5-litros\/#primaryimage"},"image":{"@id":"https:\/\/suministressantfeliu.com\/comprar\/gel-desincrustante-banos-antical-desinfectante-garrafa-5-litros\/#primaryimage"},"thumbnailUrl":"https:\/\/suministressantfeliu.com\/comprar\/wp-content\/uploads\/2023\/04\/gel-desincrustante-banos-antical-desinfectante-800x800-1.jpg","datePublished":"2023-05-04T21:48:48+00:00","dateModified":"2023-05-07T06:36:24+00:00","breadcrumb":{"@id":"https:\/\/suministressantfeliu.com\/comprar\/gel-desincrustante-banos-antical-desinfectante-garrafa-5-litros\/#breadcrumb"},"inLanguage":"es","potentialAction":[{"@type":"ReadAction","target":["https:\/\/suministressantfeliu.com\/comprar\/gel-desincrustante-banos-antical-desinfectante-garrafa-5-litros\/"]}]},{"@type":"ImageObject","inLanguage":"es","@id":"https:\/\/suministressantfeliu.com\/comprar\/gel-desincrustante-banos-antical-desinfectante-garrafa-5-litros\/#primaryimage","url":"https:\/\/suministressantfeliu.com\/comprar\/wp-content\/uploads\/2023\/04\/gel-desincrustante-banos-antical-desinfectante-800x800-1.jpg","contentUrl":"https:\/\/suministressantfeliu.com\/comprar\/wp-content\/uploads\/2023\/04\/gel-desincrustante-banos-antical-desinfectante-800x800-1.jpg","width":800,"height":800},{"@type":"BreadcrumbList","@id":"https:\/\/suministressantfeliu.com\/comprar\/gel-desincrustante-banos-antical-desinfectante-garrafa-5-litros\/#breadcrumb","itemListElement":[{"@type":"ListItem","position":1,"name":"Portada","item":"https:\/\/suministressantfeliu.com\/comprar\/"},{"@type":"ListItem","position":2,"name":"Tienda","item":"https:\/\/suministressantfeliu.com\/comprar\/tienda\/"},{"@type":"ListItem","position":3,"name":"Gel Desincrustante Ba\u00f1os Antical Desinfectante garrafa 5 litros"}]},{"@type":"WebSite","@id":"https:\/\/suministressantfeliu.com\/comprar\/#website","url":"https:\/\/suministressantfeliu.com\/comprar\/","name":"Productos hosteler\u00eda","description":"Venta de suministros profesionales para hosteler\u00eda","publisher":{"@id":"https:\/\/suministressantfeliu.com\/comprar\/#organization"},"potentialAction":[{"@type":"SearchAction","target":{"@type":"EntryPoint","urlTemplate":"https:\/\/suministressantfeliu.com\/comprar\/?s={search_term_string}"},"query-input":{"@type":"PropertyValueSpecification","valueRequired":true,"valueName":"search_term_string"}}],"inLanguage":"es"},{"@type":"Organization","@id":"https:\/\/suministressantfeliu.com\/comprar\/#organization","name":"Suministres Sant Feliu hosteleria","url":"https:\/\/suministressantfeliu.com\/comprar\/","logo":{"@type":"ImageObject","inLanguage":"es","@id":"https:\/\/suministressantfeliu.com\/comprar\/#\/schema\/logo\/image\/","url":"https:\/\/suministressantfeliu.com\/comprar\/wp-content\/uploads\/2021\/03\/cropped-suministres-sant-feliu-logo.png","contentUrl":"https:\/\/suministressantfeliu.com\/comprar\/wp-content\/uploads\/2021\/03\/cropped-suministres-sant-feliu-logo.png","width":668,"height":668,"caption":"Suministres Sant Feliu hosteleria"},"image":{"@id":"https:\/\/suministressantfeliu.com\/comprar\/#\/schema\/logo\/image\/"}}]}},"_links":{"self":[{"href":"https:\/\/suministressantfeliu.com\/comprar\/wp-json\/wp\/v2\/product\/8815","targetHints":{"allow":["GET"]}}],"collection":[{"href":"https:\/\/suministressantfeliu.com\/comprar\/wp-json\/wp\/v2\/product"}],"about":[{"href":"https:\/\/suministressantfeliu.com\/comprar\/wp-json\/wp\/v2\/types\/product"}],"wp:featuredmedia":[{"embeddable":true,"href":"https:\/\/suministressantfeliu.com\/comprar\/wp-json\/wp\/v2\/media\/3811"}],"wp:attachment":[{"href":"https:\/\/suministressantfeliu.com\/comprar\/wp-json\/wp\/v2\/media?parent=8815"}],"wp:term":[{"taxonomy":"product_brand","embeddable":true,"href":"https:\/\/suministressantfeliu.com\/comprar\/wp-json\/wp\/v2\/product_brand?post=8815"},{"taxonomy":"product_cat","embeddable":true,"href":"https:\/\/suministressantfeliu.com\/comprar\/wp-json\/wp\/v2\/product_cat?post=8815"},{"taxonomy":"product_tag","embeddable":true,"href":"https:\/\/suministressantfeliu.com\/comprar\/wp-json\/wp\/v2\/product_tag?post=8815"}],"curies":[{"name":"wp","href":"https:\/\/api.w.org\/{rel}","templated":true}]}}