{"id":8797,"date":"2023-05-04T21:48:42","date_gmt":"2023-05-04T21:48:42","guid":{"rendered":"https:\/\/suministressantfeliu.com\/comprar\/desengrasante-general-multiusos-karen-gras-5-litros\/"},"modified":"2023-05-07T06:36:26","modified_gmt":"2023-05-07T06:36:26","slug":"desengrasante-general-multiusos-karen-gras-5-litros","status":"publish","type":"product","link":"https:\/\/suministressantfeliu.com\/comprar\/desengrasante-general-multiusos-karen-gras-5-litros\/","title":{"rendered":"Desengrasante General Multiusos Karen gras 5 litros"},"content":{"rendered":"<p>El desengrasante industrial cocinas Karen gras se caracteriza por ser un desengrasante de uso general muy potente y efectivo en todo tipo de superficies, especialmente en cocinas, maquinaria, paredes y suelos.Este desengrasante act\u00faa tanto en fr\u00edo como en caliente facilitando su aplicaci\u00f3n y permitiendo que la limpieza de las superficies y maquinaria de cocina sea r\u00e1pida y sencilla. Este limpiador de grasa industrial elimina la grasa, el aceite y todo tipo de suciedad incrustada sin dificultad gracias a que es un desengrasante concentrado y de gran rendimiento. Producto indispensable para la eliminaci\u00f3n de grasa de todo lo que tenga que ver con hosteler\u00eda y restauraci\u00f3n.  Perfecto para centros profesionales e industriales!Se aconseja su uso para la eliminaci\u00f3n de grasas requemadas y suciedades especialmente dif\u00edciles de cocinas, fogones, planchas, hornos o freidoras.<\/p>\n","protected":false},"excerpt":{"rendered":"<p>Desengrasante general se puede usar en fr\u00edo y caliente. Es ideal eliminando todo tipo de grasa muy f\u00e1cilmente gracias a su potencia limpiadora.<\/p>\n","protected":false},"featured_media":0,"template":"","meta":[],"product_brand":[],"product_cat":[1116],"product_tag":[],"class_list":{"0":"post-8797","1":"product","2":"type-product","3":"status-publish","5":"product_cat-quimicos-hosteleria","7":"first","8":"instock","9":"sale","10":"taxable","11":"shipping-taxable","12":"purchasable","13":"product-type-simple"},"yoast_head":"<!-- This site is optimized with the Yoast SEO plugin v27.5 - https:\/\/yoast.com\/product\/yoast-seo-wordpress\/ -->\n<title>Desengrasante General Multiusos Karen gras 5 litros - Venta Productos de hosteler\u00eda Barcelona<\/title>\n<meta name=\"robots\" content=\"index, follow, max-snippet:-1, max-image-preview:large, max-video-preview:-1\" \/>\n<link rel=\"canonical\" href=\"https:\/\/suministressantfeliu.com\/comprar\/desengrasante-general-multiusos-karen-gras-5-litros\/\" \/>\n<meta property=\"og:locale\" content=\"es_ES\" \/>\n<meta property=\"og:type\" content=\"article\" \/>\n<meta property=\"og:title\" content=\"Desengrasante General Multiusos Karen gras 5 litros - Venta Productos de hosteler\u00eda Barcelona\" \/>\n<meta property=\"og:description\" content=\"Desengrasante general se puede usar en fr\u00edo y caliente. Es ideal eliminando todo tipo de grasa muy f\u00e1cilmente gracias a su potencia limpiadora.\" \/>\n<meta property=\"og:url\" content=\"https:\/\/suministressantfeliu.com\/comprar\/desengrasante-general-multiusos-karen-gras-5-litros\/\" \/>\n<meta property=\"og:site_name\" content=\"Venta Productos de hosteler\u00eda Barcelona\" \/>\n<meta property=\"article:modified_time\" content=\"2023-05-07T06:36:26+00:00\" \/>\n<meta name=\"twitter:card\" content=\"summary_large_image\" \/>\n<meta name=\"twitter:label1\" content=\"Tiempo de lectura\" \/>\n\t<meta name=\"twitter:data1\" content=\"1 minuto\" \/>\n<script type=\"application\/ld+json\" class=\"yoast-schema-graph\">{\"@context\":\"https:\\\/\\\/schema.org\",\"@graph\":[{\"@type\":\"WebPage\",\"@id\":\"https:\\\/\\\/suministressantfeliu.com\\\/comprar\\\/desengrasante-general-multiusos-karen-gras-5-litros\\\/\",\"url\":\"https:\\\/\\\/suministressantfeliu.com\\\/comprar\\\/desengrasante-general-multiusos-karen-gras-5-litros\\\/\",\"name\":\"Desengrasante General Multiusos Karen gras 5 litros - Venta Productos de hosteler\u00eda Barcelona\",\"isPartOf\":{\"@id\":\"https:\\\/\\\/suministressantfeliu.com\\\/comprar\\\/#website\"},\"datePublished\":\"2023-05-04T21:48:42+00:00\",\"dateModified\":\"2023-05-07T06:36:26+00:00\",\"breadcrumb\":{\"@id\":\"https:\\\/\\\/suministressantfeliu.com\\\/comprar\\\/desengrasante-general-multiusos-karen-gras-5-litros\\\/#breadcrumb\"},\"inLanguage\":\"es\",\"potentialAction\":[{\"@type\":\"ReadAction\",\"target\":[\"https:\\\/\\\/suministressantfeliu.com\\\/comprar\\\/desengrasante-general-multiusos-karen-gras-5-litros\\\/\"]}]},{\"@type\":\"BreadcrumbList\",\"@id\":\"https:\\\/\\\/suministressantfeliu.com\\\/comprar\\\/desengrasante-general-multiusos-karen-gras-5-litros\\\/#breadcrumb\",\"itemListElement\":[{\"@type\":\"ListItem\",\"position\":1,\"name\":\"Portada\",\"item\":\"https:\\\/\\\/suministressantfeliu.com\\\/comprar\\\/\"},{\"@type\":\"ListItem\",\"position\":2,\"name\":\"Tienda\",\"item\":\"https:\\\/\\\/suministressantfeliu.com\\\/comprar\\\/tienda\\\/\"},{\"@type\":\"ListItem\",\"position\":3,\"name\":\"Desengrasante General Multiusos Karen gras 5 litros\"}]},{\"@type\":\"WebSite\",\"@id\":\"https:\\\/\\\/suministressantfeliu.com\\\/comprar\\\/#website\",\"url\":\"https:\\\/\\\/suministressantfeliu.com\\\/comprar\\\/\",\"name\":\"Productos hosteler\u00eda\",\"description\":\"Venta de suministros profesionales para hosteler\u00eda\",\"publisher\":{\"@id\":\"https:\\\/\\\/suministressantfeliu.com\\\/comprar\\\/#organization\"},\"potentialAction\":[{\"@type\":\"SearchAction\",\"target\":{\"@type\":\"EntryPoint\",\"urlTemplate\":\"https:\\\/\\\/suministressantfeliu.com\\\/comprar\\\/?s={search_term_string}\"},\"query-input\":{\"@type\":\"PropertyValueSpecification\",\"valueRequired\":true,\"valueName\":\"search_term_string\"}}],\"inLanguage\":\"es\"},{\"@type\":\"Organization\",\"@id\":\"https:\\\/\\\/suministressantfeliu.com\\\/comprar\\\/#organization\",\"name\":\"Suministres Sant Feliu hosteleria\",\"url\":\"https:\\\/\\\/suministressantfeliu.com\\\/comprar\\\/\",\"logo\":{\"@type\":\"ImageObject\",\"inLanguage\":\"es\",\"@id\":\"https:\\\/\\\/suministressantfeliu.com\\\/comprar\\\/#\\\/schema\\\/logo\\\/image\\\/\",\"url\":\"https:\\\/\\\/suministressantfeliu.com\\\/comprar\\\/wp-content\\\/uploads\\\/2021\\\/03\\\/cropped-suministres-sant-feliu-logo.png\",\"contentUrl\":\"https:\\\/\\\/suministressantfeliu.com\\\/comprar\\\/wp-content\\\/uploads\\\/2021\\\/03\\\/cropped-suministres-sant-feliu-logo.png\",\"width\":668,\"height\":668,\"caption\":\"Suministres Sant Feliu hosteleria\"},\"image\":{\"@id\":\"https:\\\/\\\/suministressantfeliu.com\\\/comprar\\\/#\\\/schema\\\/logo\\\/image\\\/\"}}]}<\/script>\n<!-- \/ Yoast SEO plugin. -->","yoast_head_json":{"title":"Desengrasante General Multiusos Karen gras 5 litros - Venta Productos de hosteler\u00eda Barcelona","robots":{"index":"index","follow":"follow","max-snippet":"max-snippet:-1","max-image-preview":"max-image-preview:large","max-video-preview":"max-video-preview:-1"},"canonical":"https:\/\/suministressantfeliu.com\/comprar\/desengrasante-general-multiusos-karen-gras-5-litros\/","og_locale":"es_ES","og_type":"article","og_title":"Desengrasante General Multiusos Karen gras 5 litros - Venta Productos de hosteler\u00eda Barcelona","og_description":"Desengrasante general se puede usar en fr\u00edo y caliente. Es ideal eliminando todo tipo de grasa muy f\u00e1cilmente gracias a su potencia limpiadora.","og_url":"https:\/\/suministressantfeliu.com\/comprar\/desengrasante-general-multiusos-karen-gras-5-litros\/","og_site_name":"Venta Productos de hosteler\u00eda Barcelona","article_modified_time":"2023-05-07T06:36:26+00:00","twitter_card":"summary_large_image","twitter_misc":{"Tiempo de lectura":"1 minuto"},"schema":{"@context":"https:\/\/schema.org","@graph":[{"@type":"WebPage","@id":"https:\/\/suministressantfeliu.com\/comprar\/desengrasante-general-multiusos-karen-gras-5-litros\/","url":"https:\/\/suministressantfeliu.com\/comprar\/desengrasante-general-multiusos-karen-gras-5-litros\/","name":"Desengrasante General Multiusos Karen gras 5 litros - Venta Productos de hosteler\u00eda Barcelona","isPartOf":{"@id":"https:\/\/suministressantfeliu.com\/comprar\/#website"},"datePublished":"2023-05-04T21:48:42+00:00","dateModified":"2023-05-07T06:36:26+00:00","breadcrumb":{"@id":"https:\/\/suministressantfeliu.com\/comprar\/desengrasante-general-multiusos-karen-gras-5-litros\/#breadcrumb"},"inLanguage":"es","potentialAction":[{"@type":"ReadAction","target":["https:\/\/suministressantfeliu.com\/comprar\/desengrasante-general-multiusos-karen-gras-5-litros\/"]}]},{"@type":"BreadcrumbList","@id":"https:\/\/suministressantfeliu.com\/comprar\/desengrasante-general-multiusos-karen-gras-5-litros\/#breadcrumb","itemListElement":[{"@type":"ListItem","position":1,"name":"Portada","item":"https:\/\/suministressantfeliu.com\/comprar\/"},{"@type":"ListItem","position":2,"name":"Tienda","item":"https:\/\/suministressantfeliu.com\/comprar\/tienda\/"},{"@type":"ListItem","position":3,"name":"Desengrasante General Multiusos Karen gras 5 litros"}]},{"@type":"WebSite","@id":"https:\/\/suministressantfeliu.com\/comprar\/#website","url":"https:\/\/suministressantfeliu.com\/comprar\/","name":"Productos hosteler\u00eda","description":"Venta de suministros profesionales para hosteler\u00eda","publisher":{"@id":"https:\/\/suministressantfeliu.com\/comprar\/#organization"},"potentialAction":[{"@type":"SearchAction","target":{"@type":"EntryPoint","urlTemplate":"https:\/\/suministressantfeliu.com\/comprar\/?s={search_term_string}"},"query-input":{"@type":"PropertyValueSpecification","valueRequired":true,"valueName":"search_term_string"}}],"inLanguage":"es"},{"@type":"Organization","@id":"https:\/\/suministressantfeliu.com\/comprar\/#organization","name":"Suministres Sant Feliu hosteleria","url":"https:\/\/suministressantfeliu.com\/comprar\/","logo":{"@type":"ImageObject","inLanguage":"es","@id":"https:\/\/suministressantfeliu.com\/comprar\/#\/schema\/logo\/image\/","url":"https:\/\/suministressantfeliu.com\/comprar\/wp-content\/uploads\/2021\/03\/cropped-suministres-sant-feliu-logo.png","contentUrl":"https:\/\/suministressantfeliu.com\/comprar\/wp-content\/uploads\/2021\/03\/cropped-suministres-sant-feliu-logo.png","width":668,"height":668,"caption":"Suministres Sant Feliu hosteleria"},"image":{"@id":"https:\/\/suministressantfeliu.com\/comprar\/#\/schema\/logo\/image\/"}}]}},"_links":{"self":[{"href":"https:\/\/suministressantfeliu.com\/comprar\/wp-json\/wp\/v2\/product\/8797","targetHints":{"allow":["GET"]}}],"collection":[{"href":"https:\/\/suministressantfeliu.com\/comprar\/wp-json\/wp\/v2\/product"}],"about":[{"href":"https:\/\/suministressantfeliu.com\/comprar\/wp-json\/wp\/v2\/types\/product"}],"wp:attachment":[{"href":"https:\/\/suministressantfeliu.com\/comprar\/wp-json\/wp\/v2\/media?parent=8797"}],"wp:term":[{"taxonomy":"product_brand","embeddable":true,"href":"https:\/\/suministressantfeliu.com\/comprar\/wp-json\/wp\/v2\/product_brand?post=8797"},{"taxonomy":"product_cat","embeddable":true,"href":"https:\/\/suministressantfeliu.com\/comprar\/wp-json\/wp\/v2\/product_cat?post=8797"},{"taxonomy":"product_tag","embeddable":true,"href":"https:\/\/suministressantfeliu.com\/comprar\/wp-json\/wp\/v2\/product_tag?post=8797"}],"curies":[{"name":"wp","href":"https:\/\/api.w.org\/{rel}","templated":true}]}}