{"id":8777,"date":"2023-05-04T21:48:32","date_gmt":"2023-05-04T21:48:32","guid":{"rendered":"https:\/\/suministressantfeliu.com\/comprar\/cuberteria-serie-hotel-inoxidable-1-5-mm-cajas-de-12\/"},"modified":"2023-05-04T21:56:54","modified_gmt":"2023-05-04T21:56:54","slug":"cuberteria-serie-hotel-inoxidable-1-5-mm-cajas-de-12","status":"publish","type":"product","link":"https:\/\/suministressantfeliu.com\/comprar\/cuberteria-serie-hotel-inoxidable-1-5-mm-cajas-de-12\/","title":{"rendered":"Cuberteria Serie Hotel inoxidable 1.5 mm cajas de 12"},"content":{"rendered":"<p>Cubiertos de mesa de la serie Hotel Eco, de estilo atemporal y con un toquecillo de originalidad. Fabricados en acero inoxidable 18\/10 compuesto por una aleaci\u00f3n de acero con exactamente un 18% de cromo, y un 10% de n\u00edquel, el cual adquiere unas propiedades muy beneficiosas para el tratamiento de alimentos y para su uso en cocina. Son mucho m\u00e1s duraderos, m\u00e1s resistentes a los cambios de temperatura y a los rozamientos, y no liberan ning\u00fan tipo de sustancia por lo que son muy apto para el contacto con la comida. Son ideales para cualquier profesional hostelero que tenga una gran afluencia de comensales, hoteles, catering\u201a&#8230;Varias piezas de la cuberter\u00eda a elegir. Escoge el que necesites m\u00e1s arriba.Longitud de las piezas:- Cuchara mesa: 19,5 cm- Tenedor mesa: 19,7 cm- Cuchara caf\u00e9: 14 cm- Cuchara moka: 11 cm- Tenedor lunch: 15 cm<\/p>\n","protected":false},"excerpt":{"rendered":"<p>Cuberteria Serie Hotel inoxidable 1.5 mm cajas de 12<\/p>\n","protected":false},"featured_media":3704,"template":"","meta":[],"product_brand":[],"product_cat":[1121,1125,1120],"product_tag":[],"class_list":{"0":"post-8777","1":"product","2":"type-product","3":"status-publish","4":"has-post-thumbnail","6":"product_cat-cocina","7":"product_cat-menaje-mesa","8":"product_cat-utensilios-cocina-hosteleria","10":"first","11":"instock","12":"taxable","13":"shipping-taxable","14":"product-type-simple"},"yoast_head":"<!-- This site is optimized with the Yoast SEO plugin v27.5 - https:\/\/yoast.com\/product\/yoast-seo-wordpress\/ -->\n<title>Cuberteria Serie Hotel inoxidable 1.5 mm cajas de 12 - Venta Productos de hosteler\u00eda Barcelona<\/title>\n<meta name=\"robots\" content=\"index, follow, max-snippet:-1, max-image-preview:large, max-video-preview:-1\" \/>\n<link rel=\"canonical\" href=\"https:\/\/suministressantfeliu.com\/comprar\/cuberteria-serie-hotel-inoxidable-1-5-mm-cajas-de-12\/\" \/>\n<meta property=\"og:locale\" content=\"es_ES\" \/>\n<meta property=\"og:type\" content=\"article\" \/>\n<meta property=\"og:title\" content=\"Cuberteria Serie Hotel inoxidable 1.5 mm cajas de 12 - Venta Productos de hosteler\u00eda Barcelona\" \/>\n<meta property=\"og:description\" content=\"Cuberteria Serie Hotel inoxidable 1.5 mm cajas de 12\" \/>\n<meta property=\"og:url\" content=\"https:\/\/suministressantfeliu.com\/comprar\/cuberteria-serie-hotel-inoxidable-1-5-mm-cajas-de-12\/\" \/>\n<meta property=\"og:site_name\" content=\"Venta Productos de hosteler\u00eda Barcelona\" \/>\n<meta property=\"article:modified_time\" content=\"2023-05-04T21:56:54+00:00\" \/>\n<meta property=\"og:image\" content=\"https:\/\/suministressantfeliu.com\/comprar\/wp-content\/uploads\/2023\/04\/cuberteria-serie-hotel-800x800-1.jpg\" \/>\n\t<meta property=\"og:image:width\" content=\"800\" \/>\n\t<meta property=\"og:image:height\" content=\"600\" \/>\n\t<meta property=\"og:image:type\" content=\"image\/jpeg\" \/>\n<meta name=\"twitter:card\" content=\"summary_large_image\" \/>\n<meta name=\"twitter:label1\" content=\"Tiempo de lectura\" \/>\n\t<meta name=\"twitter:data1\" content=\"1 minuto\" \/>\n<script type=\"application\/ld+json\" class=\"yoast-schema-graph\">{\"@context\":\"https:\\\/\\\/schema.org\",\"@graph\":[{\"@type\":\"WebPage\",\"@id\":\"https:\\\/\\\/suministressantfeliu.com\\\/comprar\\\/cuberteria-serie-hotel-inoxidable-1-5-mm-cajas-de-12\\\/\",\"url\":\"https:\\\/\\\/suministressantfeliu.com\\\/comprar\\\/cuberteria-serie-hotel-inoxidable-1-5-mm-cajas-de-12\\\/\",\"name\":\"Cuberteria Serie Hotel inoxidable 1.5 mm cajas de 12 - Venta Productos de hosteler\u00eda Barcelona\",\"isPartOf\":{\"@id\":\"https:\\\/\\\/suministressantfeliu.com\\\/comprar\\\/#website\"},\"primaryImageOfPage\":{\"@id\":\"https:\\\/\\\/suministressantfeliu.com\\\/comprar\\\/cuberteria-serie-hotel-inoxidable-1-5-mm-cajas-de-12\\\/#primaryimage\"},\"image\":{\"@id\":\"https:\\\/\\\/suministressantfeliu.com\\\/comprar\\\/cuberteria-serie-hotel-inoxidable-1-5-mm-cajas-de-12\\\/#primaryimage\"},\"thumbnailUrl\":\"https:\\\/\\\/suministressantfeliu.com\\\/comprar\\\/wp-content\\\/uploads\\\/2023\\\/04\\\/cuberteria-serie-hotel-800x800-1.jpg\",\"datePublished\":\"2023-05-04T21:48:32+00:00\",\"dateModified\":\"2023-05-04T21:56:54+00:00\",\"breadcrumb\":{\"@id\":\"https:\\\/\\\/suministressantfeliu.com\\\/comprar\\\/cuberteria-serie-hotel-inoxidable-1-5-mm-cajas-de-12\\\/#breadcrumb\"},\"inLanguage\":\"es\",\"potentialAction\":[{\"@type\":\"ReadAction\",\"target\":[\"https:\\\/\\\/suministressantfeliu.com\\\/comprar\\\/cuberteria-serie-hotel-inoxidable-1-5-mm-cajas-de-12\\\/\"]}]},{\"@type\":\"ImageObject\",\"inLanguage\":\"es\",\"@id\":\"https:\\\/\\\/suministressantfeliu.com\\\/comprar\\\/cuberteria-serie-hotel-inoxidable-1-5-mm-cajas-de-12\\\/#primaryimage\",\"url\":\"https:\\\/\\\/suministressantfeliu.com\\\/comprar\\\/wp-content\\\/uploads\\\/2023\\\/04\\\/cuberteria-serie-hotel-800x800-1.jpg\",\"contentUrl\":\"https:\\\/\\\/suministressantfeliu.com\\\/comprar\\\/wp-content\\\/uploads\\\/2023\\\/04\\\/cuberteria-serie-hotel-800x800-1.jpg\",\"width\":800,\"height\":600,\"caption\":\"Cubiertos Acero Inoxidable Serie Hotel para Colectividades, Bares, Restaurantes, Caterings y Colegios\"},{\"@type\":\"BreadcrumbList\",\"@id\":\"https:\\\/\\\/suministressantfeliu.com\\\/comprar\\\/cuberteria-serie-hotel-inoxidable-1-5-mm-cajas-de-12\\\/#breadcrumb\",\"itemListElement\":[{\"@type\":\"ListItem\",\"position\":1,\"name\":\"Portada\",\"item\":\"https:\\\/\\\/suministressantfeliu.com\\\/comprar\\\/\"},{\"@type\":\"ListItem\",\"position\":2,\"name\":\"Tienda\",\"item\":\"https:\\\/\\\/suministressantfeliu.com\\\/comprar\\\/tienda\\\/\"},{\"@type\":\"ListItem\",\"position\":3,\"name\":\"Cuberteria Serie Hotel inoxidable 1.5 mm cajas de 12\"}]},{\"@type\":\"WebSite\",\"@id\":\"https:\\\/\\\/suministressantfeliu.com\\\/comprar\\\/#website\",\"url\":\"https:\\\/\\\/suministressantfeliu.com\\\/comprar\\\/\",\"name\":\"Productos hosteler\u00eda\",\"description\":\"Venta de suministros profesionales para hosteler\u00eda\",\"publisher\":{\"@id\":\"https:\\\/\\\/suministressantfeliu.com\\\/comprar\\\/#organization\"},\"potentialAction\":[{\"@type\":\"SearchAction\",\"target\":{\"@type\":\"EntryPoint\",\"urlTemplate\":\"https:\\\/\\\/suministressantfeliu.com\\\/comprar\\\/?s={search_term_string}\"},\"query-input\":{\"@type\":\"PropertyValueSpecification\",\"valueRequired\":true,\"valueName\":\"search_term_string\"}}],\"inLanguage\":\"es\"},{\"@type\":\"Organization\",\"@id\":\"https:\\\/\\\/suministressantfeliu.com\\\/comprar\\\/#organization\",\"name\":\"Suministres Sant Feliu hosteleria\",\"url\":\"https:\\\/\\\/suministressantfeliu.com\\\/comprar\\\/\",\"logo\":{\"@type\":\"ImageObject\",\"inLanguage\":\"es\",\"@id\":\"https:\\\/\\\/suministressantfeliu.com\\\/comprar\\\/#\\\/schema\\\/logo\\\/image\\\/\",\"url\":\"https:\\\/\\\/suministressantfeliu.com\\\/comprar\\\/wp-content\\\/uploads\\\/2021\\\/03\\\/cropped-suministres-sant-feliu-logo.png\",\"contentUrl\":\"https:\\\/\\\/suministressantfeliu.com\\\/comprar\\\/wp-content\\\/uploads\\\/2021\\\/03\\\/cropped-suministres-sant-feliu-logo.png\",\"width\":668,\"height\":668,\"caption\":\"Suministres Sant Feliu hosteleria\"},\"image\":{\"@id\":\"https:\\\/\\\/suministressantfeliu.com\\\/comprar\\\/#\\\/schema\\\/logo\\\/image\\\/\"}}]}<\/script>\n<!-- \/ Yoast SEO plugin. -->","yoast_head_json":{"title":"Cuberteria Serie Hotel inoxidable 1.5 mm cajas de 12 - Venta Productos de hosteler\u00eda Barcelona","robots":{"index":"index","follow":"follow","max-snippet":"max-snippet:-1","max-image-preview":"max-image-preview:large","max-video-preview":"max-video-preview:-1"},"canonical":"https:\/\/suministressantfeliu.com\/comprar\/cuberteria-serie-hotel-inoxidable-1-5-mm-cajas-de-12\/","og_locale":"es_ES","og_type":"article","og_title":"Cuberteria Serie Hotel inoxidable 1.5 mm cajas de 12 - Venta Productos de hosteler\u00eda Barcelona","og_description":"Cuberteria Serie Hotel inoxidable 1.5 mm cajas de 12","og_url":"https:\/\/suministressantfeliu.com\/comprar\/cuberteria-serie-hotel-inoxidable-1-5-mm-cajas-de-12\/","og_site_name":"Venta Productos de hosteler\u00eda Barcelona","article_modified_time":"2023-05-04T21:56:54+00:00","og_image":[{"width":800,"height":600,"url":"https:\/\/suministressantfeliu.com\/comprar\/wp-content\/uploads\/2023\/04\/cuberteria-serie-hotel-800x800-1.jpg","type":"image\/jpeg"}],"twitter_card":"summary_large_image","twitter_misc":{"Tiempo de lectura":"1 minuto"},"schema":{"@context":"https:\/\/schema.org","@graph":[{"@type":"WebPage","@id":"https:\/\/suministressantfeliu.com\/comprar\/cuberteria-serie-hotel-inoxidable-1-5-mm-cajas-de-12\/","url":"https:\/\/suministressantfeliu.com\/comprar\/cuberteria-serie-hotel-inoxidable-1-5-mm-cajas-de-12\/","name":"Cuberteria Serie Hotel inoxidable 1.5 mm cajas de 12 - Venta Productos de hosteler\u00eda Barcelona","isPartOf":{"@id":"https:\/\/suministressantfeliu.com\/comprar\/#website"},"primaryImageOfPage":{"@id":"https:\/\/suministressantfeliu.com\/comprar\/cuberteria-serie-hotel-inoxidable-1-5-mm-cajas-de-12\/#primaryimage"},"image":{"@id":"https:\/\/suministressantfeliu.com\/comprar\/cuberteria-serie-hotel-inoxidable-1-5-mm-cajas-de-12\/#primaryimage"},"thumbnailUrl":"https:\/\/suministressantfeliu.com\/comprar\/wp-content\/uploads\/2023\/04\/cuberteria-serie-hotel-800x800-1.jpg","datePublished":"2023-05-04T21:48:32+00:00","dateModified":"2023-05-04T21:56:54+00:00","breadcrumb":{"@id":"https:\/\/suministressantfeliu.com\/comprar\/cuberteria-serie-hotel-inoxidable-1-5-mm-cajas-de-12\/#breadcrumb"},"inLanguage":"es","potentialAction":[{"@type":"ReadAction","target":["https:\/\/suministressantfeliu.com\/comprar\/cuberteria-serie-hotel-inoxidable-1-5-mm-cajas-de-12\/"]}]},{"@type":"ImageObject","inLanguage":"es","@id":"https:\/\/suministressantfeliu.com\/comprar\/cuberteria-serie-hotel-inoxidable-1-5-mm-cajas-de-12\/#primaryimage","url":"https:\/\/suministressantfeliu.com\/comprar\/wp-content\/uploads\/2023\/04\/cuberteria-serie-hotel-800x800-1.jpg","contentUrl":"https:\/\/suministressantfeliu.com\/comprar\/wp-content\/uploads\/2023\/04\/cuberteria-serie-hotel-800x800-1.jpg","width":800,"height":600,"caption":"Cubiertos Acero Inoxidable Serie Hotel para Colectividades, Bares, Restaurantes, Caterings y Colegios"},{"@type":"BreadcrumbList","@id":"https:\/\/suministressantfeliu.com\/comprar\/cuberteria-serie-hotel-inoxidable-1-5-mm-cajas-de-12\/#breadcrumb","itemListElement":[{"@type":"ListItem","position":1,"name":"Portada","item":"https:\/\/suministressantfeliu.com\/comprar\/"},{"@type":"ListItem","position":2,"name":"Tienda","item":"https:\/\/suministressantfeliu.com\/comprar\/tienda\/"},{"@type":"ListItem","position":3,"name":"Cuberteria Serie Hotel inoxidable 1.5 mm cajas de 12"}]},{"@type":"WebSite","@id":"https:\/\/suministressantfeliu.com\/comprar\/#website","url":"https:\/\/suministressantfeliu.com\/comprar\/","name":"Productos hosteler\u00eda","description":"Venta de suministros profesionales para hosteler\u00eda","publisher":{"@id":"https:\/\/suministressantfeliu.com\/comprar\/#organization"},"potentialAction":[{"@type":"SearchAction","target":{"@type":"EntryPoint","urlTemplate":"https:\/\/suministressantfeliu.com\/comprar\/?s={search_term_string}"},"query-input":{"@type":"PropertyValueSpecification","valueRequired":true,"valueName":"search_term_string"}}],"inLanguage":"es"},{"@type":"Organization","@id":"https:\/\/suministressantfeliu.com\/comprar\/#organization","name":"Suministres Sant Feliu hosteleria","url":"https:\/\/suministressantfeliu.com\/comprar\/","logo":{"@type":"ImageObject","inLanguage":"es","@id":"https:\/\/suministressantfeliu.com\/comprar\/#\/schema\/logo\/image\/","url":"https:\/\/suministressantfeliu.com\/comprar\/wp-content\/uploads\/2021\/03\/cropped-suministres-sant-feliu-logo.png","contentUrl":"https:\/\/suministressantfeliu.com\/comprar\/wp-content\/uploads\/2021\/03\/cropped-suministres-sant-feliu-logo.png","width":668,"height":668,"caption":"Suministres Sant Feliu hosteleria"},"image":{"@id":"https:\/\/suministressantfeliu.com\/comprar\/#\/schema\/logo\/image\/"}}]}},"_links":{"self":[{"href":"https:\/\/suministressantfeliu.com\/comprar\/wp-json\/wp\/v2\/product\/8777","targetHints":{"allow":["GET"]}}],"collection":[{"href":"https:\/\/suministressantfeliu.com\/comprar\/wp-json\/wp\/v2\/product"}],"about":[{"href":"https:\/\/suministressantfeliu.com\/comprar\/wp-json\/wp\/v2\/types\/product"}],"wp:featuredmedia":[{"embeddable":true,"href":"https:\/\/suministressantfeliu.com\/comprar\/wp-json\/wp\/v2\/media\/3704"}],"wp:attachment":[{"href":"https:\/\/suministressantfeliu.com\/comprar\/wp-json\/wp\/v2\/media?parent=8777"}],"wp:term":[{"taxonomy":"product_brand","embeddable":true,"href":"https:\/\/suministressantfeliu.com\/comprar\/wp-json\/wp\/v2\/product_brand?post=8777"},{"taxonomy":"product_cat","embeddable":true,"href":"https:\/\/suministressantfeliu.com\/comprar\/wp-json\/wp\/v2\/product_cat?post=8777"},{"taxonomy":"product_tag","embeddable":true,"href":"https:\/\/suministressantfeliu.com\/comprar\/wp-json\/wp\/v2\/product_tag?post=8777"}],"curies":[{"name":"wp","href":"https:\/\/api.w.org\/{rel}","templated":true}]}}