{"id":8767,"date":"2023-05-04T21:48:28","date_gmt":"2023-05-04T21:48:28","guid":{"rendered":"https:\/\/suministressantfeliu.com\/comprar\/cacerola-baja-inox-con-tapa-varias-medidas\/"},"modified":"2023-11-13T14:44:47","modified_gmt":"2023-11-13T14:44:47","slug":"cacerola-baja-inox-con-tapa-varias-medidas","status":"publish","type":"product","link":"https:\/\/suministressantfeliu.com\/comprar\/cacerola-baja-inox-con-tapa-varias-medidas\/","title":{"rendered":"Cacerola baja inox con tapa varias medidas"},"content":{"rendered":"<p>Cacerola baja profesional disponible en varios tama\u00f1os y capacidades. Dise\u00f1adas especialmente para ofrecer el mayor rendimiento en las cocinas profesionales.Est\u00e1n fabricadas en acero inoxidable 18\/10, lo que nos garantizan una perfecta conducci\u00f3n del calor y una inmejorable calidad y resistencia. Con asas soldadas y fondo difusor sandwich formado por tres capas (acero &#8211; aluminio &#8211; acero) para una perfecta difusi\u00f3n del calor.Debido a sus altas prestaciones y su gran relaci\u00f3n calidad-precio, es una cacerola perfecta para profesionales de la hosteler\u00eda y la restauraci\u00f3n como restaurantes, cafeter\u00edas, hoteles&#8230;Apta para INDUCCION,GAS,VITRO y EL\u221a\u00e2CTRICA (excepto medida \u00d860 cm)Varios tama\u00f1os disponibles. Escoge las que necesites m\u00e1s arriba. \u00d828 cent\u00edmetros: 6,75 Litros \u00d836 cent\u00edmetros: 14,2 Litros \u00d840 cent\u00edmetros: 19,4 Litros<\/p>\n","protected":false},"excerpt":{"rendered":"<p>Cacerola baja inox con tapa varias medidas chef inox<\/p>\n","protected":false},"featured_media":3775,"template":"","meta":[],"product_brand":[],"product_cat":[1121,1122,1120],"product_tag":[],"class_list":{"0":"post-8767","1":"product","2":"type-product","3":"status-publish","4":"has-post-thumbnail","6":"product_cat-cocina","7":"product_cat-complementos-cocina","8":"product_cat-utensilios-cocina-hosteleria","10":"first","11":"instock","12":"taxable","13":"shipping-taxable","14":"product-type-simple"},"yoast_head":"<!-- This site is optimized with the Yoast SEO plugin v27.5 - https:\/\/yoast.com\/product\/yoast-seo-wordpress\/ -->\n<title>Cacerola baja inox con tapa varias medidas - Venta Productos de hosteler\u00eda Barcelona<\/title>\n<meta name=\"robots\" content=\"index, follow, max-snippet:-1, max-image-preview:large, max-video-preview:-1\" \/>\n<link rel=\"canonical\" href=\"https:\/\/suministressantfeliu.com\/comprar\/cacerola-baja-inox-con-tapa-varias-medidas\/\" \/>\n<meta property=\"og:locale\" content=\"es_ES\" \/>\n<meta property=\"og:type\" content=\"article\" \/>\n<meta property=\"og:title\" content=\"Cacerola baja inox con tapa varias medidas - Venta Productos de hosteler\u00eda Barcelona\" \/>\n<meta property=\"og:description\" content=\"Cacerola baja inox con tapa varias medidas chef inox\" \/>\n<meta property=\"og:url\" content=\"https:\/\/suministressantfeliu.com\/comprar\/cacerola-baja-inox-con-tapa-varias-medidas\/\" \/>\n<meta property=\"og:site_name\" content=\"Venta Productos de hosteler\u00eda Barcelona\" \/>\n<meta property=\"article:modified_time\" content=\"2023-11-13T14:44:47+00:00\" \/>\n<meta property=\"og:image\" content=\"https:\/\/suministressantfeliu.com\/comprar\/wp-content\/uploads\/2023\/04\/cacerola-baja-inox-con-tapa-800x800-1.jpg\" \/>\n\t<meta property=\"og:image:width\" content=\"800\" \/>\n\t<meta property=\"og:image:height\" content=\"494\" \/>\n\t<meta property=\"og:image:type\" content=\"image\/jpeg\" \/>\n<meta name=\"twitter:card\" content=\"summary_large_image\" \/>\n<meta name=\"twitter:label1\" content=\"Tiempo de lectura\" \/>\n\t<meta name=\"twitter:data1\" content=\"1 minuto\" \/>\n<script type=\"application\/ld+json\" class=\"yoast-schema-graph\">{\"@context\":\"https:\\\/\\\/schema.org\",\"@graph\":[{\"@type\":\"WebPage\",\"@id\":\"https:\\\/\\\/suministressantfeliu.com\\\/comprar\\\/cacerola-baja-inox-con-tapa-varias-medidas\\\/\",\"url\":\"https:\\\/\\\/suministressantfeliu.com\\\/comprar\\\/cacerola-baja-inox-con-tapa-varias-medidas\\\/\",\"name\":\"Cacerola baja inox con tapa varias medidas - Venta Productos de hosteler\u00eda Barcelona\",\"isPartOf\":{\"@id\":\"https:\\\/\\\/suministressantfeliu.com\\\/comprar\\\/#website\"},\"primaryImageOfPage\":{\"@id\":\"https:\\\/\\\/suministressantfeliu.com\\\/comprar\\\/cacerola-baja-inox-con-tapa-varias-medidas\\\/#primaryimage\"},\"image\":{\"@id\":\"https:\\\/\\\/suministressantfeliu.com\\\/comprar\\\/cacerola-baja-inox-con-tapa-varias-medidas\\\/#primaryimage\"},\"thumbnailUrl\":\"https:\\\/\\\/suministressantfeliu.com\\\/comprar\\\/wp-content\\\/uploads\\\/2023\\\/04\\\/cacerola-baja-inox-con-tapa-800x800-1.jpg\",\"datePublished\":\"2023-05-04T21:48:28+00:00\",\"dateModified\":\"2023-11-13T14:44:47+00:00\",\"breadcrumb\":{\"@id\":\"https:\\\/\\\/suministressantfeliu.com\\\/comprar\\\/cacerola-baja-inox-con-tapa-varias-medidas\\\/#breadcrumb\"},\"inLanguage\":\"es\",\"potentialAction\":[{\"@type\":\"ReadAction\",\"target\":[\"https:\\\/\\\/suministressantfeliu.com\\\/comprar\\\/cacerola-baja-inox-con-tapa-varias-medidas\\\/\"]}]},{\"@type\":\"ImageObject\",\"inLanguage\":\"es\",\"@id\":\"https:\\\/\\\/suministressantfeliu.com\\\/comprar\\\/cacerola-baja-inox-con-tapa-varias-medidas\\\/#primaryimage\",\"url\":\"https:\\\/\\\/suministressantfeliu.com\\\/comprar\\\/wp-content\\\/uploads\\\/2023\\\/04\\\/cacerola-baja-inox-con-tapa-800x800-1.jpg\",\"contentUrl\":\"https:\\\/\\\/suministressantfeliu.com\\\/comprar\\\/wp-content\\\/uploads\\\/2023\\\/04\\\/cacerola-baja-inox-con-tapa-800x800-1.jpg\",\"width\":800,\"height\":494},{\"@type\":\"BreadcrumbList\",\"@id\":\"https:\\\/\\\/suministressantfeliu.com\\\/comprar\\\/cacerola-baja-inox-con-tapa-varias-medidas\\\/#breadcrumb\",\"itemListElement\":[{\"@type\":\"ListItem\",\"position\":1,\"name\":\"Portada\",\"item\":\"https:\\\/\\\/suministressantfeliu.com\\\/comprar\\\/\"},{\"@type\":\"ListItem\",\"position\":2,\"name\":\"Tienda\",\"item\":\"https:\\\/\\\/suministressantfeliu.com\\\/comprar\\\/tienda\\\/\"},{\"@type\":\"ListItem\",\"position\":3,\"name\":\"Cacerola baja inox con tapa varias medidas\"}]},{\"@type\":\"WebSite\",\"@id\":\"https:\\\/\\\/suministressantfeliu.com\\\/comprar\\\/#website\",\"url\":\"https:\\\/\\\/suministressantfeliu.com\\\/comprar\\\/\",\"name\":\"Productos hosteler\u00eda\",\"description\":\"Venta de suministros profesionales para hosteler\u00eda\",\"publisher\":{\"@id\":\"https:\\\/\\\/suministressantfeliu.com\\\/comprar\\\/#organization\"},\"potentialAction\":[{\"@type\":\"SearchAction\",\"target\":{\"@type\":\"EntryPoint\",\"urlTemplate\":\"https:\\\/\\\/suministressantfeliu.com\\\/comprar\\\/?s={search_term_string}\"},\"query-input\":{\"@type\":\"PropertyValueSpecification\",\"valueRequired\":true,\"valueName\":\"search_term_string\"}}],\"inLanguage\":\"es\"},{\"@type\":\"Organization\",\"@id\":\"https:\\\/\\\/suministressantfeliu.com\\\/comprar\\\/#organization\",\"name\":\"Suministres Sant Feliu hosteleria\",\"url\":\"https:\\\/\\\/suministressantfeliu.com\\\/comprar\\\/\",\"logo\":{\"@type\":\"ImageObject\",\"inLanguage\":\"es\",\"@id\":\"https:\\\/\\\/suministressantfeliu.com\\\/comprar\\\/#\\\/schema\\\/logo\\\/image\\\/\",\"url\":\"https:\\\/\\\/suministressantfeliu.com\\\/comprar\\\/wp-content\\\/uploads\\\/2021\\\/03\\\/cropped-suministres-sant-feliu-logo.png\",\"contentUrl\":\"https:\\\/\\\/suministressantfeliu.com\\\/comprar\\\/wp-content\\\/uploads\\\/2021\\\/03\\\/cropped-suministres-sant-feliu-logo.png\",\"width\":668,\"height\":668,\"caption\":\"Suministres Sant Feliu hosteleria\"},\"image\":{\"@id\":\"https:\\\/\\\/suministressantfeliu.com\\\/comprar\\\/#\\\/schema\\\/logo\\\/image\\\/\"}}]}<\/script>\n<!-- \/ Yoast SEO plugin. -->","yoast_head_json":{"title":"Cacerola baja inox con tapa varias medidas - Venta Productos de hosteler\u00eda Barcelona","robots":{"index":"index","follow":"follow","max-snippet":"max-snippet:-1","max-image-preview":"max-image-preview:large","max-video-preview":"max-video-preview:-1"},"canonical":"https:\/\/suministressantfeliu.com\/comprar\/cacerola-baja-inox-con-tapa-varias-medidas\/","og_locale":"es_ES","og_type":"article","og_title":"Cacerola baja inox con tapa varias medidas - Venta Productos de hosteler\u00eda Barcelona","og_description":"Cacerola baja inox con tapa varias medidas chef inox","og_url":"https:\/\/suministressantfeliu.com\/comprar\/cacerola-baja-inox-con-tapa-varias-medidas\/","og_site_name":"Venta Productos de hosteler\u00eda Barcelona","article_modified_time":"2023-11-13T14:44:47+00:00","og_image":[{"width":800,"height":494,"url":"https:\/\/suministressantfeliu.com\/comprar\/wp-content\/uploads\/2023\/04\/cacerola-baja-inox-con-tapa-800x800-1.jpg","type":"image\/jpeg"}],"twitter_card":"summary_large_image","twitter_misc":{"Tiempo de lectura":"1 minuto"},"schema":{"@context":"https:\/\/schema.org","@graph":[{"@type":"WebPage","@id":"https:\/\/suministressantfeliu.com\/comprar\/cacerola-baja-inox-con-tapa-varias-medidas\/","url":"https:\/\/suministressantfeliu.com\/comprar\/cacerola-baja-inox-con-tapa-varias-medidas\/","name":"Cacerola baja inox con tapa varias medidas - Venta Productos de hosteler\u00eda Barcelona","isPartOf":{"@id":"https:\/\/suministressantfeliu.com\/comprar\/#website"},"primaryImageOfPage":{"@id":"https:\/\/suministressantfeliu.com\/comprar\/cacerola-baja-inox-con-tapa-varias-medidas\/#primaryimage"},"image":{"@id":"https:\/\/suministressantfeliu.com\/comprar\/cacerola-baja-inox-con-tapa-varias-medidas\/#primaryimage"},"thumbnailUrl":"https:\/\/suministressantfeliu.com\/comprar\/wp-content\/uploads\/2023\/04\/cacerola-baja-inox-con-tapa-800x800-1.jpg","datePublished":"2023-05-04T21:48:28+00:00","dateModified":"2023-11-13T14:44:47+00:00","breadcrumb":{"@id":"https:\/\/suministressantfeliu.com\/comprar\/cacerola-baja-inox-con-tapa-varias-medidas\/#breadcrumb"},"inLanguage":"es","potentialAction":[{"@type":"ReadAction","target":["https:\/\/suministressantfeliu.com\/comprar\/cacerola-baja-inox-con-tapa-varias-medidas\/"]}]},{"@type":"ImageObject","inLanguage":"es","@id":"https:\/\/suministressantfeliu.com\/comprar\/cacerola-baja-inox-con-tapa-varias-medidas\/#primaryimage","url":"https:\/\/suministressantfeliu.com\/comprar\/wp-content\/uploads\/2023\/04\/cacerola-baja-inox-con-tapa-800x800-1.jpg","contentUrl":"https:\/\/suministressantfeliu.com\/comprar\/wp-content\/uploads\/2023\/04\/cacerola-baja-inox-con-tapa-800x800-1.jpg","width":800,"height":494},{"@type":"BreadcrumbList","@id":"https:\/\/suministressantfeliu.com\/comprar\/cacerola-baja-inox-con-tapa-varias-medidas\/#breadcrumb","itemListElement":[{"@type":"ListItem","position":1,"name":"Portada","item":"https:\/\/suministressantfeliu.com\/comprar\/"},{"@type":"ListItem","position":2,"name":"Tienda","item":"https:\/\/suministressantfeliu.com\/comprar\/tienda\/"},{"@type":"ListItem","position":3,"name":"Cacerola baja inox con tapa varias medidas"}]},{"@type":"WebSite","@id":"https:\/\/suministressantfeliu.com\/comprar\/#website","url":"https:\/\/suministressantfeliu.com\/comprar\/","name":"Productos hosteler\u00eda","description":"Venta de suministros profesionales para hosteler\u00eda","publisher":{"@id":"https:\/\/suministressantfeliu.com\/comprar\/#organization"},"potentialAction":[{"@type":"SearchAction","target":{"@type":"EntryPoint","urlTemplate":"https:\/\/suministressantfeliu.com\/comprar\/?s={search_term_string}"},"query-input":{"@type":"PropertyValueSpecification","valueRequired":true,"valueName":"search_term_string"}}],"inLanguage":"es"},{"@type":"Organization","@id":"https:\/\/suministressantfeliu.com\/comprar\/#organization","name":"Suministres Sant Feliu hosteleria","url":"https:\/\/suministressantfeliu.com\/comprar\/","logo":{"@type":"ImageObject","inLanguage":"es","@id":"https:\/\/suministressantfeliu.com\/comprar\/#\/schema\/logo\/image\/","url":"https:\/\/suministressantfeliu.com\/comprar\/wp-content\/uploads\/2021\/03\/cropped-suministres-sant-feliu-logo.png","contentUrl":"https:\/\/suministressantfeliu.com\/comprar\/wp-content\/uploads\/2021\/03\/cropped-suministres-sant-feliu-logo.png","width":668,"height":668,"caption":"Suministres Sant Feliu hosteleria"},"image":{"@id":"https:\/\/suministressantfeliu.com\/comprar\/#\/schema\/logo\/image\/"}}]}},"_links":{"self":[{"href":"https:\/\/suministressantfeliu.com\/comprar\/wp-json\/wp\/v2\/product\/8767","targetHints":{"allow":["GET"]}}],"collection":[{"href":"https:\/\/suministressantfeliu.com\/comprar\/wp-json\/wp\/v2\/product"}],"about":[{"href":"https:\/\/suministressantfeliu.com\/comprar\/wp-json\/wp\/v2\/types\/product"}],"wp:featuredmedia":[{"embeddable":true,"href":"https:\/\/suministressantfeliu.com\/comprar\/wp-json\/wp\/v2\/media\/3775"}],"wp:attachment":[{"href":"https:\/\/suministressantfeliu.com\/comprar\/wp-json\/wp\/v2\/media?parent=8767"}],"wp:term":[{"taxonomy":"product_brand","embeddable":true,"href":"https:\/\/suministressantfeliu.com\/comprar\/wp-json\/wp\/v2\/product_brand?post=8767"},{"taxonomy":"product_cat","embeddable":true,"href":"https:\/\/suministressantfeliu.com\/comprar\/wp-json\/wp\/v2\/product_cat?post=8767"},{"taxonomy":"product_tag","embeddable":true,"href":"https:\/\/suministressantfeliu.com\/comprar\/wp-json\/wp\/v2\/product_tag?post=8767"}],"curies":[{"name":"wp","href":"https:\/\/api.w.org\/{rel}","templated":true}]}}