{"id":8743,"date":"2023-05-04T21:48:20","date_gmt":"2023-05-04T21:48:20","guid":{"rendered":"https:\/\/suministressantfeliu.com\/comprar\/abrillantador-maquina-para-lavavajillas-industrial-10-litros\/"},"modified":"2023-05-07T06:36:32","modified_gmt":"2023-05-07T06:36:32","slug":"abrillantador-maquina-para-lavavajillas-industrial-10-litros","status":"publish","type":"product","link":"https:\/\/suministressantfeliu.com\/comprar\/abrillantador-maquina-para-lavavajillas-industrial-10-litros\/","title":{"rendered":"Abrillantador maquina para Lavavajillas Industrial 10 Litros"},"content":{"rendered":"<p>Abrillantador es un producto neutro de baja espuma, l\u00edquido, apto para todo tipo de m\u00e1quinas lavavajillas y todo tipo de detergentes. Formulado con tensioactivos no i\u00f3nicos que permiten un secado r\u00e1pido, uniforme y sin velos de vajillas, cristaler\u00edas o cuberter\u00edas.El abrillantador industrial para m\u00e1quina lavavajillas es eficiente en todo tipo de aguas, con una acci\u00f3n poco espumante para un funcionamiento m\u00e1s eficaz, garantizando un brillo m\u00e1ximo, un secado r\u00e1pido y una total eliminaci\u00f3n de las huellas en toda la vajilla.Adem\u00e1s, gracias a su tecnolog\u00eda, evita que la vajilla pierda su color y su lustre, remueve las marcas blancas y los sedimentos y garantiza el m\u00e1ximo brillo con el m\u00ednimo esfuerzo.    <\/p>\n","protected":false},"excerpt":{"rendered":"<p>Abrillantador formulado para compatibilizar con cualquier tipo de jab\u00f3n y m\u00e1quina lavavajillas. Su menaje quedar\u00e1 sin huellas y con un brillo espectacular por su acci\u00f3n de secado r\u00e1pido.  Perfecto para grandes centros profesionales de restauraci\u00f3n, colectividades y negocios hoteleros.<\/p>\n","protected":false},"featured_media":9115,"template":"","meta":[],"product_brand":[],"product_cat":[1116],"product_tag":[],"class_list":{"0":"post-8743","1":"product","2":"type-product","3":"status-publish","4":"has-post-thumbnail","6":"product_cat-quimicos-hosteleria","8":"first","9":"instock","10":"sale","11":"taxable","12":"shipping-taxable","13":"purchasable","14":"product-type-simple"},"yoast_head":"<!-- This site is optimized with the Yoast SEO plugin v27.5 - https:\/\/yoast.com\/product\/yoast-seo-wordpress\/ -->\n<title>Abrillantador maquina para Lavavajillas Industrial 10 Litros - Venta Productos de hosteler\u00eda Barcelona<\/title>\n<meta name=\"robots\" content=\"index, follow, max-snippet:-1, max-image-preview:large, max-video-preview:-1\" \/>\n<link rel=\"canonical\" href=\"https:\/\/suministressantfeliu.com\/comprar\/abrillantador-maquina-para-lavavajillas-industrial-10-litros\/\" \/>\n<meta property=\"og:locale\" content=\"es_ES\" \/>\n<meta property=\"og:type\" content=\"article\" \/>\n<meta property=\"og:title\" content=\"Abrillantador maquina para Lavavajillas Industrial 10 Litros - Venta Productos de hosteler\u00eda Barcelona\" \/>\n<meta property=\"og:description\" content=\"Abrillantador formulado para compatibilizar con cualquier tipo de jab\u00f3n y m\u00e1quina lavavajillas. Su menaje quedar\u00e1 sin huellas y con un brillo espectacular por su acci\u00f3n de secado r\u00e1pido. Perfecto para grandes centros profesionales de restauraci\u00f3n, colectividades y negocios hoteleros.\" \/>\n<meta property=\"og:url\" content=\"https:\/\/suministressantfeliu.com\/comprar\/abrillantador-maquina-para-lavavajillas-industrial-10-litros\/\" \/>\n<meta property=\"og:site_name\" content=\"Venta Productos de hosteler\u00eda Barcelona\" \/>\n<meta property=\"article:modified_time\" content=\"2023-05-07T06:36:32+00:00\" \/>\n<meta property=\"og:image\" content=\"https:\/\/suministressantfeliu.com\/comprar\/wp-content\/uploads\/2023\/05\/abrillantador-para-lavavajillas-industrial-20-litros-800x800_LL3n52u.jpg\" \/>\n\t<meta property=\"og:image:width\" content=\"600\" \/>\n\t<meta property=\"og:image:height\" content=\"800\" \/>\n\t<meta property=\"og:image:type\" content=\"image\/jpeg\" \/>\n<meta name=\"twitter:card\" content=\"summary_large_image\" \/>\n<meta name=\"twitter:label1\" content=\"Tiempo de lectura\" \/>\n\t<meta name=\"twitter:data1\" content=\"1 minuto\" \/>\n<script type=\"application\/ld+json\" class=\"yoast-schema-graph\">{\"@context\":\"https:\\\/\\\/schema.org\",\"@graph\":[{\"@type\":\"WebPage\",\"@id\":\"https:\\\/\\\/suministressantfeliu.com\\\/comprar\\\/abrillantador-maquina-para-lavavajillas-industrial-10-litros\\\/\",\"url\":\"https:\\\/\\\/suministressantfeliu.com\\\/comprar\\\/abrillantador-maquina-para-lavavajillas-industrial-10-litros\\\/\",\"name\":\"Abrillantador maquina para Lavavajillas Industrial 10 Litros - Venta Productos de hosteler\u00eda Barcelona\",\"isPartOf\":{\"@id\":\"https:\\\/\\\/suministressantfeliu.com\\\/comprar\\\/#website\"},\"primaryImageOfPage\":{\"@id\":\"https:\\\/\\\/suministressantfeliu.com\\\/comprar\\\/abrillantador-maquina-para-lavavajillas-industrial-10-litros\\\/#primaryimage\"},\"image\":{\"@id\":\"https:\\\/\\\/suministressantfeliu.com\\\/comprar\\\/abrillantador-maquina-para-lavavajillas-industrial-10-litros\\\/#primaryimage\"},\"thumbnailUrl\":\"https:\\\/\\\/suministressantfeliu.com\\\/comprar\\\/wp-content\\\/uploads\\\/2023\\\/05\\\/abrillantador-para-lavavajillas-industrial-20-litros-800x800_LL3n52u.jpg\",\"datePublished\":\"2023-05-04T21:48:20+00:00\",\"dateModified\":\"2023-05-07T06:36:32+00:00\",\"breadcrumb\":{\"@id\":\"https:\\\/\\\/suministressantfeliu.com\\\/comprar\\\/abrillantador-maquina-para-lavavajillas-industrial-10-litros\\\/#breadcrumb\"},\"inLanguage\":\"es\",\"potentialAction\":[{\"@type\":\"ReadAction\",\"target\":[\"https:\\\/\\\/suministressantfeliu.com\\\/comprar\\\/abrillantador-maquina-para-lavavajillas-industrial-10-litros\\\/\"]}]},{\"@type\":\"ImageObject\",\"inLanguage\":\"es\",\"@id\":\"https:\\\/\\\/suministressantfeliu.com\\\/comprar\\\/abrillantador-maquina-para-lavavajillas-industrial-10-litros\\\/#primaryimage\",\"url\":\"https:\\\/\\\/suministressantfeliu.com\\\/comprar\\\/wp-content\\\/uploads\\\/2023\\\/05\\\/abrillantador-para-lavavajillas-industrial-20-litros-800x800_LL3n52u.jpg\",\"contentUrl\":\"https:\\\/\\\/suministressantfeliu.com\\\/comprar\\\/wp-content\\\/uploads\\\/2023\\\/05\\\/abrillantador-para-lavavajillas-industrial-20-litros-800x800_LL3n52u.jpg\",\"width\":600,\"height\":800},{\"@type\":\"BreadcrumbList\",\"@id\":\"https:\\\/\\\/suministressantfeliu.com\\\/comprar\\\/abrillantador-maquina-para-lavavajillas-industrial-10-litros\\\/#breadcrumb\",\"itemListElement\":[{\"@type\":\"ListItem\",\"position\":1,\"name\":\"Portada\",\"item\":\"https:\\\/\\\/suministressantfeliu.com\\\/comprar\\\/\"},{\"@type\":\"ListItem\",\"position\":2,\"name\":\"Tienda\",\"item\":\"https:\\\/\\\/suministressantfeliu.com\\\/comprar\\\/tienda\\\/\"},{\"@type\":\"ListItem\",\"position\":3,\"name\":\"Abrillantador maquina para Lavavajillas Industrial 10 Litros\"}]},{\"@type\":\"WebSite\",\"@id\":\"https:\\\/\\\/suministressantfeliu.com\\\/comprar\\\/#website\",\"url\":\"https:\\\/\\\/suministressantfeliu.com\\\/comprar\\\/\",\"name\":\"Productos hosteler\u00eda\",\"description\":\"Venta de suministros profesionales para hosteler\u00eda\",\"publisher\":{\"@id\":\"https:\\\/\\\/suministressantfeliu.com\\\/comprar\\\/#organization\"},\"potentialAction\":[{\"@type\":\"SearchAction\",\"target\":{\"@type\":\"EntryPoint\",\"urlTemplate\":\"https:\\\/\\\/suministressantfeliu.com\\\/comprar\\\/?s={search_term_string}\"},\"query-input\":{\"@type\":\"PropertyValueSpecification\",\"valueRequired\":true,\"valueName\":\"search_term_string\"}}],\"inLanguage\":\"es\"},{\"@type\":\"Organization\",\"@id\":\"https:\\\/\\\/suministressantfeliu.com\\\/comprar\\\/#organization\",\"name\":\"Suministres Sant Feliu hosteleria\",\"url\":\"https:\\\/\\\/suministressantfeliu.com\\\/comprar\\\/\",\"logo\":{\"@type\":\"ImageObject\",\"inLanguage\":\"es\",\"@id\":\"https:\\\/\\\/suministressantfeliu.com\\\/comprar\\\/#\\\/schema\\\/logo\\\/image\\\/\",\"url\":\"https:\\\/\\\/suministressantfeliu.com\\\/comprar\\\/wp-content\\\/uploads\\\/2021\\\/03\\\/cropped-suministres-sant-feliu-logo.png\",\"contentUrl\":\"https:\\\/\\\/suministressantfeliu.com\\\/comprar\\\/wp-content\\\/uploads\\\/2021\\\/03\\\/cropped-suministres-sant-feliu-logo.png\",\"width\":668,\"height\":668,\"caption\":\"Suministres Sant Feliu hosteleria\"},\"image\":{\"@id\":\"https:\\\/\\\/suministressantfeliu.com\\\/comprar\\\/#\\\/schema\\\/logo\\\/image\\\/\"}}]}<\/script>\n<!-- \/ Yoast SEO plugin. -->","yoast_head_json":{"title":"Abrillantador maquina para Lavavajillas Industrial 10 Litros - Venta Productos de hosteler\u00eda Barcelona","robots":{"index":"index","follow":"follow","max-snippet":"max-snippet:-1","max-image-preview":"max-image-preview:large","max-video-preview":"max-video-preview:-1"},"canonical":"https:\/\/suministressantfeliu.com\/comprar\/abrillantador-maquina-para-lavavajillas-industrial-10-litros\/","og_locale":"es_ES","og_type":"article","og_title":"Abrillantador maquina para Lavavajillas Industrial 10 Litros - Venta Productos de hosteler\u00eda Barcelona","og_description":"Abrillantador formulado para compatibilizar con cualquier tipo de jab\u00f3n y m\u00e1quina lavavajillas. Su menaje quedar\u00e1 sin huellas y con un brillo espectacular por su acci\u00f3n de secado r\u00e1pido. Perfecto para grandes centros profesionales de restauraci\u00f3n, colectividades y negocios hoteleros.","og_url":"https:\/\/suministressantfeliu.com\/comprar\/abrillantador-maquina-para-lavavajillas-industrial-10-litros\/","og_site_name":"Venta Productos de hosteler\u00eda Barcelona","article_modified_time":"2023-05-07T06:36:32+00:00","og_image":[{"width":600,"height":800,"url":"https:\/\/suministressantfeliu.com\/comprar\/wp-content\/uploads\/2023\/05\/abrillantador-para-lavavajillas-industrial-20-litros-800x800_LL3n52u.jpg","type":"image\/jpeg"}],"twitter_card":"summary_large_image","twitter_misc":{"Tiempo de lectura":"1 minuto"},"schema":{"@context":"https:\/\/schema.org","@graph":[{"@type":"WebPage","@id":"https:\/\/suministressantfeliu.com\/comprar\/abrillantador-maquina-para-lavavajillas-industrial-10-litros\/","url":"https:\/\/suministressantfeliu.com\/comprar\/abrillantador-maquina-para-lavavajillas-industrial-10-litros\/","name":"Abrillantador maquina para Lavavajillas Industrial 10 Litros - Venta Productos de hosteler\u00eda Barcelona","isPartOf":{"@id":"https:\/\/suministressantfeliu.com\/comprar\/#website"},"primaryImageOfPage":{"@id":"https:\/\/suministressantfeliu.com\/comprar\/abrillantador-maquina-para-lavavajillas-industrial-10-litros\/#primaryimage"},"image":{"@id":"https:\/\/suministressantfeliu.com\/comprar\/abrillantador-maquina-para-lavavajillas-industrial-10-litros\/#primaryimage"},"thumbnailUrl":"https:\/\/suministressantfeliu.com\/comprar\/wp-content\/uploads\/2023\/05\/abrillantador-para-lavavajillas-industrial-20-litros-800x800_LL3n52u.jpg","datePublished":"2023-05-04T21:48:20+00:00","dateModified":"2023-05-07T06:36:32+00:00","breadcrumb":{"@id":"https:\/\/suministressantfeliu.com\/comprar\/abrillantador-maquina-para-lavavajillas-industrial-10-litros\/#breadcrumb"},"inLanguage":"es","potentialAction":[{"@type":"ReadAction","target":["https:\/\/suministressantfeliu.com\/comprar\/abrillantador-maquina-para-lavavajillas-industrial-10-litros\/"]}]},{"@type":"ImageObject","inLanguage":"es","@id":"https:\/\/suministressantfeliu.com\/comprar\/abrillantador-maquina-para-lavavajillas-industrial-10-litros\/#primaryimage","url":"https:\/\/suministressantfeliu.com\/comprar\/wp-content\/uploads\/2023\/05\/abrillantador-para-lavavajillas-industrial-20-litros-800x800_LL3n52u.jpg","contentUrl":"https:\/\/suministressantfeliu.com\/comprar\/wp-content\/uploads\/2023\/05\/abrillantador-para-lavavajillas-industrial-20-litros-800x800_LL3n52u.jpg","width":600,"height":800},{"@type":"BreadcrumbList","@id":"https:\/\/suministressantfeliu.com\/comprar\/abrillantador-maquina-para-lavavajillas-industrial-10-litros\/#breadcrumb","itemListElement":[{"@type":"ListItem","position":1,"name":"Portada","item":"https:\/\/suministressantfeliu.com\/comprar\/"},{"@type":"ListItem","position":2,"name":"Tienda","item":"https:\/\/suministressantfeliu.com\/comprar\/tienda\/"},{"@type":"ListItem","position":3,"name":"Abrillantador maquina para Lavavajillas Industrial 10 Litros"}]},{"@type":"WebSite","@id":"https:\/\/suministressantfeliu.com\/comprar\/#website","url":"https:\/\/suministressantfeliu.com\/comprar\/","name":"Productos hosteler\u00eda","description":"Venta de suministros profesionales para hosteler\u00eda","publisher":{"@id":"https:\/\/suministressantfeliu.com\/comprar\/#organization"},"potentialAction":[{"@type":"SearchAction","target":{"@type":"EntryPoint","urlTemplate":"https:\/\/suministressantfeliu.com\/comprar\/?s={search_term_string}"},"query-input":{"@type":"PropertyValueSpecification","valueRequired":true,"valueName":"search_term_string"}}],"inLanguage":"es"},{"@type":"Organization","@id":"https:\/\/suministressantfeliu.com\/comprar\/#organization","name":"Suministres Sant Feliu hosteleria","url":"https:\/\/suministressantfeliu.com\/comprar\/","logo":{"@type":"ImageObject","inLanguage":"es","@id":"https:\/\/suministressantfeliu.com\/comprar\/#\/schema\/logo\/image\/","url":"https:\/\/suministressantfeliu.com\/comprar\/wp-content\/uploads\/2021\/03\/cropped-suministres-sant-feliu-logo.png","contentUrl":"https:\/\/suministressantfeliu.com\/comprar\/wp-content\/uploads\/2021\/03\/cropped-suministres-sant-feliu-logo.png","width":668,"height":668,"caption":"Suministres Sant Feliu hosteleria"},"image":{"@id":"https:\/\/suministressantfeliu.com\/comprar\/#\/schema\/logo\/image\/"}}]}},"_links":{"self":[{"href":"https:\/\/suministressantfeliu.com\/comprar\/wp-json\/wp\/v2\/product\/8743","targetHints":{"allow":["GET"]}}],"collection":[{"href":"https:\/\/suministressantfeliu.com\/comprar\/wp-json\/wp\/v2\/product"}],"about":[{"href":"https:\/\/suministressantfeliu.com\/comprar\/wp-json\/wp\/v2\/types\/product"}],"wp:featuredmedia":[{"embeddable":true,"href":"https:\/\/suministressantfeliu.com\/comprar\/wp-json\/wp\/v2\/media\/9115"}],"wp:attachment":[{"href":"https:\/\/suministressantfeliu.com\/comprar\/wp-json\/wp\/v2\/media?parent=8743"}],"wp:term":[{"taxonomy":"product_brand","embeddable":true,"href":"https:\/\/suministressantfeliu.com\/comprar\/wp-json\/wp\/v2\/product_brand?post=8743"},{"taxonomy":"product_cat","embeddable":true,"href":"https:\/\/suministressantfeliu.com\/comprar\/wp-json\/wp\/v2\/product_cat?post=8743"},{"taxonomy":"product_tag","embeddable":true,"href":"https:\/\/suministressantfeliu.com\/comprar\/wp-json\/wp\/v2\/product_tag?post=8743"}],"curies":[{"name":"wp","href":"https:\/\/api.w.org\/{rel}","templated":true}]}}