{"id":1188,"date":"2018-11-27T07:46:38","date_gmt":"2018-11-27T07:46:38","guid":{"rendered":"http:\/\/demo.accesspressthemes.com\/store-mart-lite\/?page_id=34"},"modified":"2026-01-23T19:11:40","modified_gmt":"2026-01-23T19:11:40","slug":"home","status":"publish","type":"page","link":"https:\/\/suministressantfeliu.com\/comprar\/","title":{"rendered":"Home"},"content":{"rendered":"","protected":false},"excerpt":{"rendered":"","protected":false},"author":1,"featured_media":0,"parent":0,"menu_order":0,"comment_status":"closed","ping_status":"closed","template":"tpl-home.php","meta":{"footnotes":""},"class_list":["post-1188","page","type-page","status-publish","hentry"],"yoast_head":"<!-- This site is optimized with the Yoast SEO plugin v27.5 - https:\/\/yoast.com\/product\/yoast-seo-wordpress\/ -->\n<title>Tienda online de suministros para hosteler\u00eda, cocina, vajillas, papel<\/title>\n<meta name=\"description\" content=\"Entra en nuestra tienda online de suministros para hosteler\u00eda, bares, restaurantes, hoteles. Art\u00edculos para cocina, vajillas, papel limpieza\" \/>\n<meta name=\"robots\" content=\"index, follow, max-snippet:-1, max-image-preview:large, max-video-preview:-1\" \/>\n<link rel=\"canonical\" href=\"https:\/\/suministressantfeliu.com\/comprar\/\" \/>\n<meta property=\"og:locale\" content=\"es_ES\" \/>\n<meta property=\"og:type\" content=\"article\" \/>\n<meta property=\"og:title\" content=\"Suministros para Hosteler\u00eda - Menaje art\u00edculos y maquinaria\" \/>\n<meta property=\"og:description\" content=\"Compra Suministros para Hosteler\u00eda. Precios incre\u00edbles en menaje, art\u00edculos y maquinaria para hosteler\u00eda\" \/>\n<meta property=\"og:url\" content=\"https:\/\/suministressantfeliu.com\/comprar\/\" \/>\n<meta property=\"og:site_name\" content=\"Venta Productos de hosteler\u00eda Barcelona\" \/>\n<meta property=\"article:modified_time\" content=\"2026-01-23T19:11:40+00:00\" \/>\n<meta property=\"og:image\" content=\"https:\/\/suministressantfeliu.com\/comprar\/wp-content\/uploads\/2023\/07\/suministros-hosteleria-barcelona-menaje-material-articulos.png\" \/>\n\t<meta property=\"og:image:width\" content=\"1766\" \/>\n\t<meta property=\"og:image:height\" content=\"838\" \/>\n\t<meta property=\"og:image:type\" content=\"image\/png\" \/>\n<meta name=\"twitter:card\" content=\"summary_large_image\" \/>\n<meta name=\"twitter:title\" content=\"Suministros para Hosteler\u00eda - Menaje art\u00edculos y maquinaria\" \/>\n<meta name=\"twitter:description\" content=\"Compra Suministros para Hosteler\u00eda. Precios incre\u00edbles en menaje, art\u00edculos y maquinaria para hosteler\u00eda\" \/>\n<meta name=\"twitter:image\" content=\"https:\/\/suministressantfeliu.com\/comprar\/wp-content\/uploads\/2023\/07\/suministros-hosteleria-barcelona-menaje-material-articulos.png\" \/>\n<script type=\"application\/ld+json\" class=\"yoast-schema-graph\">{\"@context\":\"https:\\\/\\\/schema.org\",\"@graph\":[{\"@type\":\"WebPage\",\"@id\":\"https:\\\/\\\/suministressantfeliu.com\\\/comprar\\\/\",\"url\":\"https:\\\/\\\/suministressantfeliu.com\\\/comprar\\\/\",\"name\":\"Tienda online de suministros para hosteler\u00eda, cocina, vajillas, papel\",\"isPartOf\":{\"@id\":\"https:\\\/\\\/suministressantfeliu.com\\\/comprar\\\/#website\"},\"datePublished\":\"2018-11-27T07:46:38+00:00\",\"dateModified\":\"2026-01-23T19:11:40+00:00\",\"description\":\"Entra en nuestra tienda online de suministros para hosteler\u00eda, bares, restaurantes, hoteles. Art\u00edculos para cocina, vajillas, papel limpieza\",\"breadcrumb\":{\"@id\":\"https:\\\/\\\/suministressantfeliu.com\\\/comprar\\\/#breadcrumb\"},\"inLanguage\":\"es\",\"potentialAction\":[{\"@type\":\"ReadAction\",\"target\":[\"https:\\\/\\\/suministressantfeliu.com\\\/comprar\\\/\"]}]},{\"@type\":\"BreadcrumbList\",\"@id\":\"https:\\\/\\\/suministressantfeliu.com\\\/comprar\\\/#breadcrumb\",\"itemListElement\":[{\"@type\":\"ListItem\",\"position\":1,\"name\":\"Portada\",\"item\":\"https:\\\/\\\/suministressantfeliu.com\\\/comprar\\\/\"},{\"@type\":\"ListItem\",\"position\":2,\"name\":\"Home\"}]},{\"@type\":\"WebSite\",\"@id\":\"https:\\\/\\\/suministressantfeliu.com\\\/comprar\\\/#website\",\"url\":\"https:\\\/\\\/suministressantfeliu.com\\\/comprar\\\/\",\"name\":\"Productos hosteler\u00eda\",\"description\":\"Venta de suministros profesionales para hosteler\u00eda\",\"publisher\":{\"@id\":\"https:\\\/\\\/suministressantfeliu.com\\\/comprar\\\/#organization\"},\"potentialAction\":[{\"@type\":\"SearchAction\",\"target\":{\"@type\":\"EntryPoint\",\"urlTemplate\":\"https:\\\/\\\/suministressantfeliu.com\\\/comprar\\\/?s={search_term_string}\"},\"query-input\":{\"@type\":\"PropertyValueSpecification\",\"valueRequired\":true,\"valueName\":\"search_term_string\"}}],\"inLanguage\":\"es\"},{\"@type\":\"Organization\",\"@id\":\"https:\\\/\\\/suministressantfeliu.com\\\/comprar\\\/#organization\",\"name\":\"Suministres Sant Feliu hosteleria\",\"url\":\"https:\\\/\\\/suministressantfeliu.com\\\/comprar\\\/\",\"logo\":{\"@type\":\"ImageObject\",\"inLanguage\":\"es\",\"@id\":\"https:\\\/\\\/suministressantfeliu.com\\\/comprar\\\/#\\\/schema\\\/logo\\\/image\\\/\",\"url\":\"https:\\\/\\\/suministressantfeliu.com\\\/comprar\\\/wp-content\\\/uploads\\\/2021\\\/03\\\/cropped-suministres-sant-feliu-logo.png\",\"contentUrl\":\"https:\\\/\\\/suministressantfeliu.com\\\/comprar\\\/wp-content\\\/uploads\\\/2021\\\/03\\\/cropped-suministres-sant-feliu-logo.png\",\"width\":668,\"height\":668,\"caption\":\"Suministres Sant Feliu hosteleria\"},\"image\":{\"@id\":\"https:\\\/\\\/suministressantfeliu.com\\\/comprar\\\/#\\\/schema\\\/logo\\\/image\\\/\"}}]}<\/script>\n<!-- \/ Yoast SEO plugin. -->","yoast_head_json":{"title":"Tienda online de suministros para hosteler\u00eda, cocina, vajillas, papel","description":"Entra en nuestra tienda online de suministros para hosteler\u00eda, bares, restaurantes, hoteles. Art\u00edculos para cocina, vajillas, papel limpieza","robots":{"index":"index","follow":"follow","max-snippet":"max-snippet:-1","max-image-preview":"max-image-preview:large","max-video-preview":"max-video-preview:-1"},"canonical":"https:\/\/suministressantfeliu.com\/comprar\/","og_locale":"es_ES","og_type":"article","og_title":"Suministros para Hosteler\u00eda - Menaje art\u00edculos y maquinaria","og_description":"Compra Suministros para Hosteler\u00eda. Precios incre\u00edbles en menaje, art\u00edculos y maquinaria para hosteler\u00eda","og_url":"https:\/\/suministressantfeliu.com\/comprar\/","og_site_name":"Venta Productos de hosteler\u00eda Barcelona","article_modified_time":"2026-01-23T19:11:40+00:00","og_image":[{"width":1766,"height":838,"url":"https:\/\/suministressantfeliu.com\/comprar\/wp-content\/uploads\/2023\/07\/suministros-hosteleria-barcelona-menaje-material-articulos.png","type":"image\/png"}],"twitter_card":"summary_large_image","twitter_title":"Suministros para Hosteler\u00eda - Menaje art\u00edculos y maquinaria","twitter_description":"Compra Suministros para Hosteler\u00eda. Precios incre\u00edbles en menaje, art\u00edculos y maquinaria para hosteler\u00eda","twitter_image":"https:\/\/suministressantfeliu.com\/comprar\/wp-content\/uploads\/2023\/07\/suministros-hosteleria-barcelona-menaje-material-articulos.png","schema":{"@context":"https:\/\/schema.org","@graph":[{"@type":"WebPage","@id":"https:\/\/suministressantfeliu.com\/comprar\/","url":"https:\/\/suministressantfeliu.com\/comprar\/","name":"Tienda online de suministros para hosteler\u00eda, cocina, vajillas, papel","isPartOf":{"@id":"https:\/\/suministressantfeliu.com\/comprar\/#website"},"datePublished":"2018-11-27T07:46:38+00:00","dateModified":"2026-01-23T19:11:40+00:00","description":"Entra en nuestra tienda online de suministros para hosteler\u00eda, bares, restaurantes, hoteles. Art\u00edculos para cocina, vajillas, papel limpieza","breadcrumb":{"@id":"https:\/\/suministressantfeliu.com\/comprar\/#breadcrumb"},"inLanguage":"es","potentialAction":[{"@type":"ReadAction","target":["https:\/\/suministressantfeliu.com\/comprar\/"]}]},{"@type":"BreadcrumbList","@id":"https:\/\/suministressantfeliu.com\/comprar\/#breadcrumb","itemListElement":[{"@type":"ListItem","position":1,"name":"Portada","item":"https:\/\/suministressantfeliu.com\/comprar\/"},{"@type":"ListItem","position":2,"name":"Home"}]},{"@type":"WebSite","@id":"https:\/\/suministressantfeliu.com\/comprar\/#website","url":"https:\/\/suministressantfeliu.com\/comprar\/","name":"Productos hosteler\u00eda","description":"Venta de suministros profesionales para hosteler\u00eda","publisher":{"@id":"https:\/\/suministressantfeliu.com\/comprar\/#organization"},"potentialAction":[{"@type":"SearchAction","target":{"@type":"EntryPoint","urlTemplate":"https:\/\/suministressantfeliu.com\/comprar\/?s={search_term_string}"},"query-input":{"@type":"PropertyValueSpecification","valueRequired":true,"valueName":"search_term_string"}}],"inLanguage":"es"},{"@type":"Organization","@id":"https:\/\/suministressantfeliu.com\/comprar\/#organization","name":"Suministres Sant Feliu hosteleria","url":"https:\/\/suministressantfeliu.com\/comprar\/","logo":{"@type":"ImageObject","inLanguage":"es","@id":"https:\/\/suministressantfeliu.com\/comprar\/#\/schema\/logo\/image\/","url":"https:\/\/suministressantfeliu.com\/comprar\/wp-content\/uploads\/2021\/03\/cropped-suministres-sant-feliu-logo.png","contentUrl":"https:\/\/suministressantfeliu.com\/comprar\/wp-content\/uploads\/2021\/03\/cropped-suministres-sant-feliu-logo.png","width":668,"height":668,"caption":"Suministres Sant Feliu hosteleria"},"image":{"@id":"https:\/\/suministressantfeliu.com\/comprar\/#\/schema\/logo\/image\/"}}]}},"_links":{"self":[{"href":"https:\/\/suministressantfeliu.com\/comprar\/wp-json\/wp\/v2\/pages\/1188","targetHints":{"allow":["GET"]}}],"collection":[{"href":"https:\/\/suministressantfeliu.com\/comprar\/wp-json\/wp\/v2\/pages"}],"about":[{"href":"https:\/\/suministressantfeliu.com\/comprar\/wp-json\/wp\/v2\/types\/page"}],"author":[{"embeddable":true,"href":"https:\/\/suministressantfeliu.com\/comprar\/wp-json\/wp\/v2\/users\/1"}],"replies":[{"embeddable":true,"href":"https:\/\/suministressantfeliu.com\/comprar\/wp-json\/wp\/v2\/comments?post=1188"}],"version-history":[{"count":1,"href":"https:\/\/suministressantfeliu.com\/comprar\/wp-json\/wp\/v2\/pages\/1188\/revisions"}],"predecessor-version":[{"id":1377,"href":"https:\/\/suministressantfeliu.com\/comprar\/wp-json\/wp\/v2\/pages\/1188\/revisions\/1377"}],"wp:attachment":[{"href":"https:\/\/suministressantfeliu.com\/comprar\/wp-json\/wp\/v2\/media?parent=1188"}],"curies":[{"name":"wp","href":"https:\/\/api.w.org\/{rel}","templated":true}]}}